{"id":515,"date":"2016-05-11T13:49:10","date_gmt":"2016-05-11T13:49:10","guid":{"rendered":"http:\/\/wpoffice\/enfold-fitness\/?page_id=515"},"modified":"2024-07-29T12:16:16","modified_gmt":"2024-07-29T10:16:16","slug":"about","status":"publish","type":"page","link":"https:\/\/www.cnh2.es\/en\/about\/","title":{"rendered":"About CNH2"},"content":{"rendered":"\n<style type=\"text\/css\" data-created_by=\"avia_inline_auto\" id=\"style-css-av-1g60gg-7b4c4e988635431f7d9fa768c6977569\">\n.avia-section.av-1g60gg-7b4c4e988635431f7d9fa768c6977569{\nbackground-repeat:no-repeat;\nbackground-image:url(https:\/\/www.cnh2.es\/wp-content\/uploads\/2019\/01\/CNH2-1030x773.jpg);\nbackground-position:50% 100%;\nbackground-attachment:fixed;\n}\n.avia-section.av-1g60gg-7b4c4e988635431f7d9fa768c6977569 .av-section-color-overlay{\nopacity:0.6;\nbackground-color:#000000;\n}\n<\/style>\n<div id='av_section_1'  class='avia-section av-1g60gg-7b4c4e988635431f7d9fa768c6977569 alternate_color avia-section-huge avia-no-border-styling  avia-builder-el-0  el_before_av_section  avia-builder-el-first  avia-full-stretch avia-bg-style-fixed av-section-color-overlay-active container_wrap sidebar_right'  data-section-bg-repeat='stretch'><div class=\"av-section-color-overlay-wrap\"><div class=\"av-section-color-overlay\"><\/div><div class='container av-section-cont-open' ><main  role=\"main\" itemprop=\"mainContentOfPage\"  class='template-page content  av-content-small alpha units'><div class='post-entry post-entry-type-page post-entry-515'><div class='entry-content-wrapper clearfix'>\n\n<style type=\"text\/css\" data-created_by=\"avia_inline_auto\" id=\"style-css-av-1bb80o-2f2b003876c40ee34466964ef8680061\">\n.flex_column.av-1bb80o-2f2b003876c40ee34466964ef8680061{\nborder-radius:0px 0px 0px 0px;\npadding:0px 0px 0px 0px;\n}\n<\/style>\n<div  class='flex_column av-1bb80o-2f2b003876c40ee34466964ef8680061 av_one_fifth  avia-builder-el-1  el_before_av_three_fifth  avia-builder-el-first  first flex_column_div av-zero-column-padding  '     ><\/div>\n<style type=\"text\/css\" data-created_by=\"avia_inline_auto\" id=\"style-css-av-148ajs-a8a629d23ff04b308d51a67e3cfbee0d\">\n.flex_column.av-148ajs-a8a629d23ff04b308d51a67e3cfbee0d{\nborder-radius:0px 0px 0px 0px;\npadding:0px 0px 0px 0px;\n}\n<\/style>\n<div  class='flex_column av-148ajs-a8a629d23ff04b308d51a67e3cfbee0d av_three_fifth  avia-builder-el-2  el_after_av_one_fifth  el_before_av_one_fifth  flex_column_div av-zero-column-padding  '     ><style type=\"text\/css\" data-created_by=\"avia_inline_auto\" id=\"style-css-av-jr50kgu4-2803feec572855ac03239cd27b8106d8\">\n#top .av-special-heading.av-jr50kgu4-2803feec572855ac03239cd27b8106d8{\npadding-bottom:20px;\ncolor:#ffffff;\nfont-size:50px;\n}\nbody .av-special-heading.av-jr50kgu4-2803feec572855ac03239cd27b8106d8 .av-special-heading-tag .heading-char{\nfont-size:25px;\n}\n#top #wrap_all .av-special-heading.av-jr50kgu4-2803feec572855ac03239cd27b8106d8 .av-special-heading-tag{\nfont-size:50px;\n}\n.av-special-heading.av-jr50kgu4-2803feec572855ac03239cd27b8106d8 .special-heading-inner-border{\nborder-color:#ffffff;\n}\n.av-special-heading.av-jr50kgu4-2803feec572855ac03239cd27b8106d8 .av-subheading{\nfont-size:15px;\n}\n\n@media only screen and (min-width: 480px) and (max-width: 767px){ \n#top #wrap_all .av-special-heading.av-jr50kgu4-2803feec572855ac03239cd27b8106d8 .av-special-heading-tag{\nfont-size:0.8em;\n}\n}\n\n@media only screen and (max-width: 479px){ \n#top #wrap_all .av-special-heading.av-jr50kgu4-2803feec572855ac03239cd27b8106d8 .av-special-heading-tag{\nfont-size:0.8em;\n}\n}\n<\/style>\n<div  class='av-special-heading av-jr50kgu4-2803feec572855ac03239cd27b8106d8 av-special-heading-h1 custom-color-heading blockquote modern-quote modern-centered  avia-builder-el-3  avia-builder-el-no-sibling  av-inherit-size'><h1 class='av-special-heading-tag '  itemprop=\"headline\"  >About CNH2<\/h1><div class=\"special-heading-border\"><div class=\"special-heading-inner-border\"><\/div><\/div><\/div><\/div>\n<style type=\"text\/css\" data-created_by=\"avia_inline_auto\" id=\"style-css-av-pfwnk-e7b64a7385d989f8931891390db4723c\">\n.flex_column.av-pfwnk-e7b64a7385d989f8931891390db4723c{\nborder-radius:0px 0px 0px 0px;\npadding:0px 0px 0px 0px;\n}\n<\/style>\n<div  class='flex_column av-pfwnk-e7b64a7385d989f8931891390db4723c av_one_fifth  avia-builder-el-4  el_after_av_three_fifth  avia-builder-el-last  flex_column_div av-zero-column-padding  '     ><\/div>\n\n<\/div><\/div><\/main><!-- close content main element --><\/div><\/div><\/div><div id='av_section_2'  class='avia-section av-4tv4bv-b883386a4293d1f429c43bba33903407 main_color avia-section-large avia-no-border-styling  avia-builder-el-5  el_after_av_section  avia-builder-el-last  avia-bg-style-scroll container_wrap sidebar_right'  ><div class='container av-section-cont-open' ><div class='template-page content  av-content-small alpha units'><div class='post-entry post-entry-type-page post-entry-515'><div class='entry-content-wrapper clearfix'>\n\n<style type=\"text\/css\" data-created_by=\"avia_inline_auto\" id=\"style-css-av-4lqlgr-f5eee1c46274b48a238cb3404caa8177\">\n.flex_column.av-4lqlgr-f5eee1c46274b48a238cb3404caa8177{\nborder-radius:0px 0px 0px 0px;\npadding:0px 0px 0px 0px;\n}\n<\/style>\n<div  class='flex_column av-4lqlgr-f5eee1c46274b48a238cb3404caa8177 av_one_half  avia-builder-el-6  el_before_av_one_half  avia-builder-el-first  first flex_column_div av-zero-column-padding  '     ><section  class='av_textblock_section av-4g1fnv-de5559b7974c7df62e098eab6077c67b '   itemscope=\"itemscope\" itemtype=\"https:\/\/schema.org\/CreativeWork\" ><div class='avia_textblock'  itemprop=\"text\" ><p align=\"justify\">As a national research centre at the service of the entire scientific, technology and industrial community, the Spanish National Hydrogen and Fuel Cell Technology Testing Centre (CNH2) is aimed at driving forward the scientific and technological research into hydrogen and fuel cell technologies.<\/p>\n<\/div><\/section><\/div>\n<style type=\"text\/css\" data-created_by=\"avia_inline_auto\" id=\"style-css-av-3u4iff-53e2cc0b90eaf9556d1ff60f4ff2f4b6\">\n.flex_column.av-3u4iff-53e2cc0b90eaf9556d1ff60f4ff2f4b6{\nborder-radius:0px 0px 0px 0px;\npadding:0px 0px 0px 0px;\n}\n<\/style>\n<div  class='flex_column av-3u4iff-53e2cc0b90eaf9556d1ff60f4ff2f4b6 av_one_half  avia-builder-el-8  el_after_av_one_half  el_before_av_hr  flex_column_div av-zero-column-padding  '     ><section  class='av_textblock_section av-3p0pwz-c2bf9c820bf760d02e62885f61740522 '   itemscope=\"itemscope\" itemtype=\"https:\/\/schema.org\/CreativeWork\" ><div class='avia_textblock'  itemprop=\"text\" ><p align=\"justify\">With its main headquarters located in Puertollano (Ciudad Real), it was created in 2007 as a Public Consortium between the Ministry of Education and Science, currently the Ministry of Science, Innovation and University Education, and Castilla-La Mancha Regional Government, with each entity holding a 50% interest.<\/p>\n<\/div><\/section><\/div>\n<style type=\"text\/css\" data-created_by=\"avia_inline_auto\" id=\"style-css-av-3jt8or-0ac06b6fccf12c3bdf4ab507703d52d5\">\n#top .hr.hr-invisible.av-3jt8or-0ac06b6fccf12c3bdf4ab507703d52d5{\nheight:30px;\n}\n<\/style>\n<div  class='hr av-3jt8or-0ac06b6fccf12c3bdf4ab507703d52d5 hr-invisible  avia-builder-el-10  el_after_av_one_half  el_before_av_textblock '><span class='hr-inner '><span class=\"hr-inner-style\"><\/span><\/span><\/div>\n<section  class='av_textblock_section av-jt45kymm-95a34580fc4d66fcfbbf5637807ae0d6 '   itemscope=\"itemscope\" itemtype=\"https:\/\/schema.org\/CreativeWork\" ><div class='avia_textblock'  itemprop=\"text\" ><p><iframe loading=\"lazy\" class=\"cmplz-placeholder-element cmplz-iframe cmplz-iframe-styles cmplz-video \" src=\"about:blank\" width=\"1210\" height=\"680.63\" frameborder=\"0\" allowfullscreen=\"allowfullscreen\" data-placeholder-image=\"https:\/\/www.cnh2.es\/wp-content\/uploads\/complianz\/placeholders\/youtubeMxhrxIPkKVc-maxresdefault.webp\" data-category=\"marketing\" data-service=\"youtube\" data-cmplz-target=\"src\" data-src-cmplz=\"https:\/\/www.youtube.com\/embed\/MxhrxIPkKVc?rel=0&amp;showinfo=0\"><\/iframe><\/p>\n<\/div><\/section>\n\n<style type=\"text\/css\" data-created_by=\"avia_inline_auto\" id=\"style-css-av-3jt8or-0ac06b6fccf12c3bdf4ab507703d52d5\">\n#top .hr.hr-invisible.av-3jt8or-0ac06b6fccf12c3bdf4ab507703d52d5{\nheight:30px;\n}\n<\/style>\n<div  class='hr av-3jt8or-0ac06b6fccf12c3bdf4ab507703d52d5 hr-invisible  avia-builder-el-12  el_after_av_textblock  el_before_av_one_half '><span class='hr-inner '><span class=\"hr-inner-style\"><\/span><\/span><\/div>\n\n<style type=\"text\/css\" data-created_by=\"avia_inline_auto\" id=\"style-css-av-alod7-39c0684624ff6bff01bb9576239fba5b\">\n.flex_column.av-alod7-39c0684624ff6bff01bb9576239fba5b{\nborder-radius:0px 0px 0px 0px;\npadding:0px 0px 0px 0px;\n}\n<\/style>\n<div  class='flex_column av-alod7-39c0684624ff6bff01bb9576239fba5b av_one_half  avia-builder-el-13  el_after_av_hr  el_before_av_one_half  first flex_column_div av-zero-column-padding  '     ><section  class='av_textblock_section av-4g1fnv-de5559b7974c7df62e098eab6077c67b '   itemscope=\"itemscope\" itemtype=\"https:\/\/schema.org\/CreativeWork\" ><div class='avia_textblock'  itemprop=\"text\" ><p align=\"justify\"><strong>Among the CNH2&#8217;s main goals are:<\/strong><\/p>\n<ul>\n<li>Driving technology forward by executing R&amp;D projects and services concerning both basic and applied research.<\/li>\n<li>Testing and validation of prototypes and equipment.<\/li>\n<li>Development and escalation of processes.<\/li>\n<li>Endorsement, certification and verification of components and systems.<\/li>\n<\/ul>\n<\/div><\/section><\/div>\n<style type=\"text\/css\" data-created_by=\"avia_inline_auto\" id=\"style-css-av-alod7-50857ea284de21008db27658a3f842b6\">\n.flex_column.av-alod7-50857ea284de21008db27658a3f842b6{\nborder-radius:0px 0px 0px 0px;\npadding:0px 0px 0px 0px;\n}\n<\/style>\n<div  class='flex_column av-alod7-50857ea284de21008db27658a3f842b6 av_one_half  avia-builder-el-15  el_after_av_one_half  el_before_av_one_full  flex_column_div av-zero-column-padding  '     ><section  class='av_textblock_section av-4g1fnv-de5559b7974c7df62e098eab6077c67b '   itemscope=\"itemscope\" itemtype=\"https:\/\/schema.org\/CreativeWork\" ><div class='avia_textblock'  itemprop=\"text\" ><p><strong>CNH2 is equipped with 13 laboratories and 5 additional facilities that carry out their activities in the following areas:<\/strong><\/p>\n<ul>\n<li>Hydrogen production.<\/li>\n<li>Storage and distribution of hydrogen.<\/li>\n<li>Hydrogen transformation.<\/li>\n<li>Hydrogen technology applications.<\/li>\n<li>Regulation, certification and safety guidelines.<\/li>\n<li>Technology implementation.<\/li>\n<\/ul>\n<\/div><\/section><\/div>\n<style type=\"text\/css\" data-created_by=\"avia_inline_auto\" id=\"style-css-av-alod7-39c0684624ff6bff01bb9576239fba5b\">\n.flex_column.av-alod7-39c0684624ff6bff01bb9576239fba5b{\nborder-radius:0px 0px 0px 0px;\npadding:0px 0px 0px 0px;\n}\n<\/style>\n<div  class='flex_column av-alod7-39c0684624ff6bff01bb9576239fba5b av_one_full  avia-builder-el-17  el_after_av_one_half  avia-builder-el-last  first flex_column_div av-zero-column-padding  column-top-margin'     ><section  class='av_textblock_section av-4g1fnv-de5559b7974c7df62e098eab6077c67b '   itemscope=\"itemscope\" itemtype=\"https:\/\/schema.org\/CreativeWork\" ><div class='avia_textblock'  itemprop=\"text\" ><p align=\"justify\">In addition to this, the CNH2 is a high prestige industry benchmark centre, not only on the national but also on the international level, that has been part of several collaborations with universities, technology centres and different kinds of companies covering the entire value chain and providing further experience, quality and professionalism in their execution.<\/p>\n<\/div><\/section><\/div><\/div><\/div><\/div><!-- close content main div --><\/div><\/div><div id='after_section_2'  class='main_color av_default_container_wrap container_wrap sidebar_right'  ><div class='container av-section-cont-open' ><div class='template-page content  av-content-small alpha units'><div class='post-entry post-entry-type-page post-entry-515'><div class='entry-content-wrapper clearfix'>\n","protected":false},"excerpt":{"rendered":"","protected":false},"author":1,"featured_media":0,"parent":0,"menu_order":0,"comment_status":"closed","ping_status":"closed","template":"","meta":{"_lmt_disableupdate":"no","_lmt_disable":"","footnotes":""},"class_list":["post-515","page","type-page","status-publish","hentry"],"yoast_head":"<!-- This site is optimized with the Yoast SEO plugin v27.4 - https:\/\/yoast.com\/product\/yoast-seo-wordpress\/ -->\n<title>About CNH2 - Centro Nacional del Hidr\u00f3geno<\/title>\n<meta name=\"description\" content=\"Centro Nacional del Hidr\u00f3geno P\u00e1gina oficial\" \/>\n<meta name=\"robots\" content=\"index, follow, max-snippet:-1, max-image-preview:large, max-video-preview:-1\" \/>\n<link rel=\"canonical\" href=\"https:\/\/www.cnh2.es\/en\/about\/\" \/>\n<meta property=\"og:locale\" content=\"en_US\" \/>\n<meta property=\"og:type\" content=\"article\" \/>\n<meta property=\"og:title\" content=\"About CNH2 - Centro Nacional del Hidr\u00f3geno\" \/>\n<meta property=\"og:description\" content=\"Centro Nacional del Hidr\u00f3geno P\u00e1gina oficial\" \/>\n<meta property=\"og:url\" content=\"https:\/\/www.cnh2.es\/en\/about\/\" \/>\n<meta property=\"og:site_name\" content=\"Centro Nacional del Hidr\u00f3geno\" \/>\n<meta property=\"article:modified_time\" content=\"2024-07-29T10:16:16+00:00\" \/>\n<meta name=\"twitter:card\" content=\"summary_large_image\" \/>\n<meta name=\"twitter:label1\" content=\"Est. reading time\" \/>\n\t<meta name=\"twitter:data1\" content=\"3 minutes\" \/>\n<script type=\"application\/ld+json\" class=\"yoast-schema-graph\">{\"@context\":\"https:\\\/\\\/schema.org\",\"@graph\":[{\"@type\":\"WebPage\",\"@id\":\"https:\\\/\\\/www.cnh2.es\\\/en\\\/about\\\/\",\"url\":\"https:\\\/\\\/www.cnh2.es\\\/en\\\/about\\\/\",\"name\":\"About CNH2 - Centro Nacional del Hidr\u00f3geno\",\"isPartOf\":{\"@id\":\"https:\\\/\\\/www.cnh2.es\\\/#website\"},\"datePublished\":\"2016-05-11T13:49:10+00:00\",\"dateModified\":\"2024-07-29T10:16:16+00:00\",\"description\":\"Centro Nacional del Hidr\u00f3geno P\u00e1gina oficial\",\"breadcrumb\":{\"@id\":\"https:\\\/\\\/www.cnh2.es\\\/en\\\/about\\\/#breadcrumb\"},\"inLanguage\":\"en-US\",\"potentialAction\":[{\"@type\":\"ReadAction\",\"target\":[\"https:\\\/\\\/www.cnh2.es\\\/en\\\/about\\\/\"]}]},{\"@type\":\"BreadcrumbList\",\"@id\":\"https:\\\/\\\/www.cnh2.es\\\/en\\\/about\\\/#breadcrumb\",\"itemListElement\":[{\"@type\":\"ListItem\",\"position\":1,\"name\":\"Home\",\"item\":\"https:\\\/\\\/www.cnh2.es\\\/en\\\/\"},{\"@type\":\"ListItem\",\"position\":2,\"name\":\"About CNH2\"}]},{\"@type\":\"WebSite\",\"@id\":\"https:\\\/\\\/www.cnh2.es\\\/#website\",\"url\":\"https:\\\/\\\/www.cnh2.es\\\/\",\"name\":\"Centro Nacional del Hidr\u00f3geno\",\"description\":\"El Centro Nacional del Hidr\u00f3geno (CNH2), es una instalaci\u00f3n de nueva creaci\u00f3n dedicada en exclusividad a la investigaci\u00f3n y desarrollo de las tecnolog\u00edas del...\",\"potentialAction\":[{\"@type\":\"SearchAction\",\"target\":{\"@type\":\"EntryPoint\",\"urlTemplate\":\"https:\\\/\\\/www.cnh2.es\\\/?s={search_term_string}\"},\"query-input\":{\"@type\":\"PropertyValueSpecification\",\"valueRequired\":true,\"valueName\":\"search_term_string\"}}],\"inLanguage\":\"en-US\"}]}<\/script>\n<!-- \/ Yoast SEO plugin. -->","yoast_head_json":{"title":"About CNH2 - Centro Nacional del Hidr\u00f3geno","description":"Centro Nacional del Hidr\u00f3geno P\u00e1gina oficial","robots":{"index":"index","follow":"follow","max-snippet":"max-snippet:-1","max-image-preview":"max-image-preview:large","max-video-preview":"max-video-preview:-1"},"canonical":"https:\/\/www.cnh2.es\/en\/about\/","og_locale":"en_US","og_type":"article","og_title":"About CNH2 - Centro Nacional del Hidr\u00f3geno","og_description":"Centro Nacional del Hidr\u00f3geno P\u00e1gina oficial","og_url":"https:\/\/www.cnh2.es\/en\/about\/","og_site_name":"Centro Nacional del Hidr\u00f3geno","article_modified_time":"2024-07-29T10:16:16+00:00","twitter_card":"summary_large_image","twitter_misc":{"Est. reading time":"3 minutes"},"schema":{"@context":"https:\/\/schema.org","@graph":[{"@type":"WebPage","@id":"https:\/\/www.cnh2.es\/en\/about\/","url":"https:\/\/www.cnh2.es\/en\/about\/","name":"About CNH2 - Centro Nacional del Hidr\u00f3geno","isPartOf":{"@id":"https:\/\/www.cnh2.es\/#website"},"datePublished":"2016-05-11T13:49:10+00:00","dateModified":"2024-07-29T10:16:16+00:00","description":"Centro Nacional del Hidr\u00f3geno P\u00e1gina oficial","breadcrumb":{"@id":"https:\/\/www.cnh2.es\/en\/about\/#breadcrumb"},"inLanguage":"en-US","potentialAction":[{"@type":"ReadAction","target":["https:\/\/www.cnh2.es\/en\/about\/"]}]},{"@type":"BreadcrumbList","@id":"https:\/\/www.cnh2.es\/en\/about\/#breadcrumb","itemListElement":[{"@type":"ListItem","position":1,"name":"Home","item":"https:\/\/www.cnh2.es\/en\/"},{"@type":"ListItem","position":2,"name":"About CNH2"}]},{"@type":"WebSite","@id":"https:\/\/www.cnh2.es\/#website","url":"https:\/\/www.cnh2.es\/","name":"Centro Nacional del Hidr\u00f3geno","description":"El Centro Nacional del Hidr\u00f3geno (CNH2), es una instalaci\u00f3n de nueva creaci\u00f3n dedicada en exclusividad a la investigaci\u00f3n y desarrollo de las tecnolog\u00edas del...","potentialAction":[{"@type":"SearchAction","target":{"@type":"EntryPoint","urlTemplate":"https:\/\/www.cnh2.es\/?s={search_term_string}"},"query-input":{"@type":"PropertyValueSpecification","valueRequired":true,"valueName":"search_term_string"}}],"inLanguage":"en-US"}]}},"_links":{"self":[{"href":"https:\/\/www.cnh2.es\/en\/wp-json\/wp\/v2\/pages\/515","targetHints":{"allow":["GET"]}}],"collection":[{"href":"https:\/\/www.cnh2.es\/en\/wp-json\/wp\/v2\/pages"}],"about":[{"href":"https:\/\/www.cnh2.es\/en\/wp-json\/wp\/v2\/types\/page"}],"author":[{"embeddable":true,"href":"https:\/\/www.cnh2.es\/en\/wp-json\/wp\/v2\/users\/1"}],"replies":[{"embeddable":true,"href":"https:\/\/www.cnh2.es\/en\/wp-json\/wp\/v2\/comments?post=515"}],"version-history":[{"count":0,"href":"https:\/\/www.cnh2.es\/en\/wp-json\/wp\/v2\/pages\/515\/revisions"}],"wp:attachment":[{"href":"https:\/\/www.cnh2.es\/en\/wp-json\/wp\/v2\/media?parent=515"}],"curies":[{"name":"wp","href":"https:\/\/api.w.org\/{rel}","templated":true}]}}