{"id":32867,"date":"2026-03-19T14:23:26","date_gmt":"2026-03-19T13:23:26","guid":{"rendered":"https:\/\/www.cnh2.es\/?page_id=32867"},"modified":"2026-04-09T08:27:45","modified_gmt":"2026-04-09T06:27:45","slug":"canal-de-denuncias","status":"publish","type":"page","link":"https:\/\/www.cnh2.es\/en\/canal-de-denuncias\/","title":{"rendered":"Canal de Denuncias"},"content":{"rendered":"\n<style type=\"text\/css\" data-created_by=\"avia_inline_auto\" id=\"style-css-av-1g60gg-1709ec37139119981da5c37eb69ab600\">\n.avia-section.av-1g60gg-1709ec37139119981da5c37eb69ab600 .av-parallax .av-parallax-inner{\nbackground-repeat:no-repeat;\nbackground-image:url(https:\/\/www.cnh2.es\/wp-content\/uploads\/2026\/03\/canal_denuncias_image.jpg);\nbackground-position:50% 50%;\nbackground-attachment:scroll;\n}\n.avia-section.av-1g60gg-1709ec37139119981da5c37eb69ab600 .av-section-color-overlay{\nopacity:0.4;\nbackground-color:#000000;\n}\n<\/style>\n<div id='av_section_1'  class='avia-section av-1g60gg-1709ec37139119981da5c37eb69ab600 alternate_color avia-section-huge avia-no-border-styling  avia-builder-el-0  el_before_av_section  avia-builder-el-first  avia-full-stretch av-parallax-section avia-bg-style-parallax av-section-color-overlay-active container_wrap sidebar_right'  data-section-bg-repeat='stretch'><div class='av-parallax' data-avia-parallax-ratio='0.3' ><div class='av-parallax-inner alternate_color avia-full-stretch'><\/div><\/div><div class=\"av-section-color-overlay-wrap\"><div class=\"av-section-color-overlay\"><\/div><div class='container av-section-cont-open' ><main  role=\"main\" itemprop=\"mainContentOfPage\"  class='template-page content  av-content-small alpha units'><div class='post-entry post-entry-type-page post-entry-32867'><div class='entry-content-wrapper clearfix'>\n\n<style type=\"text\/css\" data-created_by=\"avia_inline_auto\" id=\"style-css-av-1bb80o-2f2b003876c40ee34466964ef8680061\">\n.flex_column.av-1bb80o-2f2b003876c40ee34466964ef8680061{\nborder-radius:0px 0px 0px 0px;\npadding:0px 0px 0px 0px;\n}\n<\/style>\n<div  class='flex_column av-1bb80o-2f2b003876c40ee34466964ef8680061 av_one_fifth  avia-builder-el-1  el_before_av_three_fifth  avia-builder-el-first  first flex_column_div av-zero-column-padding  '     ><\/div>\n<style type=\"text\/css\" data-created_by=\"avia_inline_auto\" id=\"style-css-av-148ajs-a8a629d23ff04b308d51a67e3cfbee0d\">\n.flex_column.av-148ajs-a8a629d23ff04b308d51a67e3cfbee0d{\nborder-radius:0px 0px 0px 0px;\npadding:0px 0px 0px 0px;\n}\n<\/style>\n<div  class='flex_column av-148ajs-a8a629d23ff04b308d51a67e3cfbee0d av_three_fifth  avia-builder-el-2  el_after_av_one_fifth  el_before_av_one_fifth  flex_column_div av-zero-column-padding  '     ><style type=\"text\/css\" data-created_by=\"avia_inline_auto\" id=\"style-css-av-do39u-9e909553bcc559d79654e46f0d19897d\">\n#top .av-special-heading.av-do39u-9e909553bcc559d79654e46f0d19897d{\npadding-bottom:20px;\ncolor:#ffffff;\nfont-size:50px;\n}\nbody .av-special-heading.av-do39u-9e909553bcc559d79654e46f0d19897d .av-special-heading-tag .heading-char{\nfont-size:25px;\n}\n#top #wrap_all .av-special-heading.av-do39u-9e909553bcc559d79654e46f0d19897d .av-special-heading-tag{\nfont-size:50px;\n}\n.av-special-heading.av-do39u-9e909553bcc559d79654e46f0d19897d .special-heading-inner-border{\nborder-color:#ffffff;\n}\n.av-special-heading.av-do39u-9e909553bcc559d79654e46f0d19897d .av-subheading{\nfont-size:15px;\n}\n\n@media only screen and (min-width: 480px) and (max-width: 767px){ \n#top #wrap_all .av-special-heading.av-do39u-9e909553bcc559d79654e46f0d19897d .av-special-heading-tag{\nfont-size:0.8em;\n}\n}\n\n@media only screen and (max-width: 479px){ \n#top #wrap_all .av-special-heading.av-do39u-9e909553bcc559d79654e46f0d19897d .av-special-heading-tag{\nfont-size:0.8em;\n}\n}\n<\/style>\n<div  class='av-special-heading av-do39u-9e909553bcc559d79654e46f0d19897d av-special-heading-h1 custom-color-heading blockquote modern-quote modern-centered  avia-builder-el-3  avia-builder-el-no-sibling  av-inherit-size av-linked-heading'><h1 class='av-special-heading-tag '  itemprop=\"headline\"  >Canal de Denuncias<\/h1><div class=\"special-heading-border\"><div class=\"special-heading-inner-border\"><\/div><\/div><\/div><\/div>\n<style type=\"text\/css\" data-created_by=\"avia_inline_auto\" id=\"style-css-av-pfwnk-e7b64a7385d989f8931891390db4723c\">\n.flex_column.av-pfwnk-e7b64a7385d989f8931891390db4723c{\nborder-radius:0px 0px 0px 0px;\npadding:0px 0px 0px 0px;\n}\n<\/style>\n<div  class='flex_column av-pfwnk-e7b64a7385d989f8931891390db4723c av_one_fifth  avia-builder-el-4  el_after_av_three_fifth  avia-builder-el-last  flex_column_div av-zero-column-padding  '     ><\/div>\n\n<\/div><\/div><\/main><!-- close content main element --><\/div><\/div><\/div><div id='av_section_2'  class='avia-section av-rv2c2-20198485b7faf0b4bfdc1ffdc8e91a4e main_color avia-section-default avia-no-border-styling  avia-builder-el-5  el_after_av_section  el_before_av_social_share  avia-bg-style-scroll container_wrap sidebar_right'  ><div class='container av-section-cont-open' ><div class='template-page content  av-content-small alpha units'><div class='post-entry post-entry-type-page post-entry-32867'><div class='entry-content-wrapper clearfix'>\n\n<style type=\"text\/css\" data-created_by=\"avia_inline_auto\" id=\"style-css-av-j3cle-2223d4d16b9ba67ee185a572d226ffd5\">\n.flex_column.av-j3cle-2223d4d16b9ba67ee185a572d226ffd5{\nborder-radius:0px 0px 0px 0px;\npadding:0px 0px 0px 0px;\n}\n<\/style>\n<div  class='flex_column av-j3cle-2223d4d16b9ba67ee185a572d226ffd5 av_one_full  avia-builder-el-6  el_before_av_textblock  avia-builder-el-first  first flex_column_div av-zero-column-padding  '     ><section  class='av_textblock_section av-jp2m3njs-aff3458556d26e5d212dd8e43e182313 '   itemscope=\"itemscope\" itemtype=\"https:\/\/schema.org\/CreativeWork\" ><div class='avia_textblock'  itemprop=\"text\" ><p style=\"text-align: justify;\">En cumplimiento de lo establecido en la <strong><a title=\"Abre documento .pdf en nueva ventana.\" href=\"https:\/\/boe.es\/buscar\/pdf\/2023\/BOE-A-2023-4513-consolidado.pdf\" target=\"_blank\" rel=\"noopener noreferrer\">Ley 2\/2023<\/a><\/strong>, de 20 de febrero, reguladora de la protecci\u00f3n de las personas que informen sobre infracciones normativas y de lucha contra la corrupci\u00f3n, el CNH2 ha implantado un canal de denuncias que forma parte del Sistema de Informaci\u00f3n Interna.<\/p>\n<div style=\"text-align: justify;\">La participaci\u00f3n de todas las personas implicadas, de un modo u otro, en la gesti\u00f3n y el desarrollo de las actividades del CNH2 exige de cada una, no solo el estricto cumplimiento de sus obligaciones, sino tambi\u00e9n un compromiso activo con el buen funcionamiento del CNH2.<\/div>\n<div style=\"text-align: justify;\"><\/div>\n<div style=\"text-align: justify;\">Con esta finalidad, el CNH2 implanta el canal de denuncias a disposici\u00f3n de todas las personas implicadas en su correcto funcionamiento. Por lo que este canal estar\u00e1 disponible para:<\/div>\n<ul style=\"text-align: justify;\">\n<li>Las personas que tengan la condici\u00f3n de empleados o trabajadores por cuenta ajena.<\/li>\n<li>Los part\u00edcipes y personas pertenecientes al \u00f3rgano de administraci\u00f3n, direcci\u00f3n o supervisi\u00f3n de la organizaci\u00f3n, incluidos los miembros no ejecutivos.<\/li>\n<li>Cualquier persona que trabaje para o bajo la supervisi\u00f3n y la direcci\u00f3n de contratistas, subcontratistas y proveedores.<\/li>\n<li><span lang=\"ES\" xml:lang=\"ES\">Quienes comuniquen o revelen p\u00fablicamente informaci\u00f3n sobre infracciones obtenida en el marco de una relaci\u00f3n laboral o estatutaria ya \ufb01nalizada, voluntarios, becarios, trabajadores en periodos de formaci\u00f3n con independencia de que perciban o no una remuneraci\u00f3n, as\u00ed como a aquellos cuya relaci\u00f3n laboral todav\u00eda no haya comenzado, en los casos en que la informaci\u00f3n sobre infracciones haya sido obtenida durante el proceso de selecci\u00f3n o de negociaci\u00f3n precontractual.<\/span><\/li>\n<\/ul>\n<div style=\"text-align: justify;\">\n<p>El canal de denuncias tiene como finalidad exclusiva la comunicaci\u00f3n de las siguientes conductas cuando se realicen en nombre y representaci\u00f3n del CNH2, en el desempe\u00f1o de sus actividades o con ocasi\u00f3n de las mismas:<\/p>\n<ol>\n<li>Acciones u omisiones que puedan ser constitutivas de infracci\u00f3n penal o administrativa grave o muy grave. En todo caso, se entender\u00e1n comprendidas todas aquellas infracciones penales o administrativas graves o muy graves que impliquen quebranto econ\u00f3mico para la Hacienda P\u00fablica y para la Seguridad Social.<\/li>\n<li>Acciones u omisiones que puedan suponer infracci\u00f3n del Derecho de la Uni\u00f3n Europea en materias como la contrataci\u00f3n p\u00fablica, Servicios, productos y mercados \ufb01nancieros, y prevenci\u00f3n del blanqueo de capitales y la \ufb01nanciaci\u00f3n del terrorismo, seguridad y conformidad de los productos, seguridad del transporte, protecci\u00f3n del medio ambiente, protecci\u00f3n frente a radiaciones y seguridad nuclear, seguridad de los alimentos y los piensos, sanidad animal y bienestar de los animales, salud p\u00fablica, protecci\u00f3n de los consumidores, Protecci\u00f3n de la privacidad y de los datos personales, y seguridad de las redes y los sistemas de informaci\u00f3n; o afecten a intereses \ufb01nancieros de la Uni\u00f3n, o incidan en el mercado interior, incluidas las infracciones de las normas de la Uni\u00f3n Europea en materia de competencia y ayudas otorgadas por los Estados, as\u00ed como las infracciones relativas al mercado interior en relaci\u00f3n con los actos que infrinjan las normas del impuesto sobre sociedades o con pr\u00e1cticas cuya \ufb01nalidad sea obtener una ventaja \ufb01scal que desvirt\u00fae el objeto o la \ufb01nalidad de la legislaci\u00f3n aplicable al impuesto sobre sociedades.<\/li>\n<li>Acciones u omisiones que puedan suponer una infracci\u00f3n de las normas o procedimientos internos que el CNH2 tiene implantados como control de riesgos de fraude, corrupci\u00f3n o conflicto de intereses un otros riesgos de incumplimientos normativos graves o muy graves.<\/li>\n<\/ol>\n<\/div>\n<h4 style=\"text-align: justify;\"><\/h4>\n<h4 style=\"text-align: center;\"><a href=\"https:\/\/canalinterno.cnh2.es\"><strong>Acceso al Canal de Denuncias del CNH2<\/strong><\/a><\/h4>\n<p style=\"text-align: justify;\">Aqu\u00ed puedes disponer al contenido de los siguientes elementos del Sistema Interno de Informaci\u00f3n del CNH2:<\/p>\n<ul style=\"text-align: justify;\">\n<li><a href=\"https:\/\/cnh2.es\/docs\/transparencia\/PG_00200_09_v1_POLITICA_SII_signed.pdf\"><strong>Pol\u00edtica del CNH2 en materia de Sistema Interno de Informaci\u00f3n y Defensa del Informante<\/strong><\/a><\/li>\n<li><a href=\"https:\/\/cnh2.es\/docs\/transparencia\/PG_00200_09_v1_PROCEDIMIENTO_SII_signed.pdf\"><strong>Procedimiento de Gesti\u00f3n de Informaciones e Investigaciones Internas<\/strong><\/a><\/li>\n<li><a href=\"https:\/\/cnh2.es\/docs\/transparencia\/Manual_Canal_de_Denuncias_CNH2.pdf\"><strong>Manual de Uso del Canal de Denuncias<\/strong><\/a><\/li>\n<\/ul>\n<p style=\"text-align: justify;\">El responsable del tratamiento es el Centro Nacional de Experimentaci\u00f3n de Tecnolog\u00edas de Hidr\u00f3geno y Pilas de Combustible (CNH2), con CIF\/NIF: S1300109D y domicilio en: Prolongaci\u00f3n Fernando el Santo, s\/n con c\u00f3digo postal: 13500, Puertollano (Ciudad Real), Espa\u00f1a. La finalidad es gestionar el Canal de Denuncias y Sistema Interno de Informaci\u00f3n del CNH2. La legitimaci\u00f3n se encuentra en el cumplimiento de una obligaci\u00f3n legal. No se ceder\u00e1n datos a terceros, salvo obligaci\u00f3n legal. Se autoriza el tratamiento de los datos por el encargado del tratamiento. No se realizar\u00e1n transferencias internacionales. El titular de los datos tiene derecho a acceder, rectificar y suprimir los mismos, as\u00ed como otros derechos, indicados en la informaci\u00f3n adicional, que puede ejercer dirigi\u00e9ndose a la direcci\u00f3n postal del responsable y\/o mediante correo electr\u00f3nico a la direcci\u00f3n de email pdatos@cnh2.es. Asimismo, puede presentar reclamaci\u00f3n ante la AEPD a trav\u00e9s de su p\u00e1gina web www.aepd.es.<\/p>\n<p style=\"text-align: justify;\">M\u00e1s informaci\u00f3n sobre la Pol\u00edtica de Privacidad del CNH2: <strong><a href=\"https:\/\/www.cnh2.es\/politica-de-privacidad\/\">https:\/\/www.cnh2.es\/politica-de-privacidad<\/a>\/<\/strong><\/p>\n<\/div><\/section><br \/>\n<div  class='hr av-tzul8e-d41ae562005f8f6e47714c80c1f1c40d hr-default  avia-builder-el-8  el_after_av_textblock  avia-builder-el-last '><span class='hr-inner '><span class=\"hr-inner-style\"><\/span><\/span><\/div><\/p><\/div><section  class='av_textblock_section av-mmyu0h2l-d816ebf9a2588f6c61b6a9c2ad2a5d6b '   itemscope=\"itemscope\" itemtype=\"https:\/\/schema.org\/CreativeWork\" ><div class='avia_textblock'  itemprop=\"text\" >\u00daltima modificaci\u00f3n el 9 April, 2026 <hr>\n<\/div><\/section>\n<\/div><\/div><\/div><!-- close content main div --><\/div><\/div><div id='after_section_2'  class='main_color av_default_container_wrap container_wrap sidebar_right'  ><div class='container av-section-cont-open' ><div class='template-page content  av-content-small alpha units'><div class='post-entry post-entry-type-page post-entry-32867'><div class='entry-content-wrapper clearfix'><div  class='av-social-sharing-box av-a8fvu-7f687631b580ef6f5d782ff05ec104f2 av-social-sharing-box-default  avia-builder-el-10  el_after_av_section  avia-builder-el-no-sibling  av-social-sharing-box-fullwidth'><div class=\"av-share-box\"><h5 class='av-share-link-description av-no-toc '>Comparte esta p\u00e1gina<\/h5><ul class=\"av-share-box-list noLightbox\"><li class='av-share-link av-social-link-facebook' ><a target=\"_blank\" aria-label=\"Share on Facebook\" href='https:\/\/www.facebook.com\/sharer.php?u=https:\/\/www.cnh2.es\/en\/canal-de-denuncias\/&#038;t=Canal%20de%20Denuncias' aria-hidden='false' data-av_icon='\ue8f3' data-av_iconfont='entypo-fontello' title='' data-avia-related-tooltip='Share on Facebook'><span class='avia_hidden_link_text'>Share on Facebook<\/span><\/a><\/li><li class='av-share-link av-social-link-twitter' ><a target=\"_blank\" aria-label=\"Share on X\" href='https:\/\/twitter.com\/share?text=Canal%20de%20Denuncias&#038;url=https:\/\/www.cnh2.es\/en\/?p=32867' aria-hidden='false' data-av_icon='\ue932' data-av_iconfont='entypo-fontello' title='' data-avia-related-tooltip='Share on X'><span class='avia_hidden_link_text'>Share on X<\/span><\/a><\/li><li class='av-share-link av-social-link-square-x-twitter' ><a target=\"_blank\" aria-label=\"Share on X\" href='https:\/\/twitter.com\/share?text=Canal%20de%20Denuncias&#038;url=https:\/\/www.cnh2.es\/en\/?p=32867' aria-hidden='false' data-av_icon='\ue933' data-av_iconfont='entypo-fontello' title='' data-avia-related-tooltip='Share on X'><span class='avia_hidden_link_text'>Share on X<\/span><\/a><\/li><li class='av-share-link av-social-link-whatsapp' ><a target=\"_blank\" aria-label=\"Share on WhatsApp\" href='https:\/\/api.whatsapp.com\/send?text=https:\/\/www.cnh2.es\/en\/canal-de-denuncias\/' aria-hidden='false' data-av_icon='\uf232' data-av_iconfont='entypo-fontello' title='' data-avia-related-tooltip='Share on WhatsApp'><span class='avia_hidden_link_text'>Share on WhatsApp<\/span><\/a><\/li><li class='av-share-link av-social-link-linkedin' ><a target=\"_blank\" aria-label=\"Share on LinkedIn\" href='https:\/\/linkedin.com\/shareArticle?mini=true&#038;title=Canal%20de%20Denuncias&#038;url=https:\/\/www.cnh2.es\/en\/canal-de-denuncias\/' aria-hidden='false' data-av_icon='\ue8fc' data-av_iconfont='entypo-fontello' title='' data-avia-related-tooltip='Share on LinkedIn'><span class='avia_hidden_link_text'>Share on LinkedIn<\/span><\/a><\/li><li class='av-share-link av-social-link-mail' ><a  aria-label=\"Share by Mail\" href='mailto:?subject=Canal%20de%20Denuncias&#038;body=https:\/\/www.cnh2.es\/en\/canal-de-denuncias\/' aria-hidden='false' data-av_icon='\ue805' data-av_iconfont='entypo-fontello' title='' data-avia-related-tooltip='Share by Mail'><span class='avia_hidden_link_text'>Share by Mail<\/span><\/a><\/li><li class='av-share-link av-social-link-vimeo' ><a target=\"_blank\" aria-label=\"Link to Vimeo\" href='http:\/\/www.vimeo.com\/cnh2' aria-hidden='false' data-av_icon='\ue8ef' data-av_iconfont='entypo-fontello' title='' data-avia-related-tooltip='Link to Vimeo'><span class='avia_hidden_link_text'>Link to Vimeo<\/span><\/a><\/li><li class='av-share-link av-social-link-youtube' ><a target=\"_blank\" aria-label=\"Link to Youtube\" href='http:\/\/www.youtube.com\/cnh2es' aria-hidden='false' data-av_icon='\uf16a' data-av_iconfont='entypo-fontello' title='' data-avia-related-tooltip='Link to Youtube'><span class='avia_hidden_link_text'>Link to Youtube<\/span><\/a><\/li><\/ul><\/div><\/div><\/p>\n","protected":false},"excerpt":{"rendered":"","protected":false},"author":2,"featured_media":0,"parent":0,"menu_order":0,"comment_status":"closed","ping_status":"closed","template":"","meta":{"_lmt_disableupdate":"no","_lmt_disable":"","footnotes":""},"class_list":["post-32867","page","type-page","status-publish","hentry"],"yoast_head":"<!-- This site is optimized with the Yoast SEO plugin v26.8 - https:\/\/yoast.com\/product\/yoast-seo-wordpress\/ -->\n<title>Canal de Denuncias - Centro Nacional del Hidr\u00f3geno<\/title>\n<meta name=\"description\" content=\"Canal de Denuncias del CNH2\" \/>\n<meta name=\"robots\" content=\"index, follow, max-snippet:-1, max-image-preview:large, max-video-preview:-1\" \/>\n<link rel=\"canonical\" href=\"https:\/\/www.cnh2.es\/en\/canal-de-denuncias\/\" \/>\n<meta property=\"og:locale\" content=\"en_US\" \/>\n<meta property=\"og:type\" content=\"article\" \/>\n<meta property=\"og:title\" content=\"Canal de Denuncias - Centro Nacional del Hidr\u00f3geno\" \/>\n<meta property=\"og:description\" content=\"Canal de Denuncias del CNH2\" \/>\n<meta property=\"og:url\" content=\"https:\/\/www.cnh2.es\/en\/canal-de-denuncias\/\" \/>\n<meta property=\"og:site_name\" content=\"Centro Nacional del Hidr\u00f3geno\" \/>\n<meta property=\"article:modified_time\" content=\"2026-04-09T06:27:45+00:00\" \/>\n<meta name=\"twitter:card\" content=\"summary_large_image\" \/>\n<meta name=\"twitter:label1\" content=\"Est. reading time\" \/>\n\t<meta name=\"twitter:data1\" content=\"4 minutes\" \/>\n<script type=\"application\/ld+json\" class=\"yoast-schema-graph\">{\"@context\":\"https:\/\/schema.org\",\"@graph\":[{\"@type\":\"WebPage\",\"@id\":\"https:\/\/www.cnh2.es\/en\/canal-de-denuncias\/\",\"url\":\"https:\/\/www.cnh2.es\/en\/canal-de-denuncias\/\",\"name\":\"Canal de Denuncias - Centro Nacional del Hidr\u00f3geno\",\"isPartOf\":{\"@id\":\"https:\/\/www.cnh2.es\/#website\"},\"datePublished\":\"2026-03-19T13:23:26+00:00\",\"dateModified\":\"2026-04-09T06:27:45+00:00\",\"description\":\"Canal de Denuncias del CNH2\",\"breadcrumb\":{\"@id\":\"https:\/\/www.cnh2.es\/en\/canal-de-denuncias\/#breadcrumb\"},\"inLanguage\":\"en-US\",\"potentialAction\":[{\"@type\":\"ReadAction\",\"target\":[\"https:\/\/www.cnh2.es\/en\/canal-de-denuncias\/\"]}]},{\"@type\":\"BreadcrumbList\",\"@id\":\"https:\/\/www.cnh2.es\/en\/canal-de-denuncias\/#breadcrumb\",\"itemListElement\":[{\"@type\":\"ListItem\",\"position\":1,\"name\":\"Home\",\"item\":\"https:\/\/www.cnh2.es\/en\/\"},{\"@type\":\"ListItem\",\"position\":2,\"name\":\"Canal de Denuncias\"}]},{\"@type\":\"WebSite\",\"@id\":\"https:\/\/www.cnh2.es\/#website\",\"url\":\"https:\/\/www.cnh2.es\/\",\"name\":\"Centro Nacional del Hidr\u00f3geno\",\"description\":\"El Centro Nacional del Hidr\u00f3geno (CNH2), es una instalaci\u00f3n de nueva creaci\u00f3n dedicada en exclusividad a la investigaci\u00f3n y desarrollo de las tecnolog\u00edas del...\",\"potentialAction\":[{\"@type\":\"SearchAction\",\"target\":{\"@type\":\"EntryPoint\",\"urlTemplate\":\"https:\/\/www.cnh2.es\/?s={search_term_string}\"},\"query-input\":{\"@type\":\"PropertyValueSpecification\",\"valueRequired\":true,\"valueName\":\"search_term_string\"}}],\"inLanguage\":\"en-US\"}]}<\/script>\n<!-- \/ Yoast SEO plugin. -->","yoast_head_json":{"title":"Canal de Denuncias - Centro Nacional del Hidr\u00f3geno","description":"Canal de Denuncias del CNH2","robots":{"index":"index","follow":"follow","max-snippet":"max-snippet:-1","max-image-preview":"max-image-preview:large","max-video-preview":"max-video-preview:-1"},"canonical":"https:\/\/www.cnh2.es\/en\/canal-de-denuncias\/","og_locale":"en_US","og_type":"article","og_title":"Canal de Denuncias - Centro Nacional del Hidr\u00f3geno","og_description":"Canal de Denuncias del CNH2","og_url":"https:\/\/www.cnh2.es\/en\/canal-de-denuncias\/","og_site_name":"Centro Nacional del Hidr\u00f3geno","article_modified_time":"2026-04-09T06:27:45+00:00","twitter_card":"summary_large_image","twitter_misc":{"Est. reading time":"4 minutes"},"schema":{"@context":"https:\/\/schema.org","@graph":[{"@type":"WebPage","@id":"https:\/\/www.cnh2.es\/en\/canal-de-denuncias\/","url":"https:\/\/www.cnh2.es\/en\/canal-de-denuncias\/","name":"Canal de Denuncias - Centro Nacional del Hidr\u00f3geno","isPartOf":{"@id":"https:\/\/www.cnh2.es\/#website"},"datePublished":"2026-03-19T13:23:26+00:00","dateModified":"2026-04-09T06:27:45+00:00","description":"Canal de Denuncias del CNH2","breadcrumb":{"@id":"https:\/\/www.cnh2.es\/en\/canal-de-denuncias\/#breadcrumb"},"inLanguage":"en-US","potentialAction":[{"@type":"ReadAction","target":["https:\/\/www.cnh2.es\/en\/canal-de-denuncias\/"]}]},{"@type":"BreadcrumbList","@id":"https:\/\/www.cnh2.es\/en\/canal-de-denuncias\/#breadcrumb","itemListElement":[{"@type":"ListItem","position":1,"name":"Home","item":"https:\/\/www.cnh2.es\/en\/"},{"@type":"ListItem","position":2,"name":"Canal de Denuncias"}]},{"@type":"WebSite","@id":"https:\/\/www.cnh2.es\/#website","url":"https:\/\/www.cnh2.es\/","name":"Centro Nacional del Hidr\u00f3geno","description":"El Centro Nacional del Hidr\u00f3geno (CNH2), es una instalaci\u00f3n de nueva creaci\u00f3n dedicada en exclusividad a la investigaci\u00f3n y desarrollo de las tecnolog\u00edas del...","potentialAction":[{"@type":"SearchAction","target":{"@type":"EntryPoint","urlTemplate":"https:\/\/www.cnh2.es\/?s={search_term_string}"},"query-input":{"@type":"PropertyValueSpecification","valueRequired":true,"valueName":"search_term_string"}}],"inLanguage":"en-US"}]}},"_links":{"self":[{"href":"https:\/\/www.cnh2.es\/en\/wp-json\/wp\/v2\/pages\/32867","targetHints":{"allow":["GET"]}}],"collection":[{"href":"https:\/\/www.cnh2.es\/en\/wp-json\/wp\/v2\/pages"}],"about":[{"href":"https:\/\/www.cnh2.es\/en\/wp-json\/wp\/v2\/types\/page"}],"author":[{"embeddable":true,"href":"https:\/\/www.cnh2.es\/en\/wp-json\/wp\/v2\/users\/2"}],"replies":[{"embeddable":true,"href":"https:\/\/www.cnh2.es\/en\/wp-json\/wp\/v2\/comments?post=32867"}],"version-history":[{"count":0,"href":"https:\/\/www.cnh2.es\/en\/wp-json\/wp\/v2\/pages\/32867\/revisions"}],"wp:attachment":[{"href":"https:\/\/www.cnh2.es\/en\/wp-json\/wp\/v2\/media?parent=32867"}],"curies":[{"name":"wp","href":"https:\/\/api.w.org\/{rel}","templated":true}]}}