{"id":25872,"date":"2023-09-27T07:44:17","date_gmt":"2023-09-27T05:44:17","guid":{"rendered":"https:\/\/www.cnh2.es\/?page_id=25872"},"modified":"2023-09-27T07:46:21","modified_gmt":"2023-09-27T05:46:21","slug":"politica-de-firma-electronica","status":"publish","type":"page","link":"https:\/\/www.cnh2.es\/en\/transparency\/informacion-economica-presupuestaria-y-estadistica\/politica-de-firma-electronica\/","title":{"rendered":"Pol\u00edtica de Firma Electr\u00f3nica"},"content":{"rendered":"\n<style type=\"text\/css\" data-created_by=\"avia_inline_auto\" id=\"style-css-av-3ewz1k-8c51dc617654d44a86b04515b4b63690\">\n.avia-section.av-3ewz1k-8c51dc617654d44a86b04515b4b63690{\nbackground-repeat:no-repeat;\nbackground-image:url(https:\/\/www.cnh2.es\/wp-content\/uploads\/2019\/01\/transparencia-1030x687.jpg);\nbackground-position:50% 50%;\nbackground-attachment:scroll;\n}\n<\/style>\n<div id='av_section_1'  class='avia-section av-3ewz1k-8c51dc617654d44a86b04515b4b63690 main_color avia-section-huge avia-no-border-styling  avia-builder-el-0  el_before_av_section  avia-builder-el-first  avia-full-stretch avia-bg-style-scroll container_wrap sidebar_right'  data-section-bg-repeat='stretch'><div class='container av-section-cont-open' ><main  role=\"main\" itemprop=\"mainContentOfPage\"  class='template-page content  av-content-small alpha units'><div class='post-entry post-entry-type-page post-entry-25872'><div class='entry-content-wrapper clearfix'>\n\n<style type=\"text\/css\" data-created_by=\"avia_inline_auto\" id=\"style-css-av-7qmw0o-0fc353dd7a6a3fa64c3829a39bad36ae\">\n.flex_column.av-7qmw0o-0fc353dd7a6a3fa64c3829a39bad36ae{\nborder-radius:0px 0px 0px 0px;\npadding:0px 0px 0px 0px;\n}\n<\/style>\n<div  class='flex_column av-7qmw0o-0fc353dd7a6a3fa64c3829a39bad36ae av_one_fifth  avia-builder-el-1  el_before_av_three_fifth  avia-builder-el-first  first flex_column_div av-zero-column-padding  '     ><\/div>\n<style type=\"text\/css\" data-created_by=\"avia_inline_auto\" id=\"style-css-av-5wdzjc-6f52a4e575a76f7a3a460f86c915b7e5\">\n.flex_column.av-5wdzjc-6f52a4e575a76f7a3a460f86c915b7e5{\nborder-radius:0px 0px 0px 0px;\npadding:0px 0px 0px 0px;\n}\n<\/style>\n<div  class='flex_column av-5wdzjc-6f52a4e575a76f7a3a460f86c915b7e5 av_three_fifth  avia-builder-el-2  el_after_av_one_fifth  el_before_av_one_fifth  flex_column_div av-zero-column-padding  '     ><style type=\"text\/css\" data-created_by=\"avia_inline_auto\" id=\"style-css-av-jqxxe44p-141974e4660dba0483721b362e9a99d3\">\n#top .av-special-heading.av-jqxxe44p-141974e4660dba0483721b362e9a99d3{\npadding-bottom:10px;\ncolor:#ffffff;\nfont-size:45px;\n}\nbody .av-special-heading.av-jqxxe44p-141974e4660dba0483721b362e9a99d3 .av-special-heading-tag .heading-char{\nfont-size:25px;\n}\n#top #wrap_all .av-special-heading.av-jqxxe44p-141974e4660dba0483721b362e9a99d3 .av-special-heading-tag{\nfont-size:45px;\n}\n.av-special-heading.av-jqxxe44p-141974e4660dba0483721b362e9a99d3 .special-heading-inner-border{\nborder-color:#ffffff;\n}\n.av-special-heading.av-jqxxe44p-141974e4660dba0483721b362e9a99d3 .av-subheading{\nfont-size:15px;\n}\n\n@media only screen and (min-width: 480px) and (max-width: 767px){ \n#top #wrap_all .av-special-heading.av-jqxxe44p-141974e4660dba0483721b362e9a99d3 .av-special-heading-tag{\nfont-size:0.8em;\n}\n}\n\n@media only screen and (max-width: 479px){ \n#top #wrap_all .av-special-heading.av-jqxxe44p-141974e4660dba0483721b362e9a99d3 .av-special-heading-tag{\nfont-size:0.8em;\n}\n}\n<\/style>\n<div  class='av-special-heading av-jqxxe44p-141974e4660dba0483721b362e9a99d3 av-special-heading-h1 custom-color-heading blockquote modern-quote modern-centered  avia-builder-el-3  avia-builder-el-no-sibling  av-inherit-size'><h1 class='av-special-heading-tag '  itemprop=\"headline\"  >Portal de Transparencia<\/h1><div class=\"special-heading-border\"><div class=\"special-heading-inner-border\"><\/div><\/div><\/div><\/div>\n<style type=\"text\/css\" data-created_by=\"avia_inline_auto\" id=\"style-css-av-4vnjig-be5c063f829b847a87e0e41d445fbe68\">\n.flex_column.av-4vnjig-be5c063f829b847a87e0e41d445fbe68{\nborder-radius:0px 0px 0px 0px;\npadding:0px 0px 0px 0px;\n}\n<\/style>\n<div  class='flex_column av-4vnjig-be5c063f829b847a87e0e41d445fbe68 av_one_fifth  avia-builder-el-4  el_after_av_three_fifth  avia-builder-el-last  flex_column_div av-zero-column-padding  '     ><\/div>\n\n<\/div><\/div><\/main><!-- close content main element --><\/div><\/div><div id='av_section_2'  class='avia-section av-1xpgew-f23d49376ebfbf498a5b6ce90aa63a15 main_color avia-section-small avia-no-border-styling  avia-builder-el-5  el_after_av_section  el_before_av_section  avia-bg-style-scroll container_wrap sidebar_right'  ><div class='container av-section-cont-open' ><div class='template-page content  av-content-small alpha units'><div class='post-entry post-entry-type-page post-entry-25872'><div class='entry-content-wrapper clearfix'>\n\n<style type=\"text\/css\" data-created_by=\"avia_inline_auto\" id=\"style-css-av-av_heading-4bdeab2387489ac86cfe1f00424f98c7\">\n#top .av-special-heading.av-av_heading-4bdeab2387489ac86cfe1f00424f98c7{\npadding-bottom:10px;\nfont-size:35px;\n}\nbody .av-special-heading.av-av_heading-4bdeab2387489ac86cfe1f00424f98c7 .av-special-heading-tag .heading-char{\nfont-size:25px;\n}\n#top #wrap_all .av-special-heading.av-av_heading-4bdeab2387489ac86cfe1f00424f98c7 .av-special-heading-tag{\nfont-size:35px;\n}\n.av-special-heading.av-av_heading-4bdeab2387489ac86cfe1f00424f98c7 .av-subheading{\nfont-size:15px;\n}\n\n@media only screen and (min-width: 480px) and (max-width: 767px){ \n#top #wrap_all .av-special-heading.av-av_heading-4bdeab2387489ac86cfe1f00424f98c7 .av-special-heading-tag{\nfont-size:0.8em;\n}\n}\n\n@media only screen and (max-width: 479px){ \n#top #wrap_all .av-special-heading.av-av_heading-4bdeab2387489ac86cfe1f00424f98c7 .av-special-heading-tag{\nfont-size:0.8em;\n}\n}\n<\/style>\n<div  class='av-special-heading av-av_heading-4bdeab2387489ac86cfe1f00424f98c7 av-special-heading-h2 blockquote modern-quote  avia-builder-el-6  el_before_av_heading  avia-builder-el-first  av-inherit-size'><h2 class='av-special-heading-tag '  itemprop=\"headline\"  >Informaci\u00f3n Econ\u00f3mica, Presupuestaria y Estad\u00edstica<\/h2><div class=\"special-heading-border\"><div class=\"special-heading-inner-border\"><\/div><\/div><\/div>\n\n<style type=\"text\/css\" data-created_by=\"avia_inline_auto\" id=\"style-css-av-av_heading-aeabdcfbf764026f8446c50ba49d59f7\">\n#top .av-special-heading.av-av_heading-aeabdcfbf764026f8446c50ba49d59f7{\npadding-bottom:10px;\nfont-size:25px;\n}\nbody .av-special-heading.av-av_heading-aeabdcfbf764026f8446c50ba49d59f7 .av-special-heading-tag .heading-char{\nfont-size:25px;\n}\n#top #wrap_all .av-special-heading.av-av_heading-aeabdcfbf764026f8446c50ba49d59f7 .av-special-heading-tag{\nfont-size:25px;\n}\n.av-special-heading.av-av_heading-aeabdcfbf764026f8446c50ba49d59f7 .av-subheading{\nfont-size:15px;\n}\n\n@media only screen and (min-width: 480px) and (max-width: 767px){ \n#top #wrap_all .av-special-heading.av-av_heading-aeabdcfbf764026f8446c50ba49d59f7 .av-special-heading-tag{\nfont-size:0.8em;\n}\n}\n\n@media only screen and (max-width: 479px){ \n#top #wrap_all .av-special-heading.av-av_heading-aeabdcfbf764026f8446c50ba49d59f7 .av-special-heading-tag{\nfont-size:0.8em;\n}\n}\n<\/style>\n<div  class='av-special-heading av-av_heading-aeabdcfbf764026f8446c50ba49d59f7 av-special-heading-h3 blockquote modern-quote  avia-builder-el-7  el_after_av_heading  el_before_av_textblock  av-inherit-size'><h3 class='av-special-heading-tag '  itemprop=\"headline\"  >POL\u00cdTICA DE FIRMA ELECTR\u00d3NICA<\/h3><div class=\"special-heading-border\"><div class=\"special-heading-inner-border\"><\/div><\/div><\/div>\n<section  class='av_textblock_section av-jr201tjc-6e6d1427dd2bfdff5482249075d0a339 '   itemscope=\"itemscope\" itemtype=\"https:\/\/schema.org\/CreativeWork\" ><div class='avia_textblock'  itemprop=\"text\" ><p style=\"text-align: justify;\">Seg\u00fan la definici\u00f3n del Real Decreto 4\/2010, de 8 de enero, por el que se regula el Esquema Nacional de Interoperabilidad en el \u00e1mbito de la Administraci\u00f3n Electr\u00f3nica, publicado en el BOE de 29 de enero de 2010 (en adelante, ENI), una pol\u00edtica de firma electr\u00f3nica y de certificados es el \u201cconjunto de normas de seguridad, de organizaci\u00f3n, t\u00e9cnicas y legales para determinar c\u00f3mo se generan, se verifican y se gestionan firmas electr\u00f3nicas, incluyendo las caracter\u00edsticas exigibles a los certificados de firma\u201d.<\/p>\n<p style=\"text-align: justify;\">Con car\u00e1cter general, una pol\u00edtica de firma electr\u00f3nica es un documento legal que contiene una serie de normas relativas a la firma electr\u00f3nica, organizadas alrededor de los conceptos de generaci\u00f3n y validaci\u00f3n de firma, en un contexto particular (contractual, jur\u00eddico, legal), definiendo las reglas y obligaciones de todos los actores involucrados en el proceso. El objetivo es determinar la validez de la firma electr\u00f3nica para una transacci\u00f3n en particular, especificando la informaci\u00f3n que debe incluir la persona firmante en el proceso de generaci\u00f3n de la firma y la informaci\u00f3n que se debe comprobar en el proceso de validaci\u00f3n de esta.<\/p>\n<p style=\"text-align: justify;\">El apartado 1 del art\u00edculo 18 del ENI, establece que \u201cLa Administraci\u00f3n General del Estado definir\u00e1 una pol\u00edtica de firma electr\u00f3nica y de certificados que servir\u00e1 de marco general de interoperabilidad para la autenticaci\u00f3n y el reconocimiento mutuo de firmas electr\u00f3nicas dentro de su \u00e1mbito de actuaci\u00f3n. No obstante, dicha pol\u00edtica podr\u00e1 ser utilizada como referencia por otras Administraciones P\u00fablicas para definir las pol\u00edticas de certificados y firmas a reconocer dentro de sus \u00e1mbitos competenciales\u201d. Igualmente, el apartado 6 del mismo precepto establece que \u201cLos perfiles comunes de los campos de los certificados definidos por la pol\u00edtica de firma electr\u00f3nica y de certificados posibilitar\u00e1n la interoperabilidad entre las aplicaciones usuarias, de manera que tanto la identificaci\u00f3n como la firma electr\u00f3nica generada a partir de estos perfiles comunes puedan ser reconocidos por las aplicaciones de las distintas Administraciones P\u00fablicas sin ning\u00fan tipo de restricci\u00f3n t\u00e9cnica, sem\u00e1ntica u organizativa.<\/p>\n<p style=\"text-align: justify;\">En desarrollo de dicha norma, con fecha 30 de mayo de 2012, la Comisi\u00f3n Permanente del Consejo Superior de Administraci\u00f3n Electr\u00f3nica aprob\u00f3 la versi\u00f3n 1.9 de la pol\u00edtica de firma electr\u00f3nica y de certificados (OID 2.16.724.1.3.1.1.2.1.9). Posteriormente, con fecha 13 de diciembre de 2012 se public\u00f3 en el Bolet\u00edn Oficial del Estado la Resoluci\u00f3n de 29 de noviembre de 2012, de la Secretar\u00eda de Estado de Administraciones P\u00fablicas, por la que se publica el Acuerdo de aprobaci\u00f3n de la Pol\u00edtica de Firma Electr\u00f3nica y de Certificados de la Administraci\u00f3n General del Estado y se anuncia su publicaci\u00f3n en la sede correspondiente.<\/p>\n<p style=\"text-align: justify;\">En este contexto normativo, la Norma T\u00e9cnica de Interoperabilidad de pol\u00edtica de firma y sello electr\u00f3nicos y de certificados de la Administraci\u00f3n, aprobada por la Resoluci\u00f3n de 27 de octubre de 2016 (BOE de 3 de noviembre), de la Secretar\u00eda de Estado de Administraciones P\u00fablicas, en su secci\u00f3n II.5 sobre interacci\u00f3n con otras pol\u00edticas, establece que \u00abcada organizaci\u00f3n valorar\u00e1 la necesidad y conveniencia de desarrollar una pol\u00edtica propia frente a la posibilidad de utilizar una pol\u00edtica marco existente\u00bb. Adem\u00e1s, en la misma secci\u00f3n se indica que \u201cen el caso de que en una organizaci\u00f3n se deseen normalizar \u00fanicamente aspectos t\u00e9cnicos de las firmas electr\u00f3nicas, se optar\u00e1 por otro instrumento distinto de una Pol\u00edtica de firma y sello, como instrucciones t\u00e9cnicas internas o directrices de aplicaciones\u201d<\/p>\n<p style=\"text-align: justify;\">Examinada la pol\u00edtica de firma electr\u00f3nica y de certificados de la Administraci\u00f3n General del Estado, se considera que es coherente con la normativa de administraci\u00f3n electr\u00f3nica del CNH2 y plenamente asumible en sus aspectos t\u00e9cnicos, por lo que, con su adopci\u00f3n pretende dar un paso claro para favorecer la interoperabilidad entre administraciones p\u00fablicas, lo que redundar\u00e1 de una manera inmediata en la simplificaci\u00f3n de tr\u00e1mites para los ciudadanos.<\/p>\n<p><a href=\"https:\/\/www.cnh2.es\/docs\/transparencia\/DOC_017 Adhesi\u00f3n a la Pol\u00edtica de Firma Electr\u00f3nica de la AGE_CNH2.pdf\">DOCUMENTO DE ADHESI\u00d3N A LA POL\u00cdTICA DE FIRMA ELECTR\u00d3NICA DE LA AGE POR PARTE DEL CNH2<\/a><\/p>\n<p><strong>Documentos relativos a la Pol\u00edtica de Firma Electr\u00f3nica de la Administraci\u00f3n General del Estado<\/strong><\/p>\n<ul>\n<li><a href=\"https:\/\/www.cnh2.es\/docs\/transparencia\/BOE-13-12-2012--15066-.pdf\">Resoluci\u00f3n de 29 de noviembre de 2012, de la Secretar\u00eda de Estado de Administraciones P\u00fablicas, por la que se publica el Acuerdo de aprobaci\u00f3n de la Pol\u00edtica de Firma Electr\u00f3nica y de Certificados de la Administraci\u00f3n General del Estado y se anuncia su publicaci\u00f3n en la sede correspondiente.<\/a><\/li>\n<li><a href=\"https:\/\/www.cnh2.es\/docs\/transparencia\/1-Anexo I- Politica de firma-.pdf\">Anexo I &#8211; Pol\u00edtica de Firma<\/a><\/li>\n<li><a href=\"https:\/\/www.cnh2.es\/docs\/transparencia\/Anexo-II--Perfiles-de-certificados-.pdf\">Anexo II &#8211; Perfiles de Certificados<\/a><\/li>\n<li><a href=\"https:\/\/www.cnh2.es\/docs\/transparencia\/GuiaRapida-Politica-Firma-AGE-v1-9.pdf\">Gu\u00eda R\u00e1pida Pol\u00edtica de firma AGE v1.9<\/a><\/li>\n<\/ul>\n<p><strong>Enlaces de inter\u00e9s y relativo a la Pol\u00edtica de Firma Electr\u00f3nica de la Administraci\u00f3n General del Estado<\/strong><\/p>\n<ul>\n<li><a href=\"https:\/\/administracionelectronica.gob.es\/ctt\/politicafirma\/descargas\">https:\/\/administracionelectronica.gob.es\/ctt\/politicafirma\/descargas<\/a><\/li>\n<li><a href=\"https:\/\/sede.administracion.gob.es\/PAG_Sede\/LaSedePAG\/PoliticaFirmaElectronicaYCertificadosAGE.html\">https:\/\/sede.administracion.gob.es\/PAG_Sede\/LaSedePAG\/PoliticaFirmaElectronicaYCertificadosAGE.html<\/a><\/li>\n<\/ul>\n<\/div><\/section>\n<\/div><\/div><\/div><!-- close content main div --><\/div><\/div><div id='av_section_3'  class='avia-section av-7j25w-2a8ae4b9cb7b328e2f9a44173a63c509 main_color avia-section-default avia-no-border-styling  avia-builder-el-9  el_after_av_section  avia-builder-el-last  avia-bg-style-scroll container_wrap sidebar_right'  ><div class='container av-section-cont-open' ><div class='template-page content  av-content-small alpha units'><div class='post-entry post-entry-type-page post-entry-25872'><div class='entry-content-wrapper clearfix'>\n<section  class='av_textblock_section av-lilihvvn-595eaeb098d9009d022b857702b30a60 '   itemscope=\"itemscope\" itemtype=\"https:\/\/schema.org\/CreativeWork\" ><div class='avia_textblock'  itemprop=\"text\" >\u00daltima modificaci\u00f3n el 27 September, 2023 <hr>\n<\/div><\/section>\n<div  class='avia-button-wrap av-jp2lgisf-741f4322b6e7405d78d6a5f97115c098-wrap avia-button-left  avia-builder-el-11  el_after_av_textblock  avia-builder-el-last '><a href='https:\/\/www.cnh2.es\/transparencia\/informacion-economica-presupuestaria-y-estadistica\/'  class='avia-button av-jp2lgisf-741f4322b6e7405d78d6a5f97115c098 av-link-btn avia-icon_select-yes-left-icon avia-size-large avia-position-left avia-color-theme-color'   aria-label=\"Volver\"><span class='avia_button_icon avia_button_icon_left' aria-hidden='true' data-av_icon='\ue874' data-av_iconfont='entypo-fontello'><\/span><span class='avia_iconbox_title' >Volver<\/span><\/a><\/div>\n<\/div><\/div><\/div><!-- close content main div --><\/div><\/div><div id='after_section_3'  class='main_color av_default_container_wrap container_wrap sidebar_right'  ><div class='container av-section-cont-open' ><div class='template-page content  av-content-small alpha units'><div class='post-entry post-entry-type-page post-entry-25872'><div class='entry-content-wrapper clearfix'><\/p>\n","protected":false},"excerpt":{"rendered":"","protected":false},"author":2,"featured_media":0,"parent":14271,"menu_order":0,"comment_status":"closed","ping_status":"closed","template":"","meta":{"_lmt_disableupdate":"no","_lmt_disable":"","footnotes":""},"class_list":["post-25872","page","type-page","status-publish","hentry"],"yoast_head":"<!-- This site is optimized with the Yoast SEO plugin v26.8 - https:\/\/yoast.com\/product\/yoast-seo-wordpress\/ -->\n<title>Pol\u00edtica de Firma Electr\u00f3nica - Centro Nacional del Hidr\u00f3geno<\/title>\n<meta name=\"robots\" content=\"index, follow, max-snippet:-1, max-image-preview:large, max-video-preview:-1\" \/>\n<link rel=\"canonical\" href=\"https:\/\/www.cnh2.es\/en\/transparency\/informacion-economica-presupuestaria-y-estadistica\/politica-de-firma-electronica\/\" \/>\n<meta property=\"og:locale\" content=\"en_US\" \/>\n<meta property=\"og:type\" content=\"article\" \/>\n<meta property=\"og:title\" content=\"Pol\u00edtica de Firma Electr\u00f3nica - Centro Nacional del Hidr\u00f3geno\" \/>\n<meta property=\"og:url\" content=\"https:\/\/www.cnh2.es\/en\/transparency\/informacion-economica-presupuestaria-y-estadistica\/politica-de-firma-electronica\/\" \/>\n<meta property=\"og:site_name\" content=\"Centro Nacional del Hidr\u00f3geno\" \/>\n<meta property=\"article:modified_time\" content=\"2023-09-27T05:46:21+00:00\" \/>\n<meta name=\"twitter:card\" content=\"summary_large_image\" \/>\n<meta name=\"twitter:label1\" content=\"Est. reading time\" \/>\n\t<meta name=\"twitter:data1\" content=\"3 minutes\" \/>\n<script type=\"application\/ld+json\" class=\"yoast-schema-graph\">{\"@context\":\"https:\/\/schema.org\",\"@graph\":[{\"@type\":\"WebPage\",\"@id\":\"https:\/\/www.cnh2.es\/en\/transparency\/informacion-economica-presupuestaria-y-estadistica\/politica-de-firma-electronica\/\",\"url\":\"https:\/\/www.cnh2.es\/en\/transparency\/informacion-economica-presupuestaria-y-estadistica\/politica-de-firma-electronica\/\",\"name\":\"Pol\u00edtica de Firma Electr\u00f3nica - Centro Nacional del Hidr\u00f3geno\",\"isPartOf\":{\"@id\":\"https:\/\/www.cnh2.es\/#website\"},\"datePublished\":\"2023-09-27T05:44:17+00:00\",\"dateModified\":\"2023-09-27T05:46:21+00:00\",\"breadcrumb\":{\"@id\":\"https:\/\/www.cnh2.es\/en\/transparency\/informacion-economica-presupuestaria-y-estadistica\/politica-de-firma-electronica\/#breadcrumb\"},\"inLanguage\":\"en-US\",\"potentialAction\":[{\"@type\":\"ReadAction\",\"target\":[\"https:\/\/www.cnh2.es\/en\/transparency\/informacion-economica-presupuestaria-y-estadistica\/politica-de-firma-electronica\/\"]}]},{\"@type\":\"BreadcrumbList\",\"@id\":\"https:\/\/www.cnh2.es\/en\/transparency\/informacion-economica-presupuestaria-y-estadistica\/politica-de-firma-electronica\/#breadcrumb\",\"itemListElement\":[{\"@type\":\"ListItem\",\"position\":1,\"name\":\"Home\",\"item\":\"https:\/\/www.cnh2.es\/en\/\"},{\"@type\":\"ListItem\",\"position\":2,\"name\":\"Transparency\",\"item\":\"https:\/\/www.cnh2.es\/en\/transparency\/\"},{\"@type\":\"ListItem\",\"position\":3,\"name\":\"Informaci\u00f3n Econ\u00f3mica, Presupuestaria y Estad\u00edstica\",\"item\":\"https:\/\/www.cnh2.es\/en\/transparency\/informacion-economica-presupuestaria-y-estadistica\/\"},{\"@type\":\"ListItem\",\"position\":4,\"name\":\"Pol\u00edtica de Firma Electr\u00f3nica\"}]},{\"@type\":\"WebSite\",\"@id\":\"https:\/\/www.cnh2.es\/#website\",\"url\":\"https:\/\/www.cnh2.es\/\",\"name\":\"Centro Nacional del Hidr\u00f3geno\",\"description\":\"El Centro Nacional del Hidr\u00f3geno (CNH2), es una instalaci\u00f3n de nueva creaci\u00f3n dedicada en exclusividad a la investigaci\u00f3n y desarrollo de las tecnolog\u00edas del...\",\"potentialAction\":[{\"@type\":\"SearchAction\",\"target\":{\"@type\":\"EntryPoint\",\"urlTemplate\":\"https:\/\/www.cnh2.es\/?s={search_term_string}\"},\"query-input\":{\"@type\":\"PropertyValueSpecification\",\"valueRequired\":true,\"valueName\":\"search_term_string\"}}],\"inLanguage\":\"en-US\"}]}<\/script>\n<!-- \/ Yoast SEO plugin. -->","yoast_head_json":{"title":"Pol\u00edtica de Firma Electr\u00f3nica - Centro Nacional del Hidr\u00f3geno","robots":{"index":"index","follow":"follow","max-snippet":"max-snippet:-1","max-image-preview":"max-image-preview:large","max-video-preview":"max-video-preview:-1"},"canonical":"https:\/\/www.cnh2.es\/en\/transparency\/informacion-economica-presupuestaria-y-estadistica\/politica-de-firma-electronica\/","og_locale":"en_US","og_type":"article","og_title":"Pol\u00edtica de Firma Electr\u00f3nica - Centro Nacional del Hidr\u00f3geno","og_url":"https:\/\/www.cnh2.es\/en\/transparency\/informacion-economica-presupuestaria-y-estadistica\/politica-de-firma-electronica\/","og_site_name":"Centro Nacional del Hidr\u00f3geno","article_modified_time":"2023-09-27T05:46:21+00:00","twitter_card":"summary_large_image","twitter_misc":{"Est. reading time":"3 minutes"},"schema":{"@context":"https:\/\/schema.org","@graph":[{"@type":"WebPage","@id":"https:\/\/www.cnh2.es\/en\/transparency\/informacion-economica-presupuestaria-y-estadistica\/politica-de-firma-electronica\/","url":"https:\/\/www.cnh2.es\/en\/transparency\/informacion-economica-presupuestaria-y-estadistica\/politica-de-firma-electronica\/","name":"Pol\u00edtica de Firma Electr\u00f3nica - Centro Nacional del Hidr\u00f3geno","isPartOf":{"@id":"https:\/\/www.cnh2.es\/#website"},"datePublished":"2023-09-27T05:44:17+00:00","dateModified":"2023-09-27T05:46:21+00:00","breadcrumb":{"@id":"https:\/\/www.cnh2.es\/en\/transparency\/informacion-economica-presupuestaria-y-estadistica\/politica-de-firma-electronica\/#breadcrumb"},"inLanguage":"en-US","potentialAction":[{"@type":"ReadAction","target":["https:\/\/www.cnh2.es\/en\/transparency\/informacion-economica-presupuestaria-y-estadistica\/politica-de-firma-electronica\/"]}]},{"@type":"BreadcrumbList","@id":"https:\/\/www.cnh2.es\/en\/transparency\/informacion-economica-presupuestaria-y-estadistica\/politica-de-firma-electronica\/#breadcrumb","itemListElement":[{"@type":"ListItem","position":1,"name":"Home","item":"https:\/\/www.cnh2.es\/en\/"},{"@type":"ListItem","position":2,"name":"Transparency","item":"https:\/\/www.cnh2.es\/en\/transparency\/"},{"@type":"ListItem","position":3,"name":"Informaci\u00f3n Econ\u00f3mica, Presupuestaria y Estad\u00edstica","item":"https:\/\/www.cnh2.es\/en\/transparency\/informacion-economica-presupuestaria-y-estadistica\/"},{"@type":"ListItem","position":4,"name":"Pol\u00edtica de Firma Electr\u00f3nica"}]},{"@type":"WebSite","@id":"https:\/\/www.cnh2.es\/#website","url":"https:\/\/www.cnh2.es\/","name":"Centro Nacional del Hidr\u00f3geno","description":"El Centro Nacional del Hidr\u00f3geno (CNH2), es una instalaci\u00f3n de nueva creaci\u00f3n dedicada en exclusividad a la investigaci\u00f3n y desarrollo de las tecnolog\u00edas del...","potentialAction":[{"@type":"SearchAction","target":{"@type":"EntryPoint","urlTemplate":"https:\/\/www.cnh2.es\/?s={search_term_string}"},"query-input":{"@type":"PropertyValueSpecification","valueRequired":true,"valueName":"search_term_string"}}],"inLanguage":"en-US"}]}},"_links":{"self":[{"href":"https:\/\/www.cnh2.es\/en\/wp-json\/wp\/v2\/pages\/25872","targetHints":{"allow":["GET"]}}],"collection":[{"href":"https:\/\/www.cnh2.es\/en\/wp-json\/wp\/v2\/pages"}],"about":[{"href":"https:\/\/www.cnh2.es\/en\/wp-json\/wp\/v2\/types\/page"}],"author":[{"embeddable":true,"href":"https:\/\/www.cnh2.es\/en\/wp-json\/wp\/v2\/users\/2"}],"replies":[{"embeddable":true,"href":"https:\/\/www.cnh2.es\/en\/wp-json\/wp\/v2\/comments?post=25872"}],"version-history":[{"count":0,"href":"https:\/\/www.cnh2.es\/en\/wp-json\/wp\/v2\/pages\/25872\/revisions"}],"up":[{"embeddable":true,"href":"https:\/\/www.cnh2.es\/en\/wp-json\/wp\/v2\/pages\/14271"}],"wp:attachment":[{"href":"https:\/\/www.cnh2.es\/en\/wp-json\/wp\/v2\/media?parent=25872"}],"curies":[{"name":"wp","href":"https:\/\/api.w.org\/{rel}","templated":true}]}}