{"id":24957,"date":"2023-06-06T11:43:52","date_gmt":"2023-06-06T09:43:52","guid":{"rendered":"https:\/\/www.cnh2.es\/?page_id=24957"},"modified":"2023-06-07T10:59:10","modified_gmt":"2023-06-07T08:59:10","slug":"responsables","status":"publish","type":"page","link":"https:\/\/www.cnh2.es\/en\/transparency\/informacion-institucional-organizativa-y-de-planificacion\/responsables\/","title":{"rendered":"Managers"},"content":{"rendered":"\n<style type=\"text\/css\" data-created_by=\"avia_inline_auto\" id=\"style-css-av-3ewz1k-8c51dc617654d44a86b04515b4b63690\">\n.avia-section.av-3ewz1k-8c51dc617654d44a86b04515b4b63690{\nbackground-repeat:no-repeat;\nbackground-image:url(https:\/\/www.cnh2.es\/wp-content\/uploads\/2019\/01\/transparencia-1030x687.jpg);\nbackground-position:50% 50%;\nbackground-attachment:scroll;\n}\n<\/style>\n<div id='av_section_1'  class='avia-section av-3ewz1k-8c51dc617654d44a86b04515b4b63690 main_color avia-section-huge avia-no-border-styling  avia-builder-el-0  el_before_av_section  avia-builder-el-first  avia-full-stretch avia-bg-style-scroll container_wrap sidebar_right'  data-section-bg-repeat='stretch'><div class='container av-section-cont-open' ><main  role=\"main\" itemprop=\"mainContentOfPage\"  class='template-page content  av-content-small alpha units'><div class='post-entry post-entry-type-page post-entry-24957'><div class='entry-content-wrapper clearfix'>\n\n<style type=\"text\/css\" data-created_by=\"avia_inline_auto\" id=\"style-css-av-7qmw0o-0fc353dd7a6a3fa64c3829a39bad36ae\">\n.flex_column.av-7qmw0o-0fc353dd7a6a3fa64c3829a39bad36ae{\nborder-radius:0px 0px 0px 0px;\npadding:0px 0px 0px 0px;\n}\n<\/style>\n<div  class='flex_column av-7qmw0o-0fc353dd7a6a3fa64c3829a39bad36ae av_one_fifth  avia-builder-el-1  el_before_av_three_fifth  avia-builder-el-first  first flex_column_div av-zero-column-padding  '     ><\/div>\n<style type=\"text\/css\" data-created_by=\"avia_inline_auto\" id=\"style-css-av-5wdzjc-6f52a4e575a76f7a3a460f86c915b7e5\">\n.flex_column.av-5wdzjc-6f52a4e575a76f7a3a460f86c915b7e5{\nborder-radius:0px 0px 0px 0px;\npadding:0px 0px 0px 0px;\n}\n<\/style>\n<div  class='flex_column av-5wdzjc-6f52a4e575a76f7a3a460f86c915b7e5 av_three_fifth  avia-builder-el-2  el_after_av_one_fifth  el_before_av_one_fifth  flex_column_div av-zero-column-padding  '     ><style type=\"text\/css\" data-created_by=\"avia_inline_auto\" id=\"style-css-av-jqxxe44p-f1216c145f84b1a623774f6c85dc6b55\">\n#top .av-special-heading.av-jqxxe44p-f1216c145f84b1a623774f6c85dc6b55{\npadding-bottom:10px;\ncolor:#ffffff;\nfont-size:45px;\n}\nbody .av-special-heading.av-jqxxe44p-f1216c145f84b1a623774f6c85dc6b55 .av-special-heading-tag .heading-char{\nfont-size:25px;\n}\n#top #wrap_all .av-special-heading.av-jqxxe44p-f1216c145f84b1a623774f6c85dc6b55 .av-special-heading-tag{\nfont-size:45px;\n}\n.av-special-heading.av-jqxxe44p-f1216c145f84b1a623774f6c85dc6b55 .special-heading-inner-border{\nborder-color:#ffffff;\n}\n.av-special-heading.av-jqxxe44p-f1216c145f84b1a623774f6c85dc6b55 .av-subheading{\nfont-size:15px;\n}\n\n@media only screen and (min-width: 480px) and (max-width: 767px){ \n#top #wrap_all .av-special-heading.av-jqxxe44p-f1216c145f84b1a623774f6c85dc6b55 .av-special-heading-tag{\nfont-size:0.8em;\n}\n}\n\n@media only screen and (max-width: 479px){ \n#top #wrap_all .av-special-heading.av-jqxxe44p-f1216c145f84b1a623774f6c85dc6b55 .av-special-heading-tag{\nfont-size:0.8em;\n}\n}\n<\/style>\n<div  class='av-special-heading av-jqxxe44p-f1216c145f84b1a623774f6c85dc6b55 av-special-heading-h1 custom-color-heading blockquote modern-quote modern-centered  avia-builder-el-3  avia-builder-el-no-sibling  av-inherit-size'><h1 class='av-special-heading-tag '  itemprop=\"headline\"  >Transparency Portal<\/h1><div class=\"special-heading-border\"><div class=\"special-heading-inner-border\"><\/div><\/div><\/div><\/div>\n<style type=\"text\/css\" data-created_by=\"avia_inline_auto\" id=\"style-css-av-4vnjig-be5c063f829b847a87e0e41d445fbe68\">\n.flex_column.av-4vnjig-be5c063f829b847a87e0e41d445fbe68{\nborder-radius:0px 0px 0px 0px;\npadding:0px 0px 0px 0px;\n}\n<\/style>\n<div  class='flex_column av-4vnjig-be5c063f829b847a87e0e41d445fbe68 av_one_fifth  avia-builder-el-4  el_after_av_three_fifth  avia-builder-el-last  flex_column_div av-zero-column-padding  '     ><\/div>\n\n<\/div><\/div><\/main><!-- close content main element --><\/div><\/div><div id='av_section_2'  class='avia-section av-1xpgew-44fd3780710c08b2d35dc6b3c9ab07e4 main_color avia-section-default avia-no-border-styling  avia-builder-el-5  el_after_av_section  el_before_av_section  avia-bg-style-scroll container_wrap sidebar_right'  ><div class='container av-section-cont-open' ><div class='template-page content  av-content-small alpha units'><div class='post-entry post-entry-type-page post-entry-24957'><div class='entry-content-wrapper clearfix'>\n\n<style type=\"text\/css\" data-created_by=\"avia_inline_auto\" id=\"style-css-av-av_heading-50220612bab0a069b5643a435747cc1f\">\n#top .av-special-heading.av-av_heading-50220612bab0a069b5643a435747cc1f{\npadding-bottom:10px;\nfont-size:35px;\n}\nbody .av-special-heading.av-av_heading-50220612bab0a069b5643a435747cc1f .av-special-heading-tag .heading-char{\nfont-size:25px;\n}\n#top #wrap_all .av-special-heading.av-av_heading-50220612bab0a069b5643a435747cc1f .av-special-heading-tag{\nfont-size:35px;\n}\n.av-special-heading.av-av_heading-50220612bab0a069b5643a435747cc1f .av-subheading{\nfont-size:15px;\n}\n\n@media only screen and (min-width: 480px) and (max-width: 767px){ \n#top #wrap_all .av-special-heading.av-av_heading-50220612bab0a069b5643a435747cc1f .av-special-heading-tag{\nfont-size:0.8em;\n}\n}\n\n@media only screen and (max-width: 479px){ \n#top #wrap_all .av-special-heading.av-av_heading-50220612bab0a069b5643a435747cc1f .av-special-heading-tag{\nfont-size:0.8em;\n}\n}\n<\/style>\n<div  class='av-special-heading av-av_heading-50220612bab0a069b5643a435747cc1f av-special-heading-h2 blockquote modern-quote  avia-builder-el-6  el_before_av_heading  avia-builder-el-first  av-inherit-size'><h2 class='av-special-heading-tag '  itemprop=\"headline\"  >Informaci\u00f3n Institucional, Organizativa y de Planificaci\u00f3n<\/h2><div class=\"special-heading-border\"><div class=\"special-heading-inner-border\"><\/div><\/div><\/div>\n\n<style type=\"text\/css\" data-created_by=\"avia_inline_auto\" id=\"style-css-av-av_heading-8e6fdd8d94c0782bc64c2f269630d3c7\">\n#top .av-special-heading.av-av_heading-8e6fdd8d94c0782bc64c2f269630d3c7{\npadding-bottom:10px;\nfont-size:25px;\n}\nbody .av-special-heading.av-av_heading-8e6fdd8d94c0782bc64c2f269630d3c7 .av-special-heading-tag .heading-char{\nfont-size:25px;\n}\n#top #wrap_all .av-special-heading.av-av_heading-8e6fdd8d94c0782bc64c2f269630d3c7 .av-special-heading-tag{\nfont-size:25px;\n}\n.av-special-heading.av-av_heading-8e6fdd8d94c0782bc64c2f269630d3c7 .av-subheading{\nfont-size:15px;\n}\n\n@media only screen and (min-width: 480px) and (max-width: 767px){ \n#top #wrap_all .av-special-heading.av-av_heading-8e6fdd8d94c0782bc64c2f269630d3c7 .av-special-heading-tag{\nfont-size:0.8em;\n}\n}\n\n@media only screen and (max-width: 479px){ \n#top #wrap_all .av-special-heading.av-av_heading-8e6fdd8d94c0782bc64c2f269630d3c7 .av-special-heading-tag{\nfont-size:0.8em;\n}\n}\n<\/style>\n<div  class='av-special-heading av-av_heading-8e6fdd8d94c0782bc64c2f269630d3c7 av-special-heading-h3 blockquote modern-quote  avia-builder-el-7  el_after_av_heading  el_before_av_one_full  av-inherit-size'><h3 class='av-special-heading-tag '  itemprop=\"headline\"  >Managers<\/h3><div class=\"special-heading-border\"><div class=\"special-heading-inner-border\"><\/div><\/div><\/div>\n\n<style type=\"text\/css\" data-created_by=\"avia_inline_auto\" id=\"style-css-av-348kb4-c89fdc346c1c2ad67f48627c7255ecde\">\n.flex_column.av-348kb4-c89fdc346c1c2ad67f48627c7255ecde{\nborder-radius:0px 0px 0px 0px;\npadding:0px 0px 0px 0px;\n}\n<\/style>\n<div  class='flex_column av-348kb4-c89fdc346c1c2ad67f48627c7255ecde av_one_full  avia-builder-el-8  el_after_av_heading  el_before_av_hr  first flex_column_div av-zero-column-padding  '     ><section  class='av_textblock_section av-acgm0-5f714fbe55994c07fb4889f96c83730a '   itemscope=\"itemscope\" itemtype=\"https:\/\/schema.org\/CreativeWork\" ><div class='avia_textblock'  itemprop=\"text\" ><p><img loading=\"lazy\" decoding=\"async\" class=\"wp-image-24955 size-square alignleft\" src=\"https:\/\/www.cnh2.es\/wp-content\/uploads\/2023\/06\/ENG_foto-180x180.jpg\" alt=\"\" width=\"180\" height=\"180\" srcset=\"https:\/\/www.cnh2.es\/wp-content\/uploads\/2023\/06\/ENG_foto-180x180.jpg 180w, https:\/\/www.cnh2.es\/wp-content\/uploads\/2023\/06\/ENG_foto-80x80.jpg 80w, https:\/\/www.cnh2.es\/wp-content\/uploads\/2023\/06\/ENG_foto-36x36.jpg 36w, https:\/\/www.cnh2.es\/wp-content\/uploads\/2023\/06\/ENG_foto-120x120.jpg 120w\" sizes=\"auto, (max-width: 180px) 100vw, 180px\" \/><\/p>\n<p style=\"text-align: justify;\"><strong>Emilio Nieto Gallego <\/strong><\/p>\n<p style=\"text-align: justify;\"><strong><em>Director del Centro Nacional del Hidr\u00f3geno.<\/em><\/strong><\/p>\n<p style=\"text-align: justify;\">Desde el a\u00f1o 2017, Emilio Nieto es el m\u00e1ximo responsable del CNH2. Es Licenciado en Ciencias Qu\u00edmicas por la Universidad Complutense de Madrid y doctor Cum Laude por la Universidad Aut\u00f3noma de Madrid. Master en Sistemas Integrados QEH&amp;S y M\u00e1ster MBA cursado en IE &amp; T\u00e9cnicas Reunidas. Se ha dedicado durante m\u00e1s de 15 a\u00f1os al I+D en diversas empresas del sector industrial\u00a0 (Morgan Matroc, Tolsa, S.A., T\u00e9cnicas Reunidas, S.A.) y posteriormente ha sido consultor en el \u00e1mbito de la Investigaci\u00f3n. Ejerce las competencias establecidas en el art\u00edculo 15 de los estatutos del CNH2.<\/p>\n<\/div><\/section><\/div><div  class='hr av-1lis0d-5f3a684fe604f241b4794941d0dbcae6 hr-default  avia-builder-el-10  el_after_av_one_full  el_before_av_textblock '><span class='hr-inner '><span class=\"hr-inner-style\"><\/span><\/span><\/div>\n<section  class='av_textblock_section av-lilha5z2-c0424a0990b330c3837ab042baf4b0f9 '   itemscope=\"itemscope\" itemtype=\"https:\/\/schema.org\/CreativeWork\" ><div class='avia_textblock'  itemprop=\"text\" >\u00daltima modificaci\u00f3n el 7 June, 2023 <hr>\n<\/div><\/section>\n<\/div><\/div><\/div><!-- close content main div --><\/div><\/div><div id='av_section_3'  class='avia-section av-7j25w-2a8ae4b9cb7b328e2f9a44173a63c509 main_color avia-section-default avia-no-border-styling  avia-builder-el-12  el_after_av_section  avia-builder-el-last  avia-bg-style-scroll container_wrap sidebar_right'  ><div class='container av-section-cont-open' ><div class='template-page content  av-content-small alpha units'><div class='post-entry post-entry-type-page post-entry-24957'><div class='entry-content-wrapper clearfix'>\n<div  class='avia-button-wrap av-jp2lgisf-18d74f603f509312d01980bfc98f32ac-wrap avia-button-left  avia-builder-el-13  avia-builder-el-no-sibling '><a href='https:\/\/www.cnh2.es\/en\/transparency\/informacion-institucional-organizativa-y-de-planificacion\/'  class='avia-button av-jp2lgisf-18d74f603f509312d01980bfc98f32ac av-link-btn avia-icon_select-yes-left-icon avia-size-large avia-position-left avia-color-theme-color'   aria-label=\"Come back\"><span class='avia_button_icon avia_button_icon_left' aria-hidden='true' data-av_icon='\ue874' data-av_iconfont='entypo-fontello'><\/span><span class='avia_iconbox_title' >Come back<\/span><\/a><\/div>\n<\/div><\/div><\/div><!-- close content main div --><\/div><\/div><div id='after_section_3'  class='main_color av_default_container_wrap container_wrap sidebar_right'  ><div class='container av-section-cont-open' ><div class='template-page content  av-content-small alpha units'><div class='post-entry post-entry-type-page post-entry-24957'><div class='entry-content-wrapper clearfix'><\/p>\n","protected":false},"excerpt":{"rendered":"","protected":false},"author":2,"featured_media":0,"parent":14179,"menu_order":0,"comment_status":"closed","ping_status":"closed","template":"","meta":{"_lmt_disableupdate":"no","_lmt_disable":"","footnotes":""},"class_list":["post-24957","page","type-page","status-publish","hentry"],"yoast_head":"<!-- This site is optimized with the Yoast SEO plugin v27.4 - https:\/\/yoast.com\/product\/yoast-seo-wordpress\/ -->\n<title>Managers - Centro Nacional del Hidr\u00f3geno<\/title>\n<meta name=\"robots\" content=\"index, follow, max-snippet:-1, max-image-preview:large, max-video-preview:-1\" \/>\n<link rel=\"canonical\" href=\"https:\/\/www.cnh2.es\/en\/transparency\/informacion-institucional-organizativa-y-de-planificacion\/responsables\/\" \/>\n<meta property=\"og:locale\" content=\"en_US\" \/>\n<meta property=\"og:type\" content=\"article\" \/>\n<meta property=\"og:title\" content=\"Managers - Centro Nacional del Hidr\u00f3geno\" \/>\n<meta property=\"og:url\" content=\"https:\/\/www.cnh2.es\/en\/transparency\/informacion-institucional-organizativa-y-de-planificacion\/responsables\/\" \/>\n<meta property=\"og:site_name\" content=\"Centro Nacional del Hidr\u00f3geno\" \/>\n<meta property=\"article:modified_time\" content=\"2023-06-07T08:59:10+00:00\" \/>\n<meta property=\"og:image\" content=\"https:\/\/www.cnh2.es\/wp-content\/uploads\/2023\/06\/ENG_foto-180x180.jpg\" \/>\n<meta name=\"twitter:card\" content=\"summary_large_image\" \/>\n<meta name=\"twitter:label1\" content=\"Est. reading time\" \/>\n\t<meta name=\"twitter:data1\" content=\"3 minutes\" \/>\n<script type=\"application\/ld+json\" class=\"yoast-schema-graph\">{\"@context\":\"https:\\\/\\\/schema.org\",\"@graph\":[{\"@type\":\"WebPage\",\"@id\":\"https:\\\/\\\/www.cnh2.es\\\/en\\\/transparency\\\/informacion-institucional-organizativa-y-de-planificacion\\\/responsables\\\/\",\"url\":\"https:\\\/\\\/www.cnh2.es\\\/en\\\/transparency\\\/informacion-institucional-organizativa-y-de-planificacion\\\/responsables\\\/\",\"name\":\"Managers - Centro Nacional del Hidr\u00f3geno\",\"isPartOf\":{\"@id\":\"https:\\\/\\\/www.cnh2.es\\\/#website\"},\"primaryImageOfPage\":{\"@id\":\"https:\\\/\\\/www.cnh2.es\\\/en\\\/transparency\\\/informacion-institucional-organizativa-y-de-planificacion\\\/responsables\\\/#primaryimage\"},\"image\":{\"@id\":\"https:\\\/\\\/www.cnh2.es\\\/en\\\/transparency\\\/informacion-institucional-organizativa-y-de-planificacion\\\/responsables\\\/#primaryimage\"},\"thumbnailUrl\":\"https:\\\/\\\/www.cnh2.es\\\/wp-content\\\/uploads\\\/2023\\\/06\\\/ENG_foto-180x180.jpg\",\"datePublished\":\"2023-06-06T09:43:52+00:00\",\"dateModified\":\"2023-06-07T08:59:10+00:00\",\"breadcrumb\":{\"@id\":\"https:\\\/\\\/www.cnh2.es\\\/en\\\/transparency\\\/informacion-institucional-organizativa-y-de-planificacion\\\/responsables\\\/#breadcrumb\"},\"inLanguage\":\"en-US\",\"potentialAction\":[{\"@type\":\"ReadAction\",\"target\":[\"https:\\\/\\\/www.cnh2.es\\\/en\\\/transparency\\\/informacion-institucional-organizativa-y-de-planificacion\\\/responsables\\\/\"]}]},{\"@type\":\"ImageObject\",\"inLanguage\":\"en-US\",\"@id\":\"https:\\\/\\\/www.cnh2.es\\\/en\\\/transparency\\\/informacion-institucional-organizativa-y-de-planificacion\\\/responsables\\\/#primaryimage\",\"url\":\"https:\\\/\\\/www.cnh2.es\\\/wp-content\\\/uploads\\\/2023\\\/06\\\/ENG_foto-180x180.jpg\",\"contentUrl\":\"https:\\\/\\\/www.cnh2.es\\\/wp-content\\\/uploads\\\/2023\\\/06\\\/ENG_foto-180x180.jpg\"},{\"@type\":\"BreadcrumbList\",\"@id\":\"https:\\\/\\\/www.cnh2.es\\\/en\\\/transparency\\\/informacion-institucional-organizativa-y-de-planificacion\\\/responsables\\\/#breadcrumb\",\"itemListElement\":[{\"@type\":\"ListItem\",\"position\":1,\"name\":\"Home\",\"item\":\"https:\\\/\\\/www.cnh2.es\\\/en\\\/\"},{\"@type\":\"ListItem\",\"position\":2,\"name\":\"Transparency\",\"item\":\"https:\\\/\\\/www.cnh2.es\\\/en\\\/transparency\\\/\"},{\"@type\":\"ListItem\",\"position\":3,\"name\":\"Informaci\u00f3n institucional, organizativa y de planificaci\u00f3n\",\"item\":\"https:\\\/\\\/www.cnh2.es\\\/en\\\/transparency\\\/informacion-institucional-organizativa-y-de-planificacion\\\/\"},{\"@type\":\"ListItem\",\"position\":4,\"name\":\"Managers\"}]},{\"@type\":\"WebSite\",\"@id\":\"https:\\\/\\\/www.cnh2.es\\\/#website\",\"url\":\"https:\\\/\\\/www.cnh2.es\\\/\",\"name\":\"Centro Nacional del Hidr\u00f3geno\",\"description\":\"El Centro Nacional del Hidr\u00f3geno (CNH2), es una instalaci\u00f3n de nueva creaci\u00f3n dedicada en exclusividad a la investigaci\u00f3n y desarrollo de las tecnolog\u00edas del...\",\"potentialAction\":[{\"@type\":\"SearchAction\",\"target\":{\"@type\":\"EntryPoint\",\"urlTemplate\":\"https:\\\/\\\/www.cnh2.es\\\/?s={search_term_string}\"},\"query-input\":{\"@type\":\"PropertyValueSpecification\",\"valueRequired\":true,\"valueName\":\"search_term_string\"}}],\"inLanguage\":\"en-US\"}]}<\/script>\n<!-- \/ Yoast SEO plugin. -->","yoast_head_json":{"title":"Managers - Centro Nacional del Hidr\u00f3geno","robots":{"index":"index","follow":"follow","max-snippet":"max-snippet:-1","max-image-preview":"max-image-preview:large","max-video-preview":"max-video-preview:-1"},"canonical":"https:\/\/www.cnh2.es\/en\/transparency\/informacion-institucional-organizativa-y-de-planificacion\/responsables\/","og_locale":"en_US","og_type":"article","og_title":"Managers - Centro Nacional del Hidr\u00f3geno","og_url":"https:\/\/www.cnh2.es\/en\/transparency\/informacion-institucional-organizativa-y-de-planificacion\/responsables\/","og_site_name":"Centro Nacional del Hidr\u00f3geno","article_modified_time":"2023-06-07T08:59:10+00:00","og_image":[{"url":"https:\/\/www.cnh2.es\/wp-content\/uploads\/2023\/06\/ENG_foto-180x180.jpg","type":"","width":"","height":""}],"twitter_card":"summary_large_image","twitter_misc":{"Est. reading time":"3 minutes"},"schema":{"@context":"https:\/\/schema.org","@graph":[{"@type":"WebPage","@id":"https:\/\/www.cnh2.es\/en\/transparency\/informacion-institucional-organizativa-y-de-planificacion\/responsables\/","url":"https:\/\/www.cnh2.es\/en\/transparency\/informacion-institucional-organizativa-y-de-planificacion\/responsables\/","name":"Managers - Centro Nacional del Hidr\u00f3geno","isPartOf":{"@id":"https:\/\/www.cnh2.es\/#website"},"primaryImageOfPage":{"@id":"https:\/\/www.cnh2.es\/en\/transparency\/informacion-institucional-organizativa-y-de-planificacion\/responsables\/#primaryimage"},"image":{"@id":"https:\/\/www.cnh2.es\/en\/transparency\/informacion-institucional-organizativa-y-de-planificacion\/responsables\/#primaryimage"},"thumbnailUrl":"https:\/\/www.cnh2.es\/wp-content\/uploads\/2023\/06\/ENG_foto-180x180.jpg","datePublished":"2023-06-06T09:43:52+00:00","dateModified":"2023-06-07T08:59:10+00:00","breadcrumb":{"@id":"https:\/\/www.cnh2.es\/en\/transparency\/informacion-institucional-organizativa-y-de-planificacion\/responsables\/#breadcrumb"},"inLanguage":"en-US","potentialAction":[{"@type":"ReadAction","target":["https:\/\/www.cnh2.es\/en\/transparency\/informacion-institucional-organizativa-y-de-planificacion\/responsables\/"]}]},{"@type":"ImageObject","inLanguage":"en-US","@id":"https:\/\/www.cnh2.es\/en\/transparency\/informacion-institucional-organizativa-y-de-planificacion\/responsables\/#primaryimage","url":"https:\/\/www.cnh2.es\/wp-content\/uploads\/2023\/06\/ENG_foto-180x180.jpg","contentUrl":"https:\/\/www.cnh2.es\/wp-content\/uploads\/2023\/06\/ENG_foto-180x180.jpg"},{"@type":"BreadcrumbList","@id":"https:\/\/www.cnh2.es\/en\/transparency\/informacion-institucional-organizativa-y-de-planificacion\/responsables\/#breadcrumb","itemListElement":[{"@type":"ListItem","position":1,"name":"Home","item":"https:\/\/www.cnh2.es\/en\/"},{"@type":"ListItem","position":2,"name":"Transparency","item":"https:\/\/www.cnh2.es\/en\/transparency\/"},{"@type":"ListItem","position":3,"name":"Informaci\u00f3n institucional, organizativa y de planificaci\u00f3n","item":"https:\/\/www.cnh2.es\/en\/transparency\/informacion-institucional-organizativa-y-de-planificacion\/"},{"@type":"ListItem","position":4,"name":"Managers"}]},{"@type":"WebSite","@id":"https:\/\/www.cnh2.es\/#website","url":"https:\/\/www.cnh2.es\/","name":"Centro Nacional del Hidr\u00f3geno","description":"El Centro Nacional del Hidr\u00f3geno (CNH2), es una instalaci\u00f3n de nueva creaci\u00f3n dedicada en exclusividad a la investigaci\u00f3n y desarrollo de las tecnolog\u00edas del...","potentialAction":[{"@type":"SearchAction","target":{"@type":"EntryPoint","urlTemplate":"https:\/\/www.cnh2.es\/?s={search_term_string}"},"query-input":{"@type":"PropertyValueSpecification","valueRequired":true,"valueName":"search_term_string"}}],"inLanguage":"en-US"}]}},"_links":{"self":[{"href":"https:\/\/www.cnh2.es\/en\/wp-json\/wp\/v2\/pages\/24957","targetHints":{"allow":["GET"]}}],"collection":[{"href":"https:\/\/www.cnh2.es\/en\/wp-json\/wp\/v2\/pages"}],"about":[{"href":"https:\/\/www.cnh2.es\/en\/wp-json\/wp\/v2\/types\/page"}],"author":[{"embeddable":true,"href":"https:\/\/www.cnh2.es\/en\/wp-json\/wp\/v2\/users\/2"}],"replies":[{"embeddable":true,"href":"https:\/\/www.cnh2.es\/en\/wp-json\/wp\/v2\/comments?post=24957"}],"version-history":[{"count":0,"href":"https:\/\/www.cnh2.es\/en\/wp-json\/wp\/v2\/pages\/24957\/revisions"}],"up":[{"embeddable":true,"href":"https:\/\/www.cnh2.es\/en\/wp-json\/wp\/v2\/pages\/14179"}],"wp:attachment":[{"href":"https:\/\/www.cnh2.es\/en\/wp-json\/wp\/v2\/media?parent=24957"}],"curies":[{"name":"wp","href":"https:\/\/api.w.org\/{rel}","templated":true}]}}