{"id":23372,"date":"2021-11-24T12:35:35","date_gmt":"2021-11-24T10:35:35","guid":{"rendered":"https:\/\/www.cnh2.es\/?page_id=23372"},"modified":"2021-11-24T12:35:35","modified_gmt":"2021-11-24T10:35:35","slug":"2021-086-uing-tuing_tecnico-a-para-la-unidad-de-ingenieria-aplicada","status":"publish","type":"page","link":"https:\/\/www.cnh2.es\/en\/2021-086-uing-tuing_tecnico-a-para-la-unidad-de-ingenieria-aplicada\/","title":{"rendered":"2021-086-UING-TUING_T\u00e9cnico\/a para la Unidad de Ingenier\u00eda Aplicada"},"content":{"rendered":"<div id='av_section_1'  class='avia-section av-1chetqg-0e0cd06b92c39152addda5fdb4e7a431 main_color avia-section-huge avia-no-border-styling  avia-builder-el-0  avia-builder-el-no-sibling  avia-bg-style-scroll container_wrap sidebar_right'  ><div class='container av-section-cont-open' ><main  role=\"main\" itemprop=\"mainContentOfPage\"  class='template-page content  av-content-small alpha units'><div class='post-entry post-entry-type-page post-entry-23372'><div class='entry-content-wrapper clearfix'>\n\n<style type=\"text\/css\" data-created_by=\"avia_inline_auto\" id=\"style-css-av-pqexzc-086db8690570d2a8fa856838f6cbdab7\">\n.flex_column.av-pqexzc-086db8690570d2a8fa856838f6cbdab7{\nborder-radius:0px 0px 0px 0px;\npadding:0px 0px 0px 0px;\n}\n<\/style>\n<div  class='flex_column av-pqexzc-086db8690570d2a8fa856838f6cbdab7 av_one_full  avia-builder-el-1  avia-builder-el-no-sibling  first flex_column_div av-zero-column-padding  '     ><section  class='av_textblock_section av-kkguoviw-350aef72efa8bafffb687553e66f6ab9 '   itemscope=\"itemscope\" itemtype=\"https:\/\/schema.org\/CreativeWork\" ><div class='avia_textblock'  itemprop=\"text\" ><h2 style=\"text-align: center;\">SOLICITUD PARTICIPACI\u00d3N PROCESO SELECCI\u00d3N<\/h2>\n<h2 style=\"text-align: center;\">T\u00e9cnico\/a para la Unidad de Ingenier\u00eda Aplicada<\/h2>\n<\/div><\/section><br \/>\n\n<style type=\"text\/css\" data-created_by=\"avia_inline_auto\" id=\"style-css-av-kkgupa0m-a56a30eb88e8572d3e11a0b31433225c\">\n#top .hr.hr-invisible.av-kkgupa0m-a56a30eb88e8572d3e11a0b31433225c{\nheight:50px;\n}\n<\/style>\n<div  class='hr av-kkgupa0m-a56a30eb88e8572d3e11a0b31433225c hr-invisible  avia-builder-el-3  el_after_av_textblock  el_before_av_textblock '><span class='hr-inner '><span class=\"hr-inner-style\"><\/span><\/span><\/div><br \/>\n<section  class='av_textblock_section av-kkguoviw-350aef72efa8bafffb687553e66f6ab9 '   itemscope=\"itemscope\" itemtype=\"https:\/\/schema.org\/CreativeWork\" ><div class='avia_textblock'  itemprop=\"text\" >\n<div class=\"wpcf7 no-js\" id=\"wpcf7-f23367-o1\" lang=\"en-US\" dir=\"ltr\" data-wpcf7-id=\"23367\">\n<div class=\"screen-reader-response\"><p role=\"status\" aria-live=\"polite\" aria-atomic=\"true\"><\/p> <ul><\/ul><\/div>\n<form action=\"\/en\/wp-json\/wp\/v2\/pages\/23372#wpcf7-f23367-o1\" method=\"post\" class=\"wpcf7-form init\" aria-label=\"Contact form\" enctype=\"multipart\/form-data\" novalidate=\"novalidate\" data-status=\"init\">\n<fieldset class=\"hidden-fields-container\"><input type=\"hidden\" name=\"_wpcf7\" value=\"23367\" \/><input type=\"hidden\" name=\"_wpcf7_version\" value=\"6.1.4\" \/><input type=\"hidden\" name=\"_wpcf7_locale\" value=\"en_US\" \/><input type=\"hidden\" name=\"_wpcf7_unit_tag\" value=\"wpcf7-f23367-o1\" \/><input type=\"hidden\" name=\"_wpcf7_container_post\" value=\"0\" \/><input type=\"hidden\" name=\"_wpcf7_posted_data_hash\" value=\"\" \/><input type=\"hidden\" name=\"_wpcf7_recaptcha_response\" value=\"\" \/>\n<\/fieldset>\n<h2>PUESTO\n<\/h2>\n<p><strong>Referencia:*<\/strong><br \/>\n<span class=\"wpcf7-form-control-wrap\" data-name=\"ref\"><select class=\"wpcf7-form-control wpcf7-select wpcf7-validates-as-required\" aria-required=\"true\" aria-invalid=\"false\" name=\"ref\"><option value=\"2021-086-UING-TUING\">2021-086-UING-TUING<\/option><\/select><\/span>\n<\/p>\n<p><strong>Puesto:*<\/strong><br \/>\n<span class=\"wpcf7-form-control-wrap\" data-name=\"puesto\"><select class=\"wpcf7-form-control wpcf7-select wpcf7-validates-as-required\" aria-required=\"true\" aria-invalid=\"false\" name=\"puesto\"><option value=\"T\u00c9CNICO\/A PARA LA UNIDAD DE INGENIER\u00cdA APLICADA\">T\u00c9CNICO\/A PARA LA UNIDAD DE INGENIER\u00cdA APLICADA<\/option><\/select><\/span>\n<\/p>\n<h2>DATOS PERSONALES\n<\/h2>\n<p><strong>DNI \/ Pasaporte:*<\/strong><br \/>\n<span class=\"wpcf7-form-control-wrap\" data-name=\"dni\"><input size=\"100\" maxlength=\"100\" class=\"wpcf7-form-control wpcf7-text wpcf7-validates-as-required\" aria-required=\"true\" aria-invalid=\"false\" value=\"\" type=\"text\" name=\"dni\" \/><\/span>\n<\/p>\n<p><strong>Nombre:*<\/strong><br \/>\n<span class=\"wpcf7-form-control-wrap\" data-name=\"nombre\"><input size=\"100\" maxlength=\"100\" class=\"wpcf7-form-control wpcf7-text wpcf7-validates-as-required\" aria-required=\"true\" aria-invalid=\"false\" value=\"\" type=\"text\" name=\"nombre\" \/><\/span>\n<\/p>\n<p><strong>Apellidos:*<\/strong><br \/>\n<span class=\"wpcf7-form-control-wrap\" data-name=\"apellidos\"><input size=\"100\" maxlength=\"100\" class=\"wpcf7-form-control wpcf7-text wpcf7-validates-as-required\" aria-required=\"true\" aria-invalid=\"false\" value=\"\" type=\"text\" name=\"apellidos\" \/><\/span>\n<\/p>\n<p><strong>Tel\u00e9fono:*<\/strong><br \/>\n<span class=\"wpcf7-form-control-wrap\" data-name=\"telefono\"><input size=\"100\" maxlength=\"100\" class=\"wpcf7-form-control wpcf7-text wpcf7-validates-as-required\" aria-required=\"true\" aria-invalid=\"false\" value=\"\" type=\"text\" name=\"telefono\" \/><\/span>\n<\/p>\n<p><strong>E-Mail:*<\/strong><br \/>\n<span class=\"wpcf7-form-control-wrap\" data-name=\"email\"><input size=\"100\" maxlength=\"100\" class=\"wpcf7-form-control wpcf7-email wpcf7-validates-as-required wpcf7-text wpcf7-validates-as-email\" aria-required=\"true\" aria-invalid=\"false\" value=\"\" type=\"email\" name=\"email\" \/><\/span>\n<\/p>\n<h2>DOCUMENTACI\u00d3N REQUERIDA\n<\/h2>\n<p><strong>Curriculum Vitae:*<\/strong><br \/>\n<span class=\"wpcf7-form-control-wrap\" data-name=\"file-cv\"><input size=\"40\" class=\"wpcf7-form-control wpcf7-file wpcf7-validates-as-required\" accept=\".pdf\" aria-required=\"true\" aria-invalid=\"false\" type=\"file\" name=\"file-cv\" \/><\/span><br \/>\nFicheros permitidos: pdf. Tama\u00f1o m\u00e1ximo: 5MB):\n<\/p>\n<p><strong>Titulaci\u00f3n Acad\u00e9mica:*<\/strong><br \/>\n<span class=\"wpcf7-form-control-wrap\" data-name=\"file-titulacion\"><input size=\"40\" class=\"wpcf7-form-control wpcf7-file wpcf7-validates-as-required\" accept=\".pdf,.jpg,.jpeg\" aria-required=\"true\" aria-invalid=\"false\" type=\"file\" name=\"file-titulacion\" \/><\/span><br \/>\nFicheros permitidos: pdf, jpg, jpeg. Tama\u00f1o m\u00e1ximo: 5MB):\n<\/p>\n<p><strong>Vida Laboral:*<\/strong><br \/>\n<span class=\"wpcf7-form-control-wrap\" data-name=\"file-vidalaboral\"><input size=\"40\" class=\"wpcf7-form-control wpcf7-file wpcf7-validates-as-required\" accept=\".pdf,.jpg,.jpeg\" aria-required=\"true\" aria-invalid=\"false\" type=\"file\" name=\"file-vidalaboral\" \/><\/span><br \/>\nFicheros permitidos: pdf, jpg, jpeg. Tama\u00f1o m\u00e1ximo: 5MB):\n<\/p>\n<p><strong>Justificantes1:<\/strong><br \/>\n<span class=\"wpcf7-form-control-wrap\" data-name=\"file-justificantes1\"><input size=\"40\" class=\"wpcf7-form-control wpcf7-file\" accept=\".pdf,.jpg,.jpeg\" aria-invalid=\"false\" type=\"file\" name=\"file-justificantes1\" \/><\/span><br \/>\nFicheros permitidos: pdf, jpg, jpeg. Tama\u00f1o m\u00e1ximo: 5MB):\n<\/p>\n<p><strong>Justificantes2:<\/strong><br \/>\n<span class=\"wpcf7-form-control-wrap\" data-name=\"file-justificantes2\"><input size=\"40\" class=\"wpcf7-form-control wpcf7-file\" accept=\".pdf,.jpg,.jpeg\" aria-invalid=\"false\" type=\"file\" name=\"file-justificantes2\" \/><\/span><br \/>\nFicheros permitidos: pdf, jpg, jpeg. Tama\u00f1o m\u00e1ximo: 5MB):\n<\/p>\n<p><strong>*<\/strong> Informaci\u00f3n y Documentaci\u00f3n M\u00ednima Requerida\n<\/p>\n<p><span class=\"wpcf7-form-control-wrap\" data-name=\"aceptacion-politica\"><span class=\"wpcf7-form-control wpcf7-acceptance\"><span class=\"wpcf7-list-item\"><input type=\"checkbox\" name=\"aceptacion-politica\" value=\"1\" aria-invalid=\"false\" \/><\/span><\/span><\/span> Acepto la <a href=\"https:\/\/www.cnh2.es\/politica-de-privacidad\/\" target=\"_blank\">Pol\u00edtica de Privacidad<\/a>\n<\/p>\n<p><input class=\"wpcf7-form-control wpcf7-submit has-spinner\" type=\"submit\" value=\"Enviar\" \/>\n<\/p><div class=\"wpcf7-response-output\" aria-hidden=\"true\"><\/div>\n<\/form>\n<\/div>\n\n<\/div><\/section><\/p><\/div><\/div><\/div><\/main><!-- close content main element --><\/div><\/div><div id='after_section_1'  class='main_color av_default_container_wrap container_wrap sidebar_right'  ><div class='container av-section-cont-open' ><div class='template-page content  av-content-small alpha units'><div class='post-entry post-entry-type-page post-entry-23372'><div class='entry-content-wrapper clearfix'>\n","protected":false},"excerpt":{"rendered":"","protected":false},"author":2,"featured_media":0,"parent":0,"menu_order":0,"comment_status":"closed","ping_status":"closed","template":"","meta":{"_lmt_disableupdate":"","_lmt_disable":"","footnotes":""},"class_list":["post-23372","page","type-page","status-publish","hentry"],"yoast_head":"<!-- This site is optimized with the Yoast SEO plugin v26.8 - https:\/\/yoast.com\/product\/yoast-seo-wordpress\/ -->\n<title>2021-086-UING-TUING_T\u00e9cnico\/a para la Unidad de Ingenier\u00eda Aplicada - Centro Nacional del Hidr\u00f3geno<\/title>\n<meta name=\"robots\" content=\"index, follow, max-snippet:-1, max-image-preview:large, max-video-preview:-1\" \/>\n<link rel=\"canonical\" href=\"https:\/\/www.cnh2.es\/en\/2021-086-uing-tuing_tecnico-a-para-la-unidad-de-ingenieria-aplicada\/\" \/>\n<meta property=\"og:locale\" content=\"en_US\" \/>\n<meta property=\"og:type\" content=\"article\" \/>\n<meta property=\"og:title\" content=\"2021-086-UING-TUING_T\u00e9cnico\/a para la Unidad de Ingenier\u00eda Aplicada - Centro Nacional del Hidr\u00f3geno\" \/>\n<meta property=\"og:url\" content=\"https:\/\/www.cnh2.es\/en\/2021-086-uing-tuing_tecnico-a-para-la-unidad-de-ingenieria-aplicada\/\" \/>\n<meta property=\"og:site_name\" content=\"Centro Nacional del Hidr\u00f3geno\" \/>\n<meta name=\"twitter:card\" content=\"summary_large_image\" \/>\n<script type=\"application\/ld+json\" class=\"yoast-schema-graph\">{\"@context\":\"https:\/\/schema.org\",\"@graph\":[{\"@type\":\"WebPage\",\"@id\":\"https:\/\/www.cnh2.es\/en\/2021-086-uing-tuing_tecnico-a-para-la-unidad-de-ingenieria-aplicada\/\",\"url\":\"https:\/\/www.cnh2.es\/en\/2021-086-uing-tuing_tecnico-a-para-la-unidad-de-ingenieria-aplicada\/\",\"name\":\"2021-086-UING-TUING_T\u00e9cnico\/a para la Unidad de Ingenier\u00eda Aplicada - Centro Nacional del Hidr\u00f3geno\",\"isPartOf\":{\"@id\":\"https:\/\/www.cnh2.es\/#website\"},\"datePublished\":\"2021-11-24T10:35:35+00:00\",\"breadcrumb\":{\"@id\":\"https:\/\/www.cnh2.es\/en\/2021-086-uing-tuing_tecnico-a-para-la-unidad-de-ingenieria-aplicada\/#breadcrumb\"},\"inLanguage\":\"en-US\",\"potentialAction\":[{\"@type\":\"ReadAction\",\"target\":[\"https:\/\/www.cnh2.es\/en\/2021-086-uing-tuing_tecnico-a-para-la-unidad-de-ingenieria-aplicada\/\"]}]},{\"@type\":\"BreadcrumbList\",\"@id\":\"https:\/\/www.cnh2.es\/en\/2021-086-uing-tuing_tecnico-a-para-la-unidad-de-ingenieria-aplicada\/#breadcrumb\",\"itemListElement\":[{\"@type\":\"ListItem\",\"position\":1,\"name\":\"Home\",\"item\":\"https:\/\/www.cnh2.es\/en\/\"},{\"@type\":\"ListItem\",\"position\":2,\"name\":\"2021-086-UING-TUING_T\u00e9cnico\/a para la Unidad de Ingenier\u00eda Aplicada\"}]},{\"@type\":\"WebSite\",\"@id\":\"https:\/\/www.cnh2.es\/#website\",\"url\":\"https:\/\/www.cnh2.es\/\",\"name\":\"Centro Nacional del Hidr\u00f3geno\",\"description\":\"El Centro Nacional del Hidr\u00f3geno (CNH2), es una instalaci\u00f3n de nueva creaci\u00f3n dedicada en exclusividad a la investigaci\u00f3n y desarrollo de las tecnolog\u00edas del...\",\"potentialAction\":[{\"@type\":\"SearchAction\",\"target\":{\"@type\":\"EntryPoint\",\"urlTemplate\":\"https:\/\/www.cnh2.es\/?s={search_term_string}\"},\"query-input\":{\"@type\":\"PropertyValueSpecification\",\"valueRequired\":true,\"valueName\":\"search_term_string\"}}],\"inLanguage\":\"en-US\"}]}<\/script>\n<!-- \/ Yoast SEO plugin. -->","yoast_head_json":{"title":"2021-086-UING-TUING_T\u00e9cnico\/a para la Unidad de Ingenier\u00eda Aplicada - Centro Nacional del Hidr\u00f3geno","robots":{"index":"index","follow":"follow","max-snippet":"max-snippet:-1","max-image-preview":"max-image-preview:large","max-video-preview":"max-video-preview:-1"},"canonical":"https:\/\/www.cnh2.es\/en\/2021-086-uing-tuing_tecnico-a-para-la-unidad-de-ingenieria-aplicada\/","og_locale":"en_US","og_type":"article","og_title":"2021-086-UING-TUING_T\u00e9cnico\/a para la Unidad de Ingenier\u00eda Aplicada - Centro Nacional del Hidr\u00f3geno","og_url":"https:\/\/www.cnh2.es\/en\/2021-086-uing-tuing_tecnico-a-para-la-unidad-de-ingenieria-aplicada\/","og_site_name":"Centro Nacional del Hidr\u00f3geno","twitter_card":"summary_large_image","schema":{"@context":"https:\/\/schema.org","@graph":[{"@type":"WebPage","@id":"https:\/\/www.cnh2.es\/en\/2021-086-uing-tuing_tecnico-a-para-la-unidad-de-ingenieria-aplicada\/","url":"https:\/\/www.cnh2.es\/en\/2021-086-uing-tuing_tecnico-a-para-la-unidad-de-ingenieria-aplicada\/","name":"2021-086-UING-TUING_T\u00e9cnico\/a para la Unidad de Ingenier\u00eda Aplicada - Centro Nacional del Hidr\u00f3geno","isPartOf":{"@id":"https:\/\/www.cnh2.es\/#website"},"datePublished":"2021-11-24T10:35:35+00:00","breadcrumb":{"@id":"https:\/\/www.cnh2.es\/en\/2021-086-uing-tuing_tecnico-a-para-la-unidad-de-ingenieria-aplicada\/#breadcrumb"},"inLanguage":"en-US","potentialAction":[{"@type":"ReadAction","target":["https:\/\/www.cnh2.es\/en\/2021-086-uing-tuing_tecnico-a-para-la-unidad-de-ingenieria-aplicada\/"]}]},{"@type":"BreadcrumbList","@id":"https:\/\/www.cnh2.es\/en\/2021-086-uing-tuing_tecnico-a-para-la-unidad-de-ingenieria-aplicada\/#breadcrumb","itemListElement":[{"@type":"ListItem","position":1,"name":"Home","item":"https:\/\/www.cnh2.es\/en\/"},{"@type":"ListItem","position":2,"name":"2021-086-UING-TUING_T\u00e9cnico\/a para la Unidad de Ingenier\u00eda Aplicada"}]},{"@type":"WebSite","@id":"https:\/\/www.cnh2.es\/#website","url":"https:\/\/www.cnh2.es\/","name":"Centro Nacional del Hidr\u00f3geno","description":"El Centro Nacional del Hidr\u00f3geno (CNH2), es una instalaci\u00f3n de nueva creaci\u00f3n dedicada en exclusividad a la investigaci\u00f3n y desarrollo de las tecnolog\u00edas del...","potentialAction":[{"@type":"SearchAction","target":{"@type":"EntryPoint","urlTemplate":"https:\/\/www.cnh2.es\/?s={search_term_string}"},"query-input":{"@type":"PropertyValueSpecification","valueRequired":true,"valueName":"search_term_string"}}],"inLanguage":"en-US"}]}},"_links":{"self":[{"href":"https:\/\/www.cnh2.es\/en\/wp-json\/wp\/v2\/pages\/23372","targetHints":{"allow":["GET"]}}],"collection":[{"href":"https:\/\/www.cnh2.es\/en\/wp-json\/wp\/v2\/pages"}],"about":[{"href":"https:\/\/www.cnh2.es\/en\/wp-json\/wp\/v2\/types\/page"}],"author":[{"embeddable":true,"href":"https:\/\/www.cnh2.es\/en\/wp-json\/wp\/v2\/users\/2"}],"replies":[{"embeddable":true,"href":"https:\/\/www.cnh2.es\/en\/wp-json\/wp\/v2\/comments?post=23372"}],"version-history":[{"count":0,"href":"https:\/\/www.cnh2.es\/en\/wp-json\/wp\/v2\/pages\/23372\/revisions"}],"wp:attachment":[{"href":"https:\/\/www.cnh2.es\/en\/wp-json\/wp\/v2\/media?parent=23372"}],"curies":[{"name":"wp","href":"https:\/\/api.w.org\/{rel}","templated":true}]}}