{"id":21800,"date":"2020-10-30T11:26:41","date_gmt":"2020-10-30T09:26:41","guid":{"rendered":"https:\/\/www.cnh2.es\/?page_id=21800"},"modified":"2021-01-28T15:16:42","modified_gmt":"2021-01-28T13:16:42","slug":"2020-071-uing-tuing_tecnico-unidad-de-ingenieria-aplicada","status":"publish","type":"page","link":"https:\/\/www.cnh2.es\/en\/2020-071-uing-tuing_tecnico-unidad-de-ingenieria-aplicada\/","title":{"rendered":"2020-071-UING-TUING_T\u00e9cnico Unidad de Ingenier\u00eda Aplicada"},"content":{"rendered":"<div id='av_section_1'  class='avia-section av-av_section-3ef07c12a2bb1670acbb6a6393332f22 main_color avia-section-default avia-no-border-styling  avia-builder-el-0  avia-builder-el-no-sibling  avia-bg-style-scroll container_wrap sidebar_right'  ><div class='container av-section-cont-open' ><main  role=\"main\" itemprop=\"mainContentOfPage\"  class='template-page content  av-content-small alpha units'><div class='post-entry post-entry-type-page post-entry-21800'><div class='entry-content-wrapper clearfix'>\n\n<style type=\"text\/css\" data-created_by=\"avia_inline_auto\" id=\"style-css-av-av_one_full-25347b0a799d5b9f7058434b2a9c3182\">\n.flex_column.av-av_one_full-25347b0a799d5b9f7058434b2a9c3182{\nborder-radius:0px 0px 0px 0px;\npadding:0px 0px 0px 0px;\n}\n<\/style>\n<div  class='flex_column av-av_one_full-25347b0a799d5b9f7058434b2a9c3182 av_one_full  avia-builder-el-1  avia-builder-el-no-sibling  first flex_column_div av-zero-column-padding  '     ><section  class='av_textblock_section av-av_textblock-445188a952fb265869ea404d0e52fad7 '   itemscope=\"itemscope\" itemtype=\"https:\/\/schema.org\/CreativeWork\" ><div class='avia_textblock'  itemprop=\"text\" ><h2 style=\"text-align: center;\">SOLICITUD PARTICIPACI\u00d3N PROCESO SELECCI\u00d3N<\/h2>\n<h2 style=\"text-align: center;\">T\u00c9CNICO UNIDAD DE INGENIER\u00cdA APLICADA<\/h2>\n<p class=\"wpcf7-contact-form-not-found\"><strong>Error:<\/strong> Contact form not found.<\/p>\n<\/div><\/section><\/div><\/div><\/div><\/main><!-- close content main element --><\/div><\/div><div id='after_section_1'  class='main_color av_default_container_wrap container_wrap sidebar_right'  ><div class='container av-section-cont-open' ><div class='template-page content  av-content-small alpha units'><div class='post-entry post-entry-type-page post-entry-21800'><div class='entry-content-wrapper clearfix'>\n","protected":false},"excerpt":{"rendered":"","protected":false},"author":2,"featured_media":0,"parent":0,"menu_order":0,"comment_status":"closed","ping_status":"closed","template":"","meta":{"_lmt_disableupdate":"","_lmt_disable":"","footnotes":""},"class_list":["post-21800","page","type-page","status-publish","hentry"],"yoast_head":"<!-- This site is optimized with the Yoast SEO plugin v26.8 - https:\/\/yoast.com\/product\/yoast-seo-wordpress\/ -->\n<title>2020-071-UING-TUING_T\u00e9cnico Unidad de Ingenier\u00eda Aplicada - Centro Nacional del Hidr\u00f3geno<\/title>\n<meta name=\"robots\" content=\"index, follow, max-snippet:-1, max-image-preview:large, max-video-preview:-1\" \/>\n<link rel=\"canonical\" href=\"https:\/\/www.cnh2.es\/en\/2020-071-uing-tuing_tecnico-unidad-de-ingenieria-aplicada\/\" \/>\n<meta property=\"og:locale\" content=\"en_US\" \/>\n<meta property=\"og:type\" content=\"article\" \/>\n<meta property=\"og:title\" content=\"2020-071-UING-TUING_T\u00e9cnico Unidad de Ingenier\u00eda Aplicada - Centro Nacional del Hidr\u00f3geno\" \/>\n<meta property=\"og:url\" content=\"https:\/\/www.cnh2.es\/en\/2020-071-uing-tuing_tecnico-unidad-de-ingenieria-aplicada\/\" \/>\n<meta property=\"og:site_name\" content=\"Centro Nacional del Hidr\u00f3geno\" \/>\n<meta property=\"article:modified_time\" content=\"2021-01-28T13:16:42+00:00\" \/>\n<meta name=\"twitter:card\" content=\"summary_large_image\" \/>\n<meta name=\"twitter:label1\" content=\"Est. reading time\" \/>\n\t<meta name=\"twitter:data1\" content=\"1 minute\" \/>\n<script type=\"application\/ld+json\" class=\"yoast-schema-graph\">{\"@context\":\"https:\/\/schema.org\",\"@graph\":[{\"@type\":\"WebPage\",\"@id\":\"https:\/\/www.cnh2.es\/en\/2020-071-uing-tuing_tecnico-unidad-de-ingenieria-aplicada\/\",\"url\":\"https:\/\/www.cnh2.es\/en\/2020-071-uing-tuing_tecnico-unidad-de-ingenieria-aplicada\/\",\"name\":\"2020-071-UING-TUING_T\u00e9cnico Unidad de Ingenier\u00eda Aplicada - Centro Nacional del Hidr\u00f3geno\",\"isPartOf\":{\"@id\":\"https:\/\/www.cnh2.es\/#website\"},\"datePublished\":\"2020-10-30T09:26:41+00:00\",\"dateModified\":\"2021-01-28T13:16:42+00:00\",\"breadcrumb\":{\"@id\":\"https:\/\/www.cnh2.es\/en\/2020-071-uing-tuing_tecnico-unidad-de-ingenieria-aplicada\/#breadcrumb\"},\"inLanguage\":\"en-US\",\"potentialAction\":[{\"@type\":\"ReadAction\",\"target\":[\"https:\/\/www.cnh2.es\/en\/2020-071-uing-tuing_tecnico-unidad-de-ingenieria-aplicada\/\"]}]},{\"@type\":\"BreadcrumbList\",\"@id\":\"https:\/\/www.cnh2.es\/en\/2020-071-uing-tuing_tecnico-unidad-de-ingenieria-aplicada\/#breadcrumb\",\"itemListElement\":[{\"@type\":\"ListItem\",\"position\":1,\"name\":\"Home\",\"item\":\"https:\/\/www.cnh2.es\/en\/\"},{\"@type\":\"ListItem\",\"position\":2,\"name\":\"2020-071-UING-TUING_T\u00e9cnico Unidad de Ingenier\u00eda Aplicada\"}]},{\"@type\":\"WebSite\",\"@id\":\"https:\/\/www.cnh2.es\/#website\",\"url\":\"https:\/\/www.cnh2.es\/\",\"name\":\"Centro Nacional del Hidr\u00f3geno\",\"description\":\"El Centro Nacional del Hidr\u00f3geno (CNH2), es una instalaci\u00f3n de nueva creaci\u00f3n dedicada en exclusividad a la investigaci\u00f3n y desarrollo de las tecnolog\u00edas del...\",\"potentialAction\":[{\"@type\":\"SearchAction\",\"target\":{\"@type\":\"EntryPoint\",\"urlTemplate\":\"https:\/\/www.cnh2.es\/?s={search_term_string}\"},\"query-input\":{\"@type\":\"PropertyValueSpecification\",\"valueRequired\":true,\"valueName\":\"search_term_string\"}}],\"inLanguage\":\"en-US\"}]}<\/script>\n<!-- \/ Yoast SEO plugin. -->","yoast_head_json":{"title":"2020-071-UING-TUING_T\u00e9cnico Unidad de Ingenier\u00eda Aplicada - Centro Nacional del Hidr\u00f3geno","robots":{"index":"index","follow":"follow","max-snippet":"max-snippet:-1","max-image-preview":"max-image-preview:large","max-video-preview":"max-video-preview:-1"},"canonical":"https:\/\/www.cnh2.es\/en\/2020-071-uing-tuing_tecnico-unidad-de-ingenieria-aplicada\/","og_locale":"en_US","og_type":"article","og_title":"2020-071-UING-TUING_T\u00e9cnico Unidad de Ingenier\u00eda Aplicada - Centro Nacional del Hidr\u00f3geno","og_url":"https:\/\/www.cnh2.es\/en\/2020-071-uing-tuing_tecnico-unidad-de-ingenieria-aplicada\/","og_site_name":"Centro Nacional del Hidr\u00f3geno","article_modified_time":"2021-01-28T13:16:42+00:00","twitter_card":"summary_large_image","twitter_misc":{"Est. reading time":"1 minute"},"schema":{"@context":"https:\/\/schema.org","@graph":[{"@type":"WebPage","@id":"https:\/\/www.cnh2.es\/en\/2020-071-uing-tuing_tecnico-unidad-de-ingenieria-aplicada\/","url":"https:\/\/www.cnh2.es\/en\/2020-071-uing-tuing_tecnico-unidad-de-ingenieria-aplicada\/","name":"2020-071-UING-TUING_T\u00e9cnico Unidad de Ingenier\u00eda Aplicada - Centro Nacional del Hidr\u00f3geno","isPartOf":{"@id":"https:\/\/www.cnh2.es\/#website"},"datePublished":"2020-10-30T09:26:41+00:00","dateModified":"2021-01-28T13:16:42+00:00","breadcrumb":{"@id":"https:\/\/www.cnh2.es\/en\/2020-071-uing-tuing_tecnico-unidad-de-ingenieria-aplicada\/#breadcrumb"},"inLanguage":"en-US","potentialAction":[{"@type":"ReadAction","target":["https:\/\/www.cnh2.es\/en\/2020-071-uing-tuing_tecnico-unidad-de-ingenieria-aplicada\/"]}]},{"@type":"BreadcrumbList","@id":"https:\/\/www.cnh2.es\/en\/2020-071-uing-tuing_tecnico-unidad-de-ingenieria-aplicada\/#breadcrumb","itemListElement":[{"@type":"ListItem","position":1,"name":"Home","item":"https:\/\/www.cnh2.es\/en\/"},{"@type":"ListItem","position":2,"name":"2020-071-UING-TUING_T\u00e9cnico Unidad de Ingenier\u00eda Aplicada"}]},{"@type":"WebSite","@id":"https:\/\/www.cnh2.es\/#website","url":"https:\/\/www.cnh2.es\/","name":"Centro Nacional del Hidr\u00f3geno","description":"El Centro Nacional del Hidr\u00f3geno (CNH2), es una instalaci\u00f3n de nueva creaci\u00f3n dedicada en exclusividad a la investigaci\u00f3n y desarrollo de las tecnolog\u00edas del...","potentialAction":[{"@type":"SearchAction","target":{"@type":"EntryPoint","urlTemplate":"https:\/\/www.cnh2.es\/?s={search_term_string}"},"query-input":{"@type":"PropertyValueSpecification","valueRequired":true,"valueName":"search_term_string"}}],"inLanguage":"en-US"}]}},"_links":{"self":[{"href":"https:\/\/www.cnh2.es\/en\/wp-json\/wp\/v2\/pages\/21800","targetHints":{"allow":["GET"]}}],"collection":[{"href":"https:\/\/www.cnh2.es\/en\/wp-json\/wp\/v2\/pages"}],"about":[{"href":"https:\/\/www.cnh2.es\/en\/wp-json\/wp\/v2\/types\/page"}],"author":[{"embeddable":true,"href":"https:\/\/www.cnh2.es\/en\/wp-json\/wp\/v2\/users\/2"}],"replies":[{"embeddable":true,"href":"https:\/\/www.cnh2.es\/en\/wp-json\/wp\/v2\/comments?post=21800"}],"version-history":[{"count":0,"href":"https:\/\/www.cnh2.es\/en\/wp-json\/wp\/v2\/pages\/21800\/revisions"}],"wp:attachment":[{"href":"https:\/\/www.cnh2.es\/en\/wp-json\/wp\/v2\/media?parent=21800"}],"curies":[{"name":"wp","href":"https:\/\/api.w.org\/{rel}","templated":true}]}}