{"id":21096,"date":"2020-03-02T17:01:20","date_gmt":"2020-03-02T15:01:20","guid":{"rendered":"https:\/\/www.cnh2.es\/?page_id=21096"},"modified":"2020-03-02T17:21:02","modified_gmt":"2020-03-02T15:21:02","slug":"eventos","status":"publish","type":"page","link":"https:\/\/www.cnh2.es\/en\/eventos\/","title":{"rendered":"Eventos CNH2"},"content":{"rendered":"\n<style type=\"text\/css\" data-created_by=\"avia_inline_auto\" id=\"style-css-av-80ujn-70281b4482c2ef1e8d2988faf125ace7\">\n.avia-section.av-80ujn-70281b4482c2ef1e8d2988faf125ace7{\nbackground-repeat:no-repeat;\nbackground-image:url(https:\/\/www.cnh2.es\/wp-content\/uploads\/2020\/03\/DSC02341-845x684.jpg);\nbackground-position:50% 100%;\nbackground-attachment:fixed;\n}\n.avia-section.av-80ujn-70281b4482c2ef1e8d2988faf125ace7 .av-section-color-overlay{\nopacity:0.3;\nbackground-color:#000000;\n}\n<\/style>\n<div id='av_section_1'  class='avia-section av-80ujn-70281b4482c2ef1e8d2988faf125ace7 alternate_color avia-section-huge avia-no-border-styling  avia-builder-el-0  el_before_av_one_full  avia-builder-el-first  avia-full-stretch avia-bg-style-fixed av-section-color-overlay-active container_wrap sidebar_right'  data-section-bg-repeat='stretch'><div class=\"av-section-color-overlay-wrap\"><div class=\"av-section-color-overlay\"><\/div><div class='container av-section-cont-open' ><main  role=\"main\" itemprop=\"mainContentOfPage\"  class='template-page content  av-content-small alpha units'><div class='post-entry post-entry-type-page post-entry-21096'><div class='entry-content-wrapper clearfix'>\n\n<style type=\"text\/css\" data-created_by=\"avia_inline_auto\" id=\"style-css-av-22fn7v-cf51b2404f140e38e30154343a24bd49\">\n.flex_column.av-22fn7v-cf51b2404f140e38e30154343a24bd49{\nborder-radius:0px 0px 0px 0px;\npadding:0px 0px 0px 0px;\n}\n<\/style>\n<div  class='flex_column av-22fn7v-cf51b2404f140e38e30154343a24bd49 av_one_fifth  avia-builder-el-1  el_before_av_three_fifth  avia-builder-el-first  first flex_column_div av-zero-column-padding  '     ><\/div>\n<style type=\"text\/css\" data-created_by=\"avia_inline_auto\" id=\"style-css-av-1wuvlf-e89d32f7869bfd722a778ab703af3254\">\n.flex_column.av-1wuvlf-e89d32f7869bfd722a778ab703af3254{\nborder-radius:0px 0px 0px 0px;\npadding:0px 0px 0px 0px;\n}\n<\/style>\n<div  class='flex_column av-1wuvlf-e89d32f7869bfd722a778ab703af3254 av_three_fifth  avia-builder-el-2  el_after_av_one_fifth  el_before_av_one_fifth  flex_column_div av-zero-column-padding  '     ><style type=\"text\/css\" data-created_by=\"avia_inline_auto\" id=\"style-css-av-k7ak8yw5-ea1d4b2cd242dd7ec336c9472e3526b2\">\n#top .av-special-heading.av-k7ak8yw5-ea1d4b2cd242dd7ec336c9472e3526b2{\npadding-bottom:20px;\ncolor:#ffffff;\nfont-size:50px;\n}\nbody .av-special-heading.av-k7ak8yw5-ea1d4b2cd242dd7ec336c9472e3526b2 .av-special-heading-tag .heading-char{\nfont-size:25px;\n}\n#top #wrap_all .av-special-heading.av-k7ak8yw5-ea1d4b2cd242dd7ec336c9472e3526b2 .av-special-heading-tag{\nfont-size:50px;\n}\n.av-special-heading.av-k7ak8yw5-ea1d4b2cd242dd7ec336c9472e3526b2 .special-heading-inner-border{\nborder-color:#ffffff;\n}\n.av-special-heading.av-k7ak8yw5-ea1d4b2cd242dd7ec336c9472e3526b2 .av-subheading{\nfont-size:15px;\n}\n\n@media only screen and (min-width: 480px) and (max-width: 767px){ \n#top #wrap_all .av-special-heading.av-k7ak8yw5-ea1d4b2cd242dd7ec336c9472e3526b2 .av-special-heading-tag{\nfont-size:0.8em;\n}\n}\n\n@media only screen and (max-width: 479px){ \n#top #wrap_all .av-special-heading.av-k7ak8yw5-ea1d4b2cd242dd7ec336c9472e3526b2 .av-special-heading-tag{\nfont-size:0.8em;\n}\n}\n<\/style>\n<div  class='av-special-heading av-k7ak8yw5-ea1d4b2cd242dd7ec336c9472e3526b2 av-special-heading-h1 custom-color-heading blockquote modern-quote modern-centered  avia-builder-el-3  avia-builder-el-no-sibling  av-inherit-size'><h1 class='av-special-heading-tag '  itemprop=\"headline\"  >Eventos CNH2<\/h1><div class=\"special-heading-border\"><div class=\"special-heading-inner-border\"><\/div><\/div><\/div><\/div>\n<style type=\"text\/css\" data-created_by=\"avia_inline_auto\" id=\"style-css-av-1dta9n-ebe1e04a511611ce70a1d66d02b0ea66\">\n.flex_column.av-1dta9n-ebe1e04a511611ce70a1d66d02b0ea66{\nborder-radius:0px 0px 0px 0px;\npadding:0px 0px 0px 0px;\n}\n<\/style>\n<div  class='flex_column av-1dta9n-ebe1e04a511611ce70a1d66d02b0ea66 av_one_fifth  avia-builder-el-4  el_after_av_three_fifth  avia-builder-el-last  flex_column_div av-zero-column-padding  '     ><\/div>\n<\/div><\/div><\/main><!-- close content main element --><\/div><\/div><\/div><div id='after_section_1'  class='main_color av_default_container_wrap container_wrap sidebar_right'  ><div class='container av-section-cont-open' ><div class='template-page content  av-content-small alpha units'><div class='post-entry post-entry-type-page post-entry-21096'><div class='entry-content-wrapper clearfix'>\n\n<style type=\"text\/css\" data-created_by=\"avia_inline_auto\" id=\"style-css-av-b9pbv-538a695f2cb7f1ccc39ea177df569ab7\">\n.flex_column.av-b9pbv-538a695f2cb7f1ccc39ea177df569ab7{\nborder-radius:0px 0px 0px 0px;\npadding:0px 0px 0px 0px;\n}\n<\/style>\n<div  class='flex_column av-b9pbv-538a695f2cb7f1ccc39ea177df569ab7 av_one_full  avia-builder-el-5  el_after_av_section  avia-builder-el-no-sibling  first flex_column_div av-zero-column-padding  '     ><div  class='av-alb-blogposts template-blog  av-blog-meta-author-disabled av-blog-meta-comments-disabled av_force_fullwidth '  itemscope=\"itemscope\" itemtype=\"https:\/\/schema.org\/Blog\" ><article class=\"post-entry post-entry-type-standard post-entry-21154 post-loop-1 post-parity-odd single-small with-slider post-21154 post type-post status-publish format-standard has-post-thumbnail hentry category-cnh2-events\"  itemscope=\"itemscope\" itemtype=\"https:\/\/schema.org\/BlogPosting\" ><div class=\"blog-meta\"><a href='https:\/\/www.cnh2.es\/en\/2020\/03\/02\/jornada-herramientas-para-el-estudio-de-la-sostenibilidad-de-sistemas-basado-en-hidrogeno\/' class='small-preview'  title=\"Jornada_20200228\"   itemprop=\"image\" itemscope=\"itemscope\" itemtype=\"https:\/\/schema.org\/ImageObject\" ><img decoding=\"async\" loading=\"lazy\" width=\"180\" height=\"180\" src=\"https:\/\/www.cnh2.es\/wp-content\/uploads\/2020\/01\/Jornada_20200228-180x180.jpg\" class=\"wp-image-20957 avia-img-lazy-loading-20957 attachment-square size-square wp-post-image\" alt=\"\" srcset=\"https:\/\/www.cnh2.es\/wp-content\/uploads\/2020\/01\/Jornada_20200228-180x180.jpg 180w, https:\/\/www.cnh2.es\/wp-content\/uploads\/2020\/01\/Jornada_20200228-80x80.jpg 80w, https:\/\/www.cnh2.es\/wp-content\/uploads\/2020\/01\/Jornada_20200228-36x36.jpg 36w, https:\/\/www.cnh2.es\/wp-content\/uploads\/2020\/01\/Jornada_20200228-120x120.jpg 120w\" sizes=\"auto, (max-width: 180px) 100vw, 180px\" \/><span class=\"iconfont\" aria-hidden='true' data-av_icon='\ue836' data-av_iconfont='entypo-fontello'><\/span><\/a><\/div><div class='entry-content-wrapper clearfix standard-content'><header class=\"entry-content-header\" aria-label=\"Post: Jornada \u201cHerramientas para el estudio de la sostenibilidad de sistemas basado en hidr\u00f3geno\u201d\"><h2 class='post-title entry-title '  itemprop=\"headline\" ><a href=\"https:\/\/www.cnh2.es\/en\/2020\/03\/02\/jornada-herramientas-para-el-estudio-de-la-sostenibilidad-de-sistemas-basado-en-hidrogeno\/\" rel=\"bookmark\" title=\"Permanent Link: Jornada \u201cHerramientas para el estudio de la sostenibilidad de sistemas basado en hidr\u00f3geno\u201d\">Jornada \u201cHerramientas para el estudio de la sostenibilidad de sistemas basado en hidr\u00f3geno\u201d<span class=\"post-format-icon minor-meta\"><\/span><\/a><\/h2><span class=\"post-meta-infos\"><time class=\"date-container minor-meta updated\"  itemprop=\"datePublished\" datetime=\"2020-03-02T17:27:00+01:00\" >2 March, 2020<\/time><span class=\"text-sep\">\/<\/span><span class=\"blog-categories minor-meta\">in <a href=\"https:\/\/www.cnh2.es\/en\/category\/cnh2-events\/\" rel=\"tag\">Events<\/a><\/span><\/span><\/header><div class=\"entry-content\"  itemprop=\"text\" ><p>&nbsp; Descargas &nbsp; Presentaci\u00f3n &#8220;Herramientas para el estudio de la sostenibilidad de sistemas basado en hidr\u00f3geno&#8221; &nbsp; V\u00eddeo de la sesi\u00f3n &nbsp; &nbsp; &nbsp;<\/p>\n<\/div><footer class=\"entry-footer\"><\/footer><div class='post_delimiter'><\/div><\/div><div class=\"post_author_timeline\"><\/div><span class='hidden'>\n\t\t\t\t<span class='av-structured-data'  itemprop=\"image\" itemscope=\"itemscope\" itemtype=\"https:\/\/schema.org\/ImageObject\" >\n\t\t\t\t\t\t<span itemprop='url'>https:\/\/www.cnh2.es\/wp-content\/uploads\/2020\/01\/Jornada_20200228.jpg<\/span>\n\t\t\t\t\t\t<span itemprop='height'>425<\/span>\n\t\t\t\t\t\t<span itemprop='width'>954<\/span>\n\t\t\t\t<\/span>\n\t\t\t\t<span class='av-structured-data'  itemprop=\"publisher\" itemtype=\"https:\/\/schema.org\/Organization\" itemscope=\"itemscope\" >\n\t\t\t\t\t\t<span itemprop='name'>cnh2<\/span>\n\t\t\t\t\t\t<span itemprop='logo' itemscope itemtype='https:\/\/schema.org\/ImageObject'>\n\t\t\t\t\t\t\t<span itemprop='url'>https:\/\/www.cnh2.es\/wp-content\/uploads\/2018\/11\/LOGO-CNH2-300x102.png<\/span>\n\t\t\t\t\t\t<\/span>\n\t\t\t\t<\/span><span class='av-structured-data'  itemprop=\"author\" itemscope=\"itemscope\" itemtype=\"https:\/\/schema.org\/Person\" ><span itemprop='name'>cnh2<\/span><\/span><span class='av-structured-data'  itemprop=\"datePublished\" datetime=\"2020-03-02T17:27:00+01:00\" >2020-03-02 17:27:00<\/span><span class='av-structured-data'  itemprop=\"dateModified\" itemtype=\"https:\/\/schema.org\/dateModified\" >2020-03-02 17:34:24<\/span><span class='av-structured-data'  itemprop=\"mainEntityOfPage\" itemtype=\"https:\/\/schema.org\/mainEntityOfPage\" ><span itemprop='name'>Jornada \u201cHerramientas para el estudio de la sostenibilidad de sistemas basado en hidr\u00f3geno\u201d<\/span><\/span><\/span><\/article><article class=\"post-entry post-entry-type-standard post-entry-21106 post-loop-2 post-parity-even post-entry-last single-small with-slider post-21106 post type-post status-publish format-standard has-post-thumbnail hentry category-cnh2-events\"  itemscope=\"itemscope\" itemtype=\"https:\/\/schema.org\/BlogPosting\" ><div class=\"blog-meta\"><a href='https:\/\/www.cnh2.es\/en\/2020\/03\/02\/jornada-herramientas-para-el-estudio-de-la-sostenibilidad-de-sistemas-basado-en-hidrogeno\/' class='small-preview'  title=\"Jornada_20200228\"   itemprop=\"image\" itemscope=\"itemscope\" itemtype=\"https:\/\/schema.org\/ImageObject\" ><img decoding=\"async\" loading=\"lazy\" width=\"180\" height=\"180\" src=\"https:\/\/www.cnh2.es\/wp-content\/uploads\/2020\/01\/Jornada_20200228-180x180.jpg\" class=\"wp-image-20957 avia-img-lazy-loading-20957 attachment-square size-square wp-post-image\" alt=\"\" srcset=\"https:\/\/www.cnh2.es\/wp-content\/uploads\/2020\/01\/Jornada_20200228-180x180.jpg 180w, https:\/\/www.cnh2.es\/wp-content\/uploads\/2020\/01\/Jornada_20200228-80x80.jpg 80w, https:\/\/www.cnh2.es\/wp-content\/uploads\/2020\/01\/Jornada_20200228-36x36.jpg 36w, https:\/\/www.cnh2.es\/wp-content\/uploads\/2020\/01\/Jornada_20200228-120x120.jpg 120w\" sizes=\"auto, (max-width: 180px) 100vw, 180px\" \/><span class=\"iconfont\" aria-hidden='true' data-av_icon='\ue836' data-av_iconfont='entypo-fontello'><\/span><\/a><\/div><div class='entry-content-wrapper clearfix standard-content'><header class=\"entry-content-header\" aria-label=\"Post: Jornada \u201cHerramientas para el estudio de la sostenibilidad de sistemas basado en hidr\u00f3geno\u201d\"><h2 class='post-title entry-title '  itemprop=\"headline\" ><a href=\"https:\/\/www.cnh2.es\/en\/2020\/03\/02\/jornada-herramientas-para-el-estudio-de-la-sostenibilidad-de-sistemas-basado-en-hidrogeno\/\" rel=\"bookmark\" title=\"Permanent Link: Jornada \u201cHerramientas para el estudio de la sostenibilidad de sistemas basado en hidr\u00f3geno\u201d\">Jornada \u201cHerramientas para el estudio de la sostenibilidad de sistemas basado en hidr\u00f3geno\u201d<span class=\"post-format-icon minor-meta\"><\/span><\/a><\/h2><span class=\"post-meta-infos\"><time class=\"date-container minor-meta updated\"  itemprop=\"datePublished\" datetime=\"2020-03-02T13:58:06+01:00\" >2 March, 2020<\/time><span class=\"text-sep\">\/<\/span><span class=\"blog-categories minor-meta\">in <a href=\"https:\/\/www.cnh2.es\/en\/category\/cnh2-events\/\" rel=\"tag\">Events<\/a><\/span><\/span><\/header><div class=\"entry-content\"  itemprop=\"text\" ><p>Presentaci\u00f3n<\/p>\n<\/div><footer class=\"entry-footer\"><\/footer><div class='post_delimiter'><\/div><\/div><div class=\"post_author_timeline\"><\/div><span class='hidden'>\n\t\t\t\t<span class='av-structured-data'  itemprop=\"image\" itemscope=\"itemscope\" itemtype=\"https:\/\/schema.org\/ImageObject\" >\n\t\t\t\t\t\t<span itemprop='url'>https:\/\/www.cnh2.es\/wp-content\/uploads\/2020\/01\/Jornada_20200228.jpg<\/span>\n\t\t\t\t\t\t<span itemprop='height'>425<\/span>\n\t\t\t\t\t\t<span itemprop='width'>954<\/span>\n\t\t\t\t<\/span>\n\t\t\t\t<span class='av-structured-data'  itemprop=\"publisher\" itemtype=\"https:\/\/schema.org\/Organization\" itemscope=\"itemscope\" >\n\t\t\t\t\t\t<span itemprop='name'>cnh2<\/span>\n\t\t\t\t\t\t<span itemprop='logo' itemscope itemtype='https:\/\/schema.org\/ImageObject'>\n\t\t\t\t\t\t\t<span itemprop='url'>https:\/\/www.cnh2.es\/wp-content\/uploads\/2018\/11\/LOGO-CNH2-300x102.png<\/span>\n\t\t\t\t\t\t<\/span>\n\t\t\t\t<\/span><span class='av-structured-data'  itemprop=\"author\" itemscope=\"itemscope\" itemtype=\"https:\/\/schema.org\/Person\" ><span itemprop='name'>cnh2<\/span><\/span><span class='av-structured-data'  itemprop=\"datePublished\" datetime=\"2020-03-02T13:58:06+01:00\" >2020-03-02 13:58:06<\/span><span class='av-structured-data'  itemprop=\"dateModified\" itemtype=\"https:\/\/schema.org\/dateModified\" >2020-03-02 17:20:20<\/span><span class='av-structured-data'  itemprop=\"mainEntityOfPage\" itemtype=\"https:\/\/schema.org\/mainEntityOfPage\" ><span itemprop='name'>Jornada \u201cHerramientas para el estudio de la sostenibilidad de sistemas basado en hidr\u00f3geno\u201d<\/span><\/span><\/span><\/article><div class='single-small'><\/div><\/div><\/div>\n","protected":false},"excerpt":{"rendered":"","protected":false},"author":2,"featured_media":0,"parent":0,"menu_order":0,"comment_status":"closed","ping_status":"closed","template":"","meta":{"_lmt_disableupdate":"","_lmt_disable":"","footnotes":""},"class_list":["post-21096","page","type-page","status-publish","hentry"],"yoast_head":"<!-- This site is optimized with the Yoast SEO plugin v26.8 - https:\/\/yoast.com\/product\/yoast-seo-wordpress\/ -->\n<title>Eventos CNH2 - Centro Nacional del Hidr\u00f3geno<\/title>\n<meta name=\"description\" content=\"Noticias corporativas Centro Nacional del Hidr\u00f3geno\" \/>\n<meta name=\"robots\" content=\"index, follow, max-snippet:-1, max-image-preview:large, max-video-preview:-1\" \/>\n<link rel=\"canonical\" href=\"https:\/\/www.cnh2.es\/en\/eventos\/\" \/>\n<meta property=\"og:locale\" content=\"en_US\" \/>\n<meta property=\"og:type\" content=\"article\" \/>\n<meta property=\"og:title\" content=\"Eventos CNH2 - Centro Nacional del Hidr\u00f3geno\" \/>\n<meta property=\"og:description\" content=\"Noticias corporativas Centro Nacional del Hidr\u00f3geno\" \/>\n<meta property=\"og:url\" content=\"https:\/\/www.cnh2.es\/en\/eventos\/\" \/>\n<meta property=\"og:site_name\" content=\"Centro Nacional del Hidr\u00f3geno\" \/>\n<meta property=\"article:modified_time\" content=\"2020-03-02T15:21:02+00:00\" \/>\n<meta name=\"twitter:card\" content=\"summary_large_image\" \/>\n<meta name=\"twitter:label1\" content=\"Est. reading time\" \/>\n\t<meta name=\"twitter:data1\" content=\"3 minutes\" \/>\n<script type=\"application\/ld+json\" class=\"yoast-schema-graph\">{\"@context\":\"https:\/\/schema.org\",\"@graph\":[{\"@type\":\"WebPage\",\"@id\":\"https:\/\/www.cnh2.es\/en\/eventos\/\",\"url\":\"https:\/\/www.cnh2.es\/en\/eventos\/\",\"name\":\"Eventos CNH2 - Centro Nacional del Hidr\u00f3geno\",\"isPartOf\":{\"@id\":\"https:\/\/www.cnh2.es\/#website\"},\"datePublished\":\"2020-03-02T15:01:20+00:00\",\"dateModified\":\"2020-03-02T15:21:02+00:00\",\"description\":\"Noticias corporativas Centro Nacional del Hidr\u00f3geno\",\"breadcrumb\":{\"@id\":\"https:\/\/www.cnh2.es\/en\/eventos\/#breadcrumb\"},\"inLanguage\":\"en-US\",\"potentialAction\":[{\"@type\":\"ReadAction\",\"target\":[\"https:\/\/www.cnh2.es\/en\/eventos\/\"]}]},{\"@type\":\"BreadcrumbList\",\"@id\":\"https:\/\/www.cnh2.es\/en\/eventos\/#breadcrumb\",\"itemListElement\":[{\"@type\":\"ListItem\",\"position\":1,\"name\":\"Home\",\"item\":\"https:\/\/www.cnh2.es\/en\/\"},{\"@type\":\"ListItem\",\"position\":2,\"name\":\"Eventos CNH2\"}]},{\"@type\":\"WebSite\",\"@id\":\"https:\/\/www.cnh2.es\/#website\",\"url\":\"https:\/\/www.cnh2.es\/\",\"name\":\"Centro Nacional del Hidr\u00f3geno\",\"description\":\"El Centro Nacional del Hidr\u00f3geno (CNH2), es una instalaci\u00f3n de nueva creaci\u00f3n dedicada en exclusividad a la investigaci\u00f3n y desarrollo de las tecnolog\u00edas del...\",\"potentialAction\":[{\"@type\":\"SearchAction\",\"target\":{\"@type\":\"EntryPoint\",\"urlTemplate\":\"https:\/\/www.cnh2.es\/?s={search_term_string}\"},\"query-input\":{\"@type\":\"PropertyValueSpecification\",\"valueRequired\":true,\"valueName\":\"search_term_string\"}}],\"inLanguage\":\"en-US\"}]}<\/script>\n<!-- \/ Yoast SEO plugin. -->","yoast_head_json":{"title":"Eventos CNH2 - Centro Nacional del Hidr\u00f3geno","description":"Noticias corporativas Centro Nacional del Hidr\u00f3geno","robots":{"index":"index","follow":"follow","max-snippet":"max-snippet:-1","max-image-preview":"max-image-preview:large","max-video-preview":"max-video-preview:-1"},"canonical":"https:\/\/www.cnh2.es\/en\/eventos\/","og_locale":"en_US","og_type":"article","og_title":"Eventos CNH2 - Centro Nacional del Hidr\u00f3geno","og_description":"Noticias corporativas Centro Nacional del Hidr\u00f3geno","og_url":"https:\/\/www.cnh2.es\/en\/eventos\/","og_site_name":"Centro Nacional del Hidr\u00f3geno","article_modified_time":"2020-03-02T15:21:02+00:00","twitter_card":"summary_large_image","twitter_misc":{"Est. reading time":"3 minutes"},"schema":{"@context":"https:\/\/schema.org","@graph":[{"@type":"WebPage","@id":"https:\/\/www.cnh2.es\/en\/eventos\/","url":"https:\/\/www.cnh2.es\/en\/eventos\/","name":"Eventos CNH2 - Centro Nacional del Hidr\u00f3geno","isPartOf":{"@id":"https:\/\/www.cnh2.es\/#website"},"datePublished":"2020-03-02T15:01:20+00:00","dateModified":"2020-03-02T15:21:02+00:00","description":"Noticias corporativas Centro Nacional del Hidr\u00f3geno","breadcrumb":{"@id":"https:\/\/www.cnh2.es\/en\/eventos\/#breadcrumb"},"inLanguage":"en-US","potentialAction":[{"@type":"ReadAction","target":["https:\/\/www.cnh2.es\/en\/eventos\/"]}]},{"@type":"BreadcrumbList","@id":"https:\/\/www.cnh2.es\/en\/eventos\/#breadcrumb","itemListElement":[{"@type":"ListItem","position":1,"name":"Home","item":"https:\/\/www.cnh2.es\/en\/"},{"@type":"ListItem","position":2,"name":"Eventos CNH2"}]},{"@type":"WebSite","@id":"https:\/\/www.cnh2.es\/#website","url":"https:\/\/www.cnh2.es\/","name":"Centro Nacional del Hidr\u00f3geno","description":"El Centro Nacional del Hidr\u00f3geno (CNH2), es una instalaci\u00f3n de nueva creaci\u00f3n dedicada en exclusividad a la investigaci\u00f3n y desarrollo de las tecnolog\u00edas del...","potentialAction":[{"@type":"SearchAction","target":{"@type":"EntryPoint","urlTemplate":"https:\/\/www.cnh2.es\/?s={search_term_string}"},"query-input":{"@type":"PropertyValueSpecification","valueRequired":true,"valueName":"search_term_string"}}],"inLanguage":"en-US"}]}},"_links":{"self":[{"href":"https:\/\/www.cnh2.es\/en\/wp-json\/wp\/v2\/pages\/21096","targetHints":{"allow":["GET"]}}],"collection":[{"href":"https:\/\/www.cnh2.es\/en\/wp-json\/wp\/v2\/pages"}],"about":[{"href":"https:\/\/www.cnh2.es\/en\/wp-json\/wp\/v2\/types\/page"}],"author":[{"embeddable":true,"href":"https:\/\/www.cnh2.es\/en\/wp-json\/wp\/v2\/users\/2"}],"replies":[{"embeddable":true,"href":"https:\/\/www.cnh2.es\/en\/wp-json\/wp\/v2\/comments?post=21096"}],"version-history":[{"count":0,"href":"https:\/\/www.cnh2.es\/en\/wp-json\/wp\/v2\/pages\/21096\/revisions"}],"wp:attachment":[{"href":"https:\/\/www.cnh2.es\/en\/wp-json\/wp\/v2\/media?parent=21096"}],"curies":[{"name":"wp","href":"https:\/\/api.w.org\/{rel}","templated":true}]}}