{"id":20940,"date":"2020-01-28T14:34:30","date_gmt":"2020-01-28T12:34:30","guid":{"rendered":"https:\/\/www.cnh2.es\/?page_id=20940"},"modified":"2020-01-28T14:34:30","modified_gmt":"2020-01-28T12:34:30","slug":"formulario-inscripcion-jornada-herramientas-para-el-estudio-de-la-sostenibilidad-de-sistemas-basados-en-hidrogeno","status":"publish","type":"page","link":"https:\/\/www.cnh2.es\/en\/formulario-inscripcion-jornada-herramientas-para-el-estudio-de-la-sostenibilidad-de-sistemas-basados-en-hidrogeno\/","title":{"rendered":"Formulario Inscripci\u00f3n Jornada &#8220;Herramientas para el estudio de la sostenibilidad de sistemas basados en hidr\u00f3geno&#8221;"},"content":{"rendered":"<h2 style=\"text-align: center;\">FORMULARIO INSCRIPCI\u00d3N JORNADA<\/h2>\n<h2 style=\"text-align: center;\">&#8220;Herramientas para el estudio de la sostenibilidad de sistemas basados en hidr\u00f3geno&#8221;<\/h2>\n<h3 style=\"text-align: center;\">Impartido por Dr. Javier Dufour<\/h3>\n\n<div class=\"wpcf7 no-js\" id=\"wpcf7-f20931-o1\" lang=\"en-US\" dir=\"ltr\" data-wpcf7-id=\"20931\">\n<div class=\"screen-reader-response\"><p role=\"status\" aria-live=\"polite\" aria-atomic=\"true\"><\/p> <ul><\/ul><\/div>\n<form action=\"\/en\/wp-json\/wp\/v2\/pages\/20940#wpcf7-f20931-o1\" method=\"post\" class=\"wpcf7-form init\" aria-label=\"Contact form\" novalidate=\"novalidate\" data-status=\"init\">\n<fieldset class=\"hidden-fields-container\"><input type=\"hidden\" name=\"_wpcf7\" value=\"20931\" \/><input type=\"hidden\" name=\"_wpcf7_version\" value=\"6.1.4\" \/><input type=\"hidden\" name=\"_wpcf7_locale\" value=\"en_US\" \/><input type=\"hidden\" name=\"_wpcf7_unit_tag\" value=\"wpcf7-f20931-o1\" \/><input type=\"hidden\" name=\"_wpcf7_container_post\" value=\"0\" \/><input type=\"hidden\" name=\"_wpcf7_posted_data_hash\" value=\"\" \/><input type=\"hidden\" name=\"_wpcf7_recaptcha_response\" value=\"\" \/>\n<\/fieldset>\n\n<h3>DATOS DE SOLICTANTE\n<\/h3>\n<p>Nombre:*<br \/>\n<span class=\"wpcf7-form-control-wrap\" data-name=\"nombre\"><input size=\"100\" maxlength=\"100\" class=\"wpcf7-form-control wpcf7-text wpcf7-validates-as-required\" aria-required=\"true\" aria-invalid=\"false\" value=\"\" type=\"text\" name=\"nombre\" \/><\/span>\n<\/p>\n<p>Apellidos:*<br \/>\n<span class=\"wpcf7-form-control-wrap\" data-name=\"apellidos\"><input size=\"100\" maxlength=\"100\" class=\"wpcf7-form-control wpcf7-text wpcf7-validates-as-required\" aria-required=\"true\" aria-invalid=\"false\" value=\"\" type=\"text\" name=\"apellidos\" \/><\/span>\n<\/p>\n<p>DNI:*<br \/>\n<span class=\"wpcf7-form-control-wrap\" data-name=\"dni\"><input size=\"100\" maxlength=\"100\" class=\"wpcf7-form-control wpcf7-text wpcf7-validates-as-required\" aria-required=\"true\" aria-invalid=\"false\" value=\"\" type=\"text\" name=\"dni\" \/><\/span>\n<\/p>\n<p>Empresa:*<br \/>\n<span class=\"wpcf7-form-control-wrap\" data-name=\"empresa\"><input size=\"100\" maxlength=\"50\" class=\"wpcf7-form-control wpcf7-text wpcf7-validates-as-required\" aria-required=\"true\" aria-invalid=\"false\" value=\"\" type=\"text\" name=\"empresa\" \/><\/span>\n<\/p>\n<p>Puesto:*<br \/>\n<span class=\"wpcf7-form-control-wrap\" data-name=\"puesto\"><input size=\"100\" maxlength=\"50\" class=\"wpcf7-form-control wpcf7-text wpcf7-validates-as-required\" aria-required=\"true\" aria-invalid=\"false\" value=\"\" type=\"text\" name=\"puesto\" \/><\/span>\n<\/p>\n<p>Tel\u00e9fono:*<br \/>\n<span class=\"wpcf7-form-control-wrap\" data-name=\"telefono\"><input size=\"100\" maxlength=\"100\" class=\"wpcf7-form-control wpcf7-text wpcf7-validates-as-required\" aria-required=\"true\" aria-invalid=\"false\" value=\"\" type=\"text\" name=\"telefono\" \/><\/span>\n<\/p>\n<p>E-Mail:*<br \/>\n<span class=\"wpcf7-form-control-wrap\" data-name=\"email\"><input size=\"100\" maxlength=\"100\" class=\"wpcf7-form-control wpcf7-email wpcf7-validates-as-required wpcf7-text wpcf7-validates-as-email\" aria-required=\"true\" aria-invalid=\"false\" value=\"\" type=\"email\" name=\"email\" \/><\/span>\n<\/p>\n<p><strong>*<\/strong> Informaci\u00f3n y Documentaci\u00f3n M\u00ednima Requerida\n<\/p>\n<p>Por favor, introduzca el siguiente c\u00f3digo:\n<\/p>\n<p><span class=\"wpcf7-form-control-wrap\" data-name=\"solicitud-asistencia\"><span class=\"wpcf7-form-control wpcf7-acceptance\"><span class=\"wpcf7-list-item\"><input type=\"checkbox\" name=\"solicitud-asistencia\" value=\"1\" aria-invalid=\"false\" \/><\/span><\/span><\/span> Solicito Asistenta a Jornada \"Herramientas para el estudio de la sostenibilidad de sistemas basados en hidr\u00f3geno\"\n<\/p>\n<p><span class=\"wpcf7-form-control-wrap\" data-name=\"aceptacion-politica\"><span class=\"wpcf7-form-control wpcf7-acceptance\"><span class=\"wpcf7-list-item\"><input type=\"checkbox\" name=\"aceptacion-politica\" value=\"1\" aria-invalid=\"false\" \/><\/span><\/span><\/span> Acepto la <a href=\"https:\/\/www.cnh2.es\/politica-de-privacidad\/\" target=\"_blank\">Pol\u00edtica de Privacidad<\/a>\n<\/p>\n<p><input class=\"wpcf7-form-control wpcf7-submit has-spinner\" type=\"submit\" value=\"Solicitar Asistencia\" \/>\n<\/p><div class=\"wpcf7-response-output\" aria-hidden=\"true\"><\/div>\n<\/form>\n<\/div>\n\n<p>&nbsp;<\/p>\n","protected":false},"excerpt":{"rendered":"<p>FORMULARIO INSCRIPCI\u00d3N JORNADA &#8220;Herramientas para el estudio de la sostenibilidad de sistemas basados en hidr\u00f3geno&#8221; Impartido por Dr. Javier Dufour &nbsp;<\/p>\n","protected":false},"author":2,"featured_media":0,"parent":0,"menu_order":0,"comment_status":"closed","ping_status":"closed","template":"","meta":{"_lmt_disableupdate":"","_lmt_disable":"","footnotes":""},"class_list":["post-20940","page","type-page","status-publish","hentry"],"yoast_head":"<!-- This site is optimized with the Yoast SEO plugin v26.8 - https:\/\/yoast.com\/product\/yoast-seo-wordpress\/ -->\n<title>Formulario Inscripci\u00f3n Jornada &quot;Herramientas para el estudio de la sostenibilidad de sistemas basados en hidr\u00f3geno&quot; - Centro Nacional del Hidr\u00f3geno<\/title>\n<meta name=\"robots\" content=\"index, follow, max-snippet:-1, max-image-preview:large, max-video-preview:-1\" \/>\n<link rel=\"canonical\" href=\"https:\/\/www.cnh2.es\/en\/formulario-inscripcion-jornada-herramientas-para-el-estudio-de-la-sostenibilidad-de-sistemas-basados-en-hidrogeno\/\" \/>\n<meta property=\"og:locale\" content=\"en_US\" \/>\n<meta property=\"og:type\" content=\"article\" \/>\n<meta property=\"og:title\" content=\"Formulario Inscripci\u00f3n Jornada &quot;Herramientas para el estudio de la sostenibilidad de sistemas basados en hidr\u00f3geno&quot; - Centro Nacional del Hidr\u00f3geno\" \/>\n<meta property=\"og:description\" content=\"FORMULARIO INSCRIPCI\u00d3N JORNADA &#8220;Herramientas para el estudio de la sostenibilidad de sistemas basados en hidr\u00f3geno&#8221; Impartido por Dr. Javier Dufour &nbsp;\" \/>\n<meta property=\"og:url\" content=\"https:\/\/www.cnh2.es\/en\/formulario-inscripcion-jornada-herramientas-para-el-estudio-de-la-sostenibilidad-de-sistemas-basados-en-hidrogeno\/\" \/>\n<meta property=\"og:site_name\" content=\"Centro Nacional del Hidr\u00f3geno\" \/>\n<meta name=\"twitter:card\" content=\"summary_large_image\" \/>\n<script type=\"application\/ld+json\" class=\"yoast-schema-graph\">{\"@context\":\"https:\/\/schema.org\",\"@graph\":[{\"@type\":\"WebPage\",\"@id\":\"https:\/\/www.cnh2.es\/en\/formulario-inscripcion-jornada-herramientas-para-el-estudio-de-la-sostenibilidad-de-sistemas-basados-en-hidrogeno\/\",\"url\":\"https:\/\/www.cnh2.es\/en\/formulario-inscripcion-jornada-herramientas-para-el-estudio-de-la-sostenibilidad-de-sistemas-basados-en-hidrogeno\/\",\"name\":\"Formulario Inscripci\u00f3n Jornada \\\"Herramientas para el estudio de la sostenibilidad de sistemas basados en hidr\u00f3geno\\\" - Centro Nacional del Hidr\u00f3geno\",\"isPartOf\":{\"@id\":\"https:\/\/www.cnh2.es\/#website\"},\"datePublished\":\"2020-01-28T12:34:30+00:00\",\"breadcrumb\":{\"@id\":\"https:\/\/www.cnh2.es\/en\/formulario-inscripcion-jornada-herramientas-para-el-estudio-de-la-sostenibilidad-de-sistemas-basados-en-hidrogeno\/#breadcrumb\"},\"inLanguage\":\"en-US\",\"potentialAction\":[{\"@type\":\"ReadAction\",\"target\":[\"https:\/\/www.cnh2.es\/en\/formulario-inscripcion-jornada-herramientas-para-el-estudio-de-la-sostenibilidad-de-sistemas-basados-en-hidrogeno\/\"]}]},{\"@type\":\"BreadcrumbList\",\"@id\":\"https:\/\/www.cnh2.es\/en\/formulario-inscripcion-jornada-herramientas-para-el-estudio-de-la-sostenibilidad-de-sistemas-basados-en-hidrogeno\/#breadcrumb\",\"itemListElement\":[{\"@type\":\"ListItem\",\"position\":1,\"name\":\"Home\",\"item\":\"https:\/\/www.cnh2.es\/en\/\"},{\"@type\":\"ListItem\",\"position\":2,\"name\":\"Formulario Inscripci\u00f3n Jornada &#8220;Herramientas para el estudio de la sostenibilidad de sistemas basados en hidr\u00f3geno&#8221;\"}]},{\"@type\":\"WebSite\",\"@id\":\"https:\/\/www.cnh2.es\/#website\",\"url\":\"https:\/\/www.cnh2.es\/\",\"name\":\"Centro Nacional del Hidr\u00f3geno\",\"description\":\"El Centro Nacional del Hidr\u00f3geno (CNH2), es una instalaci\u00f3n de nueva creaci\u00f3n dedicada en exclusividad a la investigaci\u00f3n y desarrollo de las tecnolog\u00edas del...\",\"potentialAction\":[{\"@type\":\"SearchAction\",\"target\":{\"@type\":\"EntryPoint\",\"urlTemplate\":\"https:\/\/www.cnh2.es\/?s={search_term_string}\"},\"query-input\":{\"@type\":\"PropertyValueSpecification\",\"valueRequired\":true,\"valueName\":\"search_term_string\"}}],\"inLanguage\":\"en-US\"}]}<\/script>\n<!-- \/ Yoast SEO plugin. -->","yoast_head_json":{"title":"Formulario Inscripci\u00f3n Jornada \"Herramientas para el estudio de la sostenibilidad de sistemas basados en hidr\u00f3geno\" - Centro Nacional del Hidr\u00f3geno","robots":{"index":"index","follow":"follow","max-snippet":"max-snippet:-1","max-image-preview":"max-image-preview:large","max-video-preview":"max-video-preview:-1"},"canonical":"https:\/\/www.cnh2.es\/en\/formulario-inscripcion-jornada-herramientas-para-el-estudio-de-la-sostenibilidad-de-sistemas-basados-en-hidrogeno\/","og_locale":"en_US","og_type":"article","og_title":"Formulario Inscripci\u00f3n Jornada \"Herramientas para el estudio de la sostenibilidad de sistemas basados en hidr\u00f3geno\" - Centro Nacional del Hidr\u00f3geno","og_description":"FORMULARIO INSCRIPCI\u00d3N JORNADA &#8220;Herramientas para el estudio de la sostenibilidad de sistemas basados en hidr\u00f3geno&#8221; Impartido por Dr. Javier Dufour &nbsp;","og_url":"https:\/\/www.cnh2.es\/en\/formulario-inscripcion-jornada-herramientas-para-el-estudio-de-la-sostenibilidad-de-sistemas-basados-en-hidrogeno\/","og_site_name":"Centro Nacional del Hidr\u00f3geno","twitter_card":"summary_large_image","schema":{"@context":"https:\/\/schema.org","@graph":[{"@type":"WebPage","@id":"https:\/\/www.cnh2.es\/en\/formulario-inscripcion-jornada-herramientas-para-el-estudio-de-la-sostenibilidad-de-sistemas-basados-en-hidrogeno\/","url":"https:\/\/www.cnh2.es\/en\/formulario-inscripcion-jornada-herramientas-para-el-estudio-de-la-sostenibilidad-de-sistemas-basados-en-hidrogeno\/","name":"Formulario Inscripci\u00f3n Jornada \"Herramientas para el estudio de la sostenibilidad de sistemas basados en hidr\u00f3geno\" - Centro Nacional del Hidr\u00f3geno","isPartOf":{"@id":"https:\/\/www.cnh2.es\/#website"},"datePublished":"2020-01-28T12:34:30+00:00","breadcrumb":{"@id":"https:\/\/www.cnh2.es\/en\/formulario-inscripcion-jornada-herramientas-para-el-estudio-de-la-sostenibilidad-de-sistemas-basados-en-hidrogeno\/#breadcrumb"},"inLanguage":"en-US","potentialAction":[{"@type":"ReadAction","target":["https:\/\/www.cnh2.es\/en\/formulario-inscripcion-jornada-herramientas-para-el-estudio-de-la-sostenibilidad-de-sistemas-basados-en-hidrogeno\/"]}]},{"@type":"BreadcrumbList","@id":"https:\/\/www.cnh2.es\/en\/formulario-inscripcion-jornada-herramientas-para-el-estudio-de-la-sostenibilidad-de-sistemas-basados-en-hidrogeno\/#breadcrumb","itemListElement":[{"@type":"ListItem","position":1,"name":"Home","item":"https:\/\/www.cnh2.es\/en\/"},{"@type":"ListItem","position":2,"name":"Formulario Inscripci\u00f3n Jornada &#8220;Herramientas para el estudio de la sostenibilidad de sistemas basados en hidr\u00f3geno&#8221;"}]},{"@type":"WebSite","@id":"https:\/\/www.cnh2.es\/#website","url":"https:\/\/www.cnh2.es\/","name":"Centro Nacional del Hidr\u00f3geno","description":"El Centro Nacional del Hidr\u00f3geno (CNH2), es una instalaci\u00f3n de nueva creaci\u00f3n dedicada en exclusividad a la investigaci\u00f3n y desarrollo de las tecnolog\u00edas del...","potentialAction":[{"@type":"SearchAction","target":{"@type":"EntryPoint","urlTemplate":"https:\/\/www.cnh2.es\/?s={search_term_string}"},"query-input":{"@type":"PropertyValueSpecification","valueRequired":true,"valueName":"search_term_string"}}],"inLanguage":"en-US"}]}},"_links":{"self":[{"href":"https:\/\/www.cnh2.es\/en\/wp-json\/wp\/v2\/pages\/20940","targetHints":{"allow":["GET"]}}],"collection":[{"href":"https:\/\/www.cnh2.es\/en\/wp-json\/wp\/v2\/pages"}],"about":[{"href":"https:\/\/www.cnh2.es\/en\/wp-json\/wp\/v2\/types\/page"}],"author":[{"embeddable":true,"href":"https:\/\/www.cnh2.es\/en\/wp-json\/wp\/v2\/users\/2"}],"replies":[{"embeddable":true,"href":"https:\/\/www.cnh2.es\/en\/wp-json\/wp\/v2\/comments?post=20940"}],"version-history":[{"count":0,"href":"https:\/\/www.cnh2.es\/en\/wp-json\/wp\/v2\/pages\/20940\/revisions"}],"wp:attachment":[{"href":"https:\/\/www.cnh2.es\/en\/wp-json\/wp\/v2\/media?parent=20940"}],"curies":[{"name":"wp","href":"https:\/\/api.w.org\/{rel}","templated":true}]}}