{"id":20829,"date":"2020-02-04T12:43:13","date_gmt":"2020-02-04T10:43:13","guid":{"rendered":"https:\/\/www.cnh2.es\/?page_id=20829"},"modified":"2021-01-28T18:48:49","modified_gmt":"2021-01-28T16:48:49","slug":"formulario-servicios-de-ingenieria-del-cnh2","status":"publish","type":"page","link":"https:\/\/www.cnh2.es\/en\/services\/formulario-servicios-de-ingenieria-del-cnh2\/","title":{"rendered":"Contact Form Engineering Service"},"content":{"rendered":"<section  class='av_textblock_section av-av_textblock-445188a952fb265869ea404d0e52fad7 '   itemscope=\"itemscope\" itemtype=\"https:\/\/schema.org\/CreativeWork\" ><div class='avia_textblock'  itemprop=\"text\" ><h2 style=\"text-align: center;\">INFORMATION REQUEST<br \/>\nCNH2 ENGINEERING SERVICES<\/h2>\n\n<div class=\"wpcf7 no-js\" id=\"wpcf7-f21056-o1\" lang=\"en-US\" dir=\"ltr\" data-wpcf7-id=\"21056\">\n<div class=\"screen-reader-response\"><p role=\"status\" aria-live=\"polite\" aria-atomic=\"true\"><\/p> <ul><\/ul><\/div>\n<form action=\"\/en\/wp-json\/wp\/v2\/pages\/20829#wpcf7-f21056-o1\" method=\"post\" class=\"wpcf7-form init\" aria-label=\"Contact form\" novalidate=\"novalidate\" data-status=\"init\">\n<fieldset class=\"hidden-fields-container\"><input type=\"hidden\" name=\"_wpcf7\" value=\"21056\" \/><input type=\"hidden\" name=\"_wpcf7_version\" value=\"6.1.5\" \/><input type=\"hidden\" name=\"_wpcf7_locale\" value=\"en_US\" \/><input type=\"hidden\" name=\"_wpcf7_unit_tag\" value=\"wpcf7-f21056-o1\" \/><input type=\"hidden\" name=\"_wpcf7_container_post\" value=\"0\" \/><input type=\"hidden\" name=\"_wpcf7_posted_data_hash\" value=\"\" \/><input type=\"hidden\" name=\"_wpcf7_recaptcha_response\" value=\"\" \/>\n<\/fieldset>\n\n<h3>CONTACT INFORMATION\n<\/h3>\n<p>Name:*<br \/>\n<span class=\"wpcf7-form-control-wrap\" data-name=\"nombre\"><input size=\"100\" maxlength=\"100\" class=\"wpcf7-form-control wpcf7-text wpcf7-validates-as-required\" aria-required=\"true\" aria-invalid=\"false\" value=\"\" type=\"text\" name=\"nombre\" \/><\/span>\n<\/p>\n<p>Surname:*<br \/>\n<span class=\"wpcf7-form-control-wrap\" data-name=\"apellidos\"><input size=\"100\" maxlength=\"100\" class=\"wpcf7-form-control wpcf7-text wpcf7-validates-as-required\" aria-required=\"true\" aria-invalid=\"false\" value=\"\" type=\"text\" name=\"apellidos\" \/><\/span>\n<\/p>\n<p>Company:*<br \/>\n<span class=\"wpcf7-form-control-wrap\" data-name=\"empresa\"><input size=\"100\" maxlength=\"50\" class=\"wpcf7-form-control wpcf7-text wpcf7-validates-as-required\" aria-required=\"true\" aria-invalid=\"false\" value=\"\" type=\"text\" name=\"empresa\" \/><\/span>\n<\/p>\n<p>Sector:*<br \/>\n<span class=\"wpcf7-form-control-wrap\" data-name=\"menu-sector\"><select class=\"wpcf7-form-control wpcf7-select wpcf7-validates-as-required\" aria-required=\"true\" aria-invalid=\"false\" name=\"menu-sector\"><option value=\"Aerospace \/ Defense\">Aerospace \/ Defense<\/option><option value=\"Agriculture\">Agriculture<\/option><option value=\"Food\">Food<\/option><option value=\"Automotive\">Automotive<\/option><option value=\"Biotechnology\">Biotechnology<\/option><option value=\"Cosmetics\">Cosmetics<\/option><option value=\"Education\">Education<\/option><option value=\"Electronics and Semiconductors\">Electronics and Semiconductors<\/option><option value=\"Energy\">Energy<\/option><option value=\"Pharmaceutical\">Pharmaceutical<\/option><option value=\"Government\">Government<\/option><option value=\"Engineering\">Engineering<\/option><option value=\"Environmental\">Environmental<\/option><option value=\"Petrochemical\">Petrochemical<\/option><option value=\"Chemical\">Chemical<\/option><option value=\"Safety and Prevention\">Safety and Prevention<\/option><option value=\"Gas Supply\">Gas Supply<\/option><option value=\"Testing and Quality\">Testing and Quality<\/option><option value=\"Transport and Logistics\">Transport and Logistics<\/option><option value=\"Others\">Others<\/option><\/select><\/span>\n<\/p>\n<p>Country:*<br \/>\n<span class=\"wpcf7-form-control-wrap\" data-name=\"pais\"><input size=\"100\" maxlength=\"100\" class=\"wpcf7-form-control wpcf7-text wpcf7-validates-as-required\" aria-required=\"true\" aria-invalid=\"false\" value=\"\" type=\"text\" name=\"pais\" \/><\/span>\n<\/p>\n<p>Telephone:*<br \/>\n<span class=\"wpcf7-form-control-wrap\" data-name=\"telefono\"><input size=\"100\" maxlength=\"100\" class=\"wpcf7-form-control wpcf7-text wpcf7-validates-as-required\" aria-required=\"true\" aria-invalid=\"false\" value=\"\" type=\"text\" name=\"telefono\" \/><\/span>\n<\/p>\n<p>E-Mail:*<br \/>\n<span class=\"wpcf7-form-control-wrap\" data-name=\"email\"><input size=\"100\" maxlength=\"100\" class=\"wpcf7-form-control wpcf7-text wpcf7-validates-as-required\" aria-required=\"true\" aria-invalid=\"false\" value=\"\" type=\"text\" name=\"email\" \/><\/span>\n<\/p>\n<h3>REQUEST\n<\/h3>\n<p>Consultation or Service:*<br \/>\n<span class=\"wpcf7-form-control-wrap\" data-name=\"menu-consulta\"><select class=\"wpcf7-form-control wpcf7-select wpcf7-validates-as-required\" aria-required=\"true\" aria-invalid=\"false\" name=\"menu-consulta\"><option value=\"Test Bench\">Test Bench<\/option><option value=\"Engineering\">Engineering<\/option><option value=\"Technical Advice\">Technical Advice<\/option><option value=\"Specialized Training\">Specialized Training<\/option><\/select><\/span>\n<\/p>\n<p>Technology of Interest:*<br \/>\n<span class=\"wpcf7-form-control-wrap\" data-name=\"menu-tecnologia\"><select class=\"wpcf7-form-control wpcf7-select wpcf7-validates-as-required\" aria-required=\"true\" aria-invalid=\"false\" name=\"menu-tecnologia\"><option value=\"Electrolysis\">Electrolysis<\/option><option value=\"Fuel cells\">Fuel cells<\/option><option value=\"Power-to-Gas (PtG) systems\">Power-to-Gas (PtG) systems<\/option><option value=\"Power-to-Power (PtP) systems\">Power-to-Power (PtP) systems<\/option><option value=\"Hydrogen Gas Station\">Hydrogen Gas Station<\/option><option value=\"General\">General<\/option><\/select><\/span>\n<\/p>\n<p>Description \/ Comments:*<br \/>\n<span class=\"wpcf7-form-control-wrap\" data-name=\"descripcion\"><textarea cols=\"40\" rows=\"10\" maxlength=\"2000\" class=\"wpcf7-form-control wpcf7-textarea\" aria-invalid=\"false\" name=\"descripcion\"><\/textarea><\/span>\n<\/p>\n<p><strong>*<\/strong> Minimum Required Information and Documentation\n<\/p>\n<p><span class=\"wpcf7-form-control-wrap\" data-name=\"aceptacion-politica\"><span class=\"wpcf7-form-control wpcf7-acceptance\"><span class=\"wpcf7-list-item\"><input type=\"checkbox\" name=\"aceptacion-politica\" value=\"1\" aria-invalid=\"false\" \/><\/span><\/span><\/span> I Accept the <a href=\"https:\/\/www.cnh2.es\/politica-de-privacidad\/\" target=\"_blank\">Privacy Policy<\/a>\n<\/p>\n<p><input class=\"wpcf7-form-control wpcf7-submit has-spinner\" type=\"submit\" value=\"Send Form\" \/>\n<\/p><div class=\"wpcf7-response-output\" aria-hidden=\"true\"><\/div>\n<\/form>\n<\/div>\n\n<\/div><\/section>\n","protected":false},"excerpt":{"rendered":"","protected":false},"author":2,"featured_media":0,"parent":528,"menu_order":0,"comment_status":"closed","ping_status":"closed","template":"","meta":{"_lmt_disableupdate":"","_lmt_disable":"","footnotes":""},"class_list":["post-20829","page","type-page","status-publish","hentry"],"yoast_head":"<!-- This site is optimized with the Yoast SEO plugin v27.4 - https:\/\/yoast.com\/product\/yoast-seo-wordpress\/ -->\n<title>Contact Form Engineering Service - Centro Nacional del Hidr\u00f3geno<\/title>\n<meta name=\"robots\" content=\"index, follow, max-snippet:-1, max-image-preview:large, max-video-preview:-1\" \/>\n<link rel=\"canonical\" href=\"https:\/\/www.cnh2.es\/en\/services\/formulario-servicios-de-ingenieria-del-cnh2\/\" \/>\n<meta property=\"og:locale\" content=\"en_US\" \/>\n<meta property=\"og:type\" content=\"article\" \/>\n<meta property=\"og:title\" content=\"Contact Form Engineering Service - Centro Nacional del Hidr\u00f3geno\" \/>\n<meta property=\"og:url\" content=\"https:\/\/www.cnh2.es\/en\/services\/formulario-servicios-de-ingenieria-del-cnh2\/\" \/>\n<meta property=\"og:site_name\" content=\"Centro Nacional del Hidr\u00f3geno\" \/>\n<meta property=\"article:modified_time\" content=\"2021-01-28T16:48:49+00:00\" \/>\n<meta name=\"twitter:card\" content=\"summary_large_image\" \/>\n<script type=\"application\/ld+json\" class=\"yoast-schema-graph\">{\"@context\":\"https:\\\/\\\/schema.org\",\"@graph\":[{\"@type\":\"WebPage\",\"@id\":\"https:\\\/\\\/www.cnh2.es\\\/en\\\/services\\\/formulario-servicios-de-ingenieria-del-cnh2\\\/\",\"url\":\"https:\\\/\\\/www.cnh2.es\\\/en\\\/services\\\/formulario-servicios-de-ingenieria-del-cnh2\\\/\",\"name\":\"Contact Form Engineering Service - Centro Nacional del Hidr\u00f3geno\",\"isPartOf\":{\"@id\":\"https:\\\/\\\/www.cnh2.es\\\/#website\"},\"datePublished\":\"2020-02-04T10:43:13+00:00\",\"dateModified\":\"2021-01-28T16:48:49+00:00\",\"breadcrumb\":{\"@id\":\"https:\\\/\\\/www.cnh2.es\\\/en\\\/services\\\/formulario-servicios-de-ingenieria-del-cnh2\\\/#breadcrumb\"},\"inLanguage\":\"en-US\",\"potentialAction\":[{\"@type\":\"ReadAction\",\"target\":[\"https:\\\/\\\/www.cnh2.es\\\/en\\\/services\\\/formulario-servicios-de-ingenieria-del-cnh2\\\/\"]}]},{\"@type\":\"BreadcrumbList\",\"@id\":\"https:\\\/\\\/www.cnh2.es\\\/en\\\/services\\\/formulario-servicios-de-ingenieria-del-cnh2\\\/#breadcrumb\",\"itemListElement\":[{\"@type\":\"ListItem\",\"position\":1,\"name\":\"Home\",\"item\":\"https:\\\/\\\/www.cnh2.es\\\/en\\\/\"},{\"@type\":\"ListItem\",\"position\":2,\"name\":\"Services\",\"item\":\"https:\\\/\\\/www.cnh2.es\\\/en\\\/services\\\/\"},{\"@type\":\"ListItem\",\"position\":3,\"name\":\"Contact Form Engineering Service\"}]},{\"@type\":\"WebSite\",\"@id\":\"https:\\\/\\\/www.cnh2.es\\\/#website\",\"url\":\"https:\\\/\\\/www.cnh2.es\\\/\",\"name\":\"Centro Nacional del Hidr\u00f3geno\",\"description\":\"El Centro Nacional del Hidr\u00f3geno (CNH2), es una instalaci\u00f3n de nueva creaci\u00f3n dedicada en exclusividad a la investigaci\u00f3n y desarrollo de las tecnolog\u00edas del...\",\"potentialAction\":[{\"@type\":\"SearchAction\",\"target\":{\"@type\":\"EntryPoint\",\"urlTemplate\":\"https:\\\/\\\/www.cnh2.es\\\/?s={search_term_string}\"},\"query-input\":{\"@type\":\"PropertyValueSpecification\",\"valueRequired\":true,\"valueName\":\"search_term_string\"}}],\"inLanguage\":\"en-US\"}]}<\/script>\n<!-- \/ Yoast SEO plugin. -->","yoast_head_json":{"title":"Contact Form Engineering Service - Centro Nacional del Hidr\u00f3geno","robots":{"index":"index","follow":"follow","max-snippet":"max-snippet:-1","max-image-preview":"max-image-preview:large","max-video-preview":"max-video-preview:-1"},"canonical":"https:\/\/www.cnh2.es\/en\/services\/formulario-servicios-de-ingenieria-del-cnh2\/","og_locale":"en_US","og_type":"article","og_title":"Contact Form Engineering Service - Centro Nacional del Hidr\u00f3geno","og_url":"https:\/\/www.cnh2.es\/en\/services\/formulario-servicios-de-ingenieria-del-cnh2\/","og_site_name":"Centro Nacional del Hidr\u00f3geno","article_modified_time":"2021-01-28T16:48:49+00:00","twitter_card":"summary_large_image","schema":{"@context":"https:\/\/schema.org","@graph":[{"@type":"WebPage","@id":"https:\/\/www.cnh2.es\/en\/services\/formulario-servicios-de-ingenieria-del-cnh2\/","url":"https:\/\/www.cnh2.es\/en\/services\/formulario-servicios-de-ingenieria-del-cnh2\/","name":"Contact Form Engineering Service - Centro Nacional del Hidr\u00f3geno","isPartOf":{"@id":"https:\/\/www.cnh2.es\/#website"},"datePublished":"2020-02-04T10:43:13+00:00","dateModified":"2021-01-28T16:48:49+00:00","breadcrumb":{"@id":"https:\/\/www.cnh2.es\/en\/services\/formulario-servicios-de-ingenieria-del-cnh2\/#breadcrumb"},"inLanguage":"en-US","potentialAction":[{"@type":"ReadAction","target":["https:\/\/www.cnh2.es\/en\/services\/formulario-servicios-de-ingenieria-del-cnh2\/"]}]},{"@type":"BreadcrumbList","@id":"https:\/\/www.cnh2.es\/en\/services\/formulario-servicios-de-ingenieria-del-cnh2\/#breadcrumb","itemListElement":[{"@type":"ListItem","position":1,"name":"Home","item":"https:\/\/www.cnh2.es\/en\/"},{"@type":"ListItem","position":2,"name":"Services","item":"https:\/\/www.cnh2.es\/en\/services\/"},{"@type":"ListItem","position":3,"name":"Contact Form Engineering Service"}]},{"@type":"WebSite","@id":"https:\/\/www.cnh2.es\/#website","url":"https:\/\/www.cnh2.es\/","name":"Centro Nacional del Hidr\u00f3geno","description":"El Centro Nacional del Hidr\u00f3geno (CNH2), es una instalaci\u00f3n de nueva creaci\u00f3n dedicada en exclusividad a la investigaci\u00f3n y desarrollo de las tecnolog\u00edas del...","potentialAction":[{"@type":"SearchAction","target":{"@type":"EntryPoint","urlTemplate":"https:\/\/www.cnh2.es\/?s={search_term_string}"},"query-input":{"@type":"PropertyValueSpecification","valueRequired":true,"valueName":"search_term_string"}}],"inLanguage":"en-US"}]}},"_links":{"self":[{"href":"https:\/\/www.cnh2.es\/en\/wp-json\/wp\/v2\/pages\/20829","targetHints":{"allow":["GET"]}}],"collection":[{"href":"https:\/\/www.cnh2.es\/en\/wp-json\/wp\/v2\/pages"}],"about":[{"href":"https:\/\/www.cnh2.es\/en\/wp-json\/wp\/v2\/types\/page"}],"author":[{"embeddable":true,"href":"https:\/\/www.cnh2.es\/en\/wp-json\/wp\/v2\/users\/2"}],"replies":[{"embeddable":true,"href":"https:\/\/www.cnh2.es\/en\/wp-json\/wp\/v2\/comments?post=20829"}],"version-history":[{"count":0,"href":"https:\/\/www.cnh2.es\/en\/wp-json\/wp\/v2\/pages\/20829\/revisions"}],"up":[{"embeddable":true,"href":"https:\/\/www.cnh2.es\/en\/wp-json\/wp\/v2\/pages\/528"}],"wp:attachment":[{"href":"https:\/\/www.cnh2.es\/en\/wp-json\/wp\/v2\/media?parent=20829"}],"curies":[{"name":"wp","href":"https:\/\/api.w.org\/{rel}","templated":true}]}}