{"id":2,"date":"2018-11-27T07:48:04","date_gmt":"2018-11-27T07:48:04","guid":{"rendered":"https:\/\/www.cnh2.es\/?page_id=2"},"modified":"2018-11-29T11:32:22","modified_gmt":"2018-11-29T11:32:22","slug":"contractor-profile","status":"publish","type":"page","link":"https:\/\/www.cnh2.es\/en\/transparency\/contractor-profile\/","title":{"rendered":"Contractor\u2019s Profile"},"content":{"rendered":"<div id='av_section_1'  class='avia-section av-4tv4bv-53b04c8b596c6d3eab5ce77b6cd652d0 main_color avia-section-large avia-no-border-styling  avia-builder-el-0  avia-builder-el-no-sibling  avia-bg-style-scroll container_wrap sidebar_right'  ><div class='container av-section-cont-open' ><main  role=\"main\" itemprop=\"mainContentOfPage\"  class='template-page content  av-content-small alpha units'><div class='post-entry post-entry-type-page post-entry-2'><div class='entry-content-wrapper clearfix'>\n\n<style type=\"text\/css\" data-created_by=\"avia_inline_auto\" id=\"style-css-av-av_heading-3c7bb205f0d4ffa7320c5ac64a1644b3\">\n#top .av-special-heading.av-av_heading-3c7bb205f0d4ffa7320c5ac64a1644b3{\npadding-bottom:30px;\nfont-size:70px;\n}\nbody .av-special-heading.av-av_heading-3c7bb205f0d4ffa7320c5ac64a1644b3 .av-special-heading-tag .heading-char{\nfont-size:25px;\n}\n#top #wrap_all .av-special-heading.av-av_heading-3c7bb205f0d4ffa7320c5ac64a1644b3 .av-special-heading-tag{\nfont-size:70px;\n}\n.av-special-heading.av-av_heading-3c7bb205f0d4ffa7320c5ac64a1644b3 .av-subheading{\nfont-size:15px;\n}\n\n@media only screen and (min-width: 480px) and (max-width: 767px){ \n#top #wrap_all .av-special-heading.av-av_heading-3c7bb205f0d4ffa7320c5ac64a1644b3 .av-special-heading-tag{\nfont-size:0.8em;\n}\n}\n\n@media only screen and (max-width: 479px){ \n#top #wrap_all .av-special-heading.av-av_heading-3c7bb205f0d4ffa7320c5ac64a1644b3 .av-special-heading-tag{\nfont-size:0.8em;\n}\n}\n<\/style>\n<div  class='av-special-heading av-av_heading-3c7bb205f0d4ffa7320c5ac64a1644b3 av-special-heading-h1 blockquote modern-quote  avia-builder-el-1  el_before_av_one_full  avia-builder-el-first  av-inherit-size'><h1 class='av-special-heading-tag '  itemprop=\"headline\"  >Perfil del contratante<\/h1><div class=\"special-heading-border\"><div class=\"special-heading-inner-border\"><\/div><\/div><\/div>\n\n<style type=\"text\/css\" data-created_by=\"avia_inline_auto\" id=\"style-css-av-4lqlgr-f5eee1c46274b48a238cb3404caa8177\">\n.flex_column.av-4lqlgr-f5eee1c46274b48a238cb3404caa8177{\nborder-radius:0px 0px 0px 0px;\npadding:0px 0px 0px 0px;\n}\n<\/style>\n<div  class='flex_column av-4lqlgr-f5eee1c46274b48a238cb3404caa8177 av_one_full  avia-builder-el-2  el_after_av_heading  avia-builder-el-last  first flex_column_div av-zero-column-padding  '     ><p>\n<style type=\"text\/css\" data-created_by=\"avia_inline_auto\" id=\"style-css-av-av_heading-8f2f1905884d28af983889877f511569\">\n#top .av-special-heading.av-av_heading-8f2f1905884d28af983889877f511569{\npadding-bottom:30px;\nfont-size:28px;\n}\nbody .av-special-heading.av-av_heading-8f2f1905884d28af983889877f511569 .av-special-heading-tag .heading-char{\nfont-size:25px;\n}\n#top #wrap_all .av-special-heading.av-av_heading-8f2f1905884d28af983889877f511569 .av-special-heading-tag{\nfont-size:28px;\n}\n.av-special-heading.av-av_heading-8f2f1905884d28af983889877f511569 .av-subheading{\nfont-size:15px;\n}\n\n@media only screen and (min-width: 480px) and (max-width: 767px){ \n#top #wrap_all .av-special-heading.av-av_heading-8f2f1905884d28af983889877f511569 .av-special-heading-tag{\nfont-size:0.8em;\n}\n}\n\n@media only screen and (max-width: 479px){ \n#top #wrap_all .av-special-heading.av-av_heading-8f2f1905884d28af983889877f511569 .av-special-heading-tag{\nfont-size:0.8em;\n}\n}\n<\/style>\n<div  class='av-special-heading av-av_heading-8f2f1905884d28af983889877f511569 av-special-heading-h2 blockquote modern-quote  avia-builder-el-3  el_before_av_heading  avia-builder-el-first  av-inherit-size'><h2 class='av-special-heading-tag '  itemprop=\"headline\"  >Informaci\u00f3n Econ\u00f3mica, Presupuestaria y Estad\u00edstica<\/h2><div class=\"special-heading-border\"><div class=\"special-heading-inner-border\"><\/div><\/div><\/div><br \/>\n\n<style type=\"text\/css\" data-created_by=\"avia_inline_auto\" id=\"style-css-av-av_heading-5983b3c5699787d780a0f40f605d1a6c\">\n#top .av-special-heading.av-av_heading-5983b3c5699787d780a0f40f605d1a6c{\npadding-bottom:30px;\nfont-size:20px;\n}\nbody .av-special-heading.av-av_heading-5983b3c5699787d780a0f40f605d1a6c .av-special-heading-tag .heading-char{\nfont-size:25px;\n}\n#top #wrap_all .av-special-heading.av-av_heading-5983b3c5699787d780a0f40f605d1a6c .av-special-heading-tag{\nfont-size:20px;\n}\n.av-special-heading.av-av_heading-5983b3c5699787d780a0f40f605d1a6c .av-subheading{\nfont-size:15px;\n}\n\n@media only screen and (min-width: 480px) and (max-width: 767px){ \n#top #wrap_all .av-special-heading.av-av_heading-5983b3c5699787d780a0f40f605d1a6c .av-special-heading-tag{\nfont-size:0.8em;\n}\n}\n\n@media only screen and (max-width: 479px){ \n#top #wrap_all .av-special-heading.av-av_heading-5983b3c5699787d780a0f40f605d1a6c .av-special-heading-tag{\nfont-size:0.8em;\n}\n}\n<\/style>\n<div  class='av-special-heading av-av_heading-5983b3c5699787d780a0f40f605d1a6c av-special-heading-h3 blockquote modern-quote  avia-builder-el-4  el_after_av_heading  el_before_av_textblock  av-inherit-size'><h3 class='av-special-heading-tag '  itemprop=\"headline\"  >Direcci\u00f3n del CNH2<\/h3><div class=\"special-heading-border\"><div class=\"special-heading-inner-border\"><\/div><\/div><\/div><br \/>\n<section  class='av_textblock_section av-jp2io2qg-0dcc27334ac985edc2c905543a603376 '   itemscope=\"itemscope\" itemtype=\"https:\/\/schema.org\/CreativeWork\" ><div class='avia_textblock'  itemprop=\"text\" ><p><a href=\"https:\/\/contrataciondelestado.es\/wps\/poc?uri=deeplink%3AperfilContratante&amp;idBp=6bt9oS4LAMI%3D\">Perfil del Contratante de la\u00a0<strong>Direcci\u00f3n<\/strong>\u00a0del Centro Nacional de Experimentaci\u00f3n de Tecnolog\u00edas de Hidr\u00f3geno y Pilas de Combustible<\/a><\/p>\n<p>(Todos los contratos inferiores a 100.000 \u20ac)<\/p>\n<\/div><\/section><br \/>\n\n<style type=\"text\/css\" data-created_by=\"avia_inline_auto\" id=\"style-css-av-av_heading-3537b66836fc77a13872c49b00a96a03\">\n#top .av-special-heading.av-av_heading-3537b66836fc77a13872c49b00a96a03{\npadding-bottom:30px;\nfont-size:20px;\n}\nbody .av-special-heading.av-av_heading-3537b66836fc77a13872c49b00a96a03 .av-special-heading-tag .heading-char{\nfont-size:25px;\n}\n#top #wrap_all .av-special-heading.av-av_heading-3537b66836fc77a13872c49b00a96a03 .av-special-heading-tag{\nfont-size:20px;\n}\n.av-special-heading.av-av_heading-3537b66836fc77a13872c49b00a96a03 .av-subheading{\nfont-size:15px;\n}\n\n@media only screen and (min-width: 480px) and (max-width: 767px){ \n#top #wrap_all .av-special-heading.av-av_heading-3537b66836fc77a13872c49b00a96a03 .av-special-heading-tag{\nfont-size:0.8em;\n}\n}\n\n@media only screen and (max-width: 479px){ \n#top #wrap_all .av-special-heading.av-av_heading-3537b66836fc77a13872c49b00a96a03 .av-special-heading-tag{\nfont-size:0.8em;\n}\n}\n<\/style>\n<div  class='av-special-heading av-av_heading-3537b66836fc77a13872c49b00a96a03 av-special-heading-h3 blockquote modern-quote  avia-builder-el-6  el_after_av_textblock  el_before_av_textblock  av-inherit-size'><h3 class='av-special-heading-tag '  itemprop=\"headline\"  >Comisi\u00f3n ejecutiva de CNH2<\/h3><div class=\"special-heading-border\"><div class=\"special-heading-inner-border\"><\/div><\/div><\/div><br \/>\n<section  class='av_textblock_section av-jp2io2qg-0dcc27334ac985edc2c905543a603376 '   itemscope=\"itemscope\" itemtype=\"https:\/\/schema.org\/CreativeWork\" ><div class='avia_textblock'  itemprop=\"text\" ><div class=\"messagebox success\">\n<div class=\"messagebox_content\">\n<p><a href=\"https:\/\/contrataciondelestado.es\/wps\/poc?uri=deeplink%3AperfilContratante&amp;idBp=%2B0PcMdY9gvY%3D\">Perfil del Contratante del\u00a0<strong>Comisi\u00f3n Ejecutiva<\/strong>\u00a0del Centro Nacional de Experimentaci\u00f3n de Tecnolog\u00edas de Hidr\u00f3geno y Pilas de Combustible<\/a><\/p>\n<p>(Contratos comprendidos entre 100.000 \u20ac a 3.000.000 \u20ac)<\/p>\n<\/div>\n<\/div>\n<\/div><\/section><br \/>\n\n<style type=\"text\/css\" data-created_by=\"avia_inline_auto\" id=\"style-css-av-av_heading-a48f4507d8f9e12f2078aa87eca7dd6e\">\n#top .av-special-heading.av-av_heading-a48f4507d8f9e12f2078aa87eca7dd6e{\npadding-bottom:30px;\nfont-size:20px;\n}\nbody .av-special-heading.av-av_heading-a48f4507d8f9e12f2078aa87eca7dd6e .av-special-heading-tag .heading-char{\nfont-size:25px;\n}\n#top #wrap_all .av-special-heading.av-av_heading-a48f4507d8f9e12f2078aa87eca7dd6e .av-special-heading-tag{\nfont-size:20px;\n}\n.av-special-heading.av-av_heading-a48f4507d8f9e12f2078aa87eca7dd6e .av-subheading{\nfont-size:15px;\n}\n\n@media only screen and (min-width: 480px) and (max-width: 767px){ \n#top #wrap_all .av-special-heading.av-av_heading-a48f4507d8f9e12f2078aa87eca7dd6e .av-special-heading-tag{\nfont-size:0.8em;\n}\n}\n\n@media only screen and (max-width: 479px){ \n#top #wrap_all .av-special-heading.av-av_heading-a48f4507d8f9e12f2078aa87eca7dd6e .av-special-heading-tag{\nfont-size:0.8em;\n}\n}\n<\/style>\n<div  class='av-special-heading av-av_heading-a48f4507d8f9e12f2078aa87eca7dd6e av-special-heading-h3 blockquote modern-quote  avia-builder-el-8  el_after_av_textblock  el_before_av_textblock  av-inherit-size'><h3 class='av-special-heading-tag '  itemprop=\"headline\"  >Consejo rector del CNH2<\/h3><div class=\"special-heading-border\"><div class=\"special-heading-inner-border\"><\/div><\/div><\/div><br \/>\n<section  class='av_textblock_section av-jp2io2qg-0dcc27334ac985edc2c905543a603376 '   itemscope=\"itemscope\" itemtype=\"https:\/\/schema.org\/CreativeWork\" ><div class='avia_textblock'  itemprop=\"text\" ><div class=\"messagebox success\">\n<div class=\"messagebox_content\">\n<p><a href=\"https:\/\/contrataciondelestado.es\/wps\/poc?uri=deeplink%3AperfilContratante&amp;idBp=dKrkQHYXJA4%3D\">Perfil del Contratante del\u00a0<strong>Consejo Rector<\/strong>\u00a0del Centro Nacional de Experimentaci\u00f3n de Tecnolog\u00edas de Hidr\u00f3geno y Pilas de Combustible<\/a><\/p>\n<p>(Contratos superiores a 3.000.000 \u20ac)<\/p>\n<\/div>\n<\/div>\n<\/div><\/section><br \/>\n\n<style type=\"text\/css\" data-created_by=\"avia_inline_auto\" id=\"style-css-av-av_heading-0343936501a10e2abd2a49f46b8bd3bd\">\n#top .av-special-heading.av-av_heading-0343936501a10e2abd2a49f46b8bd3bd{\npadding-bottom:30px;\nfont-size:20px;\n}\nbody .av-special-heading.av-av_heading-0343936501a10e2abd2a49f46b8bd3bd .av-special-heading-tag .heading-char{\nfont-size:25px;\n}\n#top #wrap_all .av-special-heading.av-av_heading-0343936501a10e2abd2a49f46b8bd3bd .av-special-heading-tag{\nfont-size:20px;\n}\n.av-special-heading.av-av_heading-0343936501a10e2abd2a49f46b8bd3bd .av-subheading{\nfont-size:15px;\n}\n\n@media only screen and (min-width: 480px) and (max-width: 767px){ \n#top #wrap_all .av-special-heading.av-av_heading-0343936501a10e2abd2a49f46b8bd3bd .av-special-heading-tag{\nfont-size:0.8em;\n}\n}\n\n@media only screen and (max-width: 479px){ \n#top #wrap_all .av-special-heading.av-av_heading-0343936501a10e2abd2a49f46b8bd3bd .av-special-heading-tag{\nfont-size:0.8em;\n}\n}\n<\/style>\n<div  class='av-special-heading av-av_heading-0343936501a10e2abd2a49f46b8bd3bd av-special-heading-h3 blockquote modern-quote  avia-builder-el-10  el_after_av_textblock  el_before_av_iconlist  av-inherit-size'><h3 class='av-special-heading-tag '  itemprop=\"headline\"  >Contratos menores<\/h3><div class=\"special-heading-border\"><div class=\"special-heading-inner-border\"><\/div><\/div><\/div><br \/>\n\n<style type=\"text\/css\" data-created_by=\"avia_inline_auto\" id=\"style-css-av-jp2cyx0q-6acf6ffa033e725f7fc490f4de73eaa3\">\n#top .avia-icon-list-container.av-jp2cyx0q-6acf6ffa033e725f7fc490f4de73eaa3 .iconlist_icon{\ncolor:#ffffff;\nbackground-color:#004057;\n}\n#top #wrap_all .avia-icon-list-container.av-jp2cyx0q-6acf6ffa033e725f7fc490f4de73eaa3 .av_iconlist_title{\ncolor:#004057;\n}\n<\/style>\n<div  class='avia-icon-list-container av-jp2cyx0q-6acf6ffa033e725f7fc490f4de73eaa3  avia-builder-el-11  el_after_av_heading  avia-builder-el-last '><ul class='avia-icon-list avia_animate_when_almost_visible avia-icon-list-left av-iconlist-big av-jp2cyx0q-6acf6ffa033e725f7fc490f4de73eaa3 avia-iconlist-animate'>\n<li><div class='iconlist_icon av-eql28-ad6323d3721a3bf2f9a1c3cdff1c7a92 avia-font-entypo-fontello'><span class='iconlist-char' aria-hidden='true' data-av_icon='\ue84d' data-av_iconfont='entypo-fontello'><\/span><\/div><article class=\"article-icon-entry \"  itemscope=\"itemscope\" itemtype=\"https:\/\/schema.org\/CreativeWork\" ><div class=\"iconlist_content_wrap\"><header class=\"entry-content-header\" aria-label=\"Icon:  Declaraci\u00f3n de Pol\u00edticas de Calidad y Medio Ambiente\"><h4 class='av_iconlist_title iconlist_title  av_inherit_color'  itemprop=\"headline\" > Declaraci\u00f3n de Pol\u00edticas de Calidad y Medio Ambiente<\/h4><\/header><div class='iconlist_content '  itemprop=\"text\" ><p>22\/12\/2015<\/p>\n<\/div><\/div><footer class=\"entry-footer\"><\/footer><\/article><div class=\"iconlist-timeline\"><\/div><\/li>\n<li><div class='iconlist_icon av-y228-911487ce8f08e2424cc743b7c642fc41 avia-font-entypo-fontello'><span class='iconlist-char' aria-hidden='true' data-av_icon='\ue84d' data-av_iconfont='entypo-fontello'><\/span><\/div><article class=\"article-icon-entry \"  itemscope=\"itemscope\" itemtype=\"https:\/\/schema.org\/CreativeWork\" ><div class=\"iconlist_content_wrap\"><header class=\"entry-content-header\" aria-label=\"Icon: Comunicaci\u00f3n de Requisitos Medioambientales a proveedores\"><h4 class='av_iconlist_title iconlist_title  av_inherit_color'  itemprop=\"headline\" >Comunicaci\u00f3n de Requisitos Medioambientales a proveedores<\/h4><\/header><div class='iconlist_content '  itemprop=\"text\" ><p>01\/03\/2017<\/p>\n<\/div><\/div><footer class=\"entry-footer\"><\/footer><\/article><div class=\"iconlist-timeline\"><\/div><\/li>\n<\/ul><\/div><\/p><\/div><\/div><\/div><\/main><!-- close content main element --><\/div><\/div><div id='after_section_1'  class='main_color av_default_container_wrap container_wrap sidebar_right'  ><div class='container av-section-cont-open' ><div class='template-page content  av-content-small alpha units'><div class='post-entry post-entry-type-page post-entry-2'><div class='entry-content-wrapper clearfix'>\n","protected":false},"excerpt":{"rendered":"","protected":false},"author":1,"featured_media":0,"parent":1176,"menu_order":0,"comment_status":"closed","ping_status":"closed","template":"","meta":{"_lmt_disableupdate":"","_lmt_disable":"","footnotes":""},"class_list":["post-2","page","type-page","status-publish","hentry"],"yoast_head":"<!-- This site is optimized with the Yoast SEO plugin v26.8 - https:\/\/yoast.com\/product\/yoast-seo-wordpress\/ -->\n<title>Contractor\u2019s Profile - Centro Nacional del Hidr\u00f3geno<\/title>\n<meta name=\"robots\" content=\"index, follow, max-snippet:-1, max-image-preview:large, max-video-preview:-1\" \/>\n<link rel=\"canonical\" href=\"https:\/\/www.cnh2.es\/en\/transparency\/contractor-profile\/\" \/>\n<meta property=\"og:locale\" content=\"en_US\" \/>\n<meta property=\"og:type\" content=\"article\" \/>\n<meta property=\"og:title\" content=\"Contractor\u2019s Profile - Centro Nacional del Hidr\u00f3geno\" \/>\n<meta property=\"og:url\" content=\"https:\/\/www.cnh2.es\/en\/transparency\/contractor-profile\/\" \/>\n<meta property=\"og:site_name\" content=\"Centro Nacional del Hidr\u00f3geno\" \/>\n<meta property=\"article:modified_time\" content=\"2018-11-29T11:32:22+00:00\" \/>\n<meta name=\"twitter:card\" content=\"summary_large_image\" \/>\n<meta name=\"twitter:label1\" content=\"Est. reading time\" \/>\n\t<meta name=\"twitter:data1\" content=\"4 minutes\" \/>\n<script type=\"application\/ld+json\" class=\"yoast-schema-graph\">{\"@context\":\"https:\/\/schema.org\",\"@graph\":[{\"@type\":\"WebPage\",\"@id\":\"https:\/\/www.cnh2.es\/en\/transparency\/contractor-profile\/\",\"url\":\"https:\/\/www.cnh2.es\/en\/transparency\/contractor-profile\/\",\"name\":\"Contractor\u2019s Profile - Centro Nacional del Hidr\u00f3geno\",\"isPartOf\":{\"@id\":\"https:\/\/www.cnh2.es\/#website\"},\"datePublished\":\"2018-11-27T07:48:04+00:00\",\"dateModified\":\"2018-11-29T11:32:22+00:00\",\"breadcrumb\":{\"@id\":\"https:\/\/www.cnh2.es\/en\/transparency\/contractor-profile\/#breadcrumb\"},\"inLanguage\":\"en-US\",\"potentialAction\":[{\"@type\":\"ReadAction\",\"target\":[\"https:\/\/www.cnh2.es\/en\/transparency\/contractor-profile\/\"]}]},{\"@type\":\"BreadcrumbList\",\"@id\":\"https:\/\/www.cnh2.es\/en\/transparency\/contractor-profile\/#breadcrumb\",\"itemListElement\":[{\"@type\":\"ListItem\",\"position\":1,\"name\":\"Home\",\"item\":\"https:\/\/www.cnh2.es\/en\/\"},{\"@type\":\"ListItem\",\"position\":2,\"name\":\"Transparency\",\"item\":\"https:\/\/www.cnh2.es\/en\/transparency\/\"},{\"@type\":\"ListItem\",\"position\":3,\"name\":\"Contractor\u2019s Profile\"}]},{\"@type\":\"WebSite\",\"@id\":\"https:\/\/www.cnh2.es\/#website\",\"url\":\"https:\/\/www.cnh2.es\/\",\"name\":\"Centro Nacional del Hidr\u00f3geno\",\"description\":\"El Centro Nacional del Hidr\u00f3geno (CNH2), es una instalaci\u00f3n de nueva creaci\u00f3n dedicada en exclusividad a la investigaci\u00f3n y desarrollo de las tecnolog\u00edas del...\",\"potentialAction\":[{\"@type\":\"SearchAction\",\"target\":{\"@type\":\"EntryPoint\",\"urlTemplate\":\"https:\/\/www.cnh2.es\/?s={search_term_string}\"},\"query-input\":{\"@type\":\"PropertyValueSpecification\",\"valueRequired\":true,\"valueName\":\"search_term_string\"}}],\"inLanguage\":\"en-US\"}]}<\/script>\n<!-- \/ Yoast SEO plugin. -->","yoast_head_json":{"title":"Contractor\u2019s Profile - Centro Nacional del Hidr\u00f3geno","robots":{"index":"index","follow":"follow","max-snippet":"max-snippet:-1","max-image-preview":"max-image-preview:large","max-video-preview":"max-video-preview:-1"},"canonical":"https:\/\/www.cnh2.es\/en\/transparency\/contractor-profile\/","og_locale":"en_US","og_type":"article","og_title":"Contractor\u2019s Profile - Centro Nacional del Hidr\u00f3geno","og_url":"https:\/\/www.cnh2.es\/en\/transparency\/contractor-profile\/","og_site_name":"Centro Nacional del Hidr\u00f3geno","article_modified_time":"2018-11-29T11:32:22+00:00","twitter_card":"summary_large_image","twitter_misc":{"Est. reading time":"4 minutes"},"schema":{"@context":"https:\/\/schema.org","@graph":[{"@type":"WebPage","@id":"https:\/\/www.cnh2.es\/en\/transparency\/contractor-profile\/","url":"https:\/\/www.cnh2.es\/en\/transparency\/contractor-profile\/","name":"Contractor\u2019s Profile - Centro Nacional del Hidr\u00f3geno","isPartOf":{"@id":"https:\/\/www.cnh2.es\/#website"},"datePublished":"2018-11-27T07:48:04+00:00","dateModified":"2018-11-29T11:32:22+00:00","breadcrumb":{"@id":"https:\/\/www.cnh2.es\/en\/transparency\/contractor-profile\/#breadcrumb"},"inLanguage":"en-US","potentialAction":[{"@type":"ReadAction","target":["https:\/\/www.cnh2.es\/en\/transparency\/contractor-profile\/"]}]},{"@type":"BreadcrumbList","@id":"https:\/\/www.cnh2.es\/en\/transparency\/contractor-profile\/#breadcrumb","itemListElement":[{"@type":"ListItem","position":1,"name":"Home","item":"https:\/\/www.cnh2.es\/en\/"},{"@type":"ListItem","position":2,"name":"Transparency","item":"https:\/\/www.cnh2.es\/en\/transparency\/"},{"@type":"ListItem","position":3,"name":"Contractor\u2019s Profile"}]},{"@type":"WebSite","@id":"https:\/\/www.cnh2.es\/#website","url":"https:\/\/www.cnh2.es\/","name":"Centro Nacional del Hidr\u00f3geno","description":"El Centro Nacional del Hidr\u00f3geno (CNH2), es una instalaci\u00f3n de nueva creaci\u00f3n dedicada en exclusividad a la investigaci\u00f3n y desarrollo de las tecnolog\u00edas del...","potentialAction":[{"@type":"SearchAction","target":{"@type":"EntryPoint","urlTemplate":"https:\/\/www.cnh2.es\/?s={search_term_string}"},"query-input":{"@type":"PropertyValueSpecification","valueRequired":true,"valueName":"search_term_string"}}],"inLanguage":"en-US"}]}},"_links":{"self":[{"href":"https:\/\/www.cnh2.es\/en\/wp-json\/wp\/v2\/pages\/2","targetHints":{"allow":["GET"]}}],"collection":[{"href":"https:\/\/www.cnh2.es\/en\/wp-json\/wp\/v2\/pages"}],"about":[{"href":"https:\/\/www.cnh2.es\/en\/wp-json\/wp\/v2\/types\/page"}],"author":[{"embeddable":true,"href":"https:\/\/www.cnh2.es\/en\/wp-json\/wp\/v2\/users\/1"}],"replies":[{"embeddable":true,"href":"https:\/\/www.cnh2.es\/en\/wp-json\/wp\/v2\/comments?post=2"}],"version-history":[{"count":0,"href":"https:\/\/www.cnh2.es\/en\/wp-json\/wp\/v2\/pages\/2\/revisions"}],"up":[{"embeddable":true,"href":"https:\/\/www.cnh2.es\/en\/wp-json\/wp\/v2\/pages\/1176"}],"wp:attachment":[{"href":"https:\/\/www.cnh2.es\/en\/wp-json\/wp\/v2\/media?parent=2"}],"curies":[{"name":"wp","href":"https:\/\/api.w.org\/{rel}","templated":true}]}}