{"id":16611,"date":"2019-02-07T07:09:54","date_gmt":"2019-02-07T07:09:54","guid":{"rendered":"https:\/\/www.cnh2.es\/seguridad\/"},"modified":"2019-02-07T07:12:42","modified_gmt":"2019-02-07T07:12:42","slug":"seguridad","status":"publish","type":"page","link":"https:\/\/www.cnh2.es\/en\/seguridad\/","title":{"rendered":"Security"},"content":{"rendered":"\n<style type=\"text\/css\" data-created_by=\"avia_inline_auto\" id=\"style-css-av-80ujn-b429b8449ca272e1e320a705807c3a61\">\n.avia-section.av-80ujn-b429b8449ca272e1e320a705807c3a61{\nbackground-repeat:no-repeat;\nbackground-image:url(https:\/\/www.cnh2.es\/wp-content\/uploads\/2019\/01\/03_normativa-y-seguridad_red-sensores-inal\u00e1mbricos_fugas-1030x773.jpg);\nbackground-position:50% 50%;\nbackground-attachment:fixed;\n}\n.avia-section.av-80ujn-b429b8449ca272e1e320a705807c3a61 .av-section-color-overlay{\nopacity:0.3;\nbackground-color:#000000;\n}\n<\/style>\n<div id='av_section_1'  class='avia-section av-80ujn-b429b8449ca272e1e320a705807c3a61 alternate_color avia-section-huge avia-no-border-styling  avia-builder-el-0  el_before_av_section  avia-builder-el-first  avia-full-stretch avia-bg-style-fixed av-section-color-overlay-active container_wrap sidebar_right'  data-section-bg-repeat='stretch'><div class=\"av-section-color-overlay-wrap\"><div class=\"av-section-color-overlay\"><\/div><div class='container av-section-cont-open' ><main  role=\"main\" itemprop=\"mainContentOfPage\"  class='template-page content  av-content-small alpha units'><div class='post-entry post-entry-type-page post-entry-16611'><div class='entry-content-wrapper clearfix'>\n\n<style type=\"text\/css\" data-created_by=\"avia_inline_auto\" id=\"style-css-av-22fn7v-cf51b2404f140e38e30154343a24bd49\">\n.flex_column.av-22fn7v-cf51b2404f140e38e30154343a24bd49{\nborder-radius:0px 0px 0px 0px;\npadding:0px 0px 0px 0px;\n}\n<\/style>\n<div  class='flex_column av-22fn7v-cf51b2404f140e38e30154343a24bd49 av_one_fifth  avia-builder-el-1  el_before_av_three_fifth  avia-builder-el-first  first flex_column_div av-zero-column-padding  '     ><\/div>\n<style type=\"text\/css\" data-created_by=\"avia_inline_auto\" id=\"style-css-av-1wuvlf-e89d32f7869bfd722a778ab703af3254\">\n.flex_column.av-1wuvlf-e89d32f7869bfd722a778ab703af3254{\nborder-radius:0px 0px 0px 0px;\npadding:0px 0px 0px 0px;\n}\n<\/style>\n<div  class='flex_column av-1wuvlf-e89d32f7869bfd722a778ab703af3254 av_three_fifth  avia-builder-el-2  el_after_av_one_fifth  el_before_av_one_fifth  flex_column_div av-zero-column-padding  '     ><style type=\"text\/css\" data-created_by=\"avia_inline_auto\" id=\"style-css-av-jrtj4osw-440bfd3d4f9f79424188cfbc670eeb48\">\n#top .av-special-heading.av-jrtj4osw-440bfd3d4f9f79424188cfbc670eeb48{\npadding-bottom:20px;\ncolor:#ffffff;\nfont-size:50px;\n}\nbody .av-special-heading.av-jrtj4osw-440bfd3d4f9f79424188cfbc670eeb48 .av-special-heading-tag .heading-char{\nfont-size:25px;\n}\n#top #wrap_all .av-special-heading.av-jrtj4osw-440bfd3d4f9f79424188cfbc670eeb48 .av-special-heading-tag{\nfont-size:50px;\n}\n.av-special-heading.av-jrtj4osw-440bfd3d4f9f79424188cfbc670eeb48 .special-heading-inner-border{\nborder-color:#ffffff;\n}\n.av-special-heading.av-jrtj4osw-440bfd3d4f9f79424188cfbc670eeb48 .av-subheading{\nfont-size:15px;\n}\n\n@media only screen and (min-width: 480px) and (max-width: 767px){ \n#top #wrap_all .av-special-heading.av-jrtj4osw-440bfd3d4f9f79424188cfbc670eeb48 .av-special-heading-tag{\nfont-size:0.8em;\n}\n}\n\n@media only screen and (max-width: 479px){ \n#top #wrap_all .av-special-heading.av-jrtj4osw-440bfd3d4f9f79424188cfbc670eeb48 .av-special-heading-tag{\nfont-size:0.8em;\n}\n}\n<\/style>\n<div  class='av-special-heading av-jrtj4osw-440bfd3d4f9f79424188cfbc670eeb48 av-special-heading-h2 custom-color-heading blockquote modern-quote modern-centered  avia-builder-el-3  avia-builder-el-no-sibling  av-inherit-size'><h2 class='av-special-heading-tag '  itemprop=\"headline\"  >Security<\/h2><div class=\"special-heading-border\"><div class=\"special-heading-inner-border\"><\/div><\/div><\/div><\/div>\n<style type=\"text\/css\" data-created_by=\"avia_inline_auto\" id=\"style-css-av-1dta9n-ebe1e04a511611ce70a1d66d02b0ea66\">\n.flex_column.av-1dta9n-ebe1e04a511611ce70a1d66d02b0ea66{\nborder-radius:0px 0px 0px 0px;\npadding:0px 0px 0px 0px;\n}\n<\/style>\n<div  class='flex_column av-1dta9n-ebe1e04a511611ce70a1d66d02b0ea66 av_one_fifth  avia-builder-el-4  el_after_av_three_fifth  avia-builder-el-last  flex_column_div av-zero-column-padding  '     ><\/div>\n\n<\/div><\/div><\/main><!-- close content main element --><\/div><\/div><\/div><div id='av_section_2'  class='avia-section av-24cyz1q-9415ebd2d2185c3a744aa6951085dbff main_color avia-section-default avia-no-border-styling  avia-builder-el-5  el_after_av_section  el_before_av_social_share  avia-bg-style-scroll container_wrap sidebar_right'  ><div class='container av-section-cont-open' ><div class='template-page content  av-content-small alpha units'><div class='post-entry post-entry-type-page post-entry-16611'><div class='entry-content-wrapper clearfix'>\n\n<style type=\"text\/css\" data-created_by=\"avia_inline_auto\" id=\"style-css-av-1id6ln2-9379c2e3150b3200d9cc3fd0f6689ca9\">\n.flex_column.av-1id6ln2-9379c2e3150b3200d9cc3fd0f6689ca9{\nborder-radius:0px 0px 0px 0px;\npadding:0px 0px 0px 0px;\n}\n<\/style>\n<div  class='flex_column av-1id6ln2-9379c2e3150b3200d9cc3fd0f6689ca9 av_one_full  avia-builder-el-6  avia-builder-el-no-sibling  first flex_column_div av-zero-column-padding  '     ><section  class='av_textblock_section av-jrt7jss9-306d89ae04b1fdcb77a290ef5623594e '   itemscope=\"itemscope\" itemtype=\"https:\/\/schema.org\/CreativeWork\" ><div class='avia_textblock'  itemprop=\"text\" ><p>Similarly to other fuels, as natural gas or petrol, security is one of the prime issues to be considered when handling hydrogen. Security is a crosscutting matter that must be considered at any stage of the use of hydrogen as an energy carrier, this is: production, transport, storage, distribution and final use. This is why normative, standards, technical specifications, codes of practice and regulations on hydrogen and fuel cells are required. Some of those regulations can be found by following the links below:<\/p>\n<ul>\n<li><u><a href=\"http:\/\/www.hysafe.org\/\">http:\/\/www.hysafe.org\/<\/a><\/u><\/li>\n<li><u><a href=\"http:\/\/www.boe.es\/diario_boe\/\">http:\/\/www.boe.es\/diario_boe\/<\/a><\/u><\/li>\n<li><u><a href=\"http:\/\/www.aenor.es\/aenor\/normas\/buscadornormas\/buscadornormas.asp\">http:\/\/www.aenor.es\/aenor\/normas\/buscadornormas\/buscadornormas.asp<\/a><\/u><\/li>\n<li><u><a href=\"http:\/\/www.iso.org\/iso\/iso_catalogue.htm\">http:\/\/www.iso.org\/iso\/iso_catalogue.htm<\/a><\/u><\/li>\n<li><u><a href=\"http:\/\/www.iec.ch\/http:\/www.fuelcellstandards.com\">http:\/\/www.iec.ch\/http:\/\/www.fuelcellstandards.com<\/a><\/u>\/<\/li>\n<li><u><a href=\"http:\/\/www.hydrogenandfuelcellsafety.info\/\">http:\/\/www.hydrogenandfuelcellsafety.info\/<\/a><\/u><\/li>\n<\/ul>\n<p>Pure hydrogen combustion produces, exclusively, heat and water. As no carbon is produced and the water is vaporized into steam absorbing large amounts of heat, hydrogen fire transfers less heat to the surroundings than hydrocarbon fuel fires.<br \/>\nHydrogen has a wide flammability range (concentration in air between 4% and 74% by volume) and very low minimum ignition energy (0.02 mJ). For example, at concentrations below 10%v the ignition energy increases up to the ignition energy values of natural gas or petrol, which are widely used in everyday applications and solutions nowadays..<\/p>\n<p>Hydrogen has a lower explosion risk rather than other fuels as it becomes explosive for concentrations in air between 18.3%v and 59%v while petrol vapour may explode at concentration levels slightly above 1%v. Furthermore, while hydrogen tends to disperse very quickly upwards into the atmosphere, propane, petrol vapour and other heavier gases accumulate close to the ground surface increasing, therefore, the risk of explosion.<br \/>\nFinally, it is important to remind that hydrogen is not toxic, is not a contaminant, it does not stain or smell, and, with current available technology, it doesn\u2019t harm the environment.<\/p>\n<\/div><\/section><\/div><\/div><\/div><\/div><!-- close content main div --><\/div><\/div><div id='after_section_2'  class='main_color av_default_container_wrap container_wrap sidebar_right'  ><div class='container av-section-cont-open' ><div class='template-page content  av-content-small alpha units'><div class='post-entry post-entry-type-page post-entry-16611'><div class='entry-content-wrapper clearfix'><div  class='av-social-sharing-box av-2ghd7y-59a845b2f813ad03d498bf86d0bc246a av-social-sharing-box-default  avia-builder-el-8  el_after_av_section  avia-builder-el-no-sibling  av-social-sharing-box-fullwidth'><div class=\"av-share-box\"><h5 class='av-share-link-description av-no-toc '>Share this page<\/h5><ul class=\"av-share-box-list noLightbox\"><li class='av-share-link av-social-link-facebook' ><a target=\"_blank\" aria-label=\"Share on Facebook\" href='https:\/\/www.facebook.com\/sharer.php?u=https:\/\/www.cnh2.es\/en\/seguridad\/&#038;t=Security' aria-hidden='false' data-av_icon='\ue8f3' data-av_iconfont='entypo-fontello' title='' data-avia-related-tooltip='Share on Facebook'><span class='avia_hidden_link_text'>Share on Facebook<\/span><\/a><\/li><li class='av-share-link av-social-link-twitter' ><a target=\"_blank\" aria-label=\"Share on X\" href='https:\/\/twitter.com\/share?text=Security&#038;url=https:\/\/www.cnh2.es\/en\/?p=16611' aria-hidden='false' data-av_icon='\ue932' data-av_iconfont='entypo-fontello' title='' data-avia-related-tooltip='Share on X'><span class='avia_hidden_link_text'>Share on X<\/span><\/a><\/li><li class='av-share-link av-social-link-square-x-twitter' ><a target=\"_blank\" aria-label=\"Share on X\" href='https:\/\/twitter.com\/share?text=Security&#038;url=https:\/\/www.cnh2.es\/en\/?p=16611' aria-hidden='false' data-av_icon='\ue933' data-av_iconfont='entypo-fontello' title='' data-avia-related-tooltip='Share on X'><span class='avia_hidden_link_text'>Share on X<\/span><\/a><\/li><li class='av-share-link av-social-link-whatsapp' ><a target=\"_blank\" aria-label=\"Share on WhatsApp\" href='https:\/\/api.whatsapp.com\/send?text=https:\/\/www.cnh2.es\/en\/seguridad\/' aria-hidden='false' data-av_icon='\uf232' data-av_iconfont='entypo-fontello' title='' data-avia-related-tooltip='Share on WhatsApp'><span class='avia_hidden_link_text'>Share on WhatsApp<\/span><\/a><\/li><li class='av-share-link av-social-link-linkedin' ><a target=\"_blank\" aria-label=\"Share on LinkedIn\" href='https:\/\/linkedin.com\/shareArticle?mini=true&#038;title=Security&#038;url=https:\/\/www.cnh2.es\/en\/seguridad\/' aria-hidden='false' data-av_icon='\ue8fc' data-av_iconfont='entypo-fontello' title='' data-avia-related-tooltip='Share on LinkedIn'><span class='avia_hidden_link_text'>Share on LinkedIn<\/span><\/a><\/li><li class='av-share-link av-social-link-mail' ><a  aria-label=\"Share by Mail\" href='mailto:?subject=Security&#038;body=https:\/\/www.cnh2.es\/en\/seguridad\/' aria-hidden='false' data-av_icon='\ue805' data-av_iconfont='entypo-fontello' title='' data-avia-related-tooltip='Share by Mail'><span class='avia_hidden_link_text'>Share by Mail<\/span><\/a><\/li><li class='av-share-link av-social-link-vimeo' ><a target=\"_blank\" aria-label=\"Link to Vimeo\" href='http:\/\/www.vimeo.com\/cnh2' aria-hidden='false' data-av_icon='\ue8ef' data-av_iconfont='entypo-fontello' title='' data-avia-related-tooltip='Link to Vimeo'><span class='avia_hidden_link_text'>Link to Vimeo<\/span><\/a><\/li><li class='av-share-link av-social-link-youtube' ><a target=\"_blank\" aria-label=\"Link to Youtube\" href='http:\/\/www.youtube.com\/cnh2es' aria-hidden='false' data-av_icon='\uf16a' data-av_iconfont='entypo-fontello' title='' data-avia-related-tooltip='Link to Youtube'><span class='avia_hidden_link_text'>Link to Youtube<\/span><\/a><\/li><\/ul><\/div><\/div><\/p>\n","protected":false},"excerpt":{"rendered":"","protected":false},"author":2,"featured_media":0,"parent":0,"menu_order":0,"comment_status":"closed","ping_status":"closed","template":"","meta":{"_lmt_disableupdate":"","_lmt_disable":"","footnotes":""},"class_list":["post-16611","page","type-page","status-publish","hentry"],"yoast_head":"<!-- This site is optimized with the Yoast SEO plugin v27.4 - https:\/\/yoast.com\/product\/yoast-seo-wordpress\/ -->\n<title>Security - Centro Nacional del Hidr\u00f3geno<\/title>\n<meta name=\"robots\" content=\"index, follow, max-snippet:-1, max-image-preview:large, max-video-preview:-1\" \/>\n<link rel=\"canonical\" href=\"https:\/\/www.cnh2.es\/en\/seguridad\/\" \/>\n<meta property=\"og:locale\" content=\"en_US\" \/>\n<meta property=\"og:type\" content=\"article\" \/>\n<meta property=\"og:title\" content=\"Security - Centro Nacional del Hidr\u00f3geno\" \/>\n<meta property=\"og:url\" content=\"https:\/\/www.cnh2.es\/en\/seguridad\/\" \/>\n<meta property=\"og:site_name\" content=\"Centro Nacional del Hidr\u00f3geno\" \/>\n<meta property=\"article:modified_time\" content=\"2019-02-07T07:12:42+00:00\" \/>\n<meta name=\"twitter:card\" content=\"summary_large_image\" \/>\n<meta name=\"twitter:label1\" content=\"Est. reading time\" \/>\n\t<meta name=\"twitter:data1\" content=\"5 minutes\" \/>\n<script type=\"application\/ld+json\" class=\"yoast-schema-graph\">{\"@context\":\"https:\\\/\\\/schema.org\",\"@graph\":[{\"@type\":\"WebPage\",\"@id\":\"https:\\\/\\\/www.cnh2.es\\\/en\\\/seguridad\\\/\",\"url\":\"https:\\\/\\\/www.cnh2.es\\\/en\\\/seguridad\\\/\",\"name\":\"Security - Centro Nacional del Hidr\u00f3geno\",\"isPartOf\":{\"@id\":\"https:\\\/\\\/www.cnh2.es\\\/#website\"},\"datePublished\":\"2019-02-07T07:09:54+00:00\",\"dateModified\":\"2019-02-07T07:12:42+00:00\",\"breadcrumb\":{\"@id\":\"https:\\\/\\\/www.cnh2.es\\\/en\\\/seguridad\\\/#breadcrumb\"},\"inLanguage\":\"en-US\",\"potentialAction\":[{\"@type\":\"ReadAction\",\"target\":[\"https:\\\/\\\/www.cnh2.es\\\/en\\\/seguridad\\\/\"]}]},{\"@type\":\"BreadcrumbList\",\"@id\":\"https:\\\/\\\/www.cnh2.es\\\/en\\\/seguridad\\\/#breadcrumb\",\"itemListElement\":[{\"@type\":\"ListItem\",\"position\":1,\"name\":\"Home\",\"item\":\"https:\\\/\\\/www.cnh2.es\\\/en\\\/\"},{\"@type\":\"ListItem\",\"position\":2,\"name\":\"Security\"}]},{\"@type\":\"WebSite\",\"@id\":\"https:\\\/\\\/www.cnh2.es\\\/#website\",\"url\":\"https:\\\/\\\/www.cnh2.es\\\/\",\"name\":\"Centro Nacional del Hidr\u00f3geno\",\"description\":\"El Centro Nacional del Hidr\u00f3geno (CNH2), es una instalaci\u00f3n de nueva creaci\u00f3n dedicada en exclusividad a la investigaci\u00f3n y desarrollo de las tecnolog\u00edas del...\",\"potentialAction\":[{\"@type\":\"SearchAction\",\"target\":{\"@type\":\"EntryPoint\",\"urlTemplate\":\"https:\\\/\\\/www.cnh2.es\\\/?s={search_term_string}\"},\"query-input\":{\"@type\":\"PropertyValueSpecification\",\"valueRequired\":true,\"valueName\":\"search_term_string\"}}],\"inLanguage\":\"en-US\"}]}<\/script>\n<!-- \/ Yoast SEO plugin. -->","yoast_head_json":{"title":"Security - Centro Nacional del Hidr\u00f3geno","robots":{"index":"index","follow":"follow","max-snippet":"max-snippet:-1","max-image-preview":"max-image-preview:large","max-video-preview":"max-video-preview:-1"},"canonical":"https:\/\/www.cnh2.es\/en\/seguridad\/","og_locale":"en_US","og_type":"article","og_title":"Security - Centro Nacional del Hidr\u00f3geno","og_url":"https:\/\/www.cnh2.es\/en\/seguridad\/","og_site_name":"Centro Nacional del Hidr\u00f3geno","article_modified_time":"2019-02-07T07:12:42+00:00","twitter_card":"summary_large_image","twitter_misc":{"Est. reading time":"5 minutes"},"schema":{"@context":"https:\/\/schema.org","@graph":[{"@type":"WebPage","@id":"https:\/\/www.cnh2.es\/en\/seguridad\/","url":"https:\/\/www.cnh2.es\/en\/seguridad\/","name":"Security - Centro Nacional del Hidr\u00f3geno","isPartOf":{"@id":"https:\/\/www.cnh2.es\/#website"},"datePublished":"2019-02-07T07:09:54+00:00","dateModified":"2019-02-07T07:12:42+00:00","breadcrumb":{"@id":"https:\/\/www.cnh2.es\/en\/seguridad\/#breadcrumb"},"inLanguage":"en-US","potentialAction":[{"@type":"ReadAction","target":["https:\/\/www.cnh2.es\/en\/seguridad\/"]}]},{"@type":"BreadcrumbList","@id":"https:\/\/www.cnh2.es\/en\/seguridad\/#breadcrumb","itemListElement":[{"@type":"ListItem","position":1,"name":"Home","item":"https:\/\/www.cnh2.es\/en\/"},{"@type":"ListItem","position":2,"name":"Security"}]},{"@type":"WebSite","@id":"https:\/\/www.cnh2.es\/#website","url":"https:\/\/www.cnh2.es\/","name":"Centro Nacional del Hidr\u00f3geno","description":"El Centro Nacional del Hidr\u00f3geno (CNH2), es una instalaci\u00f3n de nueva creaci\u00f3n dedicada en exclusividad a la investigaci\u00f3n y desarrollo de las tecnolog\u00edas del...","potentialAction":[{"@type":"SearchAction","target":{"@type":"EntryPoint","urlTemplate":"https:\/\/www.cnh2.es\/?s={search_term_string}"},"query-input":{"@type":"PropertyValueSpecification","valueRequired":true,"valueName":"search_term_string"}}],"inLanguage":"en-US"}]}},"_links":{"self":[{"href":"https:\/\/www.cnh2.es\/en\/wp-json\/wp\/v2\/pages\/16611","targetHints":{"allow":["GET"]}}],"collection":[{"href":"https:\/\/www.cnh2.es\/en\/wp-json\/wp\/v2\/pages"}],"about":[{"href":"https:\/\/www.cnh2.es\/en\/wp-json\/wp\/v2\/types\/page"}],"author":[{"embeddable":true,"href":"https:\/\/www.cnh2.es\/en\/wp-json\/wp\/v2\/users\/2"}],"replies":[{"embeddable":true,"href":"https:\/\/www.cnh2.es\/en\/wp-json\/wp\/v2\/comments?post=16611"}],"version-history":[{"count":0,"href":"https:\/\/www.cnh2.es\/en\/wp-json\/wp\/v2\/pages\/16611\/revisions"}],"wp:attachment":[{"href":"https:\/\/www.cnh2.es\/en\/wp-json\/wp\/v2\/media?parent=16611"}],"curies":[{"name":"wp","href":"https:\/\/api.w.org\/{rel}","templated":true}]}}