{"id":16597,"date":"2019-02-07T07:00:34","date_gmt":"2019-02-07T07:00:34","guid":{"rendered":"https:\/\/www.cnh2.es\/?page_id=16597"},"modified":"2019-02-07T07:04:51","modified_gmt":"2019-02-07T07:04:51","slug":"pilas-de-combustible","status":"publish","type":"page","link":"https:\/\/www.cnh2.es\/en\/pilas-de-combustible\/","title":{"rendered":"Fuel Cells"},"content":{"rendered":"\n<style type=\"text\/css\" data-created_by=\"avia_inline_auto\" id=\"style-css-av-80ujn-64e545487b04cd86c5e4a272a2d9bf0d\">\n.avia-section.av-80ujn-64e545487b04cd86c5e4a272a2d9bf0d{\nbackground-repeat:no-repeat;\nbackground-image:url(https:\/\/www.cnh2.es\/wp-content\/uploads\/2018\/12\/slide1-1030x601.jpg);\nbackground-position:0% 50%;\nbackground-attachment:fixed;\n}\n.avia-section.av-80ujn-64e545487b04cd86c5e4a272a2d9bf0d .av-section-color-overlay{\nopacity:0.3;\nbackground-color:#000000;\n}\n<\/style>\n<div id='av_section_1'  class='avia-section av-80ujn-64e545487b04cd86c5e4a272a2d9bf0d alternate_color avia-section-huge avia-no-border-styling  avia-builder-el-0  el_before_av_section  avia-builder-el-first  avia-full-stretch avia-bg-style-fixed av-section-color-overlay-active container_wrap sidebar_right'  data-section-bg-repeat='stretch'><div class=\"av-section-color-overlay-wrap\"><div class=\"av-section-color-overlay\"><\/div><div class='container av-section-cont-open' ><main  role=\"main\" itemprop=\"mainContentOfPage\"  class='template-page content  av-content-small alpha units'><div class='post-entry post-entry-type-page post-entry-16597'><div class='entry-content-wrapper clearfix'>\n\n<style type=\"text\/css\" data-created_by=\"avia_inline_auto\" id=\"style-css-av-22fn7v-cf51b2404f140e38e30154343a24bd49\">\n.flex_column.av-22fn7v-cf51b2404f140e38e30154343a24bd49{\nborder-radius:0px 0px 0px 0px;\npadding:0px 0px 0px 0px;\n}\n<\/style>\n<div  class='flex_column av-22fn7v-cf51b2404f140e38e30154343a24bd49 av_one_fifth  avia-builder-el-1  el_before_av_three_fifth  avia-builder-el-first  first flex_column_div av-zero-column-padding  '     ><\/div>\n<style type=\"text\/css\" data-created_by=\"avia_inline_auto\" id=\"style-css-av-1wuvlf-e89d32f7869bfd722a778ab703af3254\">\n.flex_column.av-1wuvlf-e89d32f7869bfd722a778ab703af3254{\nborder-radius:0px 0px 0px 0px;\npadding:0px 0px 0px 0px;\n}\n<\/style>\n<div  class='flex_column av-1wuvlf-e89d32f7869bfd722a778ab703af3254 av_three_fifth  avia-builder-el-2  el_after_av_one_fifth  el_before_av_one_fifth  flex_column_div av-zero-column-padding  '     ><style type=\"text\/css\" data-created_by=\"avia_inline_auto\" id=\"style-css-av-jrtizjm3-0ce04b91561334d2cfde5b30945dadd7\">\n#top .av-special-heading.av-jrtizjm3-0ce04b91561334d2cfde5b30945dadd7{\npadding-bottom:20px;\ncolor:#ffffff;\nfont-size:50px;\n}\nbody .av-special-heading.av-jrtizjm3-0ce04b91561334d2cfde5b30945dadd7 .av-special-heading-tag .heading-char{\nfont-size:25px;\n}\n#top #wrap_all .av-special-heading.av-jrtizjm3-0ce04b91561334d2cfde5b30945dadd7 .av-special-heading-tag{\nfont-size:50px;\n}\n.av-special-heading.av-jrtizjm3-0ce04b91561334d2cfde5b30945dadd7 .special-heading-inner-border{\nborder-color:#ffffff;\n}\n.av-special-heading.av-jrtizjm3-0ce04b91561334d2cfde5b30945dadd7 .av-subheading{\nfont-size:15px;\n}\n\n@media only screen and (min-width: 480px) and (max-width: 767px){ \n#top #wrap_all .av-special-heading.av-jrtizjm3-0ce04b91561334d2cfde5b30945dadd7 .av-special-heading-tag{\nfont-size:0.8em;\n}\n}\n\n@media only screen and (max-width: 479px){ \n#top #wrap_all .av-special-heading.av-jrtizjm3-0ce04b91561334d2cfde5b30945dadd7 .av-special-heading-tag{\nfont-size:0.8em;\n}\n}\n<\/style>\n<div  class='av-special-heading av-jrtizjm3-0ce04b91561334d2cfde5b30945dadd7 av-special-heading-h2 custom-color-heading blockquote modern-quote modern-centered  avia-builder-el-3  avia-builder-el-no-sibling  av-inherit-size'><h2 class='av-special-heading-tag '  itemprop=\"headline\"  >Fuel Cells<\/h2><div class=\"special-heading-border\"><div class=\"special-heading-inner-border\"><\/div><\/div><\/div><\/div>\n<style type=\"text\/css\" data-created_by=\"avia_inline_auto\" id=\"style-css-av-1dta9n-ebe1e04a511611ce70a1d66d02b0ea66\">\n.flex_column.av-1dta9n-ebe1e04a511611ce70a1d66d02b0ea66{\nborder-radius:0px 0px 0px 0px;\npadding:0px 0px 0px 0px;\n}\n<\/style>\n<div  class='flex_column av-1dta9n-ebe1e04a511611ce70a1d66d02b0ea66 av_one_fifth  avia-builder-el-4  el_after_av_three_fifth  avia-builder-el-last  flex_column_div av-zero-column-padding  '     ><\/div>\n\n<\/div><\/div><\/main><!-- close content main element --><\/div><\/div><\/div><div id='av_section_2'  class='avia-section av-24cyz1q-9415ebd2d2185c3a744aa6951085dbff main_color avia-section-default avia-no-border-styling  avia-builder-el-5  el_after_av_section  el_before_av_section  avia-bg-style-scroll container_wrap sidebar_right'  ><div class='container av-section-cont-open' ><div class='template-page content  av-content-small alpha units'><div class='post-entry post-entry-type-page post-entry-16597'><div class='entry-content-wrapper clearfix'>\n\n<style type=\"text\/css\" data-created_by=\"avia_inline_auto\" id=\"style-css-av-1id6ln2-9379c2e3150b3200d9cc3fd0f6689ca9\">\n.flex_column.av-1id6ln2-9379c2e3150b3200d9cc3fd0f6689ca9{\nborder-radius:0px 0px 0px 0px;\npadding:0px 0px 0px 0px;\n}\n<\/style>\n<div  class='flex_column av-1id6ln2-9379c2e3150b3200d9cc3fd0f6689ca9 av_three_fourth  avia-builder-el-6  el_before_av_one_fourth  avia-builder-el-first  first flex_column_div av-zero-column-padding  '     ><p>\n<style type=\"text\/css\" data-created_by=\"avia_inline_auto\" id=\"style-css-av-jru9fzyi-d049f24b0cb46b80074f976d88f93b7a\">\n#top .av-special-heading.av-jru9fzyi-d049f24b0cb46b80074f976d88f93b7a{\npadding-bottom:10px;\n}\nbody .av-special-heading.av-jru9fzyi-d049f24b0cb46b80074f976d88f93b7a .av-special-heading-tag .heading-char{\nfont-size:25px;\n}\n.av-special-heading.av-jru9fzyi-d049f24b0cb46b80074f976d88f93b7a .av-subheading{\nfont-size:15px;\n}\n<\/style>\n<div  class='av-special-heading av-jru9fzyi-d049f24b0cb46b80074f976d88f93b7a av-special-heading-h3  avia-builder-el-7  el_before_av_textblock  avia-builder-el-first  av-thin-font'><h3 class='av-special-heading-tag '  itemprop=\"headline\"  ><strong>WHAT IS FUEL CELLS?<\/strong><\/h3><div class=\"special-heading-border\"><div class=\"special-heading-inner-border\"><\/div><\/div><\/div><br \/>\n<section  class='av_textblock_section av-jrt7jss9-306d89ae04b1fdcb77a290ef5623594e '   itemscope=\"itemscope\" itemtype=\"https:\/\/schema.org\/CreativeWork\" ><div class='avia_textblock'  itemprop=\"text\" ><p>A fuel cell is an electrochemical device that directly converts chemical energy into electricity. It parts from a reactive fuel (usually hydrogen) and an oxidizer (in many cases oxygen) to produce water, electricity (DC) and heat.<br \/>\nIt has several parts:<\/p>\n<ul>\n<li><strong>Electrodes<\/strong> (anode, where the H2 is reduced and cathode, where H+ reacts with O2)<\/li>\n<li><strong>Electrolyte<\/strong> (separate the gases, allowing the passage of H+ ions to the cathode and separate e-)<\/li>\n<li><strong>Bipolar plates <\/strong>(separate the cells, \u201clead\u201d the gases and evacuate the H2O)<\/li>\n<\/ul>\n<p>The reactions that take place in each of the <strong>electrodes are:<\/strong><\/p>\n<p><em>Anode reaction:<\/em> H2 \u2013&gt;2H+ + 2e-<br \/>\n<em>Cathode reaction: <\/em>\u00bd O2 + 2H+ + 2e- \u2013&gt; H2O<br \/>\n<em>Global reaction:<\/em> H2 + \u00bd O2 \u2013&gt; H2O<\/p>\n<p>On the anode side, hydrogen dissociates into protons and electrons. The protons are leaded through the membrane to the cathode, but the electrons are forced to go through an external circuit (producing power) because the membrane is electrically isolated. In the cathode catalyst, oxygen molecules react with electrons (leaded through the external circuit) and protons forming water. In this case, the only waste product is water vapor or liquid water.<\/p>\n<\/div><\/section><\/p><\/div>\n<style type=\"text\/css\" data-created_by=\"avia_inline_auto\" id=\"style-css-av-4tx2j2-561c39682e42950f193409e18cb7620b\">\n.flex_column.av-4tx2j2-561c39682e42950f193409e18cb7620b{\nborder-radius:0px 0px 0px 0px;\npadding:0px 0px 0px 0px;\n}\n<\/style>\n<div  class='flex_column av-4tx2j2-561c39682e42950f193409e18cb7620b av_one_fourth  avia-builder-el-9  el_after_av_three_fourth  avia-builder-el-last  flex_column_div av-zero-column-padding  '     ><style type=\"text\/css\" data-created_by=\"avia_inline_auto\" id=\"style-css-av-ibqs5q-5b0588c386ae3900a6b5debea5524f69\">\n.avia-image-container.av-ibqs5q-5b0588c386ae3900a6b5debea5524f69 img.avia_image{\nbox-shadow:none;\n}\n.avia-image-container.av-ibqs5q-5b0588c386ae3900a6b5debea5524f69 .av-image-caption-overlay-center{\ncolor:#ffffff;\n}\n<\/style>\n<div  class='avia-image-container av-ibqs5q-5b0588c386ae3900a6b5debea5524f69 av-styling- avia-align-center  avia-builder-el-10  avia-builder-el-no-sibling '   itemprop=\"image\" itemscope=\"itemscope\" itemtype=\"https:\/\/schema.org\/ImageObject\" ><div class=\"avia-image-container-inner\"><div class=\"avia-image-overlay-wrap\"><img fetchpriority=\"high\" class='wp-image-16590 avia-img-lazy-loading-not-16590 avia_image ' src='https:\/\/www.cnh2.es\/wp-content\/uploads\/2019\/02\/info_pila-de-combustible.png' alt='' title='info_pila de combustible'  height=\"276\" width=\"300\"  itemprop=\"thumbnailUrl\"  \/><\/div><\/div><\/div><\/div>\n\n<\/div><\/div><\/div><!-- close content main div --><\/div><\/div><div id='av_section_3'  class='avia-section av-24cyz1q-9415ebd2d2185c3a744aa6951085dbff main_color avia-section-default avia-no-border-styling  avia-builder-el-11  el_after_av_section  el_before_av_section  avia-bg-style-scroll container_wrap sidebar_right'  ><div class='container av-section-cont-open' ><div class='template-page content  av-content-small alpha units'><div class='post-entry post-entry-type-page post-entry-16597'><div class='entry-content-wrapper clearfix'>\n\n<style type=\"text\/css\" data-created_by=\"avia_inline_auto\" id=\"style-css-av-1id6ln2-9379c2e3150b3200d9cc3fd0f6689ca9\">\n.flex_column.av-1id6ln2-9379c2e3150b3200d9cc3fd0f6689ca9{\nborder-radius:0px 0px 0px 0px;\npadding:0px 0px 0px 0px;\n}\n<\/style>\n<div  class='flex_column av-1id6ln2-9379c2e3150b3200d9cc3fd0f6689ca9 av_one_full  avia-builder-el-12  el_before_av_one_full  avia-builder-el-first  first flex_column_div av-zero-column-padding  '     ><p>\n<style type=\"text\/css\" data-created_by=\"avia_inline_auto\" id=\"style-css-av-jru9lvv7-3241293230db875cf89ebce151a07a7a\">\n#top .av-special-heading.av-jru9lvv7-3241293230db875cf89ebce151a07a7a{\npadding-bottom:10px;\n}\nbody .av-special-heading.av-jru9lvv7-3241293230db875cf89ebce151a07a7a .av-special-heading-tag .heading-char{\nfont-size:25px;\n}\n.av-special-heading.av-jru9lvv7-3241293230db875cf89ebce151a07a7a .av-subheading{\nfont-size:15px;\n}\n<\/style>\n<div  class='av-special-heading av-jru9lvv7-3241293230db875cf89ebce151a07a7a av-special-heading-h3  avia-builder-el-13  el_before_av_textblock  avia-builder-el-first  av-thin-font'><h3 class='av-special-heading-tag '  itemprop=\"headline\"  ><strong>FUEL CELLS TYPES<\/strong><\/h3><div class=\"special-heading-border\"><div class=\"special-heading-inner-border\"><\/div><\/div><\/div><br \/>\n<section  class='av_textblock_section av-jrt7jss9-306d89ae04b1fdcb77a290ef5623594e '   itemscope=\"itemscope\" itemtype=\"https:\/\/schema.org\/CreativeWork\" ><div class='avia_textblock'  itemprop=\"text\" ><p>Fuel cells are classified primarily by the kind of electrolyte they use. This determines the kind of chemical reactions that take place in the cell, the kind of catalysts required to enable the reaction, the temperature range in which the cell operates, and the fuel required. These characteristics, in turn, affect the applications for which these cells are most suitable.<\/p>\n<p>There are several types of fuel cells, each with its own advantages, properties and potential applications, as summarized in the following table:<\/p>\n<\/div><\/section><\/p><\/div>\n<style type=\"text\/css\" data-created_by=\"avia_inline_auto\" id=\"style-css-av-4tx2j2-fa7b8496552396778e08264adfc9d410\">\n.flex_column.av-4tx2j2-fa7b8496552396778e08264adfc9d410{\nborder-radius:0px 0px 0px 0px;\npadding:0px 0px 0px 0px;\n}\n<\/style>\n<div  class='flex_column av-4tx2j2-fa7b8496552396778e08264adfc9d410 av_one_full  avia-builder-el-15  el_after_av_one_full  avia-builder-el-last  first flex_column_div av-zero-column-padding  column-top-margin'     ><style type=\"text\/css\" data-created_by=\"avia_inline_auto\" id=\"style-css-av-ibqs5q-88437d0b66a24382f2eee8dad1aaa818\">\n.avia-image-container.av-ibqs5q-88437d0b66a24382f2eee8dad1aaa818 img.avia_image{\nbox-shadow:none;\n}\n.avia-image-container.av-ibqs5q-88437d0b66a24382f2eee8dad1aaa818 .av-image-caption-overlay-center{\ncolor:#ffffff;\n}\n<\/style>\n<div  class='avia-image-container av-ibqs5q-88437d0b66a24382f2eee8dad1aaa818 av-styling- avia-align-center  avia-builder-el-16  avia-builder-el-no-sibling '   itemprop=\"image\" itemscope=\"itemscope\" itemtype=\"https:\/\/schema.org\/ImageObject\" ><div class=\"avia-image-container-inner\"><div class=\"avia-image-overlay-wrap\"><img fetchpriority=\"high\" class='wp-image-16593 avia-img-lazy-loading-not-16593 avia_image ' src='https:\/\/www.cnh2.es\/wp-content\/uploads\/2019\/02\/tipos_pilas-de-combustible.png' alt='' title='tipos_pilas de combustible'  height=\"289\" width=\"940\"  itemprop=\"thumbnailUrl\"  \/><\/div><\/div><\/div><\/div>\n\n<\/div><\/div><\/div><!-- close content main div --><\/div><\/div><div id='av_section_4'  class='avia-section av-24cyz1q-9415ebd2d2185c3a744aa6951085dbff main_color avia-section-default avia-no-border-styling  avia-builder-el-17  el_after_av_section  el_before_av_social_share  avia-bg-style-scroll container_wrap sidebar_right'  ><div class='container av-section-cont-open' ><div class='template-page content  av-content-small alpha units'><div class='post-entry post-entry-type-page post-entry-16597'><div class='entry-content-wrapper clearfix'>\n\n<style type=\"text\/css\" data-created_by=\"avia_inline_auto\" id=\"style-css-av-1id6ln2-9379c2e3150b3200d9cc3fd0f6689ca9\">\n.flex_column.av-1id6ln2-9379c2e3150b3200d9cc3fd0f6689ca9{\nborder-radius:0px 0px 0px 0px;\npadding:0px 0px 0px 0px;\n}\n<\/style>\n<div  class='flex_column av-1id6ln2-9379c2e3150b3200d9cc3fd0f6689ca9 av_one_full  avia-builder-el-18  avia-builder-el-no-sibling  first flex_column_div av-zero-column-padding  '     ><p>\n<style type=\"text\/css\" data-created_by=\"avia_inline_auto\" id=\"style-css-av-jru9ps7e-480ed719bc6e9ad40c6d74eb47b5b8ec\">\n#top .av-special-heading.av-jru9ps7e-480ed719bc6e9ad40c6d74eb47b5b8ec{\npadding-bottom:10px;\n}\nbody .av-special-heading.av-jru9ps7e-480ed719bc6e9ad40c6d74eb47b5b8ec .av-special-heading-tag .heading-char{\nfont-size:25px;\n}\n.av-special-heading.av-jru9ps7e-480ed719bc6e9ad40c6d74eb47b5b8ec .av-subheading{\nfont-size:15px;\n}\n<\/style>\n<div  class='av-special-heading av-jru9ps7e-480ed719bc6e9ad40c6d74eb47b5b8ec av-special-heading-h3  avia-builder-el-19  el_before_av_textblock  avia-builder-el-first  av-thin-font'><h3 class='av-special-heading-tag '  itemprop=\"headline\"  ><strong>FUEL CELLS APPLICATIONS<\/strong><\/h3><div class=\"special-heading-border\"><div class=\"special-heading-inner-border\"><\/div><\/div><\/div><br \/>\n<section  class='av_textblock_section av-jrt7jss9-306d89ae04b1fdcb77a290ef5623594e '   itemscope=\"itemscope\" itemtype=\"https:\/\/schema.org\/CreativeWork\" ><div class='avia_textblock'  itemprop=\"text\" ><p>Fuel cells comprise a wide <strong>variety of applications:<\/strong><\/p>\n<ul>\n<li><strong>Portable<\/strong>, oriented to small electrical devices, increasingly abundant around us (computers, Smart phones, small appliances).<\/li>\n<li><strong>Stationary systems<\/strong>, after using the hydrogen as storage system it can be used to generate electricity and heat to businesses, hospitals, residential areas and power generators in emergency cases when the main supply fails.<\/li>\n<li><strong>Transport applications<\/strong>, the use of hydrogen as fuel in fuel cells for electric vehicles of all kinds (cars, buses, ships) are contemplated, appearing with increasing frequency, prototypes and test models powered by these technologies. It is expected even marketing these vehicles for the coming years.<\/li>\n<\/ul>\n<\/div><\/section><\/p><\/div>\n<\/div><\/div><\/div><!-- close content main div --><\/div><\/div><div id='after_section_4'  class='main_color av_default_container_wrap container_wrap sidebar_right'  ><div class='container av-section-cont-open' ><div class='template-page content  av-content-small alpha units'><div class='post-entry post-entry-type-page post-entry-16597'><div class='entry-content-wrapper clearfix'>\n<div  class='av-social-sharing-box av-2ghd7y-59a845b2f813ad03d498bf86d0bc246a av-social-sharing-box-default  avia-builder-el-21  el_after_av_section  avia-builder-el-no-sibling  av-social-sharing-box-fullwidth'><div class=\"av-share-box\"><h5 class='av-share-link-description av-no-toc '>Share this page<\/h5><ul class=\"av-share-box-list noLightbox\"><li class='av-share-link av-social-link-facebook' ><a target=\"_blank\" aria-label=\"Share on Facebook\" href='https:\/\/www.facebook.com\/sharer.php?u=https:\/\/www.cnh2.es\/en\/pilas-de-combustible\/&#038;t=Fuel%20Cells' aria-hidden='false' data-av_icon='\ue8f3' data-av_iconfont='entypo-fontello' title='' data-avia-related-tooltip='Share on Facebook'><span class='avia_hidden_link_text'>Share on Facebook<\/span><\/a><\/li><li class='av-share-link av-social-link-twitter' ><a target=\"_blank\" aria-label=\"Share on X\" href='https:\/\/twitter.com\/share?text=Fuel%20Cells&#038;url=https:\/\/www.cnh2.es\/en\/?p=16597' aria-hidden='false' data-av_icon='\ue932' data-av_iconfont='entypo-fontello' title='' data-avia-related-tooltip='Share on X'><span class='avia_hidden_link_text'>Share on X<\/span><\/a><\/li><li class='av-share-link av-social-link-square-x-twitter' ><a target=\"_blank\" aria-label=\"Share on X\" href='https:\/\/twitter.com\/share?text=Fuel%20Cells&#038;url=https:\/\/www.cnh2.es\/en\/?p=16597' aria-hidden='false' data-av_icon='\ue933' data-av_iconfont='entypo-fontello' title='' data-avia-related-tooltip='Share on X'><span class='avia_hidden_link_text'>Share on X<\/span><\/a><\/li><li class='av-share-link av-social-link-whatsapp' ><a target=\"_blank\" aria-label=\"Share on WhatsApp\" href='https:\/\/api.whatsapp.com\/send?text=https:\/\/www.cnh2.es\/en\/pilas-de-combustible\/' aria-hidden='false' data-av_icon='\uf232' data-av_iconfont='entypo-fontello' title='' data-avia-related-tooltip='Share on WhatsApp'><span class='avia_hidden_link_text'>Share on WhatsApp<\/span><\/a><\/li><li class='av-share-link av-social-link-linkedin' ><a target=\"_blank\" aria-label=\"Share on LinkedIn\" href='https:\/\/linkedin.com\/shareArticle?mini=true&#038;title=Fuel%20Cells&#038;url=https:\/\/www.cnh2.es\/en\/pilas-de-combustible\/' aria-hidden='false' data-av_icon='\ue8fc' data-av_iconfont='entypo-fontello' title='' data-avia-related-tooltip='Share on LinkedIn'><span class='avia_hidden_link_text'>Share on LinkedIn<\/span><\/a><\/li><li class='av-share-link av-social-link-mail' ><a  aria-label=\"Share by Mail\" href='mailto:?subject=Fuel%20Cells&#038;body=https:\/\/www.cnh2.es\/en\/pilas-de-combustible\/' aria-hidden='false' data-av_icon='\ue805' data-av_iconfont='entypo-fontello' title='' data-avia-related-tooltip='Share by Mail'><span class='avia_hidden_link_text'>Share by Mail<\/span><\/a><\/li><li class='av-share-link av-social-link-vimeo' ><a target=\"_blank\" aria-label=\"Link to Vimeo\" href='http:\/\/www.vimeo.com\/cnh2' aria-hidden='false' data-av_icon='\ue8ef' data-av_iconfont='entypo-fontello' title='' data-avia-related-tooltip='Link to Vimeo'><span class='avia_hidden_link_text'>Link to Vimeo<\/span><\/a><\/li><li class='av-share-link av-social-link-youtube' ><a target=\"_blank\" aria-label=\"Link to Youtube\" href='http:\/\/www.youtube.com\/cnh2es' aria-hidden='false' data-av_icon='\uf16a' data-av_iconfont='entypo-fontello' title='' data-avia-related-tooltip='Link to Youtube'><span class='avia_hidden_link_text'>Link to Youtube<\/span><\/a><\/li><\/ul><\/div><\/div>\n","protected":false},"excerpt":{"rendered":"","protected":false},"author":2,"featured_media":0,"parent":0,"menu_order":0,"comment_status":"closed","ping_status":"closed","template":"","meta":{"_lmt_disableupdate":"","_lmt_disable":"","footnotes":""},"class_list":["post-16597","page","type-page","status-publish","hentry"],"yoast_head":"<!-- This site is optimized with the Yoast SEO plugin v27.4 - https:\/\/yoast.com\/product\/yoast-seo-wordpress\/ -->\n<title>Fuel Cells - Centro Nacional del Hidr\u00f3geno<\/title>\n<meta name=\"robots\" content=\"index, follow, max-snippet:-1, max-image-preview:large, max-video-preview:-1\" \/>\n<link rel=\"canonical\" href=\"https:\/\/www.cnh2.es\/en\/pilas-de-combustible\/\" \/>\n<meta property=\"og:locale\" content=\"en_US\" \/>\n<meta property=\"og:type\" content=\"article\" \/>\n<meta property=\"og:title\" content=\"Fuel Cells - Centro Nacional del Hidr\u00f3geno\" \/>\n<meta property=\"og:url\" content=\"https:\/\/www.cnh2.es\/en\/pilas-de-combustible\/\" \/>\n<meta property=\"og:site_name\" content=\"Centro Nacional del Hidr\u00f3geno\" \/>\n<meta property=\"article:modified_time\" content=\"2019-02-07T07:04:51+00:00\" \/>\n<meta name=\"twitter:card\" content=\"summary_large_image\" \/>\n<meta name=\"twitter:label1\" content=\"Est. reading time\" \/>\n\t<meta name=\"twitter:data1\" content=\"11 minutes\" \/>\n<script type=\"application\/ld+json\" class=\"yoast-schema-graph\">{\"@context\":\"https:\\\/\\\/schema.org\",\"@graph\":[{\"@type\":\"WebPage\",\"@id\":\"https:\\\/\\\/www.cnh2.es\\\/en\\\/pilas-de-combustible\\\/\",\"url\":\"https:\\\/\\\/www.cnh2.es\\\/en\\\/pilas-de-combustible\\\/\",\"name\":\"Fuel Cells - Centro Nacional del Hidr\u00f3geno\",\"isPartOf\":{\"@id\":\"https:\\\/\\\/www.cnh2.es\\\/#website\"},\"datePublished\":\"2019-02-07T07:00:34+00:00\",\"dateModified\":\"2019-02-07T07:04:51+00:00\",\"breadcrumb\":{\"@id\":\"https:\\\/\\\/www.cnh2.es\\\/en\\\/pilas-de-combustible\\\/#breadcrumb\"},\"inLanguage\":\"en-US\",\"potentialAction\":[{\"@type\":\"ReadAction\",\"target\":[\"https:\\\/\\\/www.cnh2.es\\\/en\\\/pilas-de-combustible\\\/\"]}]},{\"@type\":\"BreadcrumbList\",\"@id\":\"https:\\\/\\\/www.cnh2.es\\\/en\\\/pilas-de-combustible\\\/#breadcrumb\",\"itemListElement\":[{\"@type\":\"ListItem\",\"position\":1,\"name\":\"Home\",\"item\":\"https:\\\/\\\/www.cnh2.es\\\/en\\\/\"},{\"@type\":\"ListItem\",\"position\":2,\"name\":\"Fuel Cells\"}]},{\"@type\":\"WebSite\",\"@id\":\"https:\\\/\\\/www.cnh2.es\\\/#website\",\"url\":\"https:\\\/\\\/www.cnh2.es\\\/\",\"name\":\"Centro Nacional del Hidr\u00f3geno\",\"description\":\"El Centro Nacional del Hidr\u00f3geno (CNH2), es una instalaci\u00f3n de nueva creaci\u00f3n dedicada en exclusividad a la investigaci\u00f3n y desarrollo de las tecnolog\u00edas del...\",\"potentialAction\":[{\"@type\":\"SearchAction\",\"target\":{\"@type\":\"EntryPoint\",\"urlTemplate\":\"https:\\\/\\\/www.cnh2.es\\\/?s={search_term_string}\"},\"query-input\":{\"@type\":\"PropertyValueSpecification\",\"valueRequired\":true,\"valueName\":\"search_term_string\"}}],\"inLanguage\":\"en-US\"}]}<\/script>\n<!-- \/ Yoast SEO plugin. -->","yoast_head_json":{"title":"Fuel Cells - Centro Nacional del Hidr\u00f3geno","robots":{"index":"index","follow":"follow","max-snippet":"max-snippet:-1","max-image-preview":"max-image-preview:large","max-video-preview":"max-video-preview:-1"},"canonical":"https:\/\/www.cnh2.es\/en\/pilas-de-combustible\/","og_locale":"en_US","og_type":"article","og_title":"Fuel Cells - Centro Nacional del Hidr\u00f3geno","og_url":"https:\/\/www.cnh2.es\/en\/pilas-de-combustible\/","og_site_name":"Centro Nacional del Hidr\u00f3geno","article_modified_time":"2019-02-07T07:04:51+00:00","twitter_card":"summary_large_image","twitter_misc":{"Est. reading time":"11 minutes"},"schema":{"@context":"https:\/\/schema.org","@graph":[{"@type":"WebPage","@id":"https:\/\/www.cnh2.es\/en\/pilas-de-combustible\/","url":"https:\/\/www.cnh2.es\/en\/pilas-de-combustible\/","name":"Fuel Cells - Centro Nacional del Hidr\u00f3geno","isPartOf":{"@id":"https:\/\/www.cnh2.es\/#website"},"datePublished":"2019-02-07T07:00:34+00:00","dateModified":"2019-02-07T07:04:51+00:00","breadcrumb":{"@id":"https:\/\/www.cnh2.es\/en\/pilas-de-combustible\/#breadcrumb"},"inLanguage":"en-US","potentialAction":[{"@type":"ReadAction","target":["https:\/\/www.cnh2.es\/en\/pilas-de-combustible\/"]}]},{"@type":"BreadcrumbList","@id":"https:\/\/www.cnh2.es\/en\/pilas-de-combustible\/#breadcrumb","itemListElement":[{"@type":"ListItem","position":1,"name":"Home","item":"https:\/\/www.cnh2.es\/en\/"},{"@type":"ListItem","position":2,"name":"Fuel Cells"}]},{"@type":"WebSite","@id":"https:\/\/www.cnh2.es\/#website","url":"https:\/\/www.cnh2.es\/","name":"Centro Nacional del Hidr\u00f3geno","description":"El Centro Nacional del Hidr\u00f3geno (CNH2), es una instalaci\u00f3n de nueva creaci\u00f3n dedicada en exclusividad a la investigaci\u00f3n y desarrollo de las tecnolog\u00edas del...","potentialAction":[{"@type":"SearchAction","target":{"@type":"EntryPoint","urlTemplate":"https:\/\/www.cnh2.es\/?s={search_term_string}"},"query-input":{"@type":"PropertyValueSpecification","valueRequired":true,"valueName":"search_term_string"}}],"inLanguage":"en-US"}]}},"_links":{"self":[{"href":"https:\/\/www.cnh2.es\/en\/wp-json\/wp\/v2\/pages\/16597","targetHints":{"allow":["GET"]}}],"collection":[{"href":"https:\/\/www.cnh2.es\/en\/wp-json\/wp\/v2\/pages"}],"about":[{"href":"https:\/\/www.cnh2.es\/en\/wp-json\/wp\/v2\/types\/page"}],"author":[{"embeddable":true,"href":"https:\/\/www.cnh2.es\/en\/wp-json\/wp\/v2\/users\/2"}],"replies":[{"embeddable":true,"href":"https:\/\/www.cnh2.es\/en\/wp-json\/wp\/v2\/comments?post=16597"}],"version-history":[{"count":0,"href":"https:\/\/www.cnh2.es\/en\/wp-json\/wp\/v2\/pages\/16597\/revisions"}],"wp:attachment":[{"href":"https:\/\/www.cnh2.es\/en\/wp-json\/wp\/v2\/media?parent=16597"}],"curies":[{"name":"wp","href":"https:\/\/api.w.org\/{rel}","templated":true}]}}