{"id":14578,"date":"2019-01-19T17:38:38","date_gmt":"2019-01-19T17:38:38","guid":{"rendered":"https:\/\/www.cnh2.es\/?page_id=14578"},"modified":"2025-05-14T11:05:38","modified_gmt":"2025-05-14T09:05:38","slug":"scientific-technical-advisory-committee","status":"publish","type":"page","link":"https:\/\/www.cnh2.es\/en\/about\/governing-bodies\/scientific-technical-advisory-committee\/","title":{"rendered":"Scientific Technical Advisory Committee"},"content":{"rendered":"\n<style type=\"text\/css\" data-created_by=\"avia_inline_auto\" id=\"style-css-av-1g60gg-77f8d245a7fb57444d67f29213e8e9b9\">\n.avia-section.av-1g60gg-77f8d245a7fb57444d67f29213e8e9b9{\nbackground-repeat:no-repeat;\nbackground-image:url(https:\/\/www.cnh2.es\/wp-content\/uploads\/2019\/01\/04_Formacion-de-burbujas-en-celdas.jpg);\nbackground-position:50% 50%;\nbackground-attachment:fixed;\n}\n.avia-section.av-1g60gg-77f8d245a7fb57444d67f29213e8e9b9 .av-section-color-overlay{\nopacity:0.6;\nbackground-color:#000000;\n}\n<\/style>\n<div id='av_section_1'  class='avia-section av-1g60gg-77f8d245a7fb57444d67f29213e8e9b9 alternate_color avia-section-huge avia-no-border-styling  avia-builder-el-0  el_before_av_section  avia-builder-el-first  avia-full-stretch avia-bg-style-fixed av-section-color-overlay-active container_wrap sidebar_right'  data-section-bg-repeat='stretch'><div class=\"av-section-color-overlay-wrap\"><div class=\"av-section-color-overlay\"><\/div><div class='container av-section-cont-open' ><main  role=\"main\" itemprop=\"mainContentOfPage\"  class='template-page content  av-content-small alpha units'><div class='post-entry post-entry-type-page post-entry-14578'><div class='entry-content-wrapper clearfix'>\n\n<style type=\"text\/css\" data-created_by=\"avia_inline_auto\" id=\"style-css-av-1bb80o-2f2b003876c40ee34466964ef8680061\">\n.flex_column.av-1bb80o-2f2b003876c40ee34466964ef8680061{\nborder-radius:0px 0px 0px 0px;\npadding:0px 0px 0px 0px;\n}\n<\/style>\n<div  class='flex_column av-1bb80o-2f2b003876c40ee34466964ef8680061 av_one_fifth  avia-builder-el-1  el_before_av_three_fifth  avia-builder-el-first  first flex_column_div av-zero-column-padding  '     ><\/div>\n<style type=\"text\/css\" data-created_by=\"avia_inline_auto\" id=\"style-css-av-148ajs-a8a629d23ff04b308d51a67e3cfbee0d\">\n.flex_column.av-148ajs-a8a629d23ff04b308d51a67e3cfbee0d{\nborder-radius:0px 0px 0px 0px;\npadding:0px 0px 0px 0px;\n}\n<\/style>\n<div  class='flex_column av-148ajs-a8a629d23ff04b308d51a67e3cfbee0d av_three_fifth  avia-builder-el-2  el_after_av_one_fifth  el_before_av_one_fifth  flex_column_div av-zero-column-padding  '     ><style type=\"text\/css\" data-created_by=\"avia_inline_auto\" id=\"style-css-av-jr4s7jlr-bd8cb7f9738cd9d6b3a3abcbf8d60cc6\">\n#top .av-special-heading.av-jr4s7jlr-bd8cb7f9738cd9d6b3a3abcbf8d60cc6{\npadding-bottom:20px;\ncolor:#ffffff;\nfont-size:50px;\n}\nbody .av-special-heading.av-jr4s7jlr-bd8cb7f9738cd9d6b3a3abcbf8d60cc6 .av-special-heading-tag .heading-char{\nfont-size:25px;\n}\n#top #wrap_all .av-special-heading.av-jr4s7jlr-bd8cb7f9738cd9d6b3a3abcbf8d60cc6 .av-special-heading-tag{\nfont-size:50px;\n}\n.av-special-heading.av-jr4s7jlr-bd8cb7f9738cd9d6b3a3abcbf8d60cc6 .special-heading-inner-border{\nborder-color:#ffffff;\n}\n.av-special-heading.av-jr4s7jlr-bd8cb7f9738cd9d6b3a3abcbf8d60cc6 .av-subheading{\nfont-size:20px;\n}\n\n@media only screen and (min-width: 480px) and (max-width: 767px){ \n#top #wrap_all .av-special-heading.av-jr4s7jlr-bd8cb7f9738cd9d6b3a3abcbf8d60cc6 .av-special-heading-tag{\nfont-size:0.8em;\n}\n}\n\n@media only screen and (max-width: 479px){ \n#top #wrap_all .av-special-heading.av-jr4s7jlr-bd8cb7f9738cd9d6b3a3abcbf8d60cc6 .av-special-heading-tag{\nfont-size:0.8em;\n}\n}\n<\/style>\n<div  class='av-special-heading av-jr4s7jlr-bd8cb7f9738cd9d6b3a3abcbf8d60cc6 av-special-heading-h1 custom-color-heading blockquote modern-quote modern-centered  avia-builder-el-3  avia-builder-el-no-sibling  av-inherit-size'><h1 class='av-special-heading-tag '  itemprop=\"headline\"  >Governing Bodies<\/h1><div class='av_custom_color av-subheading av-subheading_below'><p>Scientific Technical Advisory Committee<\/p>\n<\/div><div class=\"special-heading-border\"><div class=\"special-heading-inner-border\"><\/div><\/div><\/div><\/div>\n<style type=\"text\/css\" data-created_by=\"avia_inline_auto\" id=\"style-css-av-pfwnk-e7b64a7385d989f8931891390db4723c\">\n.flex_column.av-pfwnk-e7b64a7385d989f8931891390db4723c{\nborder-radius:0px 0px 0px 0px;\npadding:0px 0px 0px 0px;\n}\n<\/style>\n<div  class='flex_column av-pfwnk-e7b64a7385d989f8931891390db4723c av_one_fifth  avia-builder-el-4  el_after_av_three_fifth  avia-builder-el-last  flex_column_div av-zero-column-padding  '     ><\/div>\n\n<\/div><\/div><\/main><!-- close content main element --><\/div><\/div><\/div><div id='av_section_2'  class='avia-section av-3ewz1k-97efa48d8f81dafd2674c85d3d647eaf main_color avia-section-large avia-no-border-styling  avia-builder-el-5  el_after_av_section  el_before_av_textblock  avia-bg-style-scroll container_wrap sidebar_right'  ><div class='container av-section-cont-open' ><div class='template-page content  av-content-small alpha units'><div class='post-entry post-entry-type-page post-entry-14578'><div class='entry-content-wrapper clearfix'>\n\n<style type=\"text\/css\" data-created_by=\"avia_inline_auto\" id=\"style-css-av-u6qtqq-cd426cce0b7946bc00a1ae3272270e19\">\n#top .av-special-heading.av-u6qtqq-cd426cce0b7946bc00a1ae3272270e19{\npadding-bottom:10px;\n}\nbody .av-special-heading.av-u6qtqq-cd426cce0b7946bc00a1ae3272270e19 .av-special-heading-tag .heading-char{\nfont-size:25px;\n}\n.av-special-heading.av-u6qtqq-cd426cce0b7946bc00a1ae3272270e19 .av-subheading{\nfont-size:15px;\n}\n<\/style>\n<div  class='av-special-heading av-u6qtqq-cd426cce0b7946bc00a1ae3272270e19 av-special-heading-h1 blockquote modern-quote modern-centered  avia-builder-el-6  el_before_av_textblock  avia-builder-el-first  av-thin-font'><h1 class='av-special-heading-tag '  itemprop=\"headline\"  ><strong>SCIENTIFIC TECHNICAL ADVISORY CONMMITTEE<\/strong><\/h1><div class=\"special-heading-border\"><div class=\"special-heading-inner-border\"><\/div><\/div><\/div>\n\n<style type=\"text\/css\" data-created_by=\"avia_inline_auto\" id=\"style-css-av-jp2b6rja-13a29954fee9f6860cf90b279c90c9b1\">\n#top .av_textblock_section.av-jp2b6rja-13a29954fee9f6860cf90b279c90c9b1 .avia_textblock{\ncolor:#000000;\n}\n<\/style>\n<section  class='av_textblock_section av-jp2b6rja-13a29954fee9f6860cf90b279c90c9b1 '   itemscope=\"itemscope\" itemtype=\"https:\/\/schema.org\/CreativeWork\" ><div class='avia_textblock av_inherit_color'  itemprop=\"text\" ><p>The <strong>Governing Board of CNH<\/strong>2, at its 65th Meeting held on 17 March 2025 approved the composition of the members of the Scientific Technical Advisory Committee of the National Hydrogen Centre, whose composition is as follows:<\/p>\n<\/div><\/section>\n\n<style type=\"text\/css\" data-created_by=\"avia_inline_auto\" id=\"style-css-av-4nkp3g2-813658382bd8574ffdeba5196af4f0e6\">\n.flex_column.av-4nkp3g2-813658382bd8574ffdeba5196af4f0e6{\nborder-radius:0px 0px 0px 0px;\npadding:0px 0px 0px 0px;\n}\n<\/style>\n<div  class='flex_column av-4nkp3g2-813658382bd8574ffdeba5196af4f0e6 av_one_half  avia-builder-el-8  el_after_av_textblock  el_before_av_one_half  first flex_column_div av-zero-column-padding  column-top-margin'     ><section  class='avia-team-member av-jsnachbt-dae6220831b328a8b93b17e6eee05672  avia-builder-el-9  avia-builder-el-no-sibling '  itemscope=\"itemscope\" itemtype=\"https:\/\/schema.org\/Person\" ><h3 class='team-member-name '  itemprop=\"name\" >D\u00f1a. Mar\u00eda Isabel Rodr\u00edguez Olmo<\/h3><div class='team-member-description '  itemprop=\"description\" ><p>Directora de Hidr\u00f3geno<br \/>\nRepsol, S.A.<\/p>\n<\/div><span class='hidden team-member-affiliation'  itemprop=\"affiliation\" >Centro Nacional del Hidr\u00f3geno<\/span><\/section><\/div>\n<style type=\"text\/css\" data-created_by=\"avia_inline_auto\" id=\"style-css-av-4kfmvo2-e2bd702340c9e9279b493cf29d3206ee\">\n.flex_column.av-4kfmvo2-e2bd702340c9e9279b493cf29d3206ee{\nborder-radius:0px 0px 0px 0px;\npadding:0px 0px 0px 0px;\n}\n<\/style>\n<div  class='flex_column av-4kfmvo2-e2bd702340c9e9279b493cf29d3206ee av_one_half  avia-builder-el-10  el_after_av_one_half  el_before_av_one_half  flex_column_div av-zero-column-padding  column-top-margin'     ><section  class='avia-team-member av-jsnachbt-9-9e1432365eceb866ff5515aeca105c9b  avia-builder-el-11  avia-builder-el-no-sibling '  itemscope=\"itemscope\" itemtype=\"https:\/\/schema.org\/Person\" ><h3 class='team-member-name '  itemprop=\"name\" >D\u00f1a. \u00c1frica Castro Rosende<\/h3><div class='team-member-description '  itemprop=\"description\" ><p>Responsable del \u00c1rea de Desarrollo de Negocio<br \/>\nH2B2 Electrolysis Technologies, S.L.<\/p>\n<\/div><span class='hidden team-member-affiliation'  itemprop=\"affiliation\" >Centro Nacional del Hidr\u00f3geno<\/span><\/section><\/div>\n<style type=\"text\/css\" data-created_by=\"avia_inline_auto\" id=\"style-css-av-43qud4i-2c1b4c9f302a9df9488771d43a3eda3e\">\n.flex_column.av-43qud4i-2c1b4c9f302a9df9488771d43a3eda3e{\nborder-radius:0px 0px 0px 0px;\npadding:0px 0px 0px 0px;\n}\n<\/style>\n<div  class='flex_column av-43qud4i-2c1b4c9f302a9df9488771d43a3eda3e av_one_half  avia-builder-el-12  el_after_av_one_half  el_before_av_one_half  first flex_column_div av-zero-column-padding  column-top-margin'     ><section  class='avia-team-member av-jsnachbt-8-9e81814ba54c8f05499ca3ab898b055f  avia-builder-el-13  avia-builder-el-no-sibling '  itemscope=\"itemscope\" itemtype=\"https:\/\/schema.org\/Person\" ><h3 class='team-member-name '  itemprop=\"name\" >D. Antonio Gonz\u00e1lez Garc\u00eda-Conde<\/h3><div class='team-member-description '  itemprop=\"description\" ><p>Director del Departamento de Aerodin\u00e1mica y Propulsi\u00f3n<br \/>\nInstituto Nacional de T\u00e9cnica Aeroespacial (INTA)<\/p>\n<\/div><span class='hidden team-member-affiliation'  itemprop=\"affiliation\" >Centro Nacional del Hidr\u00f3geno<\/span><\/section><\/div>\n<style type=\"text\/css\" data-created_by=\"avia_inline_auto\" id=\"style-css-av-3gp6tn6-fa03edb8b82ccde23d1e4a08047900fb\">\n.flex_column.av-3gp6tn6-fa03edb8b82ccde23d1e4a08047900fb{\nborder-radius:0px 0px 0px 0px;\npadding:0px 0px 0px 0px;\n}\n<\/style>\n<div  class='flex_column av-3gp6tn6-fa03edb8b82ccde23d1e4a08047900fb av_one_half  avia-builder-el-14  el_after_av_one_half  el_before_av_one_half  flex_column_div av-zero-column-padding  column-top-margin'     ><section  class='avia-team-member av-jsnachbt-7-fad6e39b6819719d7f363c72f18b5420  avia-builder-el-15  avia-builder-el-no-sibling '  itemscope=\"itemscope\" itemtype=\"https:\/\/schema.org\/Person\" ><h3 class='team-member-name '  itemprop=\"name\" >D\u00f1a. Marta Maro\u00f1o Buj\u00e1n<\/h3><div class='team-member-description '  itemprop=\"description\" ><p>Unidad de Valorizaci\u00f3n Energ\u00e9tica de Combustibles y Residuos<br \/>\nDepartamento de Energ\u00eda<br \/>\nCentro de Investigaciones Energ\u00e9ticas, Medioambientales y Tecnol\u00f3gicas (CIEMAT)<\/p>\n<\/div><span class='hidden team-member-affiliation'  itemprop=\"affiliation\" >Centro Nacional del Hidr\u00f3geno<\/span><\/section><\/div>\n<style type=\"text\/css\" data-created_by=\"avia_inline_auto\" id=\"style-css-av-31rv46q-270e6d374dff18bba93b68bbf356bb6a\">\n.flex_column.av-31rv46q-270e6d374dff18bba93b68bbf356bb6a{\nborder-radius:0px 0px 0px 0px;\npadding:0px 0px 0px 0px;\n}\n<\/style>\n<div  class='flex_column av-31rv46q-270e6d374dff18bba93b68bbf356bb6a av_one_half  avia-builder-el-16  el_after_av_one_half  el_before_av_one_half  first flex_column_div av-zero-column-padding  column-top-margin'     ><section  class='avia-team-member av-jsnachbt-6-a2a1a23708530b6a2be76a3d7c5850d2  avia-builder-el-17  avia-builder-el-no-sibling '  itemscope=\"itemscope\" itemtype=\"https:\/\/schema.org\/Person\" ><h3 class='team-member-name '  itemprop=\"name\" >D\u00f1a. Sagrari Miguel Montalv\u00e1<\/h3><div class='team-member-description '  itemprop=\"description\" ><p>Hydrogen Business Developer<br \/>\nGas &amp; Low Carbon Energy Hydrogen<br \/>\nSpain &amp; New Markets<br \/>\nBP Energ\u00eda Espa\u00f1a, S.A.U.<\/p>\n<\/div><span class='hidden team-member-affiliation'  itemprop=\"affiliation\" >Centro Nacional del Hidr\u00f3geno<\/span><\/section><\/div>\n<style type=\"text\/css\" data-created_by=\"avia_inline_auto\" id=\"style-css-av-2df21le-c9e014b5c44252b4da2de5400ee02b4a\">\n.flex_column.av-2df21le-c9e014b5c44252b4da2de5400ee02b4a{\nborder-radius:0px 0px 0px 0px;\npadding:0px 0px 0px 0px;\n}\n<\/style>\n<div  class='flex_column av-2df21le-c9e014b5c44252b4da2de5400ee02b4a av_one_half  avia-builder-el-18  el_after_av_one_half  el_before_av_one_half  flex_column_div av-zero-column-padding  column-top-margin'     ><section  class='avia-team-member av-jsnachbt-5-d307ddd959c947eee33de943f7211576  avia-builder-el-19  avia-builder-el-no-sibling '  itemscope=\"itemscope\" itemtype=\"https:\/\/schema.org\/Person\" ><h3 class='team-member-name '  itemprop=\"name\" >D. Miguel Antonio Pe\u00f1a Jim\u00e9nez<\/h3><div class='team-member-description '  itemprop=\"description\" ><p>Investigador Cient\u00edfico<br \/>\nInstituto de Cat\u00e1lisis y Petroleoqu\u00edmica<br \/>\nConsejo Superior de Investigaciones Cient\u00edficas (CSIC)<\/p>\n<\/div><span class='hidden team-member-affiliation'  itemprop=\"affiliation\" >Centro Nacional del Hidr\u00f3geno<\/span><\/section><\/div>\n<style type=\"text\/css\" data-created_by=\"avia_inline_auto\" id=\"style-css-av-22t6m6q-d6474d4524f90c69febfd4b9ef5bed62\">\n.flex_column.av-22t6m6q-d6474d4524f90c69febfd4b9ef5bed62{\nborder-radius:0px 0px 0px 0px;\npadding:0px 0px 0px 0px;\n}\n<\/style>\n<div  class='flex_column av-22t6m6q-d6474d4524f90c69febfd4b9ef5bed62 av_one_half  avia-builder-el-20  el_after_av_one_half  el_before_av_one_half  first flex_column_div av-zero-column-padding  column-top-margin'     ><section  class='avia-team-member av-jsnachbt-4-bc0bc6d83db43bca84de970fd2194042  avia-builder-el-21  avia-builder-el-no-sibling '  itemscope=\"itemscope\" itemtype=\"https:\/\/schema.org\/Person\" ><h3 class='team-member-name '  itemprop=\"name\" >D\u00f1a. Mar\u00eda Lourdes Rodr\u00edguez Mayor<\/h3><div class='team-member-description '  itemprop=\"description\" ><p>Directora del Centro de Excelencia en Arquitectura, Ingenier\u00eda y Dise\u00f1o<br \/>\nUniversidad Europea<\/p>\n<\/div><span class='hidden team-member-affiliation'  itemprop=\"affiliation\" >Centro Nacional del Hidr\u00f3geno<\/span><\/section><\/div>\n<style type=\"text\/css\" data-created_by=\"avia_inline_auto\" id=\"style-css-av-1ris4nm-962261d3de41464a0305d1eb41efcdf8\">\n.flex_column.av-1ris4nm-962261d3de41464a0305d1eb41efcdf8{\nborder-radius:0px 0px 0px 0px;\npadding:0px 0px 0px 0px;\n}\n<\/style>\n<div  class='flex_column av-1ris4nm-962261d3de41464a0305d1eb41efcdf8 av_one_half  avia-builder-el-22  el_after_av_one_half  el_before_av_one_half  flex_column_div av-zero-column-padding  column-top-margin'     ><section  class='avia-team-member av-jsnachbt-3-15699a22976ae92e689c9f2c8f465677  avia-builder-el-23  avia-builder-el-no-sibling '  itemscope=\"itemscope\" itemtype=\"https:\/\/schema.org\/Person\" ><h3 class='team-member-name '  itemprop=\"name\" >D. Javier Dufour Andia<\/h3><div class='team-member-description '  itemprop=\"description\" ><p>Profesor del Grupo de Ingenier\u00eda Qu\u00edmica y Ambiental<br \/>\nUniversidad Rey Juan Carlos I (URJI)<\/p>\n<\/div><span class='hidden team-member-affiliation'  itemprop=\"affiliation\" >Centro Nacional del Hidr\u00f3geno<\/span><\/section><\/div>\n<style type=\"text\/css\" data-created_by=\"avia_inline_auto\" id=\"style-css-av-1a9xb0y-2c6138b50987c9d11a1e535e5a0bdc13\">\n.flex_column.av-1a9xb0y-2c6138b50987c9d11a1e535e5a0bdc13{\nborder-radius:0px 0px 0px 0px;\npadding:0px 0px 0px 0px;\n}\n<\/style>\n<div  class='flex_column av-1a9xb0y-2c6138b50987c9d11a1e535e5a0bdc13 av_one_half  avia-builder-el-24  el_after_av_one_half  el_before_av_one_half  first flex_column_div av-zero-column-padding  column-top-margin'     ><section  class='avia-team-member av-jsnachbt-2-e76f39d9c3a950635f7bcfdd4f9383b1  avia-builder-el-25  avia-builder-el-no-sibling '  itemscope=\"itemscope\" itemtype=\"https:\/\/schema.org\/Person\" ><h3 class='team-member-name '  itemprop=\"name\" >D\u00f1a. Paula S\u00e1nchez Paredes<\/h3><div class='team-member-description '  itemprop=\"description\" ><p>Catedr\u00e1tica de Ingenier\u00eda Qu\u00edmica<br \/>\nDepartamento de Ingenier\u00eda Qu\u00edmica<br \/>\nUniversidad de Castilla-La Mancha (UCLM)<\/p>\n<\/div><span class='hidden team-member-affiliation'  itemprop=\"affiliation\" >Centro Nacional del Hidr\u00f3geno<\/span><\/section><\/div>\n<style type=\"text\/css\" data-created_by=\"avia_inline_auto\" id=\"style-css-av-kit3te-5a043109675a86e8a8e8e0293e49044b\">\n.flex_column.av-kit3te-5a043109675a86e8a8e8e0293e49044b{\nborder-radius:0px 0px 0px 0px;\npadding:0px 0px 0px 0px;\n}\n<\/style>\n<div  class='flex_column av-kit3te-5a043109675a86e8a8e8e0293e49044b av_one_half  avia-builder-el-26  el_after_av_one_half  avia-builder-el-last  flex_column_div av-zero-column-padding  column-top-margin'     ><section  class='avia-team-member av-jsnachbt-1-96827938b24e6c86be2a341c8f63726f  avia-builder-el-27  avia-builder-el-no-sibling '  itemscope=\"itemscope\" itemtype=\"https:\/\/schema.org\/Person\" ><h3 class='team-member-name '  itemprop=\"name\" >D\u00f1a. Esperanza Montero D\u00edaz<\/h3><div class='team-member-description '  itemprop=\"description\" ><p>Hydrogen &amp; Energy Transition Product Manager<br \/>\nS.E. Carburos Met\u00e1licos, S.A.<\/p>\n<\/div><span class='hidden team-member-affiliation'  itemprop=\"affiliation\" >Centro Nacional del Hidr\u00f3geno<\/span><\/section><\/div><\/div><\/div><\/div><!-- close content main div --><\/div><\/div><div id='after_section_2'  class='main_color av_default_container_wrap container_wrap sidebar_right'  ><div class='container av-section-cont-open' ><div class='template-page content  av-content-small alpha units'><div class='post-entry post-entry-type-page post-entry-14578'><div class='entry-content-wrapper clearfix'><section  class='av_textblock_section av-lilh6l7v-9bafb8f72f78f8448c1d08743302a665 '   itemscope=\"itemscope\" itemtype=\"https:\/\/schema.org\/CreativeWork\" ><div class='avia_textblock'  itemprop=\"text\" >\u00daltima modificaci\u00f3n el 14 May, 2025 <hr>\n<\/div><\/section><\/p>\n<\/div><\/div><\/div><!-- close content main div --><\/div><\/div><div id='av_section_3'  class='avia-section av-7j25w-2a8ae4b9cb7b328e2f9a44173a63c509 main_color avia-section-default avia-no-border-styling  avia-builder-el-29  el_after_av_textblock  avia-builder-el-last  avia-bg-style-scroll container_wrap sidebar_right'  ><div class='container av-section-cont-open' ><div class='template-page content  av-content-small alpha units'><div class='post-entry post-entry-type-page post-entry-14578'><div class='entry-content-wrapper clearfix'>\n<div  class='avia-button-wrap av-jp2lgisf-9895e30ad1b85840d214e754c9a66332-wrap avia-button-left  avia-builder-el-30  avia-builder-el-no-sibling '><a href='https:\/\/www.cnh2.es\/en\/about\/governing-bodies\/'  class='avia-button av-jp2lgisf-9895e30ad1b85840d214e754c9a66332 av-link-btn avia-icon_select-yes-left-icon avia-size-large avia-position-left avia-color-theme-color'   aria-label=\"Come back\"><span class='avia_button_icon avia_button_icon_left' aria-hidden='true' data-av_icon='\ue874' data-av_iconfont='entypo-fontello'><\/span><span class='avia_iconbox_title' >Come back<\/span><\/a><\/div>\n<\/div><\/div><\/div><!-- close content main div --><\/div><\/div><div id='after_section_3'  class='main_color av_default_container_wrap container_wrap sidebar_right'  ><div class='container av-section-cont-open' ><div class='template-page content  av-content-small alpha units'><div class='post-entry post-entry-type-page post-entry-14578'><div class='entry-content-wrapper clearfix'>\n","protected":false},"excerpt":{"rendered":"","protected":false},"author":2,"featured_media":0,"parent":560,"menu_order":0,"comment_status":"closed","ping_status":"closed","template":"","meta":{"_lmt_disableupdate":"no","_lmt_disable":"","footnotes":""},"class_list":["post-14578","page","type-page","status-publish","hentry"],"yoast_head":"<!-- This site is optimized with the Yoast SEO plugin v26.8 - https:\/\/yoast.com\/product\/yoast-seo-wordpress\/ -->\n<title>Scientific Technical Advisory Committee - Centro Nacional del Hidr\u00f3geno<\/title>\n<meta name=\"robots\" content=\"index, follow, max-snippet:-1, max-image-preview:large, max-video-preview:-1\" \/>\n<link rel=\"canonical\" href=\"https:\/\/www.cnh2.es\/en\/about\/governing-bodies\/scientific-technical-advisory-committee\/\" \/>\n<meta property=\"og:locale\" content=\"en_US\" \/>\n<meta property=\"og:type\" content=\"article\" \/>\n<meta property=\"og:title\" content=\"Scientific Technical Advisory Committee - Centro Nacional del Hidr\u00f3geno\" \/>\n<meta property=\"og:url\" content=\"https:\/\/www.cnh2.es\/en\/about\/governing-bodies\/scientific-technical-advisory-committee\/\" \/>\n<meta property=\"og:site_name\" content=\"Centro Nacional del Hidr\u00f3geno\" \/>\n<meta property=\"article:modified_time\" content=\"2025-05-14T09:05:38+00:00\" \/>\n<meta name=\"twitter:card\" content=\"summary_large_image\" \/>\n<meta name=\"twitter:label1\" content=\"Est. reading time\" \/>\n\t<meta name=\"twitter:data1\" content=\"2 minutes\" \/>\n<script type=\"application\/ld+json\" class=\"yoast-schema-graph\">{\"@context\":\"https:\/\/schema.org\",\"@graph\":[{\"@type\":\"WebPage\",\"@id\":\"https:\/\/www.cnh2.es\/en\/about\/governing-bodies\/scientific-technical-advisory-committee\/\",\"url\":\"https:\/\/www.cnh2.es\/en\/about\/governing-bodies\/scientific-technical-advisory-committee\/\",\"name\":\"Scientific Technical Advisory Committee - Centro Nacional del Hidr\u00f3geno\",\"isPartOf\":{\"@id\":\"https:\/\/www.cnh2.es\/#website\"},\"datePublished\":\"2019-01-19T17:38:38+00:00\",\"dateModified\":\"2025-05-14T09:05:38+00:00\",\"breadcrumb\":{\"@id\":\"https:\/\/www.cnh2.es\/en\/about\/governing-bodies\/scientific-technical-advisory-committee\/#breadcrumb\"},\"inLanguage\":\"en-US\",\"potentialAction\":[{\"@type\":\"ReadAction\",\"target\":[\"https:\/\/www.cnh2.es\/en\/about\/governing-bodies\/scientific-technical-advisory-committee\/\"]}]},{\"@type\":\"BreadcrumbList\",\"@id\":\"https:\/\/www.cnh2.es\/en\/about\/governing-bodies\/scientific-technical-advisory-committee\/#breadcrumb\",\"itemListElement\":[{\"@type\":\"ListItem\",\"position\":1,\"name\":\"Home\",\"item\":\"https:\/\/www.cnh2.es\/en\/\"},{\"@type\":\"ListItem\",\"position\":2,\"name\":\"About CNH2\",\"item\":\"https:\/\/www.cnh2.es\/en\/about\/\"},{\"@type\":\"ListItem\",\"position\":3,\"name\":\"Governing Bodies\",\"item\":\"https:\/\/www.cnh2.es\/en\/about\/governing-bodies\/\"},{\"@type\":\"ListItem\",\"position\":4,\"name\":\"Scientific Technical Advisory Committee\"}]},{\"@type\":\"WebSite\",\"@id\":\"https:\/\/www.cnh2.es\/#website\",\"url\":\"https:\/\/www.cnh2.es\/\",\"name\":\"Centro Nacional del Hidr\u00f3geno\",\"description\":\"El Centro Nacional del Hidr\u00f3geno (CNH2), es una instalaci\u00f3n de nueva creaci\u00f3n dedicada en exclusividad a la investigaci\u00f3n y desarrollo de las tecnolog\u00edas del...\",\"potentialAction\":[{\"@type\":\"SearchAction\",\"target\":{\"@type\":\"EntryPoint\",\"urlTemplate\":\"https:\/\/www.cnh2.es\/?s={search_term_string}\"},\"query-input\":{\"@type\":\"PropertyValueSpecification\",\"valueRequired\":true,\"valueName\":\"search_term_string\"}}],\"inLanguage\":\"en-US\"}]}<\/script>\n<!-- \/ Yoast SEO plugin. -->","yoast_head_json":{"title":"Scientific Technical Advisory Committee - Centro Nacional del Hidr\u00f3geno","robots":{"index":"index","follow":"follow","max-snippet":"max-snippet:-1","max-image-preview":"max-image-preview:large","max-video-preview":"max-video-preview:-1"},"canonical":"https:\/\/www.cnh2.es\/en\/about\/governing-bodies\/scientific-technical-advisory-committee\/","og_locale":"en_US","og_type":"article","og_title":"Scientific Technical Advisory Committee - Centro Nacional del Hidr\u00f3geno","og_url":"https:\/\/www.cnh2.es\/en\/about\/governing-bodies\/scientific-technical-advisory-committee\/","og_site_name":"Centro Nacional del Hidr\u00f3geno","article_modified_time":"2025-05-14T09:05:38+00:00","twitter_card":"summary_large_image","twitter_misc":{"Est. reading time":"2 minutes"},"schema":{"@context":"https:\/\/schema.org","@graph":[{"@type":"WebPage","@id":"https:\/\/www.cnh2.es\/en\/about\/governing-bodies\/scientific-technical-advisory-committee\/","url":"https:\/\/www.cnh2.es\/en\/about\/governing-bodies\/scientific-technical-advisory-committee\/","name":"Scientific Technical Advisory Committee - Centro Nacional del Hidr\u00f3geno","isPartOf":{"@id":"https:\/\/www.cnh2.es\/#website"},"datePublished":"2019-01-19T17:38:38+00:00","dateModified":"2025-05-14T09:05:38+00:00","breadcrumb":{"@id":"https:\/\/www.cnh2.es\/en\/about\/governing-bodies\/scientific-technical-advisory-committee\/#breadcrumb"},"inLanguage":"en-US","potentialAction":[{"@type":"ReadAction","target":["https:\/\/www.cnh2.es\/en\/about\/governing-bodies\/scientific-technical-advisory-committee\/"]}]},{"@type":"BreadcrumbList","@id":"https:\/\/www.cnh2.es\/en\/about\/governing-bodies\/scientific-technical-advisory-committee\/#breadcrumb","itemListElement":[{"@type":"ListItem","position":1,"name":"Home","item":"https:\/\/www.cnh2.es\/en\/"},{"@type":"ListItem","position":2,"name":"About CNH2","item":"https:\/\/www.cnh2.es\/en\/about\/"},{"@type":"ListItem","position":3,"name":"Governing Bodies","item":"https:\/\/www.cnh2.es\/en\/about\/governing-bodies\/"},{"@type":"ListItem","position":4,"name":"Scientific Technical Advisory Committee"}]},{"@type":"WebSite","@id":"https:\/\/www.cnh2.es\/#website","url":"https:\/\/www.cnh2.es\/","name":"Centro Nacional del Hidr\u00f3geno","description":"El Centro Nacional del Hidr\u00f3geno (CNH2), es una instalaci\u00f3n de nueva creaci\u00f3n dedicada en exclusividad a la investigaci\u00f3n y desarrollo de las tecnolog\u00edas del...","potentialAction":[{"@type":"SearchAction","target":{"@type":"EntryPoint","urlTemplate":"https:\/\/www.cnh2.es\/?s={search_term_string}"},"query-input":{"@type":"PropertyValueSpecification","valueRequired":true,"valueName":"search_term_string"}}],"inLanguage":"en-US"}]}},"_links":{"self":[{"href":"https:\/\/www.cnh2.es\/en\/wp-json\/wp\/v2\/pages\/14578","targetHints":{"allow":["GET"]}}],"collection":[{"href":"https:\/\/www.cnh2.es\/en\/wp-json\/wp\/v2\/pages"}],"about":[{"href":"https:\/\/www.cnh2.es\/en\/wp-json\/wp\/v2\/types\/page"}],"author":[{"embeddable":true,"href":"https:\/\/www.cnh2.es\/en\/wp-json\/wp\/v2\/users\/2"}],"replies":[{"embeddable":true,"href":"https:\/\/www.cnh2.es\/en\/wp-json\/wp\/v2\/comments?post=14578"}],"version-history":[{"count":0,"href":"https:\/\/www.cnh2.es\/en\/wp-json\/wp\/v2\/pages\/14578\/revisions"}],"up":[{"embeddable":true,"href":"https:\/\/www.cnh2.es\/en\/wp-json\/wp\/v2\/pages\/560"}],"wp:attachment":[{"href":"https:\/\/www.cnh2.es\/en\/wp-json\/wp\/v2\/media?parent=14578"}],"curies":[{"name":"wp","href":"https:\/\/api.w.org\/{rel}","templated":true}]}}