{"id":14393,"date":"2019-01-18T11:57:16","date_gmt":"2019-01-18T11:57:16","guid":{"rendered":"https:\/\/www.cnh2.es\/?page_id=14393"},"modified":"2023-06-07T11:28:09","modified_gmt":"2023-06-07T09:28:09","slug":"relacion-de-bienes-inmuebles","status":"publish","type":"page","link":"https:\/\/www.cnh2.es\/en\/transparency\/informacion-economica-presupuestaria-y-estadistica\/relacion-de-bienes-inmuebles\/","title":{"rendered":"Relaci\u00f3n de Bienes Inmuebles"},"content":{"rendered":"\n<style type=\"text\/css\" data-created_by=\"avia_inline_auto\" id=\"style-css-av-3ewz1k-c9d44f3a648b0f05088236f8c500f780\">\n.avia-section.av-3ewz1k-c9d44f3a648b0f05088236f8c500f780{\nbackground-repeat:no-repeat;\nbackground-image:url(https:\/\/www.cnh2.es\/wp-content\/uploads\/2019\/01\/transparencia-1030x687.jpg);\nbackground-position:50% 50%;\nbackground-attachment:scroll;\n}\n<\/style>\n<div id='av_section_1'  class='avia-section av-3ewz1k-c9d44f3a648b0f05088236f8c500f780 main_color avia-section-large avia-no-border-styling  avia-builder-el-0  el_before_av_section  avia-builder-el-first  avia-full-stretch avia-bg-style-scroll container_wrap sidebar_right'  data-section-bg-repeat='stretch'><div class='container av-section-cont-open' ><main  role=\"main\" itemprop=\"mainContentOfPage\"  class='template-page content  av-content-small alpha units'><div class='post-entry post-entry-type-page post-entry-14393'><div class='entry-content-wrapper clearfix'>\n\n<style type=\"text\/css\" data-created_by=\"avia_inline_auto\" id=\"style-css-av-7qmw0o-0fc353dd7a6a3fa64c3829a39bad36ae\">\n.flex_column.av-7qmw0o-0fc353dd7a6a3fa64c3829a39bad36ae{\nborder-radius:0px 0px 0px 0px;\npadding:0px 0px 0px 0px;\n}\n<\/style>\n<div  class='flex_column av-7qmw0o-0fc353dd7a6a3fa64c3829a39bad36ae av_one_fifth  avia-builder-el-1  el_before_av_three_fifth  avia-builder-el-first  first flex_column_div av-zero-column-padding  '     ><\/div>\n<style type=\"text\/css\" data-created_by=\"avia_inline_auto\" id=\"style-css-av-5wdzjc-6f52a4e575a76f7a3a460f86c915b7e5\">\n.flex_column.av-5wdzjc-6f52a4e575a76f7a3a460f86c915b7e5{\nborder-radius:0px 0px 0px 0px;\npadding:0px 0px 0px 0px;\n}\n<\/style>\n<div  class='flex_column av-5wdzjc-6f52a4e575a76f7a3a460f86c915b7e5 av_three_fifth  avia-builder-el-2  el_after_av_one_fifth  el_before_av_one_fifth  flex_column_div av-zero-column-padding  '     ><style type=\"text\/css\" data-created_by=\"avia_inline_auto\" id=\"style-css-av-jqxxe44p-f1216c145f84b1a623774f6c85dc6b55\">\n#top .av-special-heading.av-jqxxe44p-f1216c145f84b1a623774f6c85dc6b55{\npadding-bottom:10px;\ncolor:#ffffff;\nfont-size:45px;\n}\nbody .av-special-heading.av-jqxxe44p-f1216c145f84b1a623774f6c85dc6b55 .av-special-heading-tag .heading-char{\nfont-size:25px;\n}\n#top #wrap_all .av-special-heading.av-jqxxe44p-f1216c145f84b1a623774f6c85dc6b55 .av-special-heading-tag{\nfont-size:45px;\n}\n.av-special-heading.av-jqxxe44p-f1216c145f84b1a623774f6c85dc6b55 .special-heading-inner-border{\nborder-color:#ffffff;\n}\n.av-special-heading.av-jqxxe44p-f1216c145f84b1a623774f6c85dc6b55 .av-subheading{\nfont-size:15px;\n}\n\n@media only screen and (min-width: 480px) and (max-width: 767px){ \n#top #wrap_all .av-special-heading.av-jqxxe44p-f1216c145f84b1a623774f6c85dc6b55 .av-special-heading-tag{\nfont-size:0.8em;\n}\n}\n\n@media only screen and (max-width: 479px){ \n#top #wrap_all .av-special-heading.av-jqxxe44p-f1216c145f84b1a623774f6c85dc6b55 .av-special-heading-tag{\nfont-size:0.8em;\n}\n}\n<\/style>\n<div  class='av-special-heading av-jqxxe44p-f1216c145f84b1a623774f6c85dc6b55 av-special-heading-h1 custom-color-heading blockquote modern-quote modern-centered  avia-builder-el-3  avia-builder-el-no-sibling  av-inherit-size'><h1 class='av-special-heading-tag '  itemprop=\"headline\"  >Transparency Portal<\/h1><div class=\"special-heading-border\"><div class=\"special-heading-inner-border\"><\/div><\/div><\/div><\/div>\n<style type=\"text\/css\" data-created_by=\"avia_inline_auto\" id=\"style-css-av-4vnjig-be5c063f829b847a87e0e41d445fbe68\">\n.flex_column.av-4vnjig-be5c063f829b847a87e0e41d445fbe68{\nborder-radius:0px 0px 0px 0px;\npadding:0px 0px 0px 0px;\n}\n<\/style>\n<div  class='flex_column av-4vnjig-be5c063f829b847a87e0e41d445fbe68 av_one_fifth  avia-builder-el-4  el_after_av_three_fifth  avia-builder-el-last  flex_column_div av-zero-column-padding  '     ><\/div>\n\n<\/div><\/div><\/main><!-- close content main element --><\/div><\/div><div id='av_section_2'  class='avia-section av-1xpgew-f23d49376ebfbf498a5b6ce90aa63a15 main_color avia-section-small avia-no-border-styling  avia-builder-el-5  el_after_av_section  el_before_av_section  avia-bg-style-scroll container_wrap sidebar_right'  ><div class='container av-section-cont-open' ><div class='template-page content  av-content-small alpha units'><div class='post-entry post-entry-type-page post-entry-14393'><div class='entry-content-wrapper clearfix'>\n\n<style type=\"text\/css\" data-created_by=\"avia_inline_auto\" id=\"style-css-av-u19mu1-6116fb5bd953dd971611f3a54af8128b\">\n#top .av-special-heading.av-u19mu1-6116fb5bd953dd971611f3a54af8128b{\npadding-bottom:10px;\nfont-size:35px;\n}\nbody .av-special-heading.av-u19mu1-6116fb5bd953dd971611f3a54af8128b .av-special-heading-tag .heading-char{\nfont-size:25px;\n}\n#top #wrap_all .av-special-heading.av-u19mu1-6116fb5bd953dd971611f3a54af8128b .av-special-heading-tag{\nfont-size:35px;\n}\n.av-special-heading.av-u19mu1-6116fb5bd953dd971611f3a54af8128b .av-subheading{\nfont-size:15px;\n}\n\n@media only screen and (min-width: 480px) and (max-width: 767px){ \n#top #wrap_all .av-special-heading.av-u19mu1-6116fb5bd953dd971611f3a54af8128b .av-special-heading-tag{\nfont-size:0.8em;\n}\n}\n\n@media only screen and (max-width: 479px){ \n#top #wrap_all .av-special-heading.av-u19mu1-6116fb5bd953dd971611f3a54af8128b .av-special-heading-tag{\nfont-size:0.8em;\n}\n}\n<\/style>\n<div  class='av-special-heading av-u19mu1-6116fb5bd953dd971611f3a54af8128b av-special-heading-h2 blockquote modern-quote  avia-builder-el-6  el_before_av_heading  avia-builder-el-first  av-inherit-size'><h2 class='av-special-heading-tag '  itemprop=\"headline\"  >Informaci\u00f3n Econ\u00f3mica, Presupuestaria y Estad\u00edstica<\/h2><div class=\"special-heading-border\"><div class=\"special-heading-inner-border\"><\/div><\/div><\/div>\n\n<style type=\"text\/css\" data-created_by=\"avia_inline_auto\" id=\"style-css-av-jr1znxg4-b40fd013bc203b577f63448ed25e3125\">\n#top .av-special-heading.av-jr1znxg4-b40fd013bc203b577f63448ed25e3125{\npadding-bottom:10px;\nfont-size:25px;\n}\nbody .av-special-heading.av-jr1znxg4-b40fd013bc203b577f63448ed25e3125 .av-special-heading-tag .heading-char{\nfont-size:25px;\n}\n#top #wrap_all .av-special-heading.av-jr1znxg4-b40fd013bc203b577f63448ed25e3125 .av-special-heading-tag{\nfont-size:25px;\n}\n.av-special-heading.av-jr1znxg4-b40fd013bc203b577f63448ed25e3125 .av-subheading{\nfont-size:15px;\n}\n\n@media only screen and (min-width: 480px) and (max-width: 767px){ \n#top #wrap_all .av-special-heading.av-jr1znxg4-b40fd013bc203b577f63448ed25e3125 .av-special-heading-tag{\nfont-size:0.8em;\n}\n}\n\n@media only screen and (max-width: 479px){ \n#top #wrap_all .av-special-heading.av-jr1znxg4-b40fd013bc203b577f63448ed25e3125 .av-special-heading-tag{\nfont-size:0.8em;\n}\n}\n<\/style>\n<div  class='av-special-heading av-jr1znxg4-b40fd013bc203b577f63448ed25e3125 av-special-heading-h3 blockquote modern-quote  avia-builder-el-7  el_after_av_heading  avia-builder-el-last  av-inherit-size'><h3 class='av-special-heading-tag '  itemprop=\"headline\"  >RELACI\u00d3N DE BIENES INMUEBLES<\/h3><div class=\"special-heading-border\"><div class=\"special-heading-inner-border\"><\/div><\/div><\/div>\n\n<\/div><\/div><\/div><!-- close content main div --><\/div><\/div><div id='av_section_3'  class='avia-section av-1xpgew-f23d49376ebfbf498a5b6ce90aa63a15 main_color avia-section-small avia-no-border-styling  avia-builder-el-8  el_after_av_section  el_before_av_section  avia-bg-style-scroll container_wrap sidebar_right'  ><div class='container av-section-cont-open' ><div class='template-page content  av-content-small alpha units'><div class='post-entry post-entry-type-page post-entry-14393'><div class='entry-content-wrapper clearfix'>\n<section  class='av_textblock_section av-u1sxa1-3b86213c19fc6076fd89353c8cb06ae8 '   itemscope=\"itemscope\" itemtype=\"https:\/\/schema.org\/CreativeWork\" ><div class='avia_textblock'  itemprop=\"text\" ><p>Los bienes inmuebles sobre los que el <strong>Centro Nacional de Experimentaci\u00f3n de Tecnolog\u00edas de Hidr\u00f3geno y Pilas de combustible<\/strong> dispone de alg\u00fan derecho real son los siguientes:<\/p>\n<p><strong>En Propiedad:<\/strong><\/p>\n<ul>\n<li>Nave Industrial de 1.197 m2 (ref. catastral: 2548801VH0824N0001QK)<\/li>\n<li>Nave Industrial de 1.192 m2 (ref. catastral: 2448701VH0824N0001TK)<\/li>\n<\/ul>\n<p><strong>Cesi\u00f3n de uso por el Excmo. Ayuntamiento de Puertollano de:<\/strong><\/p>\n<ul>\n<li>Edificio de 4.622 m2 sito en calle Prol. Fernando El Santo (ref. catastral: 2647101VH0824N0001YK)<\/li>\n<li>Parcela de 1.350 m2 sito en calle Prol. Fernando El Santo (ref. catastral: 2647901VH0824N0001GK)<\/li>\n<li>Parcela de 4.340 m2 sito en calle Prol. Fernando El Santo (ref. catastral: 2746402VH0824N0001FK)<\/li>\n<\/ul>\n<\/div><\/section>\n\n<\/div><\/div><\/div><!-- close content main div --><\/div><\/div><div id='av_section_4'  class='avia-section av-7j25w-2a8ae4b9cb7b328e2f9a44173a63c509 main_color avia-section-default avia-no-border-styling  avia-builder-el-10  el_after_av_section  avia-builder-el-last  avia-bg-style-scroll container_wrap sidebar_right'  ><div class='container av-section-cont-open' ><div class='template-page content  av-content-small alpha units'><div class='post-entry post-entry-type-page post-entry-14393'><div class='entry-content-wrapper clearfix'>\n<section  class='av_textblock_section av-lilibfb9-e1dc1ddf3c31ac815afd823250df7953 '   itemscope=\"itemscope\" itemtype=\"https:\/\/schema.org\/CreativeWork\" ><div class='avia_textblock'  itemprop=\"text\" >\u00daltima modificaci\u00f3n el 7 June, 2023 <hr>\n<\/div><\/section>\n<div  class='avia-button-wrap av-jp2lgisf-8ebbab64b7545f80c90474d6743d5c2f-wrap avia-button-left  avia-builder-el-12  el_after_av_textblock  avia-builder-el-last '><a href='https:\/\/www.cnh2.es\/en\/transparency\/informacion-economica-presupuestaria-y-estadistica\/'  class='avia-button av-jp2lgisf-8ebbab64b7545f80c90474d6743d5c2f av-link-btn avia-icon_select-yes-left-icon avia-size-large avia-position-left avia-color-theme-color'   aria-label=\"Come back\"><span class='avia_button_icon avia_button_icon_left' aria-hidden='true' data-av_icon='\ue874' data-av_iconfont='entypo-fontello'><\/span><span class='avia_iconbox_title' >Come back<\/span><\/a><\/div>\n<\/div><\/div><\/div><!-- close content main div --><\/div><\/div><div id='after_section_4'  class='main_color av_default_container_wrap container_wrap sidebar_right'  ><div class='container av-section-cont-open' ><div class='template-page content  av-content-small alpha units'><div class='post-entry post-entry-type-page post-entry-14393'><div class='entry-content-wrapper clearfix'>\n","protected":false},"excerpt":{"rendered":"","protected":false},"author":2,"featured_media":0,"parent":14271,"menu_order":0,"comment_status":"closed","ping_status":"closed","template":"","meta":{"_lmt_disableupdate":"no","_lmt_disable":"","footnotes":""},"class_list":["post-14393","page","type-page","status-publish","hentry"],"yoast_head":"<!-- This site is optimized with the Yoast SEO plugin v26.8 - https:\/\/yoast.com\/product\/yoast-seo-wordpress\/ -->\n<title>Relaci\u00f3n de Bienes Inmuebles - Centro Nacional del Hidr\u00f3geno<\/title>\n<meta name=\"robots\" content=\"index, follow, max-snippet:-1, max-image-preview:large, max-video-preview:-1\" \/>\n<link rel=\"canonical\" href=\"https:\/\/www.cnh2.es\/en\/transparency\/informacion-economica-presupuestaria-y-estadistica\/relacion-de-bienes-inmuebles\/\" \/>\n<meta property=\"og:locale\" content=\"en_US\" \/>\n<meta property=\"og:type\" content=\"article\" \/>\n<meta property=\"og:title\" content=\"Relaci\u00f3n de Bienes Inmuebles - Centro Nacional del Hidr\u00f3geno\" \/>\n<meta property=\"og:url\" content=\"https:\/\/www.cnh2.es\/en\/transparency\/informacion-economica-presupuestaria-y-estadistica\/relacion-de-bienes-inmuebles\/\" \/>\n<meta property=\"og:site_name\" content=\"Centro Nacional del Hidr\u00f3geno\" \/>\n<meta property=\"article:modified_time\" content=\"2023-06-07T09:28:09+00:00\" \/>\n<meta name=\"twitter:card\" content=\"summary_large_image\" \/>\n<meta name=\"twitter:label1\" content=\"Est. reading time\" \/>\n\t<meta name=\"twitter:data1\" content=\"3 minutes\" \/>\n<script type=\"application\/ld+json\" class=\"yoast-schema-graph\">{\"@context\":\"https:\/\/schema.org\",\"@graph\":[{\"@type\":\"WebPage\",\"@id\":\"https:\/\/www.cnh2.es\/en\/transparency\/informacion-economica-presupuestaria-y-estadistica\/relacion-de-bienes-inmuebles\/\",\"url\":\"https:\/\/www.cnh2.es\/en\/transparency\/informacion-economica-presupuestaria-y-estadistica\/relacion-de-bienes-inmuebles\/\",\"name\":\"Relaci\u00f3n de Bienes Inmuebles - Centro Nacional del Hidr\u00f3geno\",\"isPartOf\":{\"@id\":\"https:\/\/www.cnh2.es\/#website\"},\"datePublished\":\"2019-01-18T11:57:16+00:00\",\"dateModified\":\"2023-06-07T09:28:09+00:00\",\"breadcrumb\":{\"@id\":\"https:\/\/www.cnh2.es\/en\/transparency\/informacion-economica-presupuestaria-y-estadistica\/relacion-de-bienes-inmuebles\/#breadcrumb\"},\"inLanguage\":\"en-US\",\"potentialAction\":[{\"@type\":\"ReadAction\",\"target\":[\"https:\/\/www.cnh2.es\/en\/transparency\/informacion-economica-presupuestaria-y-estadistica\/relacion-de-bienes-inmuebles\/\"]}]},{\"@type\":\"BreadcrumbList\",\"@id\":\"https:\/\/www.cnh2.es\/en\/transparency\/informacion-economica-presupuestaria-y-estadistica\/relacion-de-bienes-inmuebles\/#breadcrumb\",\"itemListElement\":[{\"@type\":\"ListItem\",\"position\":1,\"name\":\"Home\",\"item\":\"https:\/\/www.cnh2.es\/en\/\"},{\"@type\":\"ListItem\",\"position\":2,\"name\":\"Transparency\",\"item\":\"https:\/\/www.cnh2.es\/en\/transparency\/\"},{\"@type\":\"ListItem\",\"position\":3,\"name\":\"Informaci\u00f3n Econ\u00f3mica, Presupuestaria y Estad\u00edstica\",\"item\":\"https:\/\/www.cnh2.es\/en\/transparency\/informacion-economica-presupuestaria-y-estadistica\/\"},{\"@type\":\"ListItem\",\"position\":4,\"name\":\"Relaci\u00f3n de Bienes Inmuebles\"}]},{\"@type\":\"WebSite\",\"@id\":\"https:\/\/www.cnh2.es\/#website\",\"url\":\"https:\/\/www.cnh2.es\/\",\"name\":\"Centro Nacional del Hidr\u00f3geno\",\"description\":\"El Centro Nacional del Hidr\u00f3geno (CNH2), es una instalaci\u00f3n de nueva creaci\u00f3n dedicada en exclusividad a la investigaci\u00f3n y desarrollo de las tecnolog\u00edas del...\",\"potentialAction\":[{\"@type\":\"SearchAction\",\"target\":{\"@type\":\"EntryPoint\",\"urlTemplate\":\"https:\/\/www.cnh2.es\/?s={search_term_string}\"},\"query-input\":{\"@type\":\"PropertyValueSpecification\",\"valueRequired\":true,\"valueName\":\"search_term_string\"}}],\"inLanguage\":\"en-US\"}]}<\/script>\n<!-- \/ Yoast SEO plugin. -->","yoast_head_json":{"title":"Relaci\u00f3n de Bienes Inmuebles - Centro Nacional del Hidr\u00f3geno","robots":{"index":"index","follow":"follow","max-snippet":"max-snippet:-1","max-image-preview":"max-image-preview:large","max-video-preview":"max-video-preview:-1"},"canonical":"https:\/\/www.cnh2.es\/en\/transparency\/informacion-economica-presupuestaria-y-estadistica\/relacion-de-bienes-inmuebles\/","og_locale":"en_US","og_type":"article","og_title":"Relaci\u00f3n de Bienes Inmuebles - Centro Nacional del Hidr\u00f3geno","og_url":"https:\/\/www.cnh2.es\/en\/transparency\/informacion-economica-presupuestaria-y-estadistica\/relacion-de-bienes-inmuebles\/","og_site_name":"Centro Nacional del Hidr\u00f3geno","article_modified_time":"2023-06-07T09:28:09+00:00","twitter_card":"summary_large_image","twitter_misc":{"Est. reading time":"3 minutes"},"schema":{"@context":"https:\/\/schema.org","@graph":[{"@type":"WebPage","@id":"https:\/\/www.cnh2.es\/en\/transparency\/informacion-economica-presupuestaria-y-estadistica\/relacion-de-bienes-inmuebles\/","url":"https:\/\/www.cnh2.es\/en\/transparency\/informacion-economica-presupuestaria-y-estadistica\/relacion-de-bienes-inmuebles\/","name":"Relaci\u00f3n de Bienes Inmuebles - Centro Nacional del Hidr\u00f3geno","isPartOf":{"@id":"https:\/\/www.cnh2.es\/#website"},"datePublished":"2019-01-18T11:57:16+00:00","dateModified":"2023-06-07T09:28:09+00:00","breadcrumb":{"@id":"https:\/\/www.cnh2.es\/en\/transparency\/informacion-economica-presupuestaria-y-estadistica\/relacion-de-bienes-inmuebles\/#breadcrumb"},"inLanguage":"en-US","potentialAction":[{"@type":"ReadAction","target":["https:\/\/www.cnh2.es\/en\/transparency\/informacion-economica-presupuestaria-y-estadistica\/relacion-de-bienes-inmuebles\/"]}]},{"@type":"BreadcrumbList","@id":"https:\/\/www.cnh2.es\/en\/transparency\/informacion-economica-presupuestaria-y-estadistica\/relacion-de-bienes-inmuebles\/#breadcrumb","itemListElement":[{"@type":"ListItem","position":1,"name":"Home","item":"https:\/\/www.cnh2.es\/en\/"},{"@type":"ListItem","position":2,"name":"Transparency","item":"https:\/\/www.cnh2.es\/en\/transparency\/"},{"@type":"ListItem","position":3,"name":"Informaci\u00f3n Econ\u00f3mica, Presupuestaria y Estad\u00edstica","item":"https:\/\/www.cnh2.es\/en\/transparency\/informacion-economica-presupuestaria-y-estadistica\/"},{"@type":"ListItem","position":4,"name":"Relaci\u00f3n de Bienes Inmuebles"}]},{"@type":"WebSite","@id":"https:\/\/www.cnh2.es\/#website","url":"https:\/\/www.cnh2.es\/","name":"Centro Nacional del Hidr\u00f3geno","description":"El Centro Nacional del Hidr\u00f3geno (CNH2), es una instalaci\u00f3n de nueva creaci\u00f3n dedicada en exclusividad a la investigaci\u00f3n y desarrollo de las tecnolog\u00edas del...","potentialAction":[{"@type":"SearchAction","target":{"@type":"EntryPoint","urlTemplate":"https:\/\/www.cnh2.es\/?s={search_term_string}"},"query-input":{"@type":"PropertyValueSpecification","valueRequired":true,"valueName":"search_term_string"}}],"inLanguage":"en-US"}]}},"_links":{"self":[{"href":"https:\/\/www.cnh2.es\/en\/wp-json\/wp\/v2\/pages\/14393","targetHints":{"allow":["GET"]}}],"collection":[{"href":"https:\/\/www.cnh2.es\/en\/wp-json\/wp\/v2\/pages"}],"about":[{"href":"https:\/\/www.cnh2.es\/en\/wp-json\/wp\/v2\/types\/page"}],"author":[{"embeddable":true,"href":"https:\/\/www.cnh2.es\/en\/wp-json\/wp\/v2\/users\/2"}],"replies":[{"embeddable":true,"href":"https:\/\/www.cnh2.es\/en\/wp-json\/wp\/v2\/comments?post=14393"}],"version-history":[{"count":0,"href":"https:\/\/www.cnh2.es\/en\/wp-json\/wp\/v2\/pages\/14393\/revisions"}],"up":[{"embeddable":true,"href":"https:\/\/www.cnh2.es\/en\/wp-json\/wp\/v2\/pages\/14271"}],"wp:attachment":[{"href":"https:\/\/www.cnh2.es\/en\/wp-json\/wp\/v2\/media?parent=14393"}],"curies":[{"name":"wp","href":"https:\/\/api.w.org\/{rel}","templated":true}]}}