{"id":14201,"date":"2019-01-16T14:42:34","date_gmt":"2019-01-16T14:42:34","guid":{"rendered":"https:\/\/www.cnh2.es\/?page_id=14201"},"modified":"2023-06-07T10:41:11","modified_gmt":"2023-06-07T08:41:11","slug":"funciones-del-cnh2","status":"publish","type":"page","link":"https:\/\/www.cnh2.es\/en\/transparency\/informacion-institucional-organizativa-y-de-planificacion\/funciones-del-cnh2\/","title":{"rendered":"Funciones del CNH2"},"content":{"rendered":"\n<style type=\"text\/css\" data-created_by=\"avia_inline_auto\" id=\"style-css-av-3ewz1k-c9d44f3a648b0f05088236f8c500f780\">\n.avia-section.av-3ewz1k-c9d44f3a648b0f05088236f8c500f780{\nbackground-repeat:no-repeat;\nbackground-image:url(https:\/\/www.cnh2.es\/wp-content\/uploads\/2019\/01\/transparencia-1030x687.jpg);\nbackground-position:50% 50%;\nbackground-attachment:scroll;\n}\n<\/style>\n<div id='av_section_1'  class='avia-section av-3ewz1k-c9d44f3a648b0f05088236f8c500f780 main_color avia-section-large avia-no-border-styling  avia-builder-el-0  el_before_av_section  avia-builder-el-first  avia-full-stretch avia-bg-style-scroll container_wrap sidebar_right'  data-section-bg-repeat='stretch'><div class='container av-section-cont-open' ><main  role=\"main\" itemprop=\"mainContentOfPage\"  class='template-page content  av-content-small alpha units'><div class='post-entry post-entry-type-page post-entry-14201'><div class='entry-content-wrapper clearfix'>\n\n<style type=\"text\/css\" data-created_by=\"avia_inline_auto\" id=\"style-css-av-7qmw0o-0fc353dd7a6a3fa64c3829a39bad36ae\">\n.flex_column.av-7qmw0o-0fc353dd7a6a3fa64c3829a39bad36ae{\nborder-radius:0px 0px 0px 0px;\npadding:0px 0px 0px 0px;\n}\n<\/style>\n<div  class='flex_column av-7qmw0o-0fc353dd7a6a3fa64c3829a39bad36ae av_one_fifth  avia-builder-el-1  el_before_av_three_fifth  avia-builder-el-first  first flex_column_div av-zero-column-padding  '     ><\/div>\n<style type=\"text\/css\" data-created_by=\"avia_inline_auto\" id=\"style-css-av-5wdzjc-6f52a4e575a76f7a3a460f86c915b7e5\">\n.flex_column.av-5wdzjc-6f52a4e575a76f7a3a460f86c915b7e5{\nborder-radius:0px 0px 0px 0px;\npadding:0px 0px 0px 0px;\n}\n<\/style>\n<div  class='flex_column av-5wdzjc-6f52a4e575a76f7a3a460f86c915b7e5 av_three_fifth  avia-builder-el-2  el_after_av_one_fifth  el_before_av_one_fifth  flex_column_div av-zero-column-padding  '     ><style type=\"text\/css\" data-created_by=\"avia_inline_auto\" id=\"style-css-av-jqxxe44p-f1216c145f84b1a623774f6c85dc6b55\">\n#top .av-special-heading.av-jqxxe44p-f1216c145f84b1a623774f6c85dc6b55{\npadding-bottom:10px;\ncolor:#ffffff;\nfont-size:45px;\n}\nbody .av-special-heading.av-jqxxe44p-f1216c145f84b1a623774f6c85dc6b55 .av-special-heading-tag .heading-char{\nfont-size:25px;\n}\n#top #wrap_all .av-special-heading.av-jqxxe44p-f1216c145f84b1a623774f6c85dc6b55 .av-special-heading-tag{\nfont-size:45px;\n}\n.av-special-heading.av-jqxxe44p-f1216c145f84b1a623774f6c85dc6b55 .special-heading-inner-border{\nborder-color:#ffffff;\n}\n.av-special-heading.av-jqxxe44p-f1216c145f84b1a623774f6c85dc6b55 .av-subheading{\nfont-size:15px;\n}\n\n@media only screen and (min-width: 480px) and (max-width: 767px){ \n#top #wrap_all .av-special-heading.av-jqxxe44p-f1216c145f84b1a623774f6c85dc6b55 .av-special-heading-tag{\nfont-size:0.8em;\n}\n}\n\n@media only screen and (max-width: 479px){ \n#top #wrap_all .av-special-heading.av-jqxxe44p-f1216c145f84b1a623774f6c85dc6b55 .av-special-heading-tag{\nfont-size:0.8em;\n}\n}\n<\/style>\n<div  class='av-special-heading av-jqxxe44p-f1216c145f84b1a623774f6c85dc6b55 av-special-heading-h1 custom-color-heading blockquote modern-quote modern-centered  avia-builder-el-3  avia-builder-el-no-sibling  av-inherit-size'><h1 class='av-special-heading-tag '  itemprop=\"headline\"  >Transparency Portal<\/h1><div class=\"special-heading-border\"><div class=\"special-heading-inner-border\"><\/div><\/div><\/div><\/div>\n<style type=\"text\/css\" data-created_by=\"avia_inline_auto\" id=\"style-css-av-4vnjig-be5c063f829b847a87e0e41d445fbe68\">\n.flex_column.av-4vnjig-be5c063f829b847a87e0e41d445fbe68{\nborder-radius:0px 0px 0px 0px;\npadding:0px 0px 0px 0px;\n}\n<\/style>\n<div  class='flex_column av-4vnjig-be5c063f829b847a87e0e41d445fbe68 av_one_fifth  avia-builder-el-4  el_after_av_three_fifth  avia-builder-el-last  flex_column_div av-zero-column-padding  '     ><\/div>\n\n<\/div><\/div><\/main><!-- close content main element --><\/div><\/div><div id='av_section_2'  class='avia-section av-1xpgew-44fd3780710c08b2d35dc6b3c9ab07e4 main_color avia-section-default avia-no-border-styling  avia-builder-el-5  el_after_av_section  el_before_av_textblock  avia-bg-style-scroll container_wrap sidebar_right'  ><div class='container av-section-cont-open' ><div class='template-page content  av-content-small alpha units'><div class='post-entry post-entry-type-page post-entry-14201'><div class='entry-content-wrapper clearfix'>\n\n<style type=\"text\/css\" data-created_by=\"avia_inline_auto\" id=\"style-css-av-1bs5vy1-c13fc14ecbd462390d2bfc0934d80d12\">\n#top .av-special-heading.av-1bs5vy1-c13fc14ecbd462390d2bfc0934d80d12{\npadding-bottom:10px;\nfont-size:35px;\n}\nbody .av-special-heading.av-1bs5vy1-c13fc14ecbd462390d2bfc0934d80d12 .av-special-heading-tag .heading-char{\nfont-size:25px;\n}\n#top #wrap_all .av-special-heading.av-1bs5vy1-c13fc14ecbd462390d2bfc0934d80d12 .av-special-heading-tag{\nfont-size:35px;\n}\n.av-special-heading.av-1bs5vy1-c13fc14ecbd462390d2bfc0934d80d12 .av-subheading{\nfont-size:15px;\n}\n\n@media only screen and (min-width: 480px) and (max-width: 767px){ \n#top #wrap_all .av-special-heading.av-1bs5vy1-c13fc14ecbd462390d2bfc0934d80d12 .av-special-heading-tag{\nfont-size:0.8em;\n}\n}\n\n@media only screen and (max-width: 479px){ \n#top #wrap_all .av-special-heading.av-1bs5vy1-c13fc14ecbd462390d2bfc0934d80d12 .av-special-heading-tag{\nfont-size:0.8em;\n}\n}\n<\/style>\n<div  class='av-special-heading av-1bs5vy1-c13fc14ecbd462390d2bfc0934d80d12 av-special-heading-h2 blockquote modern-quote  avia-builder-el-6  el_before_av_heading  avia-builder-el-first  av-inherit-size'><h2 class='av-special-heading-tag '  itemprop=\"headline\"  >Informaci\u00f3n Institucional, Organizativa y de Planificaci\u00f3n<\/h2><div class=\"special-heading-border\"><div class=\"special-heading-inner-border\"><\/div><\/div><\/div>\n\n<style type=\"text\/css\" data-created_by=\"avia_inline_auto\" id=\"style-css-av-8xt15-a4a85d1edebfcce94cdc41b87c20b923\">\n#top .av-special-heading.av-8xt15-a4a85d1edebfcce94cdc41b87c20b923{\npadding-bottom:10px;\nfont-size:25px;\n}\nbody .av-special-heading.av-8xt15-a4a85d1edebfcce94cdc41b87c20b923 .av-special-heading-tag .heading-char{\nfont-size:25px;\n}\n#top #wrap_all .av-special-heading.av-8xt15-a4a85d1edebfcce94cdc41b87c20b923 .av-special-heading-tag{\nfont-size:25px;\n}\n.av-special-heading.av-8xt15-a4a85d1edebfcce94cdc41b87c20b923 .av-subheading{\nfont-size:15px;\n}\n\n@media only screen and (min-width: 480px) and (max-width: 767px){ \n#top #wrap_all .av-special-heading.av-8xt15-a4a85d1edebfcce94cdc41b87c20b923 .av-special-heading-tag{\nfont-size:0.8em;\n}\n}\n\n@media only screen and (max-width: 479px){ \n#top #wrap_all .av-special-heading.av-8xt15-a4a85d1edebfcce94cdc41b87c20b923 .av-special-heading-tag{\nfont-size:0.8em;\n}\n}\n<\/style>\n<div  class='av-special-heading av-8xt15-a4a85d1edebfcce94cdc41b87c20b923 av-special-heading-h3 blockquote modern-quote  avia-builder-el-7  el_after_av_heading  el_before_av_one_full  av-inherit-size'><h3 class='av-special-heading-tag '  itemprop=\"headline\"  >Funciones del CNH2<\/h3><div class=\"special-heading-border\"><div class=\"special-heading-inner-border\"><\/div><\/div><\/div>\n\n<style type=\"text\/css\" data-created_by=\"avia_inline_auto\" id=\"style-css-av-348kb4-c89fdc346c1c2ad67f48627c7255ecde\">\n.flex_column.av-348kb4-c89fdc346c1c2ad67f48627c7255ecde{\nborder-radius:0px 0px 0px 0px;\npadding:0px 0px 0px 0px;\n}\n<\/style>\n<div  class='flex_column av-348kb4-c89fdc346c1c2ad67f48627c7255ecde av_one_full  avia-builder-el-8  el_after_av_heading  avia-builder-el-last  first flex_column_div av-zero-column-padding  '     ><section  class='av_textblock_section av-acgm0-5f714fbe55994c07fb4889f96c83730a '   itemscope=\"itemscope\" itemtype=\"https:\/\/schema.org\/CreativeWork\" ><div class='avia_textblock'  itemprop=\"text\" ><p style=\"text-align: justify;\">El Centro Nacional de Experimentaci\u00f3n de Tecnolog\u00edas de Hidr\u00f3geno y Pilas de Combustible (CNH2), es un Consorcio de Investigaci\u00f3n, Desarrollo e Innovaci\u00f3n de \u00e1mbito nacional con sede en Puertollano (Ciudad Real). Fue creado en diciembre de 2007 como un Consorcio P\u00fablico entre el Ministerio de Educaci\u00f3n y Ciencia, actualmente Ministerio de Ciencia e Innovaci\u00f3n, y la Junta de Comunidades de Castilla-La Mancha, con una participaci\u00f3n del 50% cada uno.<\/p>\n<p style=\"text-align: justify;\">Su creaci\u00f3n fue una respuesta a la b\u00fasqueda de est\u00edmulos hacia unas tecnolog\u00edas de futuro, las relacionadas con la cadena de valor del hidr\u00f3geno y las pilas de combustible, y en las que Espa\u00f1a tiene una ventaja centrada en su papel destacado en el desarrollo de las energ\u00edas renovables con respecto a pa\u00edses que lo lideran. Las tecnolog\u00edas del hidr\u00f3geno y de las pilas de combustible est\u00e1n siendo un pilar fundamental en su aplicaci\u00f3n energ\u00e9tica como almac\u00e9n de energ\u00eda dentro del apoyo y gestionabilidad de las energ\u00edas renovables, como alternativa a los combustibles f\u00f3siles para atenuar su aleatoriedad y apoyar la descarbonizaci\u00f3n, y como vector energ\u00e9tico con multitud de aplicaciones tanto en movilidad como en sistemas estacionarios, aportando una soluci\u00f3n a los sectores dif\u00edciles de electrificar. En el \u00faltimo a\u00f1o se han desplegado diversas estrategias nacionales en diferentes pa\u00edses tratando de definir unos objetivos claros de desarrollo del sector, que permitan generar econom\u00edas de escala que reduzcan sus costes y penetren cada vez m\u00e1s en los distintos nichos de aplicaci\u00f3n industrial. En nuestro pa\u00eds se acaba de publicar la estrategia nacional del hidr\u00f3geno, pudiendo integrarnos en la cadena de valor al mismo nivel que otros pa\u00edses europeos de nuestro entorno que llevan trabajando m\u00e1s tiempo.<\/p>\n<p style=\"text-align: justify;\">El CNH2 se integra dentro de esa estrategia nacional como clave en la coordinaci\u00f3n del desarrollo y consecuci\u00f3n de las distintas medidas propuestas. Para ello integrar\u00e1 a los distintos actores de la cadena de valor que deben participar con el principal prop\u00f3sito de que todos los sectores industriales necesarios se impliquen y se beneficien del resultado obtenido por los mismos.<\/p>\n<p style=\"text-align: justify;\">Actualmente, el CNH2 es una instituci\u00f3n reconocida en el sector y que participa activamente en todos los foros relacionados con las tecnolog\u00edas de su \u00e1mbito de actuaci\u00f3n.<\/p>\n<p style=\"text-align: justify;\">A nivel local, el CNH2 mantiene estrecho contacto con actores industriales y tecnol\u00f3gicos de primer nivel (REPSOL, ELCOGAS, ISFOC, IBERDROLA, ENCASUR, etc.), trabajando en la preparaci\u00f3n de proyectos de inter\u00e9s conjunto y de componente industrial y tecnol\u00f3gica, as\u00ed como de formaci\u00f3n y divulgaci\u00f3n. Tambi\u00e9n colabora muy estrechamente con la UCLM, con la que tiene un Acuerdo Marco y es agregado estrat\u00e9gico de su Campus de Excelencia, CyTEMA.<\/p>\n<p style=\"text-align: justify;\">A nivel nacional, el CNH2 participa en distintas plataformas tecnol\u00f3gicas (la de hidr\u00f3geno y pilas de combustible, PTEHPC; la de seguridad industrial, PESI; y la de redes el\u00e9ctricas, FUTURED), as\u00ed como en las dos asociaciones sectoriales nacionales, la Asociaci\u00f3n Espa\u00f1ola del Hidr\u00f3geno (AeH2) y la de las Pilas de Combustible (APPICE). Es miembro de AENOR (participando en los comit\u00e9s t\u00e9cnicos de normalizaci\u00f3n relativos a tecnolog\u00edas de hidr\u00f3geno, CTN-181 y pilas de combustible, CTN-206, y siendo secretario del subcomit\u00e9 relacionado con la generaci\u00f3n el\u00e9ctrica con pilas de combustible) y es miembro acreditado de la Red de Unidades de Cultura Cient\u00edfica y de la Innovaci\u00f3n UCC+i de la FECYT. Desarrolla proyectos en colaboraci\u00f3n con empresas del sector de la energ\u00eda, el hidr\u00f3geno y las pilas de combustible (ENDESA, ENAGAS, GAS NATURAL, FCC AQUALIA, ABENGOA HIDR\u00d3GENO, TECNALIA, etc.) y tiene convenios suscritos con los principales centros de investigaci\u00f3n nacionales (CSIC, CIEMAT, INTA, IREC) y con universidades (UNED, UCO, US, UPV, UCM, UPCT, etc.).<\/p>\n<p style=\"text-align: justify;\">A nivel internacional, el Centro participa en el N.ERGHY, que es la asociaci\u00f3n de centros de investigaci\u00f3n dentro de la FCH-JU 2.0 (<em>Fuel Cell and Hydrogen Joint Undertaking<\/em>), as\u00ed como en HySAFE (<em>Safety of Hydrogen as an Energy Carrier<\/em>).<\/p>\n<\/div><\/section><\/div>\n<\/div><\/div><\/div><!-- close content main div --><\/div><\/div><div id='after_section_2'  class='main_color av_default_container_wrap container_wrap sidebar_right'  ><div class='container av-section-cont-open' ><div class='template-page content  av-content-small alpha units'><div class='post-entry post-entry-type-page post-entry-14201'><div class='entry-content-wrapper clearfix'>\n<section  class='av_textblock_section av-lilgn1hq-f688fbc8d5cb7cf9023b579e29ee593e '   itemscope=\"itemscope\" itemtype=\"https:\/\/schema.org\/CreativeWork\" ><div class='avia_textblock'  itemprop=\"text\" >\u00daltima modificaci\u00f3n el 7 June, 2023 <hr>\n<\/div><\/section>\n<\/div><\/div><\/div><!-- close content main div --><\/div><\/div><div id='av_section_3'  class='avia-section av-7j25w-2a8ae4b9cb7b328e2f9a44173a63c509 main_color avia-section-default avia-no-border-styling  avia-builder-el-11  el_after_av_textblock  avia-builder-el-last  avia-bg-style-scroll container_wrap sidebar_right'  ><div class='container av-section-cont-open' ><div class='template-page content  av-content-small alpha units'><div class='post-entry post-entry-type-page post-entry-14201'><div class='entry-content-wrapper clearfix'>\n<div  class='avia-button-wrap av-jp2lgisf-e54b11c8ce99c74878f7cf90afb97d49-wrap avia-button-left  avia-builder-el-12  avia-builder-el-no-sibling '><a href='https:\/\/www.cnh2.es\/en\/transparency\/informacion-institucional-organizativa-y-de-planificacion\/'  class='avia-button av-jp2lgisf-e54b11c8ce99c74878f7cf90afb97d49 av-link-btn avia-icon_select-yes-left-icon avia-size-large avia-position-left avia-color-theme-color'   aria-label=\"Come back\"><span class='avia_button_icon avia_button_icon_left' aria-hidden='true' data-av_icon='\ue874' data-av_iconfont='entypo-fontello'><\/span><span class='avia_iconbox_title' >Come back<\/span><\/a><\/div>\n<\/div><\/div><\/div><!-- close content main div --><\/div><\/div><div id='after_section_3'  class='main_color av_default_container_wrap container_wrap sidebar_right'  ><div class='container av-section-cont-open' ><div class='template-page content  av-content-small alpha units'><div class='post-entry post-entry-type-page post-entry-14201'><div class='entry-content-wrapper clearfix'>\n","protected":false},"excerpt":{"rendered":"","protected":false},"author":2,"featured_media":0,"parent":14179,"menu_order":0,"comment_status":"closed","ping_status":"closed","template":"","meta":{"_lmt_disableupdate":"no","_lmt_disable":"","footnotes":""},"class_list":["post-14201","page","type-page","status-publish","hentry"],"yoast_head":"<!-- This site is optimized with the Yoast SEO plugin v27.4 - https:\/\/yoast.com\/product\/yoast-seo-wordpress\/ -->\n<title>Funciones del CNH2 - Centro Nacional del Hidr\u00f3geno<\/title>\n<meta name=\"robots\" content=\"index, follow, max-snippet:-1, max-image-preview:large, max-video-preview:-1\" \/>\n<link rel=\"canonical\" href=\"https:\/\/www.cnh2.es\/en\/transparency\/informacion-institucional-organizativa-y-de-planificacion\/funciones-del-cnh2\/\" \/>\n<meta property=\"og:locale\" content=\"en_US\" \/>\n<meta property=\"og:type\" content=\"article\" \/>\n<meta property=\"og:title\" content=\"Funciones del CNH2 - Centro Nacional del Hidr\u00f3geno\" \/>\n<meta property=\"og:url\" content=\"https:\/\/www.cnh2.es\/en\/transparency\/informacion-institucional-organizativa-y-de-planificacion\/funciones-del-cnh2\/\" \/>\n<meta property=\"og:site_name\" content=\"Centro Nacional del Hidr\u00f3geno\" \/>\n<meta property=\"article:modified_time\" content=\"2023-06-07T08:41:11+00:00\" \/>\n<meta name=\"twitter:card\" content=\"summary_large_image\" \/>\n<meta name=\"twitter:label1\" content=\"Est. reading time\" \/>\n\t<meta name=\"twitter:data1\" content=\"5 minutes\" \/>\n<script type=\"application\/ld+json\" class=\"yoast-schema-graph\">{\"@context\":\"https:\\\/\\\/schema.org\",\"@graph\":[{\"@type\":\"WebPage\",\"@id\":\"https:\\\/\\\/www.cnh2.es\\\/en\\\/transparency\\\/informacion-institucional-organizativa-y-de-planificacion\\\/funciones-del-cnh2\\\/\",\"url\":\"https:\\\/\\\/www.cnh2.es\\\/en\\\/transparency\\\/informacion-institucional-organizativa-y-de-planificacion\\\/funciones-del-cnh2\\\/\",\"name\":\"Funciones del CNH2 - Centro Nacional del Hidr\u00f3geno\",\"isPartOf\":{\"@id\":\"https:\\\/\\\/www.cnh2.es\\\/#website\"},\"datePublished\":\"2019-01-16T14:42:34+00:00\",\"dateModified\":\"2023-06-07T08:41:11+00:00\",\"breadcrumb\":{\"@id\":\"https:\\\/\\\/www.cnh2.es\\\/en\\\/transparency\\\/informacion-institucional-organizativa-y-de-planificacion\\\/funciones-del-cnh2\\\/#breadcrumb\"},\"inLanguage\":\"en-US\",\"potentialAction\":[{\"@type\":\"ReadAction\",\"target\":[\"https:\\\/\\\/www.cnh2.es\\\/en\\\/transparency\\\/informacion-institucional-organizativa-y-de-planificacion\\\/funciones-del-cnh2\\\/\"]}]},{\"@type\":\"BreadcrumbList\",\"@id\":\"https:\\\/\\\/www.cnh2.es\\\/en\\\/transparency\\\/informacion-institucional-organizativa-y-de-planificacion\\\/funciones-del-cnh2\\\/#breadcrumb\",\"itemListElement\":[{\"@type\":\"ListItem\",\"position\":1,\"name\":\"Home\",\"item\":\"https:\\\/\\\/www.cnh2.es\\\/en\\\/\"},{\"@type\":\"ListItem\",\"position\":2,\"name\":\"Transparency\",\"item\":\"https:\\\/\\\/www.cnh2.es\\\/en\\\/transparency\\\/\"},{\"@type\":\"ListItem\",\"position\":3,\"name\":\"Informaci\u00f3n institucional, organizativa y de planificaci\u00f3n\",\"item\":\"https:\\\/\\\/www.cnh2.es\\\/en\\\/transparency\\\/informacion-institucional-organizativa-y-de-planificacion\\\/\"},{\"@type\":\"ListItem\",\"position\":4,\"name\":\"Funciones del CNH2\"}]},{\"@type\":\"WebSite\",\"@id\":\"https:\\\/\\\/www.cnh2.es\\\/#website\",\"url\":\"https:\\\/\\\/www.cnh2.es\\\/\",\"name\":\"Centro Nacional del Hidr\u00f3geno\",\"description\":\"El Centro Nacional del Hidr\u00f3geno (CNH2), es una instalaci\u00f3n de nueva creaci\u00f3n dedicada en exclusividad a la investigaci\u00f3n y desarrollo de las tecnolog\u00edas del...\",\"potentialAction\":[{\"@type\":\"SearchAction\",\"target\":{\"@type\":\"EntryPoint\",\"urlTemplate\":\"https:\\\/\\\/www.cnh2.es\\\/?s={search_term_string}\"},\"query-input\":{\"@type\":\"PropertyValueSpecification\",\"valueRequired\":true,\"valueName\":\"search_term_string\"}}],\"inLanguage\":\"en-US\"}]}<\/script>\n<!-- \/ Yoast SEO plugin. -->","yoast_head_json":{"title":"Funciones del CNH2 - Centro Nacional del Hidr\u00f3geno","robots":{"index":"index","follow":"follow","max-snippet":"max-snippet:-1","max-image-preview":"max-image-preview:large","max-video-preview":"max-video-preview:-1"},"canonical":"https:\/\/www.cnh2.es\/en\/transparency\/informacion-institucional-organizativa-y-de-planificacion\/funciones-del-cnh2\/","og_locale":"en_US","og_type":"article","og_title":"Funciones del CNH2 - Centro Nacional del Hidr\u00f3geno","og_url":"https:\/\/www.cnh2.es\/en\/transparency\/informacion-institucional-organizativa-y-de-planificacion\/funciones-del-cnh2\/","og_site_name":"Centro Nacional del Hidr\u00f3geno","article_modified_time":"2023-06-07T08:41:11+00:00","twitter_card":"summary_large_image","twitter_misc":{"Est. reading time":"5 minutes"},"schema":{"@context":"https:\/\/schema.org","@graph":[{"@type":"WebPage","@id":"https:\/\/www.cnh2.es\/en\/transparency\/informacion-institucional-organizativa-y-de-planificacion\/funciones-del-cnh2\/","url":"https:\/\/www.cnh2.es\/en\/transparency\/informacion-institucional-organizativa-y-de-planificacion\/funciones-del-cnh2\/","name":"Funciones del CNH2 - Centro Nacional del Hidr\u00f3geno","isPartOf":{"@id":"https:\/\/www.cnh2.es\/#website"},"datePublished":"2019-01-16T14:42:34+00:00","dateModified":"2023-06-07T08:41:11+00:00","breadcrumb":{"@id":"https:\/\/www.cnh2.es\/en\/transparency\/informacion-institucional-organizativa-y-de-planificacion\/funciones-del-cnh2\/#breadcrumb"},"inLanguage":"en-US","potentialAction":[{"@type":"ReadAction","target":["https:\/\/www.cnh2.es\/en\/transparency\/informacion-institucional-organizativa-y-de-planificacion\/funciones-del-cnh2\/"]}]},{"@type":"BreadcrumbList","@id":"https:\/\/www.cnh2.es\/en\/transparency\/informacion-institucional-organizativa-y-de-planificacion\/funciones-del-cnh2\/#breadcrumb","itemListElement":[{"@type":"ListItem","position":1,"name":"Home","item":"https:\/\/www.cnh2.es\/en\/"},{"@type":"ListItem","position":2,"name":"Transparency","item":"https:\/\/www.cnh2.es\/en\/transparency\/"},{"@type":"ListItem","position":3,"name":"Informaci\u00f3n institucional, organizativa y de planificaci\u00f3n","item":"https:\/\/www.cnh2.es\/en\/transparency\/informacion-institucional-organizativa-y-de-planificacion\/"},{"@type":"ListItem","position":4,"name":"Funciones del CNH2"}]},{"@type":"WebSite","@id":"https:\/\/www.cnh2.es\/#website","url":"https:\/\/www.cnh2.es\/","name":"Centro Nacional del Hidr\u00f3geno","description":"El Centro Nacional del Hidr\u00f3geno (CNH2), es una instalaci\u00f3n de nueva creaci\u00f3n dedicada en exclusividad a la investigaci\u00f3n y desarrollo de las tecnolog\u00edas del...","potentialAction":[{"@type":"SearchAction","target":{"@type":"EntryPoint","urlTemplate":"https:\/\/www.cnh2.es\/?s={search_term_string}"},"query-input":{"@type":"PropertyValueSpecification","valueRequired":true,"valueName":"search_term_string"}}],"inLanguage":"en-US"}]}},"_links":{"self":[{"href":"https:\/\/www.cnh2.es\/en\/wp-json\/wp\/v2\/pages\/14201","targetHints":{"allow":["GET"]}}],"collection":[{"href":"https:\/\/www.cnh2.es\/en\/wp-json\/wp\/v2\/pages"}],"about":[{"href":"https:\/\/www.cnh2.es\/en\/wp-json\/wp\/v2\/types\/page"}],"author":[{"embeddable":true,"href":"https:\/\/www.cnh2.es\/en\/wp-json\/wp\/v2\/users\/2"}],"replies":[{"embeddable":true,"href":"https:\/\/www.cnh2.es\/en\/wp-json\/wp\/v2\/comments?post=14201"}],"version-history":[{"count":0,"href":"https:\/\/www.cnh2.es\/en\/wp-json\/wp\/v2\/pages\/14201\/revisions"}],"up":[{"embeddable":true,"href":"https:\/\/www.cnh2.es\/en\/wp-json\/wp\/v2\/pages\/14179"}],"wp:attachment":[{"href":"https:\/\/www.cnh2.es\/en\/wp-json\/wp\/v2\/media?parent=14201"}],"curies":[{"name":"wp","href":"https:\/\/api.w.org\/{rel}","templated":true}]}}