{"id":11974,"date":"2018-12-27T10:30:46","date_gmt":"2018-12-27T10:30:46","guid":{"rendered":"https:\/\/www.cnh2.es\/?page_id=11974"},"modified":"2019-02-02T23:04:21","modified_gmt":"2019-02-02T23:04:21","slug":"projects","status":"publish","type":"page","link":"https:\/\/www.cnh2.es\/en\/projects\/","title":{"rendered":"Projects"},"content":{"rendered":"\n<style type=\"text\/css\" data-created_by=\"avia_inline_auto\" id=\"style-css-av-80ujn-786cd942aeec17d068b575b0b9e259ac\">\n.avia-section.av-80ujn-786cd942aeec17d068b575b0b9e259ac{\nbackground-repeat:no-repeat;\nbackground-image:url(https:\/\/www.cnh2.es\/wp-content\/uploads\/2018\/12\/proyects-1030x687.jpg);\nbackground-position:50% 50%;\nbackground-attachment:fixed;\n}\n.avia-section.av-80ujn-786cd942aeec17d068b575b0b9e259ac .av-section-color-overlay{\nopacity:0.3;\nbackground-color:#000000;\n}\n<\/style>\n<div id='av_section_1'  class='avia-section av-80ujn-786cd942aeec17d068b575b0b9e259ac alternate_color avia-section-huge avia-no-border-styling  avia-builder-el-0  el_before_av_section  avia-builder-el-first  avia-full-stretch avia-bg-style-fixed av-section-color-overlay-active container_wrap sidebar_right'  data-section-bg-repeat='stretch'><div class=\"av-section-color-overlay-wrap\"><div class=\"av-section-color-overlay\"><\/div><div class='container av-section-cont-open' ><main  role=\"main\" itemprop=\"mainContentOfPage\"  class='template-page content  av-content-small alpha units'><div class='post-entry post-entry-type-page post-entry-11974'><div class='entry-content-wrapper clearfix'>\n\n<style type=\"text\/css\" data-created_by=\"avia_inline_auto\" id=\"style-css-av-22fn7v-cf51b2404f140e38e30154343a24bd49\">\n.flex_column.av-22fn7v-cf51b2404f140e38e30154343a24bd49{\nborder-radius:0px 0px 0px 0px;\npadding:0px 0px 0px 0px;\n}\n<\/style>\n<div  class='flex_column av-22fn7v-cf51b2404f140e38e30154343a24bd49 av_one_fifth  avia-builder-el-1  el_before_av_three_fifth  avia-builder-el-first  first flex_column_div av-zero-column-padding  '     ><\/div>\n<style type=\"text\/css\" data-created_by=\"avia_inline_auto\" id=\"style-css-av-1wuvlf-c9589cdb5335e019a944893007db02f8\">\n.flex_column.av-1wuvlf-c9589cdb5335e019a944893007db02f8{\nborder-radius:0px 0px 0px 0px;\npadding:0px 0px 0px 0px;\n}\n<\/style>\n<div  class='flex_column av-1wuvlf-c9589cdb5335e019a944893007db02f8 av_three_fifth  avia-builder-el-2  el_after_av_one_fifth  el_before_av_one_fifth  flex_column_div av-zero-column-padding  '     ><style type=\"text\/css\" data-created_by=\"avia_inline_auto\" id=\"style-css-av-s90wsm-502219fef8d4515a0fe16e1b88f54945\">\n#top .av-special-heading.av-s90wsm-502219fef8d4515a0fe16e1b88f54945{\npadding-bottom:20px;\ncolor:#ffffff;\nfont-size:50px;\n}\nbody .av-special-heading.av-s90wsm-502219fef8d4515a0fe16e1b88f54945 .av-special-heading-tag .heading-char{\nfont-size:25px;\n}\n#top #wrap_all .av-special-heading.av-s90wsm-502219fef8d4515a0fe16e1b88f54945 .av-special-heading-tag{\nfont-size:50px;\n}\n.av-special-heading.av-s90wsm-502219fef8d4515a0fe16e1b88f54945 .special-heading-inner-border{\nborder-color:#ffffff;\n}\n.av-special-heading.av-s90wsm-502219fef8d4515a0fe16e1b88f54945 .av-subheading{\nfont-size:15px;\n}\n\n@media only screen and (min-width: 480px) and (max-width: 767px){ \n#top #wrap_all .av-special-heading.av-s90wsm-502219fef8d4515a0fe16e1b88f54945 .av-special-heading-tag{\nfont-size:0.8em;\n}\n}\n\n@media only screen and (max-width: 479px){ \n#top #wrap_all .av-special-heading.av-s90wsm-502219fef8d4515a0fe16e1b88f54945 .av-special-heading-tag{\nfont-size:0.8em;\n}\n}\n<\/style>\n<div  class='av-special-heading av-s90wsm-502219fef8d4515a0fe16e1b88f54945 av-special-heading-h2 custom-color-heading blockquote modern-quote modern-centered  avia-builder-el-3  avia-builder-el-no-sibling  av-inherit-size'><h2 class='av-special-heading-tag '  itemprop=\"headline\"  >Projects<\/h2><div class=\"special-heading-border\"><div class=\"special-heading-inner-border\"><\/div><\/div><\/div><\/div>\n<style type=\"text\/css\" data-created_by=\"avia_inline_auto\" id=\"style-css-av-1dta9n-ebe1e04a511611ce70a1d66d02b0ea66\">\n.flex_column.av-1dta9n-ebe1e04a511611ce70a1d66d02b0ea66{\nborder-radius:0px 0px 0px 0px;\npadding:0px 0px 0px 0px;\n}\n<\/style>\n<div  class='flex_column av-1dta9n-ebe1e04a511611ce70a1d66d02b0ea66 av_one_fifth  avia-builder-el-4  el_after_av_three_fifth  avia-builder-el-last  flex_column_div av-zero-column-padding  '     ><\/div>\n\n<\/div><\/div><\/main><!-- close content main element --><\/div><\/div><\/div><div id='av_section_2'  class='avia-section av-adjio-65bca5ffea743ae84e58e397bb5eac70 main_color avia-section-default avia-no-border-styling  avia-builder-el-5  el_after_av_section  avia-builder-el-last  avia-bg-style-scroll container_wrap sidebar_right'  ><div class='container av-section-cont-open' ><div class='template-page content  av-content-small alpha units'><div class='post-entry post-entry-type-page post-entry-11974'><div class='entry-content-wrapper clearfix'>\n\n<style type=\"text\/css\" data-created_by=\"avia_inline_auto\" id=\"style-css-av-6w4v8-44fe915a855f5a8de4e0ea59262e4d34\">\n.flex_column.av-6w4v8-44fe915a855f5a8de4e0ea59262e4d34{\nborder-radius:0px 0px 0px 0px;\npadding:0px 0px 0px 0px;\n}\n<\/style>\n<div  class='flex_column av-6w4v8-44fe915a855f5a8de4e0ea59262e4d34 av_one_full  avia-builder-el-6  el_before_av_hr  avia-builder-el-first  first flex_column_div av-zero-column-padding  '     ><section  class='av_textblock_section av-jp2ls7vn-fce8e3218556ee6919fd91470b63933a '   itemscope=\"itemscope\" itemtype=\"https:\/\/schema.org\/CreativeWork\" ><div class='avia_textblock'  itemprop=\"text\" ><p>At CNH2, our R&amp;D+i activities are structured through the development of R&amp;D+i projects in three main categories:<\/p>\n<ul>\n<li><strong>Contract work<\/strong> External projects that are carried out by agreement with third party agents.<\/li>\n<\/ul>\n<ul>\n<li><strong>Collaboration work<\/strong> External projects with external funding where CHN2 is one of many research centres and\/or companies involved in their development in a joint manner.<\/li>\n<\/ul>\n<ul>\n<li><strong>\u00a0Strategic work.<\/strong> Projects intended to develop new technologies or processes, and\/or to transfer technology to the industry. These are developed on the basis of current or future topics of interest for the centre, and they don&#8217;t have any external funding arranged at the outset. Should the funding may be obtained subsequently, these may become part of either the a or b categories above.<\/li>\n<\/ul>\n<p>Hydrogen technology is a multiskill discipline, so the projects developed at CNH2 involve different laboratories, researchers and technology experts with diverse specialisation.<\/p>\n<\/div><\/section><\/div><div  class='hr av-av_hr-23b3846cdd0fbd0e234720a594f6db24 hr-default  avia-builder-el-8  el_after_av_one_full  el_before_av_buttonrow '><span class='hr-inner '><span class=\"hr-inner-style\"><\/span><\/span><\/div>\n<div  class='avia-buttonrow-wrap av-jrkrgvj3-49d92467096f147808315fe6d378241f avia-buttonrow-center  avia-builder-el-9  el_after_av_hr  avia-builder-el-last '>\n\n<style type=\"text\/css\" data-created_by=\"avia_inline_auto\" id=\"style-css-av-o52oyu-5fbb5879c07dbf42c9f815d85d3b54e6\">\n#top #wrap_all .avia-button.av-o52oyu-5fbb5879c07dbf42c9f815d85d3b54e6{\nmargin-bottom:40px;\nmargin-right:20px;\nmargin-left:20px;\n}\n<\/style>\n<a href='https:\/\/www.cnh2.es\/en\/projects\/projects-in-execution\/'  class='avia-button av-o52oyu-5fbb5879c07dbf42c9f815d85d3b54e6 avia-icon_select-no avia-size-x-large avia-color-theme-color'   aria-label=\"Projects in execution\"><span class='avia_iconbox_title' >Projects in execution<\/span><\/a>\n\n<style type=\"text\/css\" data-created_by=\"avia_inline_auto\" id=\"style-css-av-shcz9i-54456a4012da40c58b17ee7e76fbb4a2\">\n#top #wrap_all .avia-button.av-shcz9i-54456a4012da40c58b17ee7e76fbb4a2{\nmargin-bottom:40px;\nmargin-right:20px;\nmargin-left:20px;\n}\n<\/style>\n<a href='https:\/\/www.cnh2.es\/en\/projects\/finished-projects\/'  class='avia-button av-shcz9i-54456a4012da40c58b17ee7e76fbb4a2 avia-icon_select-no avia-size-x-large avia-color-theme-color'   aria-label=\"Finished Projects\"><span class='avia_iconbox_title' >Finished Projects<\/span><\/a>\n<\/div>\n<\/div><\/div><\/div><!-- close content main div --><\/div><\/div><div id='after_section_2'  class='main_color av_default_container_wrap container_wrap sidebar_right'  ><div class='container av-section-cont-open' ><div class='template-page content  av-content-small alpha units'><div class='post-entry post-entry-type-page post-entry-11974'><div class='entry-content-wrapper clearfix'>\n","protected":false},"excerpt":{"rendered":"","protected":false},"author":1,"featured_media":0,"parent":0,"menu_order":0,"comment_status":"closed","ping_status":"closed","template":"","meta":{"_lmt_disableupdate":"","_lmt_disable":"","footnotes":""},"class_list":["post-11974","page","type-page","status-publish","hentry"],"yoast_head":"<!-- This site is optimized with the Yoast SEO plugin v27.4 - https:\/\/yoast.com\/product\/yoast-seo-wordpress\/ -->\n<title>Projects - Centro Nacional del Hidr\u00f3geno<\/title>\n<meta name=\"robots\" content=\"index, follow, max-snippet:-1, max-image-preview:large, max-video-preview:-1\" \/>\n<link rel=\"canonical\" href=\"https:\/\/www.cnh2.es\/en\/projects\/\" \/>\n<meta property=\"og:locale\" content=\"en_US\" \/>\n<meta property=\"og:type\" content=\"article\" \/>\n<meta property=\"og:title\" content=\"Projects - Centro Nacional del Hidr\u00f3geno\" \/>\n<meta property=\"og:url\" content=\"https:\/\/www.cnh2.es\/en\/projects\/\" \/>\n<meta property=\"og:site_name\" content=\"Centro Nacional del Hidr\u00f3geno\" \/>\n<meta property=\"article:modified_time\" content=\"2019-02-02T23:04:21+00:00\" \/>\n<meta name=\"twitter:card\" content=\"summary_large_image\" \/>\n<meta name=\"twitter:label1\" content=\"Est. reading time\" \/>\n\t<meta name=\"twitter:data1\" content=\"5 minutes\" \/>\n<script type=\"application\/ld+json\" class=\"yoast-schema-graph\">{\"@context\":\"https:\\\/\\\/schema.org\",\"@graph\":[{\"@type\":\"WebPage\",\"@id\":\"https:\\\/\\\/www.cnh2.es\\\/en\\\/projects\\\/\",\"url\":\"https:\\\/\\\/www.cnh2.es\\\/en\\\/projects\\\/\",\"name\":\"Projects - Centro Nacional del Hidr\u00f3geno\",\"isPartOf\":{\"@id\":\"https:\\\/\\\/www.cnh2.es\\\/#website\"},\"datePublished\":\"2018-12-27T10:30:46+00:00\",\"dateModified\":\"2019-02-02T23:04:21+00:00\",\"breadcrumb\":{\"@id\":\"https:\\\/\\\/www.cnh2.es\\\/en\\\/projects\\\/#breadcrumb\"},\"inLanguage\":\"en-US\",\"potentialAction\":[{\"@type\":\"ReadAction\",\"target\":[\"https:\\\/\\\/www.cnh2.es\\\/en\\\/projects\\\/\"]}]},{\"@type\":\"BreadcrumbList\",\"@id\":\"https:\\\/\\\/www.cnh2.es\\\/en\\\/projects\\\/#breadcrumb\",\"itemListElement\":[{\"@type\":\"ListItem\",\"position\":1,\"name\":\"Home\",\"item\":\"https:\\\/\\\/www.cnh2.es\\\/en\\\/\"},{\"@type\":\"ListItem\",\"position\":2,\"name\":\"Projects\"}]},{\"@type\":\"WebSite\",\"@id\":\"https:\\\/\\\/www.cnh2.es\\\/#website\",\"url\":\"https:\\\/\\\/www.cnh2.es\\\/\",\"name\":\"Centro Nacional del Hidr\u00f3geno\",\"description\":\"El Centro Nacional del Hidr\u00f3geno (CNH2), es una instalaci\u00f3n de nueva creaci\u00f3n dedicada en exclusividad a la investigaci\u00f3n y desarrollo de las tecnolog\u00edas del...\",\"potentialAction\":[{\"@type\":\"SearchAction\",\"target\":{\"@type\":\"EntryPoint\",\"urlTemplate\":\"https:\\\/\\\/www.cnh2.es\\\/?s={search_term_string}\"},\"query-input\":{\"@type\":\"PropertyValueSpecification\",\"valueRequired\":true,\"valueName\":\"search_term_string\"}}],\"inLanguage\":\"en-US\"}]}<\/script>\n<!-- \/ Yoast SEO plugin. -->","yoast_head_json":{"title":"Projects - Centro Nacional del Hidr\u00f3geno","robots":{"index":"index","follow":"follow","max-snippet":"max-snippet:-1","max-image-preview":"max-image-preview:large","max-video-preview":"max-video-preview:-1"},"canonical":"https:\/\/www.cnh2.es\/en\/projects\/","og_locale":"en_US","og_type":"article","og_title":"Projects - Centro Nacional del Hidr\u00f3geno","og_url":"https:\/\/www.cnh2.es\/en\/projects\/","og_site_name":"Centro Nacional del Hidr\u00f3geno","article_modified_time":"2019-02-02T23:04:21+00:00","twitter_card":"summary_large_image","twitter_misc":{"Est. reading time":"5 minutes"},"schema":{"@context":"https:\/\/schema.org","@graph":[{"@type":"WebPage","@id":"https:\/\/www.cnh2.es\/en\/projects\/","url":"https:\/\/www.cnh2.es\/en\/projects\/","name":"Projects - Centro Nacional del Hidr\u00f3geno","isPartOf":{"@id":"https:\/\/www.cnh2.es\/#website"},"datePublished":"2018-12-27T10:30:46+00:00","dateModified":"2019-02-02T23:04:21+00:00","breadcrumb":{"@id":"https:\/\/www.cnh2.es\/en\/projects\/#breadcrumb"},"inLanguage":"en-US","potentialAction":[{"@type":"ReadAction","target":["https:\/\/www.cnh2.es\/en\/projects\/"]}]},{"@type":"BreadcrumbList","@id":"https:\/\/www.cnh2.es\/en\/projects\/#breadcrumb","itemListElement":[{"@type":"ListItem","position":1,"name":"Home","item":"https:\/\/www.cnh2.es\/en\/"},{"@type":"ListItem","position":2,"name":"Projects"}]},{"@type":"WebSite","@id":"https:\/\/www.cnh2.es\/#website","url":"https:\/\/www.cnh2.es\/","name":"Centro Nacional del Hidr\u00f3geno","description":"El Centro Nacional del Hidr\u00f3geno (CNH2), es una instalaci\u00f3n de nueva creaci\u00f3n dedicada en exclusividad a la investigaci\u00f3n y desarrollo de las tecnolog\u00edas del...","potentialAction":[{"@type":"SearchAction","target":{"@type":"EntryPoint","urlTemplate":"https:\/\/www.cnh2.es\/?s={search_term_string}"},"query-input":{"@type":"PropertyValueSpecification","valueRequired":true,"valueName":"search_term_string"}}],"inLanguage":"en-US"}]}},"_links":{"self":[{"href":"https:\/\/www.cnh2.es\/en\/wp-json\/wp\/v2\/pages\/11974","targetHints":{"allow":["GET"]}}],"collection":[{"href":"https:\/\/www.cnh2.es\/en\/wp-json\/wp\/v2\/pages"}],"about":[{"href":"https:\/\/www.cnh2.es\/en\/wp-json\/wp\/v2\/types\/page"}],"author":[{"embeddable":true,"href":"https:\/\/www.cnh2.es\/en\/wp-json\/wp\/v2\/users\/1"}],"replies":[{"embeddable":true,"href":"https:\/\/www.cnh2.es\/en\/wp-json\/wp\/v2\/comments?post=11974"}],"version-history":[{"count":0,"href":"https:\/\/www.cnh2.es\/en\/wp-json\/wp\/v2\/pages\/11974\/revisions"}],"wp:attachment":[{"href":"https:\/\/www.cnh2.es\/en\/wp-json\/wp\/v2\/media?parent=11974"}],"curies":[{"name":"wp","href":"https:\/\/api.w.org\/{rel}","templated":true}]}}