{"id":1004,"date":"2018-11-27T16:52:23","date_gmt":"2018-11-27T16:52:23","guid":{"rendered":"https:\/\/www.cnh2.es\/?page_id=1004"},"modified":"2018-11-29T11:33:11","modified_gmt":"2018-11-29T11:33:11","slug":"transparency-portal","status":"publish","type":"page","link":"https:\/\/www.cnh2.es\/en\/transparency\/transparency-portal\/","title":{"rendered":"Transparency Portal"},"content":{"rendered":"<div id='av_section_1'  class='avia-section av-4tv4bv-53b04c8b596c6d3eab5ce77b6cd652d0 main_color avia-section-large avia-no-border-styling  avia-builder-el-0  avia-builder-el-no-sibling  avia-bg-style-scroll container_wrap sidebar_right'  ><div class='container av-section-cont-open' ><main  role=\"main\" itemprop=\"mainContentOfPage\"  class='template-page content  av-content-small alpha units'><div class='post-entry post-entry-type-page post-entry-1004'><div class='entry-content-wrapper clearfix'>\n\n<style type=\"text\/css\" data-created_by=\"avia_inline_auto\" id=\"style-css-av-jp2if2x4-bfbaf82ccde34c7fad71e151eb4558f4\">\n#top .av-special-heading.av-jp2if2x4-bfbaf82ccde34c7fad71e151eb4558f4{\npadding-bottom:30px;\nfont-size:70px;\n}\nbody .av-special-heading.av-jp2if2x4-bfbaf82ccde34c7fad71e151eb4558f4 .av-special-heading-tag .heading-char{\nfont-size:25px;\n}\n#top #wrap_all .av-special-heading.av-jp2if2x4-bfbaf82ccde34c7fad71e151eb4558f4 .av-special-heading-tag{\nfont-size:70px;\n}\n.av-special-heading.av-jp2if2x4-bfbaf82ccde34c7fad71e151eb4558f4 .av-subheading{\nfont-size:15px;\n}\n\n@media only screen and (min-width: 480px) and (max-width: 767px){ \n#top #wrap_all .av-special-heading.av-jp2if2x4-bfbaf82ccde34c7fad71e151eb4558f4 .av-special-heading-tag{\nfont-size:0.8em;\n}\n}\n\n@media only screen and (max-width: 479px){ \n#top #wrap_all .av-special-heading.av-jp2if2x4-bfbaf82ccde34c7fad71e151eb4558f4 .av-special-heading-tag{\nfont-size:0.8em;\n}\n}\n<\/style>\n<div  class='av-special-heading av-jp2if2x4-bfbaf82ccde34c7fad71e151eb4558f4 av-special-heading-h1 blockquote modern-quote  avia-builder-el-1  el_before_av_one_half  avia-builder-el-first  av-inherit-size'><h1 class='av-special-heading-tag '  itemprop=\"headline\"  >Transparency Portal<\/h1><div class=\"special-heading-border\"><div class=\"special-heading-inner-border\"><\/div><\/div><\/div>\n\n<style type=\"text\/css\" data-created_by=\"avia_inline_auto\" id=\"style-css-av-4lqlgr-f5eee1c46274b48a238cb3404caa8177\">\n.flex_column.av-4lqlgr-f5eee1c46274b48a238cb3404caa8177{\nborder-radius:0px 0px 0px 0px;\npadding:0px 0px 0px 0px;\n}\n<\/style>\n<div  class='flex_column av-4lqlgr-f5eee1c46274b48a238cb3404caa8177 av_one_half  avia-builder-el-2  el_after_av_heading  el_before_av_one_half  first flex_column_div av-zero-column-padding  '     ><p><section  class='av_textblock_section av-4g1fnv-48b565d88b3e6e6503d3d7260174884b '   itemscope=\"itemscope\" itemtype=\"https:\/\/schema.org\/CreativeWork\" ><div class='avia_textblock'  itemprop=\"text\" ><p>El Centro Nacional de Experimentaci\u00f3n de Tecnolog\u00edas de Hidr\u00f3geno y Pilas de Combustible (CNH2) ofrece a los ciudadanos acceso a informaci\u00f3n p\u00fablica en cumplimiento con la Ley 19\/2013, de 9 de diciembre, de Transparencia, Acceso a la Informaci\u00f3n P\u00fablica y Buen Gobierno a trav\u00e9s de este portal de informaci\u00f3n.<\/p>\n<ul>\n<li style=\"list-style-type: none;\"><\/li>\n<\/ul>\n<\/div><\/section><br \/>\n\n<style type=\"text\/css\" data-created_by=\"avia_inline_auto\" id=\"style-css-av-47o7iz-03dea940f254d78d941630261c4680f1\">\n#top .hr.hr-invisible.av-47o7iz-03dea940f254d78d941630261c4680f1{\nheight:30px;\n}\n<\/style>\n<div  class='hr av-47o7iz-03dea940f254d78d941630261c4680f1 hr-invisible  avia-builder-el-4  el_after_av_textblock  avia-builder-el-last '><span class='hr-inner '><span class=\"hr-inner-style\"><\/span><\/span><\/div><\/p><\/div>\n<style type=\"text\/css\" data-created_by=\"avia_inline_auto\" id=\"style-css-av-3u4iff-53e2cc0b90eaf9556d1ff60f4ff2f4b6\">\n.flex_column.av-3u4iff-53e2cc0b90eaf9556d1ff60f4ff2f4b6{\nborder-radius:0px 0px 0px 0px;\npadding:0px 0px 0px 0px;\n}\n<\/style>\n<div  class='flex_column av-3u4iff-53e2cc0b90eaf9556d1ff60f4ff2f4b6 av_one_half  avia-builder-el-5  el_after_av_one_half  avia-builder-el-last  flex_column_div av-zero-column-padding  '     ><p><section  class='av_textblock_section av-3p0pwz-b6e3d00d990e24cd66943063d82fef49 '   itemscope=\"itemscope\" itemtype=\"https:\/\/schema.org\/CreativeWork\" ><div class='avia_textblock'  itemprop=\"text\" ><p>La Ley establece dar a conocer a la sociedad las actividades y de habilitar vias de comunicaci\u00f3n directa para el ejercicio del decerecho de acceso a la informaci\u00f3n de las administraciones p\u00fablicas.<\/p>\n<p>Este portal permite a los ciudadanos consultar la informaci\u00f3n p\u00fablica del CNH2 prevista en dicha ley.<\/p>\n<\/div><\/section><br \/>\n\n<style type=\"text\/css\" data-created_by=\"avia_inline_auto\" id=\"style-css-av-3jt8or-0ac06b6fccf12c3bdf4ab507703d52d5\">\n#top .hr.hr-invisible.av-3jt8or-0ac06b6fccf12c3bdf4ab507703d52d5{\nheight:30px;\n}\n<\/style>\n<div  class='hr av-3jt8or-0ac06b6fccf12c3bdf4ab507703d52d5 hr-invisible  avia-builder-el-7  el_after_av_textblock  avia-builder-el-last '><span class='hr-inner '><span class=\"hr-inner-style\"><\/span><\/span><\/div><\/p><\/div><\/div><\/div><\/main><!-- close content main element --><\/div><\/div><div id='after_section_1'  class='main_color av_default_container_wrap container_wrap sidebar_right'  ><div class='container av-section-cont-open' ><div class='template-page content  av-content-small alpha units'><div class='post-entry post-entry-type-page post-entry-1004'><div class='entry-content-wrapper clearfix'>\n","protected":false},"excerpt":{"rendered":"","protected":false},"author":1,"featured_media":0,"parent":1176,"menu_order":0,"comment_status":"closed","ping_status":"closed","template":"","meta":{"_lmt_disableupdate":"","_lmt_disable":"","footnotes":""},"class_list":["post-1004","page","type-page","status-publish","hentry"],"yoast_head":"<!-- This site is optimized with the Yoast SEO plugin v26.8 - https:\/\/yoast.com\/product\/yoast-seo-wordpress\/ -->\n<title>Transparency Portal - Centro Nacional del Hidr\u00f3geno<\/title>\n<meta name=\"robots\" content=\"index, follow, max-snippet:-1, max-image-preview:large, max-video-preview:-1\" \/>\n<link rel=\"canonical\" href=\"https:\/\/www.cnh2.es\/en\/transparency\/transparency-portal\/\" \/>\n<meta property=\"og:locale\" content=\"en_US\" \/>\n<meta property=\"og:type\" content=\"article\" \/>\n<meta property=\"og:title\" content=\"Transparency Portal - Centro Nacional del Hidr\u00f3geno\" \/>\n<meta property=\"og:url\" content=\"https:\/\/www.cnh2.es\/en\/transparency\/transparency-portal\/\" \/>\n<meta property=\"og:site_name\" content=\"Centro Nacional del Hidr\u00f3geno\" \/>\n<meta property=\"article:modified_time\" content=\"2018-11-29T11:33:11+00:00\" \/>\n<meta name=\"twitter:card\" content=\"summary_large_image\" \/>\n<meta name=\"twitter:label1\" content=\"Est. reading time\" \/>\n\t<meta name=\"twitter:data1\" content=\"2 minutes\" \/>\n<script type=\"application\/ld+json\" class=\"yoast-schema-graph\">{\"@context\":\"https:\/\/schema.org\",\"@graph\":[{\"@type\":\"WebPage\",\"@id\":\"https:\/\/www.cnh2.es\/en\/transparency\/transparency-portal\/\",\"url\":\"https:\/\/www.cnh2.es\/en\/transparency\/transparency-portal\/\",\"name\":\"Transparency Portal - Centro Nacional del Hidr\u00f3geno\",\"isPartOf\":{\"@id\":\"https:\/\/www.cnh2.es\/#website\"},\"datePublished\":\"2018-11-27T16:52:23+00:00\",\"dateModified\":\"2018-11-29T11:33:11+00:00\",\"breadcrumb\":{\"@id\":\"https:\/\/www.cnh2.es\/en\/transparency\/transparency-portal\/#breadcrumb\"},\"inLanguage\":\"en-US\",\"potentialAction\":[{\"@type\":\"ReadAction\",\"target\":[\"https:\/\/www.cnh2.es\/en\/transparency\/transparency-portal\/\"]}]},{\"@type\":\"BreadcrumbList\",\"@id\":\"https:\/\/www.cnh2.es\/en\/transparency\/transparency-portal\/#breadcrumb\",\"itemListElement\":[{\"@type\":\"ListItem\",\"position\":1,\"name\":\"Home\",\"item\":\"https:\/\/www.cnh2.es\/en\/\"},{\"@type\":\"ListItem\",\"position\":2,\"name\":\"Transparency\",\"item\":\"https:\/\/www.cnh2.es\/en\/transparency\/\"},{\"@type\":\"ListItem\",\"position\":3,\"name\":\"Transparency Portal\"}]},{\"@type\":\"WebSite\",\"@id\":\"https:\/\/www.cnh2.es\/#website\",\"url\":\"https:\/\/www.cnh2.es\/\",\"name\":\"Centro Nacional del Hidr\u00f3geno\",\"description\":\"El Centro Nacional del Hidr\u00f3geno (CNH2), es una instalaci\u00f3n de nueva creaci\u00f3n dedicada en exclusividad a la investigaci\u00f3n y desarrollo de las tecnolog\u00edas del...\",\"potentialAction\":[{\"@type\":\"SearchAction\",\"target\":{\"@type\":\"EntryPoint\",\"urlTemplate\":\"https:\/\/www.cnh2.es\/?s={search_term_string}\"},\"query-input\":{\"@type\":\"PropertyValueSpecification\",\"valueRequired\":true,\"valueName\":\"search_term_string\"}}],\"inLanguage\":\"en-US\"}]}<\/script>\n<!-- \/ Yoast SEO plugin. -->","yoast_head_json":{"title":"Transparency Portal - Centro Nacional del Hidr\u00f3geno","robots":{"index":"index","follow":"follow","max-snippet":"max-snippet:-1","max-image-preview":"max-image-preview:large","max-video-preview":"max-video-preview:-1"},"canonical":"https:\/\/www.cnh2.es\/en\/transparency\/transparency-portal\/","og_locale":"en_US","og_type":"article","og_title":"Transparency Portal - Centro Nacional del Hidr\u00f3geno","og_url":"https:\/\/www.cnh2.es\/en\/transparency\/transparency-portal\/","og_site_name":"Centro Nacional del Hidr\u00f3geno","article_modified_time":"2018-11-29T11:33:11+00:00","twitter_card":"summary_large_image","twitter_misc":{"Est. reading time":"2 minutes"},"schema":{"@context":"https:\/\/schema.org","@graph":[{"@type":"WebPage","@id":"https:\/\/www.cnh2.es\/en\/transparency\/transparency-portal\/","url":"https:\/\/www.cnh2.es\/en\/transparency\/transparency-portal\/","name":"Transparency Portal - Centro Nacional del Hidr\u00f3geno","isPartOf":{"@id":"https:\/\/www.cnh2.es\/#website"},"datePublished":"2018-11-27T16:52:23+00:00","dateModified":"2018-11-29T11:33:11+00:00","breadcrumb":{"@id":"https:\/\/www.cnh2.es\/en\/transparency\/transparency-portal\/#breadcrumb"},"inLanguage":"en-US","potentialAction":[{"@type":"ReadAction","target":["https:\/\/www.cnh2.es\/en\/transparency\/transparency-portal\/"]}]},{"@type":"BreadcrumbList","@id":"https:\/\/www.cnh2.es\/en\/transparency\/transparency-portal\/#breadcrumb","itemListElement":[{"@type":"ListItem","position":1,"name":"Home","item":"https:\/\/www.cnh2.es\/en\/"},{"@type":"ListItem","position":2,"name":"Transparency","item":"https:\/\/www.cnh2.es\/en\/transparency\/"},{"@type":"ListItem","position":3,"name":"Transparency Portal"}]},{"@type":"WebSite","@id":"https:\/\/www.cnh2.es\/#website","url":"https:\/\/www.cnh2.es\/","name":"Centro Nacional del Hidr\u00f3geno","description":"El Centro Nacional del Hidr\u00f3geno (CNH2), es una instalaci\u00f3n de nueva creaci\u00f3n dedicada en exclusividad a la investigaci\u00f3n y desarrollo de las tecnolog\u00edas del...","potentialAction":[{"@type":"SearchAction","target":{"@type":"EntryPoint","urlTemplate":"https:\/\/www.cnh2.es\/?s={search_term_string}"},"query-input":{"@type":"PropertyValueSpecification","valueRequired":true,"valueName":"search_term_string"}}],"inLanguage":"en-US"}]}},"_links":{"self":[{"href":"https:\/\/www.cnh2.es\/en\/wp-json\/wp\/v2\/pages\/1004","targetHints":{"allow":["GET"]}}],"collection":[{"href":"https:\/\/www.cnh2.es\/en\/wp-json\/wp\/v2\/pages"}],"about":[{"href":"https:\/\/www.cnh2.es\/en\/wp-json\/wp\/v2\/types\/page"}],"author":[{"embeddable":true,"href":"https:\/\/www.cnh2.es\/en\/wp-json\/wp\/v2\/users\/1"}],"replies":[{"embeddable":true,"href":"https:\/\/www.cnh2.es\/en\/wp-json\/wp\/v2\/comments?post=1004"}],"version-history":[{"count":0,"href":"https:\/\/www.cnh2.es\/en\/wp-json\/wp\/v2\/pages\/1004\/revisions"}],"up":[{"embeddable":true,"href":"https:\/\/www.cnh2.es\/en\/wp-json\/wp\/v2\/pages\/1176"}],"wp:attachment":[{"href":"https:\/\/www.cnh2.es\/en\/wp-json\/wp\/v2\/media?parent=1004"}],"curies":[{"name":"wp","href":"https:\/\/api.w.org\/{rel}","templated":true}]}}